{"id":403,"date":"2017-05-10T13:13:35","date_gmt":"2017-05-10T11:13:35","guid":{"rendered":"https:\/\/tcsogrodzenia.com\/o-firmie\/"},"modified":"2025-12-22T09:33:01","modified_gmt":"2025-12-22T08:33:01","slug":"ueber-uns","status":"publish","type":"page","link":"https:\/\/tcsogrodzenia.com\/de\/ueber-uns\/","title":{"rendered":"\u00dcber das Unternehmen"},"content":{"rendered":"\t\t<div data-elementor-type=\"wp-page\" data-elementor-id=\"403\" class=\"elementor elementor-403 elementor-29\" data-elementor-post-type=\"page\">\n\t\t\t\t<div class=\"elementor-element elementor-element-94cf9a5 e-con-full section-50-50 e-flex e-con e-parent\" data-id=\"94cf9a5\" data-element_type=\"container\" data-e-type=\"container\" data-settings=\"{&quot;background_background&quot;:&quot;classic&quot;,&quot;jet_parallax_layout_list&quot;:[]}\">\n\t\t<div class=\"elementor-element elementor-element-9bd3ba1 e-con-full section-50-50__left e-flex e-con e-child\" data-id=\"9bd3ba1\" data-element_type=\"container\" data-e-type=\"container\" data-settings=\"{&quot;background_background&quot;:&quot;classic&quot;,&quot;jet_parallax_layout_list&quot;:[]}\">\n\t\t\t\t<\/div>\n\t\t<div class=\"elementor-element elementor-element-13dc2e3 e-con-full section-50-50__right e-flex e-con e-child\" data-id=\"13dc2e3\" data-element_type=\"container\" data-e-type=\"container\" data-settings=\"{&quot;jet_parallax_layout_list&quot;:[]}\">\n\t\t<div class=\"elementor-element elementor-element-1cb2652 section-50-50__right-cnt e-flex e-con-boxed e-con e-child\" data-id=\"1cb2652\" data-element_type=\"container\" data-e-type=\"container\" data-settings=\"{&quot;jet_parallax_layout_list&quot;:[]}\">\n\t\t\t\t\t<div class=\"e-con-inner\">\n\t\t\t\t<div class=\"elementor-element elementor-element-7d5f54e elementor-widget elementor-widget-heading\" data-id=\"7d5f54e\" data-element_type=\"widget\" data-e-type=\"widget\" data-widget_type=\"heading.default\">\n\t\t\t\t<div class=\"elementor-widget-container\">\n\t\t\t\t\t<h1 class=\"elementor-heading-title elementor-size-default\">Die Firma TCS Ogrodzenia wurde im M\u00e4rz 2008\n gegr\u00fcndet.<\/h1>\t\t\t\t<\/div>\n\t\t\t\t<\/div>\n\t\t\t\t<div class=\"elementor-element elementor-element-81458fc elementor-widget elementor-widget-text-editor\" data-id=\"81458fc\" data-element_type=\"widget\" data-e-type=\"widget\" data-widget_type=\"text-editor.default\">\n\t\t\t\t<div class=\"elementor-widget-container\">\n\t\t\t\t\t\t\t\t\t<p>Wir sind ein Anbieter von umfassenden Systeml\u00f6sungen f\u00fcr Z\u00e4une. Unseren Kunden bieten wir den Verkauf, die Montage und den Service moderner Zaunsysteme an: Palisaden-, Grundst\u00fccks-, Paneel- und Sportz\u00e4une sowie Tore, Pforten und Automatisierungssysteme.<\/p>\t\t\t\t\t\t\t\t<\/div>\n\t\t\t\t<\/div>\n\t\t\t\t\t<\/div>\n\t\t\t\t<\/div>\n\t\t\t\t<\/div>\n\t\t\t\t<\/div>\n\t\t\t\t<section class=\"elementor-section elementor-top-section elementor-element elementor-element-206d4b5 elementor-section-boxed elementor-section-height-default elementor-section-height-default\" data-id=\"206d4b5\" data-element_type=\"section\" data-e-type=\"section\" data-settings=\"{&quot;jet_parallax_layout_list&quot;:[{&quot;jet_parallax_layout_image&quot;:{&quot;url&quot;:&quot;&quot;,&quot;id&quot;:&quot;&quot;,&quot;size&quot;:&quot;&quot;},&quot;_id&quot;:&quot;5bc2ee0&quot;,&quot;jet_parallax_layout_image_tablet&quot;:{&quot;url&quot;:&quot;&quot;,&quot;id&quot;:&quot;&quot;,&quot;size&quot;:&quot;&quot;},&quot;jet_parallax_layout_image_mobile&quot;:{&quot;url&quot;:&quot;&quot;,&quot;id&quot;:&quot;&quot;,&quot;size&quot;:&quot;&quot;},&quot;jet_parallax_layout_speed&quot;:{&quot;unit&quot;:&quot;%&quot;,&quot;size&quot;:50,&quot;sizes&quot;:[]},&quot;jet_parallax_layout_type&quot;:&quot;scroll&quot;,&quot;jet_parallax_layout_direction&quot;:&quot;1&quot;,&quot;jet_parallax_layout_fx_direction&quot;:null,&quot;jet_parallax_layout_z_index&quot;:&quot;&quot;,&quot;jet_parallax_layout_bg_x&quot;:50,&quot;jet_parallax_layout_bg_x_tablet&quot;:&quot;&quot;,&quot;jet_parallax_layout_bg_x_mobile&quot;:&quot;&quot;,&quot;jet_parallax_layout_bg_y&quot;:50,&quot;jet_parallax_layout_bg_y_tablet&quot;:&quot;&quot;,&quot;jet_parallax_layout_bg_y_mobile&quot;:&quot;&quot;,&quot;jet_parallax_layout_bg_size&quot;:&quot;auto&quot;,&quot;jet_parallax_layout_bg_size_tablet&quot;:&quot;&quot;,&quot;jet_parallax_layout_bg_size_mobile&quot;:&quot;&quot;,&quot;jet_parallax_layout_animation_prop&quot;:&quot;transform&quot;,&quot;jet_parallax_layout_on&quot;:[&quot;desktop&quot;,&quot;tablet&quot;]}]}\">\n\t\t\t\t\t\t<div class=\"elementor-container elementor-column-gap-no\">\n\t\t\t\t\t<div class=\"elementor-column elementor-col-100 elementor-top-column elementor-element elementor-element-0443307\" data-id=\"0443307\" data-element_type=\"column\" data-e-type=\"column\">\n\t\t\t<div class=\"elementor-widget-wrap elementor-element-populated\">\n\t\t\t\t\t\t<div class=\"elementor-element elementor-element-fa7d537 elementor-widget elementor-widget-text-editor\" data-id=\"fa7d537\" data-element_type=\"widget\" data-e-type=\"widget\" data-widget_type=\"text-editor.default\">\n\t\t\t\t<div class=\"elementor-widget-container\">\n\t\t\t\t\t\t\t\t\t<p>Wir arbeiten mit renommierten Herstellern zusammen, was die h\u00f6chste Qualit\u00e4t unserer Projekte garantiert. In unserem Angebot finden Sie u. a.: Aluminiumz\u00e4une der Firma <strong>ALFEN<\/strong>, Metallz\u00e4une der Firma <strong>KONSPORT<\/strong>, Mauerz\u00e4une der Marken: <strong>JONIEC, STYROBUD, KOST-BET<\/strong> sowie Z\u00e4une des Typs \u201eL\u201c der Firmen <strong>CORFENCE<\/strong> und <strong>GAAG<\/strong>. Wir bieten auch Automatisierungssysteme von bew\u00e4hrten Herstellern an: <strong>AVO, FADINI, CAME, BFT<\/strong>.   <\/p><p> <\/p><p>Dank dieser umfassenden Zusammenarbeit k\u00f6nnen wir unseren Kunden ma\u00dfgeschneiderte Komplettl\u00f6sungen anbieten, die ihren individuellen Bed\u00fcrfnissen und Erwartungen entsprechen.<\/p>\t\t\t\t\t\t\t\t<\/div>\n\t\t\t\t<\/div>\n\t\t\t\t<div class=\"elementor-element elementor-element-5f01656 elementor-widget elementor-widget-text-editor\" data-id=\"5f01656\" data-element_type=\"widget\" data-e-type=\"widget\" data-widget_type=\"text-editor.default\">\n\t\t\t\t<div class=\"elementor-widget-container\">\n\t\t\t\t\t\t\t\t\t<p>Wir haben Investitionen im Rahmen des Programms &#8222;Mein Sportplatz &#8211; Orlik 2012&#8220; abgeschlossen &#8211; ein Programm f\u00fcr \u00f6ffentliche, kostenlose Sportplatzkomplexe, das Programm &#8222;Joyful School&#8220;, das den Bau von Schulspielpl\u00e4tzen vorsieht, sowie das &#8222;Programm f\u00fcr den Bau von Kleinspielfeldern in Kinderg\u00e4rten &#8211; Gryfus&#8220;.<\/p>\t\t\t\t\t\t\t\t<\/div>\n\t\t\t\t<\/div>\n\t\t\t\t\t<\/div>\n\t\t<\/div>\n\t\t\t\t\t<\/div>\n\t\t<\/section>\n\t\t<div class=\"elementor-element elementor-element-fd0196a section-50-50 e-flex e-con-boxed e-con e-parent\" data-id=\"fd0196a\" data-element_type=\"container\" data-e-type=\"container\" data-settings=\"{&quot;background_background&quot;:&quot;classic&quot;,&quot;jet_parallax_layout_list&quot;:[]}\">\n\t\t\t\t\t<div class=\"e-con-inner\">\n\t\t\t\t<div class=\"elementor-element elementor-element-f7cec9a elementor-widget elementor-widget-heading\" data-id=\"f7cec9a\" data-element_type=\"widget\" data-e-type=\"widget\" data-widget_type=\"heading.default\">\n\t\t\t\t<div class=\"elementor-widget-container\">\n\t\t\t\t\t<h2 class=\"elementor-heading-title elementor-size-default\">Unsere Referenzen<\/h2>\t\t\t\t<\/div>\n\t\t\t\t<\/div>\n\t\t<div class=\"elementor-element elementor-element-667c2cf e-flex e-con-boxed e-con e-child\" data-id=\"667c2cf\" data-element_type=\"container\" data-e-type=\"container\" data-settings=\"{&quot;jet_parallax_layout_list&quot;:[]}\">\n\t\t\t\t\t<div class=\"e-con-inner\">\n\t\t\t\t<div class=\"elementor-element elementor-element-709e43d elementor-position-top elementor-widget elementor-widget-image-box\" data-id=\"709e43d\" data-element_type=\"widget\" data-e-type=\"widget\" data-widget_type=\"image-box.default\">\n\t\t\t\t<div class=\"elementor-widget-container\">\n\t\t\t\t\t<div class=\"elementor-image-box-wrapper\"><figure class=\"elementor-image-box-img\"><a href=\"https:\/\/tcsogrodzenia.com\/de\/verwirklichungen\/privates-eigentum\/\" tabindex=\"-1\"><img fetchpriority=\"high\" decoding=\"async\" width=\"800\" height=\"600\" src=\"https:\/\/tcsogrodzenia.com\/wp-content\/uploads\/2017\/05\/posesjeprywatne10.jpg\" class=\"attachment-large size-large wp-image-2157\" alt=\"\" srcset=\"https:\/\/tcsogrodzenia.com\/wp-content\/uploads\/2017\/05\/posesjeprywatne10.jpg 800w, https:\/\/tcsogrodzenia.com\/wp-content\/uploads\/2017\/05\/posesjeprywatne10-600x450.jpg 600w\" sizes=\"(max-width: 800px) 100vw, 800px\" \/><\/a><\/figure><div class=\"elementor-image-box-content\"><h3 class=\"elementor-image-box-title\"><a href=\"https:\/\/tcsogrodzenia.com\/de\/verwirklichungen\/privates-eigentum\/\">Privates Eigentum<\/a><\/h3><\/div><\/div>\t\t\t\t<\/div>\n\t\t\t\t<\/div>\n\t\t\t\t<div class=\"elementor-element elementor-element-8199b82 elementor-position-top elementor-widget elementor-widget-image-box\" data-id=\"8199b82\" data-element_type=\"widget\" data-e-type=\"widget\" data-widget_type=\"image-box.default\">\n\t\t\t\t<div class=\"elementor-widget-container\">\n\t\t\t\t\t<div class=\"elementor-image-box-wrapper\"><figure class=\"elementor-image-box-img\"><a href=\"https:\/\/tcsogrodzenia.com\/de\/verwirklichungen\/speziellezaune\/\" tabindex=\"-1\"><img decoding=\"async\" width=\"800\" height=\"600\" src=\"https:\/\/tcsogrodzenia.com\/wp-content\/uploads\/2017\/05\/ogrodzeniaspecjalne13.jpg\" class=\"attachment-large size-large wp-image-2802\" alt=\"\" srcset=\"https:\/\/tcsogrodzenia.com\/wp-content\/uploads\/2017\/05\/ogrodzeniaspecjalne13.jpg 800w, https:\/\/tcsogrodzenia.com\/wp-content\/uploads\/2017\/05\/ogrodzeniaspecjalne13-600x450.jpg 600w\" sizes=\"(max-width: 800px) 100vw, 800px\" \/><\/a><\/figure><div class=\"elementor-image-box-content\"><h3 class=\"elementor-image-box-title\"><a href=\"https:\/\/tcsogrodzenia.com\/de\/verwirklichungen\/speziellezaune\/\">Besondere Z\u00e4une<\/a><\/h3><\/div><\/div>\t\t\t\t<\/div>\n\t\t\t\t<\/div>\n\t\t\t\t<div class=\"elementor-element elementor-element-566cd3b elementor-position-top elementor-widget elementor-widget-image-box\" data-id=\"566cd3b\" data-element_type=\"widget\" data-e-type=\"widget\" data-widget_type=\"image-box.default\">\n\t\t\t\t<div class=\"elementor-widget-container\">\n\t\t\t\t\t<div class=\"elementor-image-box-wrapper\"><figure class=\"elementor-image-box-img\"><a href=\"https:\/\/tcsogrodzenia.com\/de\/verwirklichungen\/ballfangzaune\/\" tabindex=\"-1\"><img decoding=\"async\" width=\"800\" height=\"600\" src=\"https:\/\/tcsogrodzenia.com\/wp-content\/uploads\/2017\/05\/obiektysportowe1.jpg\" class=\"attachment-large size-large wp-image-2620\" alt=\"\" srcset=\"https:\/\/tcsogrodzenia.com\/wp-content\/uploads\/2017\/05\/obiektysportowe1.jpg 800w, https:\/\/tcsogrodzenia.com\/wp-content\/uploads\/2017\/05\/obiektysportowe1-600x450.jpg 600w\" sizes=\"(max-width: 800px) 100vw, 800px\" \/><\/a><\/figure><div class=\"elementor-image-box-content\"><h3 class=\"elementor-image-box-title\"><a href=\"https:\/\/tcsogrodzenia.com\/de\/verwirklichungen\/ballfangzaune\/\">Sportanlagen<\/a><\/h3><\/div><\/div>\t\t\t\t<\/div>\n\t\t\t\t<\/div>\n\t\t\t\t<div class=\"elementor-element elementor-element-11ef44c elementor-position-top elementor-widget elementor-widget-image-box\" data-id=\"11ef44c\" data-element_type=\"widget\" data-e-type=\"widget\" data-widget_type=\"image-box.default\">\n\t\t\t\t<div class=\"elementor-widget-container\">\n\t\t\t\t\t<div class=\"elementor-image-box-wrapper\"><figure class=\"elementor-image-box-img\"><a href=\"https:\/\/tcsogrodzenia.com\/de\/verwirklichungen\/industrie-zaune\/\" tabindex=\"-1\"><img loading=\"lazy\" decoding=\"async\" width=\"800\" height=\"600\" src=\"https:\/\/tcsogrodzenia.com\/wp-content\/uploads\/2017\/05\/obiektyuzytecznosci103.jpg\" class=\"attachment-large size-large wp-image-2567\" alt=\"\" srcset=\"https:\/\/tcsogrodzenia.com\/wp-content\/uploads\/2017\/05\/obiektyuzytecznosci103.jpg 800w, https:\/\/tcsogrodzenia.com\/wp-content\/uploads\/2017\/05\/obiektyuzytecznosci103-600x450.jpg 600w\" sizes=\"(max-width: 800px) 100vw, 800px\" \/><\/a><\/figure><div class=\"elementor-image-box-content\"><h3 class=\"elementor-image-box-title\"><a href=\"https:\/\/tcsogrodzenia.com\/de\/verwirklichungen\/industrie-zaune\/\">\u00d6ffentliche Geb\u00e4ude<\/a><\/h3><\/div><\/div>\t\t\t\t<\/div>\n\t\t\t\t<\/div>\n\t\t\t\t\t<\/div>\n\t\t\t\t<\/div>\n\t\t\t\t\t<\/div>\n\t\t\t\t<\/div>\n\t\t\t\t<\/div>\n\t\t","protected":false},"excerpt":{"rendered":"<p>Die Firma TCS Ogrodzenia wurde im M\u00e4rz 2008 gegr\u00fcndet. Wir sind ein Anbieter von umfassenden Systeml\u00f6sungen f\u00fcr Z\u00e4une. Unseren Kunden bieten wir den Verkauf, die Montage und den Service moderner Zaunsysteme an: Palisaden-, Grundst\u00fccks-, Paneel- und Sportz\u00e4une sowie Tore, Pforten und Automatisierungssysteme. Wir arbeiten mit renommierten Herstellern zusammen, was die h\u00f6chste Qualit\u00e4t unserer Projekte garantiert. [&hellip;]<\/p>\n","protected":false},"author":4,"featured_media":0,"parent":0,"menu_order":0,"comment_status":"closed","ping_status":"closed","template":"","meta":{"site-sidebar-layout":"no-sidebar","site-content-layout":"page-builder","ast-site-content-layout":"default","site-content-style":"default","site-sidebar-style":"default","ast-global-header-display":"","ast-banner-title-visibility":"","ast-main-header-display":"","ast-hfb-above-header-display":"","ast-hfb-below-header-display":"","ast-hfb-mobile-header-display":"","site-post-title":"disabled","ast-breadcrumbs-content":"","ast-featured-img":"disabled","footer-sml-layout":"","ast-disable-related-posts":"","theme-transparent-header-meta":"","adv-header-id-meta":"","stick-header-meta":"","header-above-stick-meta":"","header-main-stick-meta":"","header-below-stick-meta":"","astra-migrate-meta-layouts":"default","ast-page-background-enabled":"default","ast-page-background-meta":{"desktop":{"background-color":"var(--ast-global-color-4)","background-image":"","background-repeat":"repeat","background-position":"center center","background-size":"auto","background-attachment":"scroll","background-type":"","background-media":"","overlay-type":"","overlay-color":"","overlay-opacity":"","overlay-gradient":""},"tablet":{"background-color":"","background-image":"","background-repeat":"repeat","background-position":"center center","background-size":"auto","background-attachment":"scroll","background-type":"","background-media":"","overlay-type":"","overlay-color":"","overlay-opacity":"","overlay-gradient":""},"mobile":{"background-color":"","background-image":"","background-repeat":"repeat","background-position":"center center","background-size":"auto","background-attachment":"scroll","background-type":"","background-media":"","overlay-type":"","overlay-color":"","overlay-opacity":"","overlay-gradient":""}},"ast-content-background-meta":{"desktop":{"background-color":"var(--ast-global-color-5)","background-image":"","background-repeat":"repeat","background-position":"center center","background-size":"auto","background-attachment":"scroll","background-type":"","background-media":"","overlay-type":"","overlay-color":"","overlay-opacity":"","overlay-gradient":""},"tablet":{"background-color":"var(--ast-global-color-5)","background-image":"","background-repeat":"repeat","background-position":"center center","background-size":"auto","background-attachment":"scroll","background-type":"","background-media":"","overlay-type":"","overlay-color":"","overlay-opacity":"","overlay-gradient":""},"mobile":{"background-color":"var(--ast-global-color-5)","background-image":"","background-repeat":"repeat","background-position":"center center","background-size":"auto","background-attachment":"scroll","background-type":"","background-media":"","overlay-type":"","overlay-color":"","overlay-opacity":"","overlay-gradient":""}},"footnotes":""},"class_list":["post-403","page","type-page","status-publish","hentry"],"_links":{"self":[{"href":"https:\/\/tcsogrodzenia.com\/de\/wp-json\/wp\/v2\/pages\/403","targetHints":{"allow":["GET"]}}],"collection":[{"href":"https:\/\/tcsogrodzenia.com\/de\/wp-json\/wp\/v2\/pages"}],"about":[{"href":"https:\/\/tcsogrodzenia.com\/de\/wp-json\/wp\/v2\/types\/page"}],"author":[{"embeddable":true,"href":"https:\/\/tcsogrodzenia.com\/de\/wp-json\/wp\/v2\/users\/4"}],"replies":[{"embeddable":true,"href":"https:\/\/tcsogrodzenia.com\/de\/wp-json\/wp\/v2\/comments?post=403"}],"version-history":[{"count":1,"href":"https:\/\/tcsogrodzenia.com\/de\/wp-json\/wp\/v2\/pages\/403\/revisions"}],"predecessor-version":[{"id":41311,"href":"https:\/\/tcsogrodzenia.com\/de\/wp-json\/wp\/v2\/pages\/403\/revisions\/41311"}],"wp:attachment":[{"href":"https:\/\/tcsogrodzenia.com\/de\/wp-json\/wp\/v2\/media?parent=403"}],"curies":[{"name":"wp","href":"https:\/\/api.w.org\/{rel}","templated":true}]}}