{"id":407,"date":"2017-05-10T13:14:18","date_gmt":"2017-05-10T11:14:18","guid":{"rendered":"https:\/\/tcsogrodzenia.com\/polityka-cookies\/"},"modified":"2022-08-29T13:46:08","modified_gmt":"2022-08-29T11:46:08","slug":"polityka-cookies","status":"publish","type":"page","link":"https:\/\/tcsogrodzenia.com\/de\/polityka-cookies\/","title":{"rendered":"Cookies-Politik"},"content":{"rendered":"\t\t<div data-elementor-type=\"wp-page\" data-elementor-id=\"407\" class=\"elementor elementor-407 elementor-35\" data-elementor-post-type=\"page\">\n\t\t\t\t\t\t<section class=\"elementor-section elementor-top-section elementor-element elementor-element-07d85ab elementor-section-boxed elementor-section-height-default elementor-section-height-default\" data-id=\"07d85ab\" data-element_type=\"section\" data-e-type=\"section\" data-settings=\"{&quot;jet_parallax_layout_list&quot;:[{&quot;jet_parallax_layout_image&quot;:{&quot;url&quot;:&quot;&quot;,&quot;id&quot;:&quot;&quot;,&quot;size&quot;:&quot;&quot;},&quot;_id&quot;:&quot;bd87b34&quot;,&quot;jet_parallax_layout_image_tablet&quot;:{&quot;url&quot;:&quot;&quot;,&quot;id&quot;:&quot;&quot;,&quot;size&quot;:&quot;&quot;},&quot;jet_parallax_layout_image_mobile&quot;:{&quot;url&quot;:&quot;&quot;,&quot;id&quot;:&quot;&quot;,&quot;size&quot;:&quot;&quot;},&quot;jet_parallax_layout_speed&quot;:{&quot;unit&quot;:&quot;%&quot;,&quot;size&quot;:50,&quot;sizes&quot;:[]},&quot;jet_parallax_layout_type&quot;:&quot;scroll&quot;,&quot;jet_parallax_layout_direction&quot;:&quot;1&quot;,&quot;jet_parallax_layout_fx_direction&quot;:null,&quot;jet_parallax_layout_z_index&quot;:&quot;&quot;,&quot;jet_parallax_layout_bg_x&quot;:50,&quot;jet_parallax_layout_bg_x_tablet&quot;:&quot;&quot;,&quot;jet_parallax_layout_bg_x_mobile&quot;:&quot;&quot;,&quot;jet_parallax_layout_bg_y&quot;:50,&quot;jet_parallax_layout_bg_y_tablet&quot;:&quot;&quot;,&quot;jet_parallax_layout_bg_y_mobile&quot;:&quot;&quot;,&quot;jet_parallax_layout_bg_size&quot;:&quot;auto&quot;,&quot;jet_parallax_layout_bg_size_tablet&quot;:&quot;&quot;,&quot;jet_parallax_layout_bg_size_mobile&quot;:&quot;&quot;,&quot;jet_parallax_layout_animation_prop&quot;:&quot;transform&quot;,&quot;jet_parallax_layout_on&quot;:[&quot;desktop&quot;,&quot;tablet&quot;]}]}\">\n\t\t\t\t\t\t<div class=\"elementor-container elementor-column-gap-default\">\n\t\t\t\t\t<div class=\"elementor-column elementor-col-100 elementor-top-column elementor-element elementor-element-e42301a\" data-id=\"e42301a\" data-element_type=\"column\" data-e-type=\"column\">\n\t\t\t<div class=\"elementor-widget-wrap elementor-element-populated\">\n\t\t\t\t\t\t<div class=\"elementor-element elementor-element-0f9fa9d elementor-widget elementor-widget-heading\" data-id=\"0f9fa9d\" data-element_type=\"widget\" data-e-type=\"widget\" data-widget_type=\"heading.default\">\n\t\t\t\t<div class=\"elementor-widget-container\">\n\t\t\t\t\t<p class=\"elementor-heading-title elementor-size-default\">Cookies-Politik<\/p>\t\t\t\t<\/div>\n\t\t\t\t<\/div>\n\t\t\t\t<div class=\"elementor-element elementor-element-a2f6a5e elementor-widget elementor-widget-text-editor\" data-id=\"a2f6a5e\" data-element_type=\"widget\" data-e-type=\"widget\" data-widget_type=\"text-editor.default\">\n\t\t\t\t<div class=\"elementor-widget-container\">\n\t\t\t\t\t\t\t\t\t<p><span style=\"color: #71706e; font-family: 'Open Sans', Arial, Tahoma, sans-serif; font-size: 14px; text-align: justify;\">1. Die Website sammelt nicht automatisch irgendwelche Informationen, au\u00dfer denen, die in Cookies enthalten sind.<\/span><br style=\"color: #71706e; font-family: 'Open Sans', Arial, Tahoma, sans-serif; font-size: 14px; text-align: justify;\"><br style=\"color: #71706e; font-family: 'Open Sans', Arial, Tahoma, sans-serif; font-size: 14px; text-align: justify;\"><span style=\"color: #71706e; font-family: 'Open Sans', Arial, Tahoma, sans-serif; font-size: 14px; text-align: justify;\">2. Bei Cookies handelt es sich um IT-Daten, insbesondere Textdateien, die auf dem Endger\u00e4t des Nutzers des Dienstes gespeichert werden und f\u00fcr die Nutzung der Websites des Dienstes bestimmt sind. Bei Cookies handelt es sich um IT-Daten, insbesondere Textdateien, die auf dem Endger\u00e4t des Nutzers des Dienstes gespeichert werden und f\u00fcr die Nutzung der Websites des Dienstes bestimmt sind.<\/span><br style=\"color: #71706e; font-family: 'Open Sans', Arial, Tahoma, sans-serif; font-size: 14px; text-align: justify;\"><br style=\"color: #71706e; font-family: 'Open Sans', Arial, Tahoma, sans-serif; font-size: 14px; text-align: justify;\"><span style=\"color: #71706e; font-family: 'Open Sans', Arial, Tahoma, sans-serif; font-size: 14px; text-align: justify;\">3. Cookies werden verwendet f\u00fcr:<\/span><br style=\"color: #71706e; font-family: 'Open Sans', Arial, Tahoma, sans-serif; font-size: 14px; text-align: justify;\"><br style=\"color: #71706e; font-family: 'Open Sans', Arial, Tahoma, sans-serif; font-size: 14px; text-align: justify;\"><span style=\"color: #71706e; font-family: 'Open Sans', Arial, Tahoma, sans-serif; font-size: 14px; text-align: justify;\">a) Anpassung des Inhalts der Seiten der Website an die Pr\u00e4ferenzen der Nutzer und Optimierung der Nutzung der Websites; insbesondere erm\u00f6glichen diese Dateien die Erkennung des Ger\u00e4ts des Website-Nutzers und die entsprechende Anzeige der Website, die an die individuellen Bed\u00fcrfnisse angepasst ist;<\/span><br style=\"color: #71706e; font-family: 'Open Sans', Arial, Tahoma, sans-serif; font-size: 14px; text-align: justify;\"><br style=\"color: #71706e; font-family: 'Open Sans', Arial, Tahoma, sans-serif; font-size: 14px; text-align: justify;\"><span style=\"color: #71706e; font-family: 'Open Sans', Arial, Tahoma, sans-serif; font-size: 14px; text-align: justify;\">b) Erstellung von Statistiken, die Aufschluss dar\u00fcber geben, wie die Nutzer der Website diese nutzen, was die Verbesserung ihrer Struktur und ihres Inhalts erm\u00f6glicht;<\/span><br style=\"color: #71706e; font-family: 'Open Sans', Arial, Tahoma, sans-serif; font-size: 14px; text-align: justify;\"><br style=\"color: #71706e; font-family: 'Open Sans', Arial, Tahoma, sans-serif; font-size: 14px; text-align: justify;\"><span style=\"color: #71706e; font-family: 'Open Sans', Arial, Tahoma, sans-serif; font-size: 14px; text-align: justify;\">c) Aufrechterhaltung einer Sitzung des Nutzers des Dienstes (nach dem Einloggen), dank derer der Nutzer nicht auf jeder Unterseite des Dienstes das Login und das Passwort erneut eingeben muss;<\/span><br style=\"color: #71706e; font-family: 'Open Sans', Arial, Tahoma, sans-serif; font-size: 14px; text-align: justify;\"><br style=\"color: #71706e; font-family: 'Open Sans', Arial, Tahoma, sans-serif; font-size: 14px; text-align: justify;\"><span style=\"color: #71706e; font-family: 'Open Sans', Arial, Tahoma, sans-serif; font-size: 14px; text-align: justify;\">4. Es gibt zwei Haupttypen von Cookies, die im Rahmen des Dienstes verwendet werden: &#8222;Sitzung&#8220; (Sitzungscookies) und &#8222;permanente&#8220; Cookies (dauerhafte Cookies). Session&#8220;-Cookies sind tempor\u00e4re Dateien, die auf dem Endger\u00e4t des Nutzers gespeichert werden, bis dieser sich abmeldet, die Website verl\u00e4sst oder die Software (Webbrowser) ausschaltet. &#8222;Permanente&#8220; Cookies werden auf dem Endger\u00e4t des Nutzers f\u00fcr die in den Cookie-Parametern angegebene Dauer oder bis zu ihrer L\u00f6schung durch den Nutzer gespeichert.<\/span><br style=\"color: #71706e; font-family: 'Open Sans', Arial, Tahoma, sans-serif; font-size: 14px; text-align: justify;\"><br style=\"color: #71706e; font-family: 'Open Sans', Arial, Tahoma, sans-serif; font-size: 14px; text-align: justify;\"><span style=\"color: #71706e; font-family: 'Open Sans', Arial, Tahoma, sans-serif; font-size: 14px; text-align: justify;\">5. Die folgenden Arten von Cookies werden auf der Website verwendet:<\/span><br style=\"color: #71706e; font-family: 'Open Sans', Arial, Tahoma, sans-serif; font-size: 14px; text-align: justify;\"><br style=\"color: #71706e; font-family: 'Open Sans', Arial, Tahoma, sans-serif; font-size: 14px; text-align: justify;\"><span style=\"color: #71706e; font-family: 'Open Sans', Arial, Tahoma, sans-serif; font-size: 14px; text-align: justify;\">a) &#8222;notwendige&#8220; Cookies, um die Nutzung der auf der Website verf\u00fcgbaren Dienste zu erm\u00f6glichen, z. B. Authentifizierungs-Cookies, die f\u00fcr Dienste verwendet werden, die eine Authentifizierung auf der Website erfordern;<\/span><br style=\"color: #71706e; font-family: 'Open Sans', Arial, Tahoma, sans-serif; font-size: 14px; text-align: justify;\"><br style=\"color: #71706e; font-family: 'Open Sans', Arial, Tahoma, sans-serif; font-size: 14px; text-align: justify;\"><span style=\"color: #71706e; font-family: 'Open Sans', Arial, Tahoma, sans-serif; font-size: 14px; text-align: justify;\">b) Cookies, die zur Gew\u00e4hrleistung der Sicherheit verwendet werden, z. B. um einen Missbrauch der Authentifizierung auf der Website zu erkennen;<\/span><br style=\"color: #71706e; font-family: 'Open Sans', Arial, Tahoma, sans-serif; font-size: 14px; text-align: justify;\"><br style=\"color: #71706e; font-family: 'Open Sans', Arial, Tahoma, sans-serif; font-size: 14px; text-align: justify;\"><span style=\"color: #71706e; font-family: 'Open Sans', Arial, Tahoma, sans-serif; font-size: 14px; text-align: justify;\">c) Cookies, die die Erfassung von Informationen \u00fcber die Nutzung der Websites der Website erm\u00f6glichen;<\/span><br style=\"color: #71706e; font-family: 'Open Sans', Arial, Tahoma, sans-serif; font-size: 14px; text-align: justify;\"><br style=\"color: #71706e; font-family: 'Open Sans', Arial, Tahoma, sans-serif; font-size: 14px; text-align: justify;\"><span style=\"color: #71706e; font-family: 'Open Sans', Arial, Tahoma, sans-serif; font-size: 14px; text-align: justify;\">d) &#8222;funktionelle&#8220; Cookies, die es erm\u00f6glichen, sich die vom Nutzer gew\u00e4hlten Einstellungen zu merken und die Benutzeroberfl\u00e4che zu personalisieren, z. B. im Hinblick auf die gew\u00e4hlte Sprache oder Herkunftsregion des Nutzers, die Schriftgr\u00f6\u00dfe, das Aussehen der Website usw;<\/span><br style=\"color: #71706e; font-family: 'Open Sans', Arial, Tahoma, sans-serif; font-size: 14px; text-align: justify;\"><br style=\"color: #71706e; font-family: 'Open Sans', Arial, Tahoma, sans-serif; font-size: 14px; text-align: justify;\"><span style=\"color: #71706e; font-family: 'Open Sans', Arial, Tahoma, sans-serif; font-size: 14px; text-align: justify;\">e) &#8222;Werbe&#8220;-Cookies, die es erm\u00f6glichen, den Nutzern Werbeinhalte zu liefern, die besser auf ihre Interessen zugeschnitten sind.<\/span><br style=\"color: #71706e; font-family: 'Open Sans', Arial, Tahoma, sans-serif; font-size: 14px; text-align: justify;\"><br style=\"color: #71706e; font-family: 'Open Sans', Arial, Tahoma, sans-serif; font-size: 14px; text-align: justify;\"><span style=\"color: #71706e; font-family: 'Open Sans', Arial, Tahoma, sans-serif; font-size: 14px; text-align: justify;\">6. In vielen F\u00e4llen erlaubt die Web-Browsing-Software (Webbrowser) standardm\u00e4\u00dfig die Speicherung von Cookies auf dem Endger\u00e4t des Nutzers. Die Nutzer der Website k\u00f6nnen ihre Cookie-Einstellungen jederzeit \u00e4ndern. Diese Einstellungen k\u00f6nnen insbesondere dahingehend ge\u00e4ndert werden, dass die automatische Behandlung von Cookies in den Einstellungen des Internetbrowsers blockiert wird oder dass der Nutzer \u00fcber deren Platzierung im Ger\u00e4t des Dienstes informiert wird. Detaillierte Informationen \u00fcber die M\u00f6glichkeiten und Methoden der Verwendung von Cookies finden Sie in den Einstellungen Ihrer Software (Webbrowser), z. B:<\/span><br style=\"color: #71706e; font-family: 'Open Sans', Arial, Tahoma, sans-serif; font-size: 14px; text-align: justify;\"><span style=\"color: #71706e; font-family: 'Open Sans', Arial, Tahoma, sans-serif; font-size: 14px; text-align: justify;\">&#8211; <\/span><a style=\"margin: 0px; padding: 0px; border: 0px; font-variant-numeric: inherit; font-variant-east-asian: inherit; font-stretch: inherit; font-size: 14px; line-height: inherit; font-family: 'Open Sans', Arial, Tahoma, sans-serif; vertical-align: baseline; outline: 0px; text-align: justify; background-color: #ffffff;\" href=\"http:\/\/windows.microsoft.com\/pl-PL\/windows7\/How-to-manage-cookies-in-Internet-Explorer-9\" target=\"_blank\" rel=\"noopener noreferrer\">im Internet Explorer<\/a><br style=\"color: #71706e; font-family: 'Open Sans', Arial, Tahoma, sans-serif; font-size: 14px; text-align: justify;\"><span style=\"color: #71706e; font-family: 'Open Sans', Arial, Tahoma, sans-serif; font-size: 14px; text-align: justify;\">&#8211; <\/span><a style=\"margin: 0px; padding: 0px; border: 0px; font-variant-numeric: inherit; font-variant-east-asian: inherit; font-stretch: inherit; font-size: 14px; line-height: inherit; font-family: 'Open Sans', Arial, Tahoma, sans-serif; vertical-align: baseline; outline: 0px; text-align: justify; background-color: #ffffff;\" href=\"http:\/\/support.mozilla.org\/pl\/kb\/ciasteczka\" target=\"_blank\" rel=\"noopener noreferrer\">im Mozilla Firefox-Browser<\/a><br style=\"color: #71706e; font-family: 'Open Sans', Arial, Tahoma, sans-serif; font-size: 14px; text-align: justify;\"><span style=\"color: #71706e; font-family: 'Open Sans', Arial, Tahoma, sans-serif; font-size: 14px; text-align: justify;\">&#8211; <\/span><a style=\"margin: 0px; padding: 0px; border: 0px; font-variant-numeric: inherit; font-variant-east-asian: inherit; font-stretch: inherit; font-size: 14px; line-height: inherit; font-family: 'Open Sans', Arial, Tahoma, sans-serif; vertical-align: baseline; outline: 0px; text-align: justify; background-color: #ffffff;\" href=\"http:\/\/support.google.com\/chrome\/bin\/answer.py?hl=pl&amp;answer=95647\" target=\"_blank\" rel=\"noopener noreferrer\">im Chrome Browser<\/a><br style=\"color: #71706e; font-family: 'Open Sans', Arial, Tahoma, sans-serif; font-size: 14px; text-align: justify;\"><span style=\"color: #71706e; font-family: 'Open Sans', Arial, Tahoma, sans-serif; font-size: 14px; text-align: justify;\">&#8211;<\/span> <a style=\"margin: 0px; padding: 0px; border: 0px; font-variant-numeric: inherit; font-variant-east-asian: inherit; font-stretch: inherit; font-size: 14px; line-height: inherit; font-family: 'Open Sans', Arial, Tahoma, sans-serif; vertical-align: baseline; outline: 0px; text-align: justify; background-color: #ffffff;\" href=\"http:\/\/support.apple.com\/kb\/HT1677?viewlocale=pl_PL&amp;locale=pl_PL\" target=\"_blank\" rel=\"noopener noreferrer\">im Safari<\/a><br style=\"color: #71706e; font-family: 'Open Sans', Arial, Tahoma, sans-serif; font-size: 14px; text-align: justify;\"><span style=\"color: #71706e; font-family: 'Open Sans', Arial, Tahoma, sans-serif; font-size: 14px; text-align: justify;\">&#8211;<\/span><a style=\"margin: 0px; padding: 0px; border: 0px; font-variant-numeric: inherit; font-variant-east-asian: inherit; font-stretch: inherit; font-size: 14px; line-height: inherit; font-family: 'Open Sans', Arial, Tahoma, sans-serif; vertical-align: baseline; outline: 0px; text-align: justify; background-color: #ffffff;\" href=\"http:\/\/help.opera.com\/Linux\/9.22\/pl\/cookies.html\" target=\"_blank\" rel=\"noopener noreferrer\">im Opera<\/a><br style=\"color: #71706e; font-family: 'Open Sans', Arial, Tahoma, sans-serif; font-size: 14px; text-align: justify;\"><br style=\"color: #71706e; font-family: 'Open Sans', Arial, Tahoma, sans-serif; font-size: 14px; text-align: justify;\"><span style=\"color: #71706e; font-family: 'Open Sans', Arial, Tahoma, sans-serif; font-size: 14px; text-align: justify;\">7. Der Betreiber der Website weist darauf hin, dass Einschr\u00e4nkungen bei der Verwendung von Cookies einige der auf der Website verf\u00fcgbaren Funktionen beeintr\u00e4chtigen k\u00f6nnen.<\/span><br style=\"color: #71706e; font-family: 'Open Sans', Arial, Tahoma, sans-serif; font-size: 14px; text-align: justify;\"><br style=\"color: #71706e; font-family: 'Open Sans', Arial, Tahoma, sans-serif; font-size: 14px; text-align: justify;\"><span style=\"color: #71706e; font-family: 'Open Sans', Arial, Tahoma, sans-serif; font-size: 14px; text-align: justify;\">8. Cookies, die auf dem Endger\u00e4t des Service-Nutzers platziert und verwendet werden, k\u00f6nnen auch von Werbetreibenden und Partnern, die mit dem Service-Betreiber zusammenarbeiten, verwendet werden.<\/span><br style=\"color: #71706e; font-family: 'Open Sans', Arial, Tahoma, sans-serif; font-size: 14px; text-align: justify;\"><br style=\"color: #71706e; font-family: 'Open Sans', Arial, Tahoma, sans-serif; font-size: 14px; text-align: justify;\"><br style=\"color: #71706e; font-family: 'Open Sans', Arial, Tahoma, sans-serif; font-size: 14px; text-align: justify;\"><span style=\"color: #71706e; font-family: 'Open Sans', Arial, Tahoma, sans-serif; font-size: 14px; text-align: justify;\">Der obige Inhalt ist urheberrechtlich gesch\u00fctzt durch das IAB Polen. Quelle der Informationen: <a href=\"http:\/\/wszystkoociasteczkach.pl\/\">http:\/\/wszystkoociasteczkach.pl\/<\/a>.<\/span><\/p>\n\t\t\t\t\t\t\t\t<\/div>\n\t\t\t\t<\/div>\n\t\t\t\t\t<\/div>\n\t\t<\/div>\n\t\t\t\t\t<\/div>\n\t\t<\/section>\n\t\t\t\t<\/div>\n\t\t","protected":false},"excerpt":{"rendered":"<p>Cookies-Politik 1. Die Website sammelt nicht automatisch irgendwelche Informationen, au\u00dfer denen, die in Cookies enthalten sind.2. Bei Cookies handelt es sich um IT-Daten, insbesondere Textdateien, die auf dem Endger\u00e4t des Nutzers des Dienstes gespeichert werden und f\u00fcr die Nutzung der Websites des Dienstes bestimmt sind. Bei Cookies handelt es sich um IT-Daten, insbesondere Textdateien, die [&hellip;]<\/p>\n","protected":false},"author":4,"featured_media":0,"parent":0,"menu_order":0,"comment_status":"closed","ping_status":"closed","template":"","meta":{"site-sidebar-layout":"no-sidebar","site-content-layout":"page-builder","ast-site-content-layout":"default","site-content-style":"default","site-sidebar-style":"default","ast-global-header-display":"","ast-banner-title-visibility":"","ast-main-header-display":"","ast-hfb-above-header-display":"","ast-hfb-below-header-display":"","ast-hfb-mobile-header-display":"","site-post-title":"disabled","ast-breadcrumbs-content":"","ast-featured-img":"disabled","footer-sml-layout":"","ast-disable-related-posts":"","theme-transparent-header-meta":"","adv-header-id-meta":"","stick-header-meta":"","header-above-stick-meta":"","header-main-stick-meta":"","header-below-stick-meta":"","astra-migrate-meta-layouts":"default","ast-page-background-enabled":"default","ast-page-background-meta":{"desktop":{"background-color":"var(--ast-global-color-4)","background-image":"","background-repeat":"repeat","background-position":"center center","background-size":"auto","background-attachment":"scroll","background-type":"","background-media":"","overlay-type":"","overlay-color":"","overlay-opacity":"","overlay-gradient":""},"tablet":{"background-color":"","background-image":"","background-repeat":"repeat","background-position":"center center","background-size":"auto","background-attachment":"scroll","background-type":"","background-media":"","overlay-type":"","overlay-color":"","overlay-opacity":"","overlay-gradient":""},"mobile":{"background-color":"","background-image":"","background-repeat":"repeat","background-position":"center center","background-size":"auto","background-attachment":"scroll","background-type":"","background-media":"","overlay-type":"","overlay-color":"","overlay-opacity":"","overlay-gradient":""}},"ast-content-background-meta":{"desktop":{"background-color":"var(--ast-global-color-5)","background-image":"","background-repeat":"repeat","background-position":"center center","background-size":"auto","background-attachment":"scroll","background-type":"","background-media":"","overlay-type":"","overlay-color":"","overlay-opacity":"","overlay-gradient":""},"tablet":{"background-color":"var(--ast-global-color-5)","background-image":"","background-repeat":"repeat","background-position":"center center","background-size":"auto","background-attachment":"scroll","background-type":"","background-media":"","overlay-type":"","overlay-color":"","overlay-opacity":"","overlay-gradient":""},"mobile":{"background-color":"var(--ast-global-color-5)","background-image":"","background-repeat":"repeat","background-position":"center center","background-size":"auto","background-attachment":"scroll","background-type":"","background-media":"","overlay-type":"","overlay-color":"","overlay-opacity":"","overlay-gradient":""}},"footnotes":""},"class_list":["post-407","page","type-page","status-publish","hentry"],"_links":{"self":[{"href":"https:\/\/tcsogrodzenia.com\/de\/wp-json\/wp\/v2\/pages\/407","targetHints":{"allow":["GET"]}}],"collection":[{"href":"https:\/\/tcsogrodzenia.com\/de\/wp-json\/wp\/v2\/pages"}],"about":[{"href":"https:\/\/tcsogrodzenia.com\/de\/wp-json\/wp\/v2\/types\/page"}],"author":[{"embeddable":true,"href":"https:\/\/tcsogrodzenia.com\/de\/wp-json\/wp\/v2\/users\/4"}],"replies":[{"embeddable":true,"href":"https:\/\/tcsogrodzenia.com\/de\/wp-json\/wp\/v2\/comments?post=407"}],"version-history":[{"count":0,"href":"https:\/\/tcsogrodzenia.com\/de\/wp-json\/wp\/v2\/pages\/407\/revisions"}],"wp:attachment":[{"href":"https:\/\/tcsogrodzenia.com\/de\/wp-json\/wp\/v2\/media?parent=407"}],"curies":[{"name":"wp","href":"https:\/\/api.w.org\/{rel}","templated":true}]}}