{"id":7650,"date":"2021-11-22T14:36:24","date_gmt":"2021-11-22T13:36:24","guid":{"rendered":"https:\/\/tcsogrodzenia.com\/verwirklichungen\/"},"modified":"2023-04-18T15:06:48","modified_gmt":"2023-04-18T13:06:48","slug":"verwirklichungen","status":"publish","type":"page","link":"https:\/\/tcsogrodzenia.com\/de\/verwirklichungen\/","title":{"rendered":"Verwirklichungen"},"content":{"rendered":"\t\t<div data-elementor-type=\"wp-page\" data-elementor-id=\"7650\" class=\"elementor elementor-7650 elementor-6155\" data-elementor-post-type=\"page\">\n\t\t\t\t<div class=\"elementor-element elementor-element-eb708c3 e-flex e-con-boxed e-con e-parent\" data-id=\"eb708c3\" data-element_type=\"container\" data-e-type=\"container\" data-settings=\"{&quot;jet_parallax_layout_list&quot;:[]}\">\n\t\t\t\t\t<div class=\"e-con-inner\">\n\t\t<div class=\"elementor-element elementor-element-0912f85 e-con-full e-flex e-con e-child\" data-id=\"0912f85\" data-element_type=\"container\" data-e-type=\"container\" data-settings=\"{&quot;jet_parallax_layout_list&quot;:[]}\">\n\t\t\t\t<div class=\"elementor-element elementor-element-76476d2 elementor-widget elementor-widget-heading\" data-id=\"76476d2\" data-element_type=\"widget\" data-e-type=\"widget\" data-widget_type=\"heading.default\">\n\t\t\t\t<div class=\"elementor-widget-container\">\n\t\t\t\t\t<h2 class=\"elementor-heading-title elementor-size-default\">Verwirklichungen<\/h2>\t\t\t\t<\/div>\n\t\t\t\t<\/div>\n\t\t\t\t<div class=\"elementor-element elementor-element-c45b4d7 elementor-widget elementor-widget-text-editor\" data-id=\"c45b4d7\" data-element_type=\"widget\" data-e-type=\"widget\" data-widget_type=\"text-editor.default\">\n\t\t\t\t<div class=\"elementor-widget-container\">\n\t\t\t\t\t\t\t\t\tWerfen Sie einen Blick auf unsere Galerie von Investitionsprojekten f\u00fcr die Umz\u00e4unung von Privatgrundst\u00fccken, Industrie- und Gewerbeanlagen, Unternehmen, Institutionen und Erholungsgebieten.\n\t\t\t\t\t\t\t\t<\/div>\n\t\t\t\t<\/div>\n\t\t\t\t<\/div>\n\t\t<div class=\"elementor-element elementor-element-1d62075 e-flex e-con-boxed e-con e-child\" data-id=\"1d62075\" data-element_type=\"container\" data-e-type=\"container\" data-settings=\"{&quot;jet_parallax_layout_list&quot;:[]}\">\n\t\t\t\t\t<div class=\"e-con-inner\">\n\t\t<div class=\"elementor-element elementor-element-54c5d31 e-flex e-con-boxed e-con e-child\" data-id=\"54c5d31\" data-element_type=\"container\" data-e-type=\"container\" data-settings=\"{&quot;jet_parallax_layout_list&quot;:[]}\">\n\t\t\t\t\t<div class=\"e-con-inner\">\n\t\t\t\t<div class=\"elementor-element elementor-element-8bd3618 our-project-box elementor-position-top elementor-widget elementor-widget-image-box\" data-id=\"8bd3618\" data-element_type=\"widget\" data-e-type=\"widget\" data-widget_type=\"image-box.default\">\n\t\t\t\t<div class=\"elementor-widget-container\">\n\t\t\t\t\t<div class=\"elementor-image-box-wrapper\"><figure class=\"elementor-image-box-img\"><a href=\"\/de\/verwirklichungen\/privates-eigentum\/\" tabindex=\"-1\"><img fetchpriority=\"high\" decoding=\"async\" width=\"1280\" height=\"701\" src=\"https:\/\/tcsogrodzenia.com\/wp-content\/uploads\/2023\/04\/posesje-prywatne-1280x701.jpg\" class=\"attachment-large size-large wp-image-38438\" alt=\"\" srcset=\"https:\/\/tcsogrodzenia.com\/wp-content\/uploads\/2023\/04\/posesje-prywatne-1280x701.jpg 1280w, https:\/\/tcsogrodzenia.com\/wp-content\/uploads\/2023\/04\/posesje-prywatne-768x420.jpg 768w, https:\/\/tcsogrodzenia.com\/wp-content\/uploads\/2023\/04\/posesje-prywatne-480x263.jpg 480w, https:\/\/tcsogrodzenia.com\/wp-content\/uploads\/2023\/04\/posesje-prywatne-1536x841.jpg 1536w, https:\/\/tcsogrodzenia.com\/wp-content\/uploads\/2023\/04\/posesje-prywatne-600x328.jpg 600w, https:\/\/tcsogrodzenia.com\/wp-content\/uploads\/2023\/04\/posesje-prywatne-800x438.jpg 800w, https:\/\/tcsogrodzenia.com\/wp-content\/uploads\/2023\/04\/posesje-prywatne.jpg 2048w\" sizes=\"(max-width: 1280px) 100vw, 1280px\" \/><\/a><\/figure><div class=\"elementor-image-box-content\"><h3 class=\"elementor-image-box-title\"><a href=\"\/de\/verwirklichungen\/privates-eigentum\/\">Privates Eigentum<\/a><\/h3><\/div><\/div>\t\t\t\t<\/div>\n\t\t\t\t<\/div>\n\t\t\t\t<div class=\"elementor-element elementor-element-dab7580 our-project-box elementor-position-top elementor-widget elementor-widget-image-box\" data-id=\"dab7580\" data-element_type=\"widget\" data-e-type=\"widget\" data-widget_type=\"image-box.default\">\n\t\t\t\t<div class=\"elementor-widget-container\">\n\t\t\t\t\t<div class=\"elementor-image-box-wrapper\"><figure class=\"elementor-image-box-img\"><a href=\"\/de\/verwirklichungen\/industrie-zaune\/\" tabindex=\"-1\"><img decoding=\"async\" width=\"1280\" height=\"960\" src=\"https:\/\/tcsogrodzenia.com\/wp-content\/uploads\/2023\/04\/Obiekt-uzytecznosci-publicznej-1280x960.jpeg\" class=\"attachment-large size-large wp-image-38435\" alt=\"\" srcset=\"https:\/\/tcsogrodzenia.com\/wp-content\/uploads\/2023\/04\/Obiekt-uzytecznosci-publicznej-1280x960.jpeg 1280w, https:\/\/tcsogrodzenia.com\/wp-content\/uploads\/2023\/04\/Obiekt-uzytecznosci-publicznej-768x576.jpeg 768w, https:\/\/tcsogrodzenia.com\/wp-content\/uploads\/2023\/04\/Obiekt-uzytecznosci-publicznej-480x360.jpeg 480w, https:\/\/tcsogrodzenia.com\/wp-content\/uploads\/2023\/04\/Obiekt-uzytecznosci-publicznej-1536x1152.jpeg 1536w, https:\/\/tcsogrodzenia.com\/wp-content\/uploads\/2023\/04\/Obiekt-uzytecznosci-publicznej-600x450.jpeg 600w, https:\/\/tcsogrodzenia.com\/wp-content\/uploads\/2023\/04\/Obiekt-uzytecznosci-publicznej-800x600.jpeg 800w, https:\/\/tcsogrodzenia.com\/wp-content\/uploads\/2023\/04\/Obiekt-uzytecznosci-publicznej.jpeg 1600w\" sizes=\"(max-width: 1280px) 100vw, 1280px\" \/><\/a><\/figure><div class=\"elementor-image-box-content\"><h3 class=\"elementor-image-box-title\"><a href=\"\/de\/verwirklichungen\/industrie-zaune\/\">\u00d6ffentliche Geb\u00e4ude<\/a><\/h3><\/div><\/div>\t\t\t\t<\/div>\n\t\t\t\t<\/div>\n\t\t\t\t\t<\/div>\n\t\t\t\t<\/div>\n\t\t<div class=\"elementor-element elementor-element-28ceacf e-flex e-con-boxed e-con e-child\" data-id=\"28ceacf\" data-element_type=\"container\" data-e-type=\"container\" data-settings=\"{&quot;jet_parallax_layout_list&quot;:[]}\">\n\t\t\t\t\t<div class=\"e-con-inner\">\n\t\t\t\t<div class=\"elementor-element elementor-element-6493132 our-project-box elementor-position-top elementor-widget elementor-widget-image-box\" data-id=\"6493132\" data-element_type=\"widget\" data-e-type=\"widget\" data-widget_type=\"image-box.default\">\n\t\t\t\t<div class=\"elementor-widget-container\">\n\t\t\t\t\t<div class=\"elementor-image-box-wrapper\"><figure class=\"elementor-image-box-img\"><a href=\"\/de\/verwirklichungen\/ballfangzaune\/\" tabindex=\"-1\"><img decoding=\"async\" width=\"800\" height=\"600\" src=\"https:\/\/tcsogrodzenia.com\/wp-content\/uploads\/2017\/05\/obiektysportowe1.jpg\" class=\"attachment-large size-large wp-image-2620\" alt=\"\" srcset=\"https:\/\/tcsogrodzenia.com\/wp-content\/uploads\/2017\/05\/obiektysportowe1.jpg 800w, https:\/\/tcsogrodzenia.com\/wp-content\/uploads\/2017\/05\/obiektysportowe1-600x450.jpg 600w\" sizes=\"(max-width: 800px) 100vw, 800px\" \/><\/a><\/figure><div class=\"elementor-image-box-content\"><h3 class=\"elementor-image-box-title\"><a href=\"\/de\/verwirklichungen\/ballfangzaune\/\">Sportanlagen<\/a><\/h3><\/div><\/div>\t\t\t\t<\/div>\n\t\t\t\t<\/div>\n\t\t\t\t<div class=\"elementor-element elementor-element-2a8c22c our-project-box elementor-position-top elementor-widget elementor-widget-image-box\" data-id=\"2a8c22c\" data-element_type=\"widget\" data-e-type=\"widget\" data-widget_type=\"image-box.default\">\n\t\t\t\t<div class=\"elementor-widget-container\">\n\t\t\t\t\t<div class=\"elementor-image-box-wrapper\"><figure class=\"elementor-image-box-img\"><a href=\"\/de\/verwirklichungen\/speziellezaune\/\" tabindex=\"-1\"><img loading=\"lazy\" decoding=\"async\" width=\"800\" height=\"600\" src=\"https:\/\/tcsogrodzenia.com\/wp-content\/uploads\/2017\/05\/ogrodzeniaspecjalne13.jpg\" class=\"attachment-large size-large wp-image-2802\" alt=\"\" srcset=\"https:\/\/tcsogrodzenia.com\/wp-content\/uploads\/2017\/05\/ogrodzeniaspecjalne13.jpg 800w, https:\/\/tcsogrodzenia.com\/wp-content\/uploads\/2017\/05\/ogrodzeniaspecjalne13-600x450.jpg 600w\" sizes=\"(max-width: 800px) 100vw, 800px\" \/><\/a><\/figure><div class=\"elementor-image-box-content\"><h3 class=\"elementor-image-box-title\"><a href=\"\/de\/verwirklichungen\/speziellezaune\/\">Besondere Z\u00e4une<\/a><\/h3><\/div><\/div>\t\t\t\t<\/div>\n\t\t\t\t<\/div>\n\t\t\t\t\t<\/div>\n\t\t\t\t<\/div>\n\t\t\t\t\t<\/div>\n\t\t\t\t<\/div>\n\t\t\t\t\t<\/div>\n\t\t\t\t<\/div>\n\t\t\t\t<\/div>\n\t\t","protected":false},"excerpt":{"rendered":"<p>Verwirklichungen Werfen Sie einen Blick auf unsere Galerie von Investitionsprojekten f\u00fcr die Umz\u00e4unung von Privatgrundst\u00fccken, Industrie- und Gewerbeanlagen, Unternehmen, Institutionen und Erholungsgebieten. Privates Eigentum \u00d6ffentliche Geb\u00e4ude Sportanlagen Besondere Z\u00e4une<\/p>\n","protected":false},"author":4,"featured_media":0,"parent":0,"menu_order":0,"comment_status":"closed","ping_status":"closed","template":"","meta":{"site-sidebar-layout":"no-sidebar","site-content-layout":"page-builder","ast-site-content-layout":"default","site-content-style":"default","site-sidebar-style":"default","ast-global-header-display":"","ast-banner-title-visibility":"","ast-main-header-display":"","ast-hfb-above-header-display":"","ast-hfb-below-header-display":"","ast-hfb-mobile-header-display":"","site-post-title":"disabled","ast-breadcrumbs-content":"","ast-featured-img":"disabled","footer-sml-layout":"","ast-disable-related-posts":"","theme-transparent-header-meta":"default","adv-header-id-meta":"","stick-header-meta":"default","header-above-stick-meta":"","header-main-stick-meta":"","header-below-stick-meta":"","astra-migrate-meta-layouts":"default","ast-page-background-enabled":"default","ast-page-background-meta":{"desktop":{"background-color":"var(--ast-global-color-4)","background-image":"","background-repeat":"repeat","background-position":"center center","background-size":"auto","background-attachment":"scroll","background-type":"","background-media":"","overlay-type":"","overlay-color":"","overlay-opacity":"","overlay-gradient":""},"tablet":{"background-color":"","background-image":"","background-repeat":"repeat","background-position":"center center","background-size":"auto","background-attachment":"scroll","background-type":"","background-media":"","overlay-type":"","overlay-color":"","overlay-opacity":"","overlay-gradient":""},"mobile":{"background-color":"","background-image":"","background-repeat":"repeat","background-position":"center center","background-size":"auto","background-attachment":"scroll","background-type":"","background-media":"","overlay-type":"","overlay-color":"","overlay-opacity":"","overlay-gradient":""}},"ast-content-background-meta":{"desktop":{"background-color":"var(--ast-global-color-5)","background-image":"","background-repeat":"repeat","background-position":"center center","background-size":"auto","background-attachment":"scroll","background-type":"","background-media":"","overlay-type":"","overlay-color":"","overlay-opacity":"","overlay-gradient":""},"tablet":{"background-color":"var(--ast-global-color-5)","background-image":"","background-repeat":"repeat","background-position":"center center","background-size":"auto","background-attachment":"scroll","background-type":"","background-media":"","overlay-type":"","overlay-color":"","overlay-opacity":"","overlay-gradient":""},"mobile":{"background-color":"var(--ast-global-color-5)","background-image":"","background-repeat":"repeat","background-position":"center center","background-size":"auto","background-attachment":"scroll","background-type":"","background-media":"","overlay-type":"","overlay-color":"","overlay-opacity":"","overlay-gradient":""}},"footnotes":""},"class_list":["post-7650","page","type-page","status-publish","hentry"],"_links":{"self":[{"href":"https:\/\/tcsogrodzenia.com\/de\/wp-json\/wp\/v2\/pages\/7650","targetHints":{"allow":["GET"]}}],"collection":[{"href":"https:\/\/tcsogrodzenia.com\/de\/wp-json\/wp\/v2\/pages"}],"about":[{"href":"https:\/\/tcsogrodzenia.com\/de\/wp-json\/wp\/v2\/types\/page"}],"author":[{"embeddable":true,"href":"https:\/\/tcsogrodzenia.com\/de\/wp-json\/wp\/v2\/users\/4"}],"replies":[{"embeddable":true,"href":"https:\/\/tcsogrodzenia.com\/de\/wp-json\/wp\/v2\/comments?post=7650"}],"version-history":[{"count":0,"href":"https:\/\/tcsogrodzenia.com\/de\/wp-json\/wp\/v2\/pages\/7650\/revisions"}],"wp:attachment":[{"href":"https:\/\/tcsogrodzenia.com\/de\/wp-json\/wp\/v2\/media?parent=7650"}],"curies":[{"name":"wp","href":"https:\/\/api.w.org\/{rel}","templated":true}]}}