{"id":7819,"date":"2021-11-23T09:25:37","date_gmt":"2021-11-23T08:25:37","guid":{"rendered":"https:\/\/tcsogrodzenia.com\/automatisierung\/"},"modified":"2021-11-23T09:25:46","modified_gmt":"2021-11-23T08:25:46","slug":"automatisierung","status":"publish","type":"page","link":"https:\/\/tcsogrodzenia.com\/de\/automatisierung\/","title":{"rendered":"Automatisierung"},"content":{"rendered":"\t\t<div data-elementor-type=\"wp-page\" data-elementor-id=\"7819\" class=\"elementor elementor-7819 elementor-6102\" data-elementor-post-type=\"page\">\n\t\t\t\t\t\t<section class=\"elementor-section elementor-top-section elementor-element elementor-element-84af25f elementor-section-boxed elementor-section-height-default elementor-section-height-default\" data-id=\"84af25f\" data-element_type=\"section\" data-e-type=\"section\" data-settings=\"{&quot;jet_parallax_layout_list&quot;:[]}\">\n\t\t\t\t\t\t<div class=\"elementor-container elementor-column-gap-default\">\n\t\t\t\t\t<div class=\"elementor-column elementor-col-100 elementor-top-column elementor-element elementor-element-cba684a\" data-id=\"cba684a\" data-element_type=\"column\" data-e-type=\"column\">\n\t\t\t<div class=\"elementor-widget-wrap elementor-element-populated\">\n\t\t\t\t\t\t<div class=\"elementor-element elementor-element-b492cde elementor-widget elementor-widget-woocommerce-breadcrumb\" data-id=\"b492cde\" data-element_type=\"widget\" data-e-type=\"widget\" data-widget_type=\"woocommerce-breadcrumb.default\">\n\t\t\t\t<div class=\"elementor-widget-container\">\n\t\t\t\t\t<nav class=\"woocommerce-breadcrumb\" aria-label=\"Breadcrumb\">Start<\/nav>\t\t\t\t<\/div>\n\t\t\t\t<\/div>\n\t\t\t\t\t<\/div>\n\t\t<\/div>\n\t\t\t\t\t<\/div>\n\t\t<\/section>\n\t\t\t\t<section class=\"elementor-section elementor-top-section elementor-element elementor-element-35a3cf6 elementor-section-boxed elementor-section-height-default elementor-section-height-default\" data-id=\"35a3cf6\" data-element_type=\"section\" data-e-type=\"section\" data-settings=\"{&quot;jet_parallax_layout_list&quot;:[]}\">\n\t\t\t\t\t\t<div class=\"elementor-container elementor-column-gap-default\">\n\t\t\t\t\t<div class=\"elementor-column elementor-col-100 elementor-top-column elementor-element elementor-element-7240656\" data-id=\"7240656\" data-element_type=\"column\" data-e-type=\"column\">\n\t\t\t<div class=\"elementor-widget-wrap elementor-element-populated\">\n\t\t\t\t\t\t<div class=\"elementor-element elementor-element-6a21a2c elementor-widget elementor-widget-text-editor\" data-id=\"6a21a2c\" data-element_type=\"widget\" data-e-type=\"widget\" data-widget_type=\"text-editor.default\">\n\t\t\t\t<div class=\"elementor-widget-container\">\n\t\t\t\t\t\t\t\t\t<div>TCS fencing bietet seinen Kunden eine breite Palette an Automatisierungssystemen von renommierten Herstellern wie CAME, NICE, FAAC und LOCINOX.<\/div>\n<\/p>\n<div>Wir bieten professionelle Installation und Service. W swojej ofercie posiadamy:<\/div>\n<\/p>\n<ul>\n<li>Drehtorantriebe,<\/li>\n<li>Antriebe f\u00fcr Schiebetore,<\/li>\n<li>elektromechanische Barrieren,<\/li>\n<li>hydraulische Barrieren,<\/li>\n<li>eine breite Palette von Zubeh\u00f6r, darunter Warnleuchten, Lichtschranken, Schalttafeln.<\/li>\n<\/ul>\n\t\t\t\t\t\t\t\t<\/div>\n\t\t\t\t<\/div>\n\t\t\t\t\t<\/div>\n\t\t<\/div>\n\t\t\t\t\t<\/div>\n\t\t<\/section>\n\t\t\t\t<section class=\"elementor-section elementor-top-section elementor-element elementor-element-962947a elementor-section-boxed elementor-section-height-default elementor-section-height-default\" data-id=\"962947a\" data-element_type=\"section\" data-e-type=\"section\" data-settings=\"{&quot;jet_parallax_layout_list&quot;:[]}\">\n\t\t\t\t\t\t<div class=\"elementor-container elementor-column-gap-default\">\n\t\t\t\t\t<div class=\"elementor-column elementor-col-100 elementor-top-column elementor-element elementor-element-8057184\" data-id=\"8057184\" data-element_type=\"column\" data-e-type=\"column\">\n\t\t\t<div class=\"elementor-widget-wrap elementor-element-populated\">\n\t\t\t\t\t\t<section class=\"elementor-section elementor-inner-section elementor-element elementor-element-e862950 elementor-section-boxed elementor-section-height-default elementor-section-height-default\" data-id=\"e862950\" data-element_type=\"section\" data-e-type=\"section\" data-settings=\"{&quot;jet_parallax_layout_list&quot;:[]}\">\n\t\t\t\t\t\t<div class=\"elementor-container elementor-column-gap-default\">\n\t\t\t\t\t<div class=\"elementor-column elementor-col-33 elementor-inner-column elementor-element elementor-element-8913aed\" data-id=\"8913aed\" data-element_type=\"column\" data-e-type=\"column\">\n\t\t\t<div class=\"elementor-widget-wrap elementor-element-populated\">\n\t\t\t\t\t\t<div class=\"elementor-element elementor-element-1f85b67 elementor-widget elementor-widget-image\" data-id=\"1f85b67\" data-element_type=\"widget\" data-e-type=\"widget\" data-widget_type=\"image.default\">\n\t\t\t\t<div class=\"elementor-widget-container\">\n\t\t\t\t\t\t\t\t\t\t\t\t\t\t\t\t<a href=\"https:\/\/tcsogrodzenia.com\/de\/automatisierung-fuer-freitragende-tore\/\">\n\t\t\t\t\t\t\t<img fetchpriority=\"high\" decoding=\"async\" width=\"768\" height=\"426\" src=\"https:\/\/tcsogrodzenia.com\/wp-content\/uploads\/2017\/07\/automatykadobramsamonosnych.png\" class=\"attachment-medium size-medium wp-image-3152\" alt=\"\" srcset=\"https:\/\/tcsogrodzenia.com\/wp-content\/uploads\/2017\/07\/automatykadobramsamonosnych.png 1000w, https:\/\/tcsogrodzenia.com\/wp-content\/uploads\/2017\/07\/automatykadobramsamonosnych-600x333.png 600w, https:\/\/tcsogrodzenia.com\/wp-content\/uploads\/2017\/07\/automatykadobramsamonosnych-800x444.png 800w\" sizes=\"(max-width: 768px) 100vw, 768px\" \/>\t\t\t\t\t\t\t\t<\/a>\n\t\t\t\t\t\t\t\t\t\t\t\t\t\t\t<\/div>\n\t\t\t\t<\/div>\n\t\t\t\t<div class=\"elementor-element elementor-element-1252bc2 elementor-widget elementor-widget-text-editor\" data-id=\"1252bc2\" data-element_type=\"widget\" data-e-type=\"widget\" data-widget_type=\"text-editor.default\">\n\t\t\t\t<div class=\"elementor-widget-container\">\n\t\t\t\t\t\t\t\t\t<p style=\"text-align: center;\"><a href=\"https:\/\/tcsogrodzenia.com\/de\/automatisierung-fuer-freitragende-tore\/\">Automatik f\u00fcr freitragende Tore<\/a><\/p>\n\t\t\t\t\t\t\t\t<\/div>\n\t\t\t\t<\/div>\n\t\t\t\t\t<\/div>\n\t\t<\/div>\n\t\t\t\t<div class=\"elementor-column elementor-col-33 elementor-inner-column elementor-element elementor-element-47e3990\" data-id=\"47e3990\" data-element_type=\"column\" data-e-type=\"column\">\n\t\t\t<div class=\"elementor-widget-wrap elementor-element-populated\">\n\t\t\t\t\t\t<div class=\"elementor-element elementor-element-121ebd9 elementor-widget elementor-widget-image\" data-id=\"121ebd9\" data-element_type=\"widget\" data-e-type=\"widget\" data-widget_type=\"image.default\">\n\t\t\t\t<div class=\"elementor-widget-container\">\n\t\t\t\t\t\t\t\t\t\t\t\t\t\t\t\t<a href=\"https:\/\/tcsogrodzenia.com\/de\/automatik-fuer-sektionaltore\/\">\n\t\t\t\t\t\t\t<img decoding=\"async\" width=\"1000\" height=\"555\" src=\"https:\/\/tcsogrodzenia.com\/wp-content\/uploads\/2017\/07\/automatykadobramuchylnych.png\" class=\"attachment-large size-large wp-image-3156\" alt=\"\" srcset=\"https:\/\/tcsogrodzenia.com\/wp-content\/uploads\/2017\/07\/automatykadobramuchylnych.png 1000w, https:\/\/tcsogrodzenia.com\/wp-content\/uploads\/2017\/07\/automatykadobramuchylnych-600x333.png 600w, https:\/\/tcsogrodzenia.com\/wp-content\/uploads\/2017\/07\/automatykadobramuchylnych-800x444.png 800w\" sizes=\"(max-width: 1000px) 100vw, 1000px\" \/>\t\t\t\t\t\t\t\t<\/a>\n\t\t\t\t\t\t\t\t\t\t\t\t\t\t\t<\/div>\n\t\t\t\t<\/div>\n\t\t\t\t<div class=\"elementor-element elementor-element-de50843 elementor-widget elementor-widget-text-editor\" data-id=\"de50843\" data-element_type=\"widget\" data-e-type=\"widget\" data-widget_type=\"text-editor.default\">\n\t\t\t\t<div class=\"elementor-widget-container\">\n\t\t\t\t\t\t\t\t\t<p style=\"text-align: center;\"><a href=\"https:\/\/tcsogrodzenia.com\/de\/automatik-fuer-sektionaltore\/\">Automatik f\u00fcr Sektionaltore<\/a><\/p>\n\t\t\t\t\t\t\t\t<\/div>\n\t\t\t\t<\/div>\n\t\t\t\t\t<\/div>\n\t\t<\/div>\n\t\t\t\t<div class=\"elementor-column elementor-col-33 elementor-inner-column elementor-element elementor-element-7c03be3\" data-id=\"7c03be3\" data-element_type=\"column\" data-e-type=\"column\">\n\t\t\t<div class=\"elementor-widget-wrap elementor-element-populated\">\n\t\t\t\t\t\t<div class=\"elementor-element elementor-element-3b6676f elementor-widget elementor-widget-image\" data-id=\"3b6676f\" data-element_type=\"widget\" data-e-type=\"widget\" data-widget_type=\"image.default\">\n\t\t\t\t<div class=\"elementor-widget-container\">\n\t\t\t\t\t\t\t\t\t\t\t\t\t\t\t\t<a href=\"https:\/\/tcsogrodzenia.com\/de\/gegensprechanlagen-2\/\">\n\t\t\t\t\t\t\t<img decoding=\"async\" width=\"555\" height=\"555\" src=\"https:\/\/tcsogrodzenia.com\/wp-content\/uploads\/2017\/07\/domofon.png\" class=\"attachment-large size-large wp-image-3144\" alt=\"\" srcset=\"https:\/\/tcsogrodzenia.com\/wp-content\/uploads\/2017\/07\/domofon.png 555w, https:\/\/tcsogrodzenia.com\/wp-content\/uploads\/2017\/07\/domofon-100x100.png 100w, https:\/\/tcsogrodzenia.com\/wp-content\/uploads\/2017\/07\/domofon-300x300.png 300w, https:\/\/tcsogrodzenia.com\/wp-content\/uploads\/2017\/07\/domofon-500x500.png 500w\" sizes=\"(max-width: 555px) 100vw, 555px\" \/>\t\t\t\t\t\t\t\t<\/a>\n\t\t\t\t\t\t\t\t\t\t\t\t\t\t\t<\/div>\n\t\t\t\t<\/div>\n\t\t\t\t<div class=\"elementor-element elementor-element-736ed77 elementor-widget elementor-widget-text-editor\" data-id=\"736ed77\" data-element_type=\"widget\" data-e-type=\"widget\" data-widget_type=\"text-editor.default\">\n\t\t\t\t<div class=\"elementor-widget-container\">\n\t\t\t\t\t\t\t\t\t<p style=\"text-align: center;\"><a href=\"https:\/\/tcsogrodzenia.com\/de\/gegensprechanlagen-2\/\">Gegensprechanlagen<\/a><\/p>\n\t\t\t\t\t\t\t\t<\/div>\n\t\t\t\t<\/div>\n\t\t\t\t\t<\/div>\n\t\t<\/div>\n\t\t\t\t\t<\/div>\n\t\t<\/section>\n\t\t\t\t<section class=\"elementor-section elementor-inner-section elementor-element elementor-element-b8d10e1 elementor-section-boxed elementor-section-height-default elementor-section-height-default\" data-id=\"b8d10e1\" data-element_type=\"section\" data-e-type=\"section\" data-settings=\"{&quot;jet_parallax_layout_list&quot;:[]}\">\n\t\t\t\t\t\t<div class=\"elementor-container elementor-column-gap-default\">\n\t\t\t\t\t<div class=\"elementor-column elementor-col-33 elementor-inner-column elementor-element elementor-element-8215ada\" data-id=\"8215ada\" data-element_type=\"column\" data-e-type=\"column\">\n\t\t\t<div class=\"elementor-widget-wrap elementor-element-populated\">\n\t\t\t\t\t\t<div class=\"elementor-element elementor-element-614da94 elementor-widget elementor-widget-image\" data-id=\"614da94\" data-element_type=\"widget\" data-e-type=\"widget\" data-widget_type=\"image.default\">\n\t\t\t\t<div class=\"elementor-widget-container\">\n\t\t\t\t\t\t\t\t\t\t\t\t\t\t\t\t<a href=\"https:\/\/tcsogrodzenia.com\/de\/barrieren-2\/\">\n\t\t\t\t\t\t\t<img loading=\"lazy\" decoding=\"async\" width=\"555\" height=\"555\" src=\"https:\/\/tcsogrodzenia.com\/wp-content\/uploads\/2017\/07\/szlaban.png\" class=\"attachment-large size-large wp-image-3148\" alt=\"\" srcset=\"https:\/\/tcsogrodzenia.com\/wp-content\/uploads\/2017\/07\/szlaban.png 555w, https:\/\/tcsogrodzenia.com\/wp-content\/uploads\/2017\/07\/szlaban-100x100.png 100w, https:\/\/tcsogrodzenia.com\/wp-content\/uploads\/2017\/07\/szlaban-300x300.png 300w, https:\/\/tcsogrodzenia.com\/wp-content\/uploads\/2017\/07\/szlaban-500x500.png 500w\" sizes=\"(max-width: 555px) 100vw, 555px\" \/>\t\t\t\t\t\t\t\t<\/a>\n\t\t\t\t\t\t\t\t\t\t\t\t\t\t\t<\/div>\n\t\t\t\t<\/div>\n\t\t\t\t<div class=\"elementor-element elementor-element-92cdff2 elementor-widget elementor-widget-text-editor\" data-id=\"92cdff2\" data-element_type=\"widget\" data-e-type=\"widget\" data-widget_type=\"text-editor.default\">\n\t\t\t\t<div class=\"elementor-widget-container\">\n\t\t\t\t\t\t\t\t\t<p style=\"text-align: center;\"><a href=\"https:\/\/tcsogrodzenia.com\/de\/barrieren-2\/\">Barrieren<\/a><\/p>\n\t\t\t\t\t\t\t\t<\/div>\n\t\t\t\t<\/div>\n\t\t\t\t\t<\/div>\n\t\t<\/div>\n\t\t\t\t<div class=\"elementor-column elementor-col-33 elementor-inner-column elementor-element elementor-element-84e92c3\" data-id=\"84e92c3\" data-element_type=\"column\" data-e-type=\"column\">\n\t\t\t<div class=\"elementor-widget-wrap elementor-element-populated\">\n\t\t\t\t\t\t<div class=\"elementor-element elementor-element-6e25287 elementor-widget elementor-widget-image\" data-id=\"6e25287\" data-element_type=\"widget\" data-e-type=\"widget\" data-widget_type=\"image.default\">\n\t\t\t\t<div class=\"elementor-widget-container\">\n\t\t\t\t\t\t\t\t\t\t\t\t\t\t\t\t<a href=\"https:\/\/tcsogrodzenia.com\/de\/produkt\/pfosten-mit-automatischer-steuerung\/\">\n\t\t\t\t\t\t\t<img loading=\"lazy\" decoding=\"async\" width=\"1000\" height=\"555\" src=\"https:\/\/tcsogrodzenia.com\/wp-content\/uploads\/2017\/05\/automatyka2.png\" class=\"attachment-large size-large wp-image-700\" alt=\"\" srcset=\"https:\/\/tcsogrodzenia.com\/wp-content\/uploads\/2017\/05\/automatyka2.png 1000w, https:\/\/tcsogrodzenia.com\/wp-content\/uploads\/2017\/05\/automatyka2-600x333.png 600w, https:\/\/tcsogrodzenia.com\/wp-content\/uploads\/2017\/05\/automatyka2-800x444.png 800w\" sizes=\"(max-width: 1000px) 100vw, 1000px\" \/>\t\t\t\t\t\t\t\t<\/a>\n\t\t\t\t\t\t\t\t\t\t\t\t\t\t\t<\/div>\n\t\t\t\t<\/div>\n\t\t\t\t<div class=\"elementor-element elementor-element-8ca9b37 elementor-widget elementor-widget-text-editor\" data-id=\"8ca9b37\" data-element_type=\"widget\" data-e-type=\"widget\" data-widget_type=\"text-editor.default\">\n\t\t\t\t<div class=\"elementor-widget-container\">\n\t\t\t\t\t\t\t\t\t<p style=\"text-align: center;\"><a href=\"https:\/\/tcsogrodzenia.com\/de\/produkt\/pfosten-mit-automatischer-steuerung\/\">Posten mit Automatik<\/a><\/p>\n\t\t\t\t\t\t\t\t<\/div>\n\t\t\t\t<\/div>\n\t\t\t\t\t<\/div>\n\t\t<\/div>\n\t\t\t\t<div class=\"elementor-column elementor-col-33 elementor-inner-column elementor-element elementor-element-560edf6\" data-id=\"560edf6\" data-element_type=\"column\" data-e-type=\"column\">\n\t\t\t<div class=\"elementor-widget-wrap\">\n\t\t\t\t\t\t\t<\/div>\n\t\t<\/div>\n\t\t\t\t\t<\/div>\n\t\t<\/section>\n\t\t\t\t\t<\/div>\n\t\t<\/div>\n\t\t\t\t\t<\/div>\n\t\t<\/section>\n\t\t\t\t<\/div>\n\t\t","protected":false},"excerpt":{"rendered":"<p>TCS fencing bietet seinen Kunden eine breite Palette an Automatisierungssystemen von renommierten Herstellern wie CAME, NICE, FAAC und LOCINOX. Wir bieten professionelle Installation und Service. W swojej ofercie posiadamy: Drehtorantriebe, Antriebe f\u00fcr Schiebetore, elektromechanische Barrieren, hydraulische Barrieren, eine breite Palette von Zubeh\u00f6r, darunter Warnleuchten, Lichtschranken, Schalttafeln. Automatik f\u00fcr freitragende Tore Automatik f\u00fcr Sektionaltore Gegensprechanlagen Barrieren [&hellip;]<\/p>\n","protected":false},"author":4,"featured_media":0,"parent":0,"menu_order":0,"comment_status":"closed","ping_status":"closed","template":"","meta":{"site-sidebar-layout":"no-sidebar","site-content-layout":"page-builder","ast-site-content-layout":"default","site-content-style":"default","site-sidebar-style":"default","ast-global-header-display":"","ast-banner-title-visibility":"","ast-main-header-display":"","ast-hfb-above-header-display":"","ast-hfb-below-header-display":"","ast-hfb-mobile-header-display":"","site-post-title":"disabled","ast-breadcrumbs-content":"","ast-featured-img":"disabled","footer-sml-layout":"","ast-disable-related-posts":"","theme-transparent-header-meta":"default","adv-header-id-meta":"","stick-header-meta":"default","header-above-stick-meta":"","header-main-stick-meta":"","header-below-stick-meta":"","astra-migrate-meta-layouts":"default","ast-page-background-enabled":"default","ast-page-background-meta":{"desktop":{"background-color":"var(--ast-global-color-4)","background-image":"","background-repeat":"repeat","background-position":"center center","background-size":"auto","background-attachment":"scroll","background-type":"","background-media":"","overlay-type":"","overlay-color":"","overlay-opacity":"","overlay-gradient":""},"tablet":{"background-color":"","background-image":"","background-repeat":"repeat","background-position":"center center","background-size":"auto","background-attachment":"scroll","background-type":"","background-media":"","overlay-type":"","overlay-color":"","overlay-opacity":"","overlay-gradient":""},"mobile":{"background-color":"","background-image":"","background-repeat":"repeat","background-position":"center center","background-size":"auto","background-attachment":"scroll","background-type":"","background-media":"","overlay-type":"","overlay-color":"","overlay-opacity":"","overlay-gradient":""}},"ast-content-background-meta":{"desktop":{"background-color":"var(--ast-global-color-5)","background-image":"","background-repeat":"repeat","background-position":"center center","background-size":"auto","background-attachment":"scroll","background-type":"","background-media":"","overlay-type":"","overlay-color":"","overlay-opacity":"","overlay-gradient":""},"tablet":{"background-color":"var(--ast-global-color-5)","background-image":"","background-repeat":"repeat","background-position":"center center","background-size":"auto","background-attachment":"scroll","background-type":"","background-media":"","overlay-type":"","overlay-color":"","overlay-opacity":"","overlay-gradient":""},"mobile":{"background-color":"var(--ast-global-color-5)","background-image":"","background-repeat":"repeat","background-position":"center center","background-size":"auto","background-attachment":"scroll","background-type":"","background-media":"","overlay-type":"","overlay-color":"","overlay-opacity":"","overlay-gradient":""}},"footnotes":""},"class_list":["post-7819","page","type-page","status-publish","hentry"],"_links":{"self":[{"href":"https:\/\/tcsogrodzenia.com\/de\/wp-json\/wp\/v2\/pages\/7819","targetHints":{"allow":["GET"]}}],"collection":[{"href":"https:\/\/tcsogrodzenia.com\/de\/wp-json\/wp\/v2\/pages"}],"about":[{"href":"https:\/\/tcsogrodzenia.com\/de\/wp-json\/wp\/v2\/types\/page"}],"author":[{"embeddable":true,"href":"https:\/\/tcsogrodzenia.com\/de\/wp-json\/wp\/v2\/users\/4"}],"replies":[{"embeddable":true,"href":"https:\/\/tcsogrodzenia.com\/de\/wp-json\/wp\/v2\/comments?post=7819"}],"version-history":[{"count":0,"href":"https:\/\/tcsogrodzenia.com\/de\/wp-json\/wp\/v2\/pages\/7819\/revisions"}],"wp:attachment":[{"href":"https:\/\/tcsogrodzenia.com\/de\/wp-json\/wp\/v2\/media?parent=7819"}],"curies":[{"name":"wp","href":"https:\/\/api.w.org\/{rel}","templated":true}]}}