{"id":27900,"date":"2022-09-02T15:24:27","date_gmt":"2022-09-02T13:34:20","guid":{"rendered":"https:\/\/tcsogrodzenia.com\/product\/ps001\/"},"modified":"2022-10-18T15:59:55","modified_gmt":"2022-10-18T13:59:55","slug":"ps001-2","status":"publish","type":"product","link":"https:\/\/tcsogrodzenia.com\/de\/produkt\/ps001-2\/","title":{"rendered":"PS001"},"content":{"rendered":"<p>Eine breite Farbpalette garantiert, dass der Zaun an jede Art von Geb\u00e4ude angepasst werden kann. Dies ist eine ausgezeichnete Wahl f\u00fcr Unterst\u00fctzer traditioneller L\u00f6sungen in einer modernen Ausgabe.<\/p>\n<p>&nbsp;<\/p>\n<h3>Systembeschreibung<\/h3>\n<p>&nbsp;<\/p>\n<p>Modell mit dem breitesten Abstand der Schiene. Bleibt vertikal in einer Entfernung von 21 bis 45 mm eingestellt (Abstand h\u00e4ngt von der Breite der Spannweite ab). Auch im gew\u00f6lbten Schienensystem erh\u00e4ltlich.<\/p>\n<p>&nbsp;<\/p>\n<h3>Eigenschaften:<\/h3>\n<p>&nbsp;<\/p>\n<ul>\n<li>Alojinc\/Ocynk L 113 mm Schiene<\/li>\n<li>Abbruchabstand: 21-45 mm<\/li>\n<li>Erh\u00e4ltlich in einer Version mit einem gew\u00f6lbten Schienensystem*<\/li>\n<\/ul>\n<p>* Erfordert eine zus\u00e4tzliche Zahlung<\/p>\n<hr \/>\n<h3>Standardfarben<\/h3>\n<p>&nbsp;<\/p>\n<div class=\"ral-box\">\n<div>\n<div class=\"ral8019\"><\/div>\n<p>RAL <b>8019<\/b><\/p>\n<\/div>\n<div>\n<div class=\"ral8017\"><\/div>\n<p>RAL <b>8017<\/b><\/p>\n<\/div>\n<div>\n<div class=\"ral7040\"><\/div>\n<p>RAL <b>7040<\/b><\/p>\n<\/div>\n<div>\n<div class=\"ral7030\"><\/div>\n<p>RAL <b>7030<\/b><\/p>\n<\/div>\n<div>\n<div class=\"ral9005\"><\/div>\n<p>RAL <b>9005<\/b><\/p>\n<\/div>\n<div>\n<div class=\"ral6005\"><\/div>\n<p>RAL <b>6005<\/b><\/p>\n<\/div>\n<div>\n<div class=\"ral7016\"><\/div>\n<p>RAL <b>7016<\/b><\/p>\n<\/div>\n<div>\n<div class=\"ral7021\"><\/div>\n<p>RAL <b>7021<\/b><\/p>\n<\/div>\n<\/div>\n<p>&nbsp;<\/p>\n<p>&nbsp;<\/p>\n","protected":false},"excerpt":{"rendered":"<p>Stretch -Z\u00e4une sind das klassischste Zaunmodell. Die vertikal festgelegten Schienen mischen sich perfekt in die traditionelle Architektur ein. Dank verschiedener Abstand k\u00f6nnen Sie ein Modell ausw\u00e4hlen, das ein perfektes Gef\u00fchl f\u00fcr Privatsph\u00e4re f\u00fcr unsere Bed\u00fcrfnisse bietet und das Haus und den Garten freilegt.<\/p>\n","protected":false},"featured_media":36559,"template":"","meta":{"site-sidebar-layout":"default","site-content-layout":"default","ast-site-content-layout":"default","site-content-style":"default","site-sidebar-style":"default","ast-global-header-display":"","ast-banner-title-visibility":"","ast-main-header-display":"","ast-hfb-above-header-display":"","ast-hfb-below-header-display":"","ast-hfb-mobile-header-display":"","site-post-title":"","ast-breadcrumbs-content":"","ast-featured-img":"","footer-sml-layout":"","ast-disable-related-posts":"","theme-transparent-header-meta":"default","adv-header-id-meta":"","stick-header-meta":"default","header-above-stick-meta":"","header-main-stick-meta":"","header-below-stick-meta":"","astra-migrate-meta-layouts":"default","ast-page-background-enabled":"default","ast-page-background-meta":{"desktop":{"background-color":"var(--ast-global-color-4)","background-image":"","background-repeat":"repeat","background-position":"center center","background-size":"auto","background-attachment":"scroll","background-type":"","background-media":"","overlay-type":"","overlay-color":"","overlay-opacity":"","overlay-gradient":""},"tablet":{"background-color":"","background-image":"","background-repeat":"repeat","background-position":"center center","background-size":"auto","background-attachment":"scroll","background-type":"","background-media":"","overlay-type":"","overlay-color":"","overlay-opacity":"","overlay-gradient":""},"mobile":{"background-color":"","background-image":"","background-repeat":"repeat","background-position":"center center","background-size":"auto","background-attachment":"scroll","background-type":"","background-media":"","overlay-type":"","overlay-color":"","overlay-opacity":"","overlay-gradient":""}},"ast-content-background-meta":{"desktop":{"background-color":"var(--ast-global-color-5)","background-image":"","background-repeat":"repeat","background-position":"center center","background-size":"auto","background-attachment":"scroll","background-type":"","background-media":"","overlay-type":"","overlay-color":"","overlay-opacity":"","overlay-gradient":""},"tablet":{"background-color":"var(--ast-global-color-5)","background-image":"","background-repeat":"repeat","background-position":"center center","background-size":"auto","background-attachment":"scroll","background-type":"","background-media":"","overlay-type":"","overlay-color":"","overlay-opacity":"","overlay-gradient":""},"mobile":{"background-color":"var(--ast-global-color-5)","background-image":"","background-repeat":"repeat","background-position":"center center","background-size":"auto","background-attachment":"scroll","background-type":"","background-media":"","overlay-type":"","overlay-color":"","overlay-opacity":"","overlay-gradient":""}}},"product_brand":[],"product_cat":[196],"product_tag":[],"class_list":{"0":"post-27900","1":"product","2":"type-product","3":"status-publish","4":"has-post-thumbnail","6":"product_cat-schienen-und-rolltorzaeune","7":"desktop-align-left","8":"tablet-align-left","9":"mobile-align-left","10":"ast-product-gallery-layout-horizontal-slider","11":"ast-product-gallery-with-no-image","12":"ast-product-tabs-layout-horizontal","14":"first","15":"instock","16":"shipping-taxable","17":"product-type-simple"},"_links":{"self":[{"href":"https:\/\/tcsogrodzenia.com\/de\/wp-json\/wp\/v2\/product\/27900","targetHints":{"allow":["GET"]}}],"collection":[{"href":"https:\/\/tcsogrodzenia.com\/de\/wp-json\/wp\/v2\/product"}],"about":[{"href":"https:\/\/tcsogrodzenia.com\/de\/wp-json\/wp\/v2\/types\/product"}],"wp:featuredmedia":[{"embeddable":true,"href":"https:\/\/tcsogrodzenia.com\/de\/wp-json\/wp\/v2\/media\/36559"}],"wp:attachment":[{"href":"https:\/\/tcsogrodzenia.com\/de\/wp-json\/wp\/v2\/media?parent=27900"}],"wp:term":[{"taxonomy":"product_brand","embeddable":true,"href":"https:\/\/tcsogrodzenia.com\/de\/wp-json\/wp\/v2\/product_brand?post=27900"},{"taxonomy":"product_cat","embeddable":true,"href":"https:\/\/tcsogrodzenia.com\/de\/wp-json\/wp\/v2\/product_cat?post=27900"},{"taxonomy":"product_tag","embeddable":true,"href":"https:\/\/tcsogrodzenia.com\/de\/wp-json\/wp\/v2\/product_tag?post=27900"}],"curies":[{"name":"wp","href":"https:\/\/api.w.org\/{rel}","templated":true}]}}