{"id":28005,"date":"2022-09-02T15:42:48","date_gmt":"2022-09-02T13:43:23","guid":{"rendered":"https:\/\/tcsogrodzenia.com\/product\/pb003\/"},"modified":"2022-10-19T14:29:15","modified_gmt":"2022-10-19T12:29:15","slug":"pb003-2","status":"publish","type":"product","link":"https:\/\/tcsogrodzenia.com\/de\/produkt\/pb003-2\/","title":{"rendered":"PB003"},"content":{"rendered":"<h3>Vollst\u00e4ndige Form<\/h3>\n<p>&nbsp;<\/p>\n<p>In der PB003 -Variante verschwinden sogar empfindliche Ausschnitte im Backblech. Das Ganze hat die Form einer vollen Metallwand, die vollst\u00e4ndig ohne Ornamente und dekorative Ausschnitte ausgestattet ist.<\/p>\n<p>&nbsp;<\/p>\n<h4>F\u00fcllung verwendet:<\/h4>\n<p>&nbsp;<\/p>\n<ul>\n<li>Verzinktes Blatt &#8211; 2 mm Gewicht<\/li>\n<li>Volles Ger\u00e4usch -freies Blech f\u00fcllt die gesamte Gate -Struktur, Pforten oder Spannweite<\/li>\n<li>Die maximale H\u00f6he der Spannweite darf 1440 mm*nicht \u00fcberschreiten.<\/li>\n<\/ul>\n<p>*Es ist m\u00f6glich, die Spannweite umzukehren, damit die H\u00f6he bis zu 2000 mm erreichen kann. In diesem Szenario betr\u00e4gt die maximale Breite f\u00fcr die Spannweite 1440 mm.<\/p>\n<hr \/>\n<h3>Standardfarben<\/h3>\n<p>&nbsp;<\/p>\n<div class=\"ral-box\">\n<div>\n<div class=\"ral8019\"><\/div>\n<p>RAL <b>8019<\/b><\/p>\n<\/div>\n<div>\n<div class=\"ral8017\"><\/div>\n<p>RAL <b>8017<\/b><\/p>\n<\/div>\n<div>\n<div class=\"ral7040\"><\/div>\n<p>RAL <b>7040<\/b><\/p>\n<\/div>\n<div>\n<div class=\"ral7030\"><\/div>\n<p>RAL <b>7030<\/b><\/p>\n<\/div>\n<div>\n<div class=\"ral9005\"><\/div>\n<p>RAL <b>9005<\/b><\/p>\n<\/div>\n<div>\n<div class=\"ral6005\"><\/div>\n<p>RAL <b>6005<\/b><\/p>\n<\/div>\n<div>\n<div class=\"ral7016\"><\/div>\n<p>RAL <b>7016<\/b><\/p>\n<\/div>\n<div>\n<div class=\"ral7021\"><\/div>\n<p>RAL <b>7021<\/b><\/p>\n<\/div>\n<\/div>\n","protected":false},"excerpt":{"rendered":"<p>Dieses Zaunmodell ist einer der innovativsten Vorschl\u00e4ge im Angebot. Diese Struktur basiert auf einem verzinkten Blatt mit einem Gewicht von 2 mm. Abh\u00e4ngig von der gew\u00e4hlten Variante ist es m\u00f6glich, ein unregelm\u00e4\u00dfiges Muster in Form von L\u00e4ngsschnittausschnitten jeweils 15 mm hoch zu verwenden (gekennzeichnet durch das PB001 -Modell). Eine weitere Option ist die Option, bei der die F\u00fcllung ein vollst\u00e4ndiges monolithisches Blatt ist (gekennzeichnet durch das PB003 -Modell).<\/p>\n","protected":false},"featured_media":36676,"template":"","meta":{"site-sidebar-layout":"default","site-content-layout":"default","ast-site-content-layout":"default","site-content-style":"default","site-sidebar-style":"default","ast-global-header-display":"","ast-banner-title-visibility":"","ast-main-header-display":"","ast-hfb-above-header-display":"","ast-hfb-below-header-display":"","ast-hfb-mobile-header-display":"","site-post-title":"","ast-breadcrumbs-content":"","ast-featured-img":"","footer-sml-layout":"","ast-disable-related-posts":"","theme-transparent-header-meta":"default","adv-header-id-meta":"","stick-header-meta":"default","header-above-stick-meta":"","header-main-stick-meta":"","header-below-stick-meta":"","astra-migrate-meta-layouts":"default","ast-page-background-enabled":"default","ast-page-background-meta":{"desktop":{"background-color":"var(--ast-global-color-4)","background-image":"","background-repeat":"repeat","background-position":"center center","background-size":"auto","background-attachment":"scroll","background-type":"","background-media":"","overlay-type":"","overlay-color":"","overlay-opacity":"","overlay-gradient":""},"tablet":{"background-color":"","background-image":"","background-repeat":"repeat","background-position":"center center","background-size":"auto","background-attachment":"scroll","background-type":"","background-media":"","overlay-type":"","overlay-color":"","overlay-opacity":"","overlay-gradient":""},"mobile":{"background-color":"","background-image":"","background-repeat":"repeat","background-position":"center center","background-size":"auto","background-attachment":"scroll","background-type":"","background-media":"","overlay-type":"","overlay-color":"","overlay-opacity":"","overlay-gradient":""}},"ast-content-background-meta":{"desktop":{"background-color":"var(--ast-global-color-5)","background-image":"","background-repeat":"repeat","background-position":"center center","background-size":"auto","background-attachment":"scroll","background-type":"","background-media":"","overlay-type":"","overlay-color":"","overlay-opacity":"","overlay-gradient":""},"tablet":{"background-color":"var(--ast-global-color-5)","background-image":"","background-repeat":"repeat","background-position":"center center","background-size":"auto","background-attachment":"scroll","background-type":"","background-media":"","overlay-type":"","overlay-color":"","overlay-opacity":"","overlay-gradient":""},"mobile":{"background-color":"var(--ast-global-color-5)","background-image":"","background-repeat":"repeat","background-position":"center center","background-size":"auto","background-attachment":"scroll","background-type":"","background-media":"","overlay-type":"","overlay-color":"","overlay-opacity":"","overlay-gradient":""}}},"product_brand":[],"product_cat":[198],"product_tag":[],"class_list":{"0":"post-28005","1":"product","2":"type-product","3":"status-publish","4":"has-post-thumbnail","6":"product_cat-modulare-und-lasergeschnittene-zaeune","7":"desktop-align-left","8":"tablet-align-left","9":"mobile-align-left","10":"ast-product-gallery-layout-horizontal-slider","11":"ast-product-gallery-with-no-image","12":"ast-product-tabs-layout-horizontal","14":"first","15":"instock","16":"shipping-taxable","17":"product-type-simple"},"_links":{"self":[{"href":"https:\/\/tcsogrodzenia.com\/de\/wp-json\/wp\/v2\/product\/28005","targetHints":{"allow":["GET"]}}],"collection":[{"href":"https:\/\/tcsogrodzenia.com\/de\/wp-json\/wp\/v2\/product"}],"about":[{"href":"https:\/\/tcsogrodzenia.com\/de\/wp-json\/wp\/v2\/types\/product"}],"wp:featuredmedia":[{"embeddable":true,"href":"https:\/\/tcsogrodzenia.com\/de\/wp-json\/wp\/v2\/media\/36676"}],"wp:attachment":[{"href":"https:\/\/tcsogrodzenia.com\/de\/wp-json\/wp\/v2\/media?parent=28005"}],"wp:term":[{"taxonomy":"product_brand","embeddable":true,"href":"https:\/\/tcsogrodzenia.com\/de\/wp-json\/wp\/v2\/product_brand?post=28005"},{"taxonomy":"product_cat","embeddable":true,"href":"https:\/\/tcsogrodzenia.com\/de\/wp-json\/wp\/v2\/product_cat?post=28005"},{"taxonomy":"product_tag","embeddable":true,"href":"https:\/\/tcsogrodzenia.com\/de\/wp-json\/wp\/v2\/product_tag?post=28005"}],"curies":[{"name":"wp","href":"https:\/\/api.w.org\/{rel}","templated":true}]}}