{"id":28138,"date":"2022-09-02T15:54:46","date_gmt":"2022-09-02T13:55:24","guid":{"rendered":"https:\/\/tcsogrodzenia.com\/product\/n02\/"},"modified":"2022-10-14T11:29:01","modified_gmt":"2022-10-14T09:29:01","slug":"n02-2","status":"publish","type":"product","link":"https:\/\/tcsogrodzenia.com\/de\/produkt\/n02-2\/","title":{"rendered":"N02"},"content":{"rendered":"<h3>Model N02<\/h3>\n<p>&nbsp;<\/p>\n<ul>\n<li>gebaut aus horizontalen Lamellen in Form einer Parallele von<\/li>\n<li>Die Dimension der Lamellen betr\u00e4gt 115 x 20 mm und ist auf einem Sturm angeordnet &#8211; lange Seite zur Stra\u00dfe\/Immobilie,<\/li>\n<li>erzeugt die Wirkung von geschlossenen Jalousien.<\/li>\n<\/ul>\n<hr \/>\n<h3>Standardfarben<\/h3>\n<p>&nbsp;<\/p>\n<div class=\"ral-box\">\n<div>\n<div class=\"ral8019\"><\/div>\n<p>RAL <b>8019<\/b><\/p>\n<\/div>\n<div>\n<div class=\"ral8017\"><\/div>\n<p>RAL <b>8017<\/b><\/p>\n<\/div>\n<div>\n<div class=\"ral7040\"><\/div>\n<p>RAL <b>7040<\/b><\/p>\n<\/div>\n<div>\n<div class=\"ral7030\"><\/div>\n<p>RAL <b>7030<\/b><\/p>\n<\/div>\n<div>\n<div class=\"ral9005\"><\/div>\n<p>RAL <b>9005<\/b><\/p>\n<\/div>\n<div>\n<div class=\"ral6005\"><\/div>\n<p>RAL <b>6005<\/b><\/p>\n<\/div>\n<div>\n<div class=\"ral7016\"><\/div>\n<p>RAL <b>7016<\/b><\/p>\n<\/div>\n<div>\n<div class=\"ral7021\"><\/div>\n<p>RAL <b>7021<\/b><\/p>\n<\/div>\n<\/div>\n","protected":false},"excerpt":{"rendered":"<h3>Gruppe N<\/h3>\n<p>&nbsp;<\/p>\n<p>Diese Modelle sind durch eine horizontale Lamelle gekennzeichnet. Sie bestehen aus rechteckigen oder parallelen Profilen, diese Lamellen sind zwischen 50 mm und 200 mm. Dank der breiten Konfigurationsm\u00f6glichkeiten (Gr\u00f6\u00dfe, Form, Arrangement und Entfernung zwischen Lamellas) k\u00f6nnen Modelle aus dieser Gruppe sowohl an sehr moderne Architekturprojekte als auch an klassische H\u00e4user angepasst werden.<\/p>\n","protected":false},"featured_media":35688,"template":"","meta":{"site-sidebar-layout":"default","site-content-layout":"default","ast-site-content-layout":"default","site-content-style":"default","site-sidebar-style":"default","ast-global-header-display":"","ast-banner-title-visibility":"","ast-main-header-display":"","ast-hfb-above-header-display":"","ast-hfb-below-header-display":"","ast-hfb-mobile-header-display":"","site-post-title":"","ast-breadcrumbs-content":"","ast-featured-img":"","footer-sml-layout":"","ast-disable-related-posts":"","theme-transparent-header-meta":"default","adv-header-id-meta":"","stick-header-meta":"default","header-above-stick-meta":"","header-main-stick-meta":"","header-below-stick-meta":"","astra-migrate-meta-layouts":"default","ast-page-background-enabled":"default","ast-page-background-meta":{"desktop":{"background-color":"var(--ast-global-color-4)","background-image":"","background-repeat":"repeat","background-position":"center center","background-size":"auto","background-attachment":"scroll","background-type":"","background-media":"","overlay-type":"","overlay-color":"","overlay-opacity":"","overlay-gradient":""},"tablet":{"background-color":"","background-image":"","background-repeat":"repeat","background-position":"center center","background-size":"auto","background-attachment":"scroll","background-type":"","background-media":"","overlay-type":"","overlay-color":"","overlay-opacity":"","overlay-gradient":""},"mobile":{"background-color":"","background-image":"","background-repeat":"repeat","background-position":"center center","background-size":"auto","background-attachment":"scroll","background-type":"","background-media":"","overlay-type":"","overlay-color":"","overlay-opacity":"","overlay-gradient":""}},"ast-content-background-meta":{"desktop":{"background-color":"var(--ast-global-color-5)","background-image":"","background-repeat":"repeat","background-position":"center center","background-size":"auto","background-attachment":"scroll","background-type":"","background-media":"","overlay-type":"","overlay-color":"","overlay-opacity":"","overlay-gradient":""},"tablet":{"background-color":"var(--ast-global-color-5)","background-image":"","background-repeat":"repeat","background-position":"center center","background-size":"auto","background-attachment":"scroll","background-type":"","background-media":"","overlay-type":"","overlay-color":"","overlay-opacity":"","overlay-gradient":""},"mobile":{"background-color":"var(--ast-global-color-5)","background-image":"","background-repeat":"repeat","background-position":"center center","background-size":"auto","background-attachment":"scroll","background-type":"","background-media":"","overlay-type":"","overlay-color":"","overlay-opacity":"","overlay-gradient":""}}},"product_brand":[],"product_cat":[204],"product_tag":[],"class_list":{"0":"post-28138","1":"product","2":"type-product","3":"status-publish","4":"has-post-thumbnail","6":"product_cat-modern-de","7":"desktop-align-left","8":"tablet-align-left","9":"mobile-align-left","10":"ast-product-gallery-layout-horizontal-slider","11":"ast-product-gallery-with-no-image","12":"ast-product-tabs-layout-horizontal","14":"first","15":"instock","16":"shipping-taxable","17":"product-type-simple"},"_links":{"self":[{"href":"https:\/\/tcsogrodzenia.com\/de\/wp-json\/wp\/v2\/product\/28138","targetHints":{"allow":["GET"]}}],"collection":[{"href":"https:\/\/tcsogrodzenia.com\/de\/wp-json\/wp\/v2\/product"}],"about":[{"href":"https:\/\/tcsogrodzenia.com\/de\/wp-json\/wp\/v2\/types\/product"}],"wp:featuredmedia":[{"embeddable":true,"href":"https:\/\/tcsogrodzenia.com\/de\/wp-json\/wp\/v2\/media\/35688"}],"wp:attachment":[{"href":"https:\/\/tcsogrodzenia.com\/de\/wp-json\/wp\/v2\/media?parent=28138"}],"wp:term":[{"taxonomy":"product_brand","embeddable":true,"href":"https:\/\/tcsogrodzenia.com\/de\/wp-json\/wp\/v2\/product_brand?post=28138"},{"taxonomy":"product_cat","embeddable":true,"href":"https:\/\/tcsogrodzenia.com\/de\/wp-json\/wp\/v2\/product_cat?post=28138"},{"taxonomy":"product_tag","embeddable":true,"href":"https:\/\/tcsogrodzenia.com\/de\/wp-json\/wp\/v2\/product_tag?post=28138"}],"curies":[{"name":"wp","href":"https:\/\/api.w.org\/{rel}","templated":true}]}}