{"id":30077,"date":"2025-09-23T10:25:29","date_gmt":"2025-09-23T08:25:29","guid":{"rendered":"https:\/\/tcsogrodzenia.com\/product\/betonchemikalien-und-zubehoer\/"},"modified":"2025-09-23T15:32:23","modified_gmt":"2025-09-23T13:32:23","slug":"betonchemikalien-und-zubehoer","status":"publish","type":"product","link":"https:\/\/tcsogrodzenia.com\/de\/produkt\/betonchemikalien-und-zubehoer\/","title":{"rendered":"Kleb- und Dichtstoff"},"content":{"rendered":"<h3>Produktbeschreibung:<\/h3>\n<p>&nbsp;<\/p>\n<p>Einkomponentiger Polyurethan-Kleb- und Dichtstoff zum Verbinden von Zaunbl\u00f6cken, Steinbl\u00f6cken und Fertigteilen der Firma JONIEC\u00ae. Er kann nicht nur f\u00fcr Z\u00e4une, sondern auch zum Verkleben von Elementen sowohl im Innen- als auch im Au\u00dfenbereich des Geb\u00e4udes verwendet werden. Er weist eine gute Haftung auf Beton, Ziegel, Kunststoffen, Metall und vielen anderen Untergr\u00fcnden auf. Alterungsbest\u00e4ndig (verliert seine Eigenschaften im Laufe der Zeit nicht).<br \/>\n&nbsp;<br \/>\nErh\u00e4ltlich in folgenden Verpackungen:<\/p>\n<ul>\n<li>Kartusche 300 ml<\/li>\n<li>Schlauchbeutel 600 ml<\/li>\n<\/ul>\n<p>&nbsp;<br \/>\nF\u00fcr die 300-ml-Kartusche wird eine Standard-Kartuschenpresse f\u00fcr Dichtmassen ben\u00f6tigt, f\u00fcr die 600-ml-Verpackung eine spezielle Kartuschenpresse.<br \/>\n&nbsp;<\/p>\n<h3>Wirkung:<\/h3>\n<p>&nbsp;<\/p>\n<ul>\n<li>Erzielung einer starken Verbindung zwischen den zu verklebenden Elementen<\/li>\n<li>Abdichtung horizontaler und vertikaler Fugen zwischen den verklebten Zaunbl\u00f6cken<\/li>\n<\/ul>\n<p>&nbsp;<\/p>\n<hr>\n<h3>Anwendung:<\/h3>\n<p>&nbsp;<br \/>\nAlle Montagearbeiten sollten bei einer Umgebungstemperatur von +5\u00b0C bis +40\u00b0C durchgef\u00fchrt werden.<br \/>\n&nbsp;<br \/>\nDie Aush\u00e4rtezeit des Klebstoffs betr\u00e4gt bei einer Temperatur von +20\u00b0C und einer Auftragsschicht von 2 mm 24 Stunden.<br \/>\n&nbsp;<br \/>\nVor der Anwendung lesen Sie bitte die Informationen und Empfehlungen auf dem Produktetikett.<br \/>\n&nbsp;<br \/>\n<img fetchpriority=\"high\" decoding=\"async\" class=\"alignnone size-full wp-image-40590\" src=\"https:\/\/tcsogrodzenia.com\/wp-content\/uploads\/2025\/09\/image-5-2.png\" alt=\"\" width=\"990\" height=\"258\" srcset=\"https:\/\/tcsogrodzenia.com\/wp-content\/uploads\/2025\/09\/image-5-2.png 990w, https:\/\/tcsogrodzenia.com\/wp-content\/uploads\/2025\/09\/image-5-2-768x200.png 768w, https:\/\/tcsogrodzenia.com\/wp-content\/uploads\/2025\/09\/image-5-2-480x125.png 480w, https:\/\/tcsogrodzenia.com\/wp-content\/uploads\/2025\/09\/image-5-2-600x156.png 600w, https:\/\/tcsogrodzenia.com\/wp-content\/uploads\/2025\/09\/image-5-2-800x208.png 800w\" sizes=\"(max-width: 990px) 100vw, 990px\" \/><br \/>\n<img decoding=\"async\" class=\"alignnone size-full wp-image-40593\" src=\"https:\/\/tcsogrodzenia.com\/wp-content\/uploads\/2025\/09\/image-6-3.png\" alt=\"\" width=\"990\" height=\"249\" srcset=\"https:\/\/tcsogrodzenia.com\/wp-content\/uploads\/2025\/09\/image-6-3.png 990w, https:\/\/tcsogrodzenia.com\/wp-content\/uploads\/2025\/09\/image-6-3-768x193.png 768w, https:\/\/tcsogrodzenia.com\/wp-content\/uploads\/2025\/09\/image-6-3-480x121.png 480w, https:\/\/tcsogrodzenia.com\/wp-content\/uploads\/2025\/09\/image-6-3-600x151.png 600w, https:\/\/tcsogrodzenia.com\/wp-content\/uploads\/2025\/09\/image-6-3-800x201.png 800w\" sizes=\"(max-width: 990px) 100vw, 990px\" \/><br \/>\n<img decoding=\"async\" class=\"alignnone size-full wp-image-40596\" src=\"https:\/\/tcsogrodzenia.com\/wp-content\/uploads\/2025\/09\/image-7-1.png\" alt=\"\" width=\"990\" height=\"249\" srcset=\"https:\/\/tcsogrodzenia.com\/wp-content\/uploads\/2025\/09\/image-7-1.png 990w, https:\/\/tcsogrodzenia.com\/wp-content\/uploads\/2025\/09\/image-7-1-768x193.png 768w, https:\/\/tcsogrodzenia.com\/wp-content\/uploads\/2025\/09\/image-7-1-480x121.png 480w, https:\/\/tcsogrodzenia.com\/wp-content\/uploads\/2025\/09\/image-7-1-600x151.png 600w, https:\/\/tcsogrodzenia.com\/wp-content\/uploads\/2025\/09\/image-7-1-800x201.png 800w\" sizes=\"(max-width: 990px) 100vw, 990px\" \/><br \/>\n&nbsp;<br \/>\n<img loading=\"lazy\" decoding=\"async\" src=\"https:\/\/tcsogrodzenia.com\/wp-content\/uploads\/2025\/09\/f075aa2c3b013bf4bc729df1a8580ac2.webp\" alt=\"\" width=\"640\" height=\"425\" class=\"alignnone size-full wp-image-40587\" srcset=\"https:\/\/tcsogrodzenia.com\/wp-content\/uploads\/2025\/09\/f075aa2c3b013bf4bc729df1a8580ac2.webp 640w, https:\/\/tcsogrodzenia.com\/wp-content\/uploads\/2025\/09\/f075aa2c3b013bf4bc729df1a8580ac2-480x319.webp 480w, https:\/\/tcsogrodzenia.com\/wp-content\/uploads\/2025\/09\/f075aa2c3b013bf4bc729df1a8580ac2-600x398.webp 600w\" sizes=\"(max-width: 640px) 100vw, 640px\" \/><\/p>\n","protected":false},"excerpt":{"rendered":"<p>Der Polyurethan-Kleb- und Dichtstoff JONIEC\u00ae garantiert eine solide und dauerhafte Verbindung von Bl\u00f6cken und Fertigteilen.<\/p>\n","protected":false},"featured_media":40586,"template":"","meta":{"site-sidebar-layout":"default","site-content-layout":"default","ast-site-content-layout":"default","site-content-style":"default","site-sidebar-style":"default","ast-global-header-display":"","ast-banner-title-visibility":"","ast-main-header-display":"","ast-hfb-above-header-display":"","ast-hfb-below-header-display":"","ast-hfb-mobile-header-display":"","site-post-title":"","ast-breadcrumbs-content":"","ast-featured-img":"","footer-sml-layout":"","ast-disable-related-posts":"","theme-transparent-header-meta":"default","adv-header-id-meta":"","stick-header-meta":"default","header-above-stick-meta":"","header-main-stick-meta":"","header-below-stick-meta":"","astra-migrate-meta-layouts":"default","ast-page-background-enabled":"default","ast-page-background-meta":{"desktop":{"background-color":"var(--ast-global-color-4)","background-image":"","background-repeat":"repeat","background-position":"center center","background-size":"auto","background-attachment":"scroll","background-type":"","background-media":"","overlay-type":"","overlay-color":"","overlay-opacity":"","overlay-gradient":""},"tablet":{"background-color":"","background-image":"","background-repeat":"repeat","background-position":"center center","background-size":"auto","background-attachment":"scroll","background-type":"","background-media":"","overlay-type":"","overlay-color":"","overlay-opacity":"","overlay-gradient":""},"mobile":{"background-color":"","background-image":"","background-repeat":"repeat","background-position":"center center","background-size":"auto","background-attachment":"scroll","background-type":"","background-media":"","overlay-type":"","overlay-color":"","overlay-opacity":"","overlay-gradient":""}},"ast-content-background-meta":{"desktop":{"background-color":"var(--ast-global-color-5)","background-image":"","background-repeat":"repeat","background-position":"center center","background-size":"auto","background-attachment":"scroll","background-type":"","background-media":"","overlay-type":"","overlay-color":"","overlay-opacity":"","overlay-gradient":""},"tablet":{"background-color":"var(--ast-global-color-5)","background-image":"","background-repeat":"repeat","background-position":"center center","background-size":"auto","background-attachment":"scroll","background-type":"","background-media":"","overlay-type":"","overlay-color":"","overlay-opacity":"","overlay-gradient":""},"mobile":{"background-color":"var(--ast-global-color-5)","background-image":"","background-repeat":"repeat","background-position":"center center","background-size":"auto","background-attachment":"scroll","background-type":"","background-media":"","overlay-type":"","overlay-color":"","overlay-opacity":"","overlay-gradient":""}}},"product_brand":[],"product_cat":[214],"product_tag":[],"class_list":{"0":"post-30077","1":"product","2":"type-product","3":"status-publish","4":"has-post-thumbnail","6":"product_cat-modulare-zaeune-joniec","7":"desktop-align-left","8":"tablet-align-left","9":"mobile-align-left","10":"ast-product-gallery-layout-horizontal-slider","11":"ast-product-gallery-with-no-image","12":"ast-product-tabs-layout-horizontal","14":"first","15":"instock","16":"shipping-taxable","17":"product-type-simple"},"_links":{"self":[{"href":"https:\/\/tcsogrodzenia.com\/de\/wp-json\/wp\/v2\/product\/30077","targetHints":{"allow":["GET"]}}],"collection":[{"href":"https:\/\/tcsogrodzenia.com\/de\/wp-json\/wp\/v2\/product"}],"about":[{"href":"https:\/\/tcsogrodzenia.com\/de\/wp-json\/wp\/v2\/types\/product"}],"wp:featuredmedia":[{"embeddable":true,"href":"https:\/\/tcsogrodzenia.com\/de\/wp-json\/wp\/v2\/media\/40586"}],"wp:attachment":[{"href":"https:\/\/tcsogrodzenia.com\/de\/wp-json\/wp\/v2\/media?parent=30077"}],"wp:term":[{"taxonomy":"product_brand","embeddable":true,"href":"https:\/\/tcsogrodzenia.com\/de\/wp-json\/wp\/v2\/product_brand?post=30077"},{"taxonomy":"product_cat","embeddable":true,"href":"https:\/\/tcsogrodzenia.com\/de\/wp-json\/wp\/v2\/product_cat?post=30077"},{"taxonomy":"product_tag","embeddable":true,"href":"https:\/\/tcsogrodzenia.com\/de\/wp-json\/wp\/v2\/product_tag?post=30077"}],"curies":[{"name":"wp","href":"https:\/\/api.w.org\/{rel}","templated":true}]}}