{"id":30180,"date":"2022-09-05T13:36:33","date_gmt":"2022-09-05T11:37:57","guid":{"rendered":"https:\/\/tcsogrodzenia.com\/product\/fundament-aus-sichtbeton\/"},"modified":"2022-10-31T09:44:13","modified_gmt":"2022-10-31T08:44:13","slug":"sichtbetonfundament","status":"publish","type":"product","link":"https:\/\/tcsogrodzenia.com\/de\/produkt\/sichtbetonfundament\/","title":{"rendered":"SICHTBETONFUNDAMENT"},"content":{"rendered":"<h3>Konkrete Grundlagen f\u00fcr Z\u00e4une<\/h3>\n<p>&nbsp;<\/p>\n<p>Im Gaag -Angebot finden Sie konkrete Fundamente aus architektonischem Beton, die sowohl eine einfache als auch eine billige L\u00f6sung sind, die traditionelle Standardfundamente ersetzt.<\/p>\n<p>Betonfundamente f\u00fcr Z\u00e4une sind durch sehr gute Dauer und Widerstand gegen Unwetterbedingungen gekennzeichnet. Dank der architektonischen Betonstiftung k\u00f6nnen wir viele Jahre lang einen \u00e4sthetischen Zaun genie\u00dfen.<\/p>\n<blockquote><p><span style=\"font-size: 16px;\">Gaag-Beton-Fundamente bestehen aus hochklasseem selbstinferioren Architekturbeton in SCC-Technologie (selbstzusammenfassende Beton).<\/span><\/p><\/blockquote>\n<p>Mit der Verwendung von SCC -Technologie in Gaag -Betonfundamenten k\u00f6nnen Sie ein Produkt mit einer extrem glatten Oberfl\u00e4che erhalten. Alle in unserem Unternehmen produzierten konkreten Produkte und Elemente werden von unseren Designern und einem Team von Spezialisten \u00fcberpr\u00fcft, um die Einhaltung der angenommenen Produktionsstandards, einschlie\u00dflich konkreter Grundlagen f\u00fcr den Zaun, zu bewerten.<\/p>\n<p>Wenn Sie sich f\u00fcr konkrete Fundamente in unserem Unternehmen entscheiden, haben Sie eine 100% ige Garantie daf\u00fcr, dass ausgew\u00e4hlte Produkte oder konkrete Elemente p\u00fcnktlich und entsprechend Ihren Erwartungen erfolgen.<\/p>\n<p>&nbsp;<\/p>\n<h4>Abmessungen von Betonfundamenten<\/h4>\n<p>&nbsp;<\/p>\n<p>Standardm\u00e4\u00dfig werden konkrete Fundamente in zwei grundlegenden Dimensionen erzeugt:<\/p>\n<ul>\n<li>2500 x 200 x 40 mm<\/li>\n<li>2500 x 250 x 40 mm<\/li>\n<\/ul>\n<p>&nbsp;<\/p>\n<p><img fetchpriority=\"high\" decoding=\"async\" class=\"\" src=\"https:\/\/tcsogrodzenia.com\/wp-content\/uploads\/2022\/10\/Wymiary-podmurowki-250-cm-x-20-cm-x-4-cm.jpg\" alt=\"\" width=\"280\" height=\"180\" \/><img decoding=\"async\" class=\"\" src=\"https:\/\/tcsogrodzenia.com\/wp-content\/uploads\/2022\/10\/Wymiary-podmurowki-250-cm-x-25-cm-x-4-cm.jpg\" alt=\"\" width=\"280\" height=\"180\" \/><\/p>\n<p>&nbsp;<\/p>\n<hr \/>\n<h3>Farben von Betonfundamenten<\/h3>\n<p>&nbsp;<\/p>\n<p>Betonfundamente f\u00fcr Z\u00e4une k\u00f6nnen in jeder Farbe von Ihnen erzeugt werden, die Sie von Ihnen ausgew\u00e4hlt haben. Als Standard produzieren wir architektonische Betonfundamente in zwei Grundfarben: Grau und Anthrazit (\u00e4hnlich wie RAL 7016).<\/p>\n<p>Wir k\u00f6nnen jedes konkrete Element in jeder Farbe f\u00fcr individuelle Ordnung herstellen.<\/p>\n<p>&nbsp;<\/p>\n<div class=\"color-box\">\n<div>\n<div class=\"beton-jasny\"><\/div>\n<p><b>Grau<\/b> Farbe<\/p>\n<\/div>\n<div>\n<div class=\"beton-ciemny\"><\/div>\n<p><b>Anthrazit<\/b> Farbe<\/p>\n<\/div>\n<\/div>\n","protected":false},"excerpt":{"rendered":"<p>W ofercie firmy GAAG znajdziecie Pa\u0144stwo podmur\u00f3wki betonowe z betonu architektonicznego, kt\u00f3re s\u0105 prostym jak r\u00f3wnie\u017c tanim rozwi\u0105zaniem zast\u0119puj\u0105cym tradycyjne standardowe fundamenty.<\/p>\n","protected":false},"featured_media":38066,"template":"","meta":{"site-sidebar-layout":"default","site-content-layout":"default","ast-site-content-layout":"default","site-content-style":"default","site-sidebar-style":"default","ast-global-header-display":"","ast-banner-title-visibility":"","ast-main-header-display":"","ast-hfb-above-header-display":"","ast-hfb-below-header-display":"","ast-hfb-mobile-header-display":"","site-post-title":"","ast-breadcrumbs-content":"","ast-featured-img":"","footer-sml-layout":"","ast-disable-related-posts":"","theme-transparent-header-meta":"default","adv-header-id-meta":"","stick-header-meta":"default","header-above-stick-meta":"","header-main-stick-meta":"","header-below-stick-meta":"","astra-migrate-meta-layouts":"default","ast-page-background-enabled":"default","ast-page-background-meta":{"desktop":{"background-color":"var(--ast-global-color-4)","background-image":"","background-repeat":"repeat","background-position":"center center","background-size":"auto","background-attachment":"scroll","background-type":"","background-media":"","overlay-type":"","overlay-color":"","overlay-opacity":"","overlay-gradient":""},"tablet":{"background-color":"","background-image":"","background-repeat":"repeat","background-position":"center center","background-size":"auto","background-attachment":"scroll","background-type":"","background-media":"","overlay-type":"","overlay-color":"","overlay-opacity":"","overlay-gradient":""},"mobile":{"background-color":"","background-image":"","background-repeat":"repeat","background-position":"center center","background-size":"auto","background-attachment":"scroll","background-type":"","background-media":"","overlay-type":"","overlay-color":"","overlay-opacity":"","overlay-gradient":""}},"ast-content-background-meta":{"desktop":{"background-color":"var(--ast-global-color-5)","background-image":"","background-repeat":"repeat","background-position":"center center","background-size":"auto","background-attachment":"scroll","background-type":"","background-media":"","overlay-type":"","overlay-color":"","overlay-opacity":"","overlay-gradient":""},"tablet":{"background-color":"var(--ast-global-color-5)","background-image":"","background-repeat":"repeat","background-position":"center center","background-size":"auto","background-attachment":"scroll","background-type":"","background-media":"","overlay-type":"","overlay-color":"","overlay-opacity":"","overlay-gradient":""},"mobile":{"background-color":"var(--ast-global-color-5)","background-image":"","background-repeat":"repeat","background-position":"center center","background-size":"auto","background-attachment":"scroll","background-type":"","background-media":"","overlay-type":"","overlay-color":"","overlay-opacity":"","overlay-gradient":""}}},"product_brand":[],"product_cat":[68],"product_tag":[161],"class_list":{"0":"post-30180","1":"product","2":"type-product","3":"status-publish","4":"has-post-thumbnail","6":"product_cat-vorgefertigte-untermauerung","7":"product_tag-vorgefertigtes-fundament","8":"desktop-align-left","9":"tablet-align-left","10":"mobile-align-left","11":"ast-product-gallery-layout-horizontal-slider","12":"ast-product-gallery-with-no-image","13":"ast-product-tabs-layout-horizontal","15":"first","16":"instock","17":"shipping-taxable","18":"product-type-simple"},"_links":{"self":[{"href":"https:\/\/tcsogrodzenia.com\/de\/wp-json\/wp\/v2\/product\/30180","targetHints":{"allow":["GET"]}}],"collection":[{"href":"https:\/\/tcsogrodzenia.com\/de\/wp-json\/wp\/v2\/product"}],"about":[{"href":"https:\/\/tcsogrodzenia.com\/de\/wp-json\/wp\/v2\/types\/product"}],"wp:featuredmedia":[{"embeddable":true,"href":"https:\/\/tcsogrodzenia.com\/de\/wp-json\/wp\/v2\/media\/38066"}],"wp:attachment":[{"href":"https:\/\/tcsogrodzenia.com\/de\/wp-json\/wp\/v2\/media?parent=30180"}],"wp:term":[{"taxonomy":"product_brand","embeddable":true,"href":"https:\/\/tcsogrodzenia.com\/de\/wp-json\/wp\/v2\/product_brand?post=30180"},{"taxonomy":"product_cat","embeddable":true,"href":"https:\/\/tcsogrodzenia.com\/de\/wp-json\/wp\/v2\/product_cat?post=30180"},{"taxonomy":"product_tag","embeddable":true,"href":"https:\/\/tcsogrodzenia.com\/de\/wp-json\/wp\/v2\/product_tag?post=30180"}],"curies":[{"name":"wp","href":"https:\/\/api.w.org\/{rel}","templated":true}]}}