{"id":3051,"date":"2017-07-04T11:59:45","date_gmt":"2017-07-04T09:59:45","guid":{"rendered":"https:\/\/tcsogrodzenia.com\/?post_type=product&#038;p=3051\/"},"modified":"2022-09-28T11:23:27","modified_gmt":"2022-09-28T09:23:27","slug":"vorgefertigte-untermauerung","status":"publish","type":"product","link":"https:\/\/tcsogrodzenia.com\/de\/produkt\/vorgefertigte-untermauerung\/","title":{"rendered":"VORGEFERTIGTE UNTERMAUERUNG"},"content":{"rendered":"<p>Systemuntermauerungen werden in zwei Gr\u00f6\u00dfen hergestellt: 0,2 m und 0,25 m H\u00f6he und 6 cm Breite. Die L\u00e4nge des Teils ist abh\u00e4ngig von dem jeweiligen Zaun und betr\u00e4gt bei \u00fcblichen Standardz\u00e4unen 2,39 m (Zaunfelder aus Stahlmatte befestigt mit Hakenschrauben) oder 2,48 m (Zaunfelder aus Stahlmatte befestigt mit Schellen, auf Maschendraht).<\/p>\n<p><strong>Abmessungen:<\/strong><\/p>\n<table>\n<tbody>\n<tr>\n<td>L: 2500 mm<\/td>\n<td>L: 2500 mm<\/td>\n<td>L: 2480 mm<\/td>\n<\/tr>\n<tr>\n<td>H: 200 mm<\/td>\n<td>H: 300 mm<\/td>\n<td>H: 500 mm<\/td>\n<\/tr>\n<tr>\n<td>D: 60 mm<\/td>\n<td>D: 60 mm\u00a0<\/td>\n<td>D: 60 mm<\/td>\n<\/tr>\n<\/tbody>\n<\/table>\n","protected":false},"excerpt":{"rendered":"<p>Der Hauptvorteil von Systemuntermauerungen ist ihre leichte Montage und vor allem die Baukostenreduzierung durch Verzicht auf verschiedene Bauarbeiten, insbesondere die Vorbereitung der Schalung und Lieferung des Betons. <\/p>\n","protected":false},"featured_media":3204,"template":"","meta":{"site-sidebar-layout":"default","site-content-layout":"default","ast-site-content-layout":"default","site-content-style":"default","site-sidebar-style":"default","ast-global-header-display":"","ast-banner-title-visibility":"","ast-main-header-display":"","ast-hfb-above-header-display":"","ast-hfb-below-header-display":"","ast-hfb-mobile-header-display":"","site-post-title":"","ast-breadcrumbs-content":"","ast-featured-img":"","footer-sml-layout":"","ast-disable-related-posts":"","theme-transparent-header-meta":"default","adv-header-id-meta":"","stick-header-meta":"default","header-above-stick-meta":"","header-main-stick-meta":"","header-below-stick-meta":"","astra-migrate-meta-layouts":"default","ast-page-background-enabled":"default","ast-page-background-meta":{"desktop":{"background-color":"var(--ast-global-color-4)","background-image":"","background-repeat":"repeat","background-position":"center center","background-size":"auto","background-attachment":"scroll","background-type":"","background-media":"","overlay-type":"","overlay-color":"","overlay-opacity":"","overlay-gradient":""},"tablet":{"background-color":"","background-image":"","background-repeat":"repeat","background-position":"center center","background-size":"auto","background-attachment":"scroll","background-type":"","background-media":"","overlay-type":"","overlay-color":"","overlay-opacity":"","overlay-gradient":""},"mobile":{"background-color":"","background-image":"","background-repeat":"repeat","background-position":"center center","background-size":"auto","background-attachment":"scroll","background-type":"","background-media":"","overlay-type":"","overlay-color":"","overlay-opacity":"","overlay-gradient":""}},"ast-content-background-meta":{"desktop":{"background-color":"var(--ast-global-color-5)","background-image":"","background-repeat":"repeat","background-position":"center center","background-size":"auto","background-attachment":"scroll","background-type":"","background-media":"","overlay-type":"","overlay-color":"","overlay-opacity":"","overlay-gradient":""},"tablet":{"background-color":"var(--ast-global-color-5)","background-image":"","background-repeat":"repeat","background-position":"center center","background-size":"auto","background-attachment":"scroll","background-type":"","background-media":"","overlay-type":"","overlay-color":"","overlay-opacity":"","overlay-gradient":""},"mobile":{"background-color":"var(--ast-global-color-5)","background-image":"","background-repeat":"repeat","background-position":"center center","background-size":"auto","background-attachment":"scroll","background-type":"","background-media":"","overlay-type":"","overlay-color":"","overlay-opacity":"","overlay-gradient":""}}},"product_brand":[],"product_cat":[68],"product_tag":[161],"class_list":{"0":"post-3051","1":"product","2":"type-product","3":"status-publish","4":"has-post-thumbnail","6":"product_cat-vorgefertigte-untermauerung","7":"product_tag-vorgefertigtes-fundament","8":"desktop-align-left","9":"tablet-align-left","10":"mobile-align-left","11":"ast-product-gallery-layout-horizontal-slider","12":"ast-product-gallery-with-no-image","13":"ast-product-tabs-layout-horizontal","15":"first","16":"instock","17":"shipping-taxable","18":"product-type-simple"},"_links":{"self":[{"href":"https:\/\/tcsogrodzenia.com\/de\/wp-json\/wp\/v2\/product\/3051","targetHints":{"allow":["GET"]}}],"collection":[{"href":"https:\/\/tcsogrodzenia.com\/de\/wp-json\/wp\/v2\/product"}],"about":[{"href":"https:\/\/tcsogrodzenia.com\/de\/wp-json\/wp\/v2\/types\/product"}],"wp:featuredmedia":[{"embeddable":true,"href":"https:\/\/tcsogrodzenia.com\/de\/wp-json\/wp\/v2\/media\/3204"}],"wp:attachment":[{"href":"https:\/\/tcsogrodzenia.com\/de\/wp-json\/wp\/v2\/media?parent=3051"}],"wp:term":[{"taxonomy":"product_brand","embeddable":true,"href":"https:\/\/tcsogrodzenia.com\/de\/wp-json\/wp\/v2\/product_brand?post=3051"},{"taxonomy":"product_cat","embeddable":true,"href":"https:\/\/tcsogrodzenia.com\/de\/wp-json\/wp\/v2\/product_cat?post=3051"},{"taxonomy":"product_tag","embeddable":true,"href":"https:\/\/tcsogrodzenia.com\/de\/wp-json\/wp\/v2\/product_tag?post=3051"}],"curies":[{"name":"wp","href":"https:\/\/api.w.org\/{rel}","templated":true}]}}