{"id":32653,"date":"2025-09-22T09:43:07","date_gmt":"2025-09-22T07:43:07","guid":{"rendered":"https:\/\/tcsogrodzenia.com\/product\/roma-horizon\/"},"modified":"2022-09-29T12:55:25","modified_gmt":"2022-09-29T10:55:25","slug":"roma-horizon","status":"publish","type":"product","link":"https:\/\/tcsogrodzenia.com\/de\/produkt\/roma-horizon\/","title":{"rendered":"ROMA HORIZON"},"content":{"rendered":"<p>ROMA Horizon ist ein System von Zaunbl\u00f6cken, dessen gro\u00dfer Vorteil die einfache und schnelle Montage ist. Es gibt eine Auswahl an Farben, die sowohl mit kalten als auch mit warmen Fassadent\u00f6nen gut harmonieren. Intensive Melangen &#8222;mit einem Hauch von Klaue&#8220; verleihen der Umgebung einen einzigartigen Charakter.<\/p>\n<hr \/>\n<h3>FARBE<\/h3>\n<p>&nbsp;<\/p>\n<div style=\"display: flex; flex-wrap: wrap;\">\n<div>\n<p>Amber<\/p>\n<p><img decoding=\"async\" class=\"alignnone size-full wp-image-8984\" src=\"https:\/\/tcsogrodzenia.com\/wp-content\/uploads\/2021\/11\/amber.jpg\" alt=\"\" width=\"117\" height=\"77\" \/><\/p>\n<\/div>\n<div>\n<p>Grafit<\/p>\n<p><img decoding=\"async\" class=\"alignnone size-medium wp-image-8987\" src=\"https:\/\/tcsogrodzenia.com\/wp-content\/uploads\/2021\/11\/joniecgrafit.jpg\" alt=\"\" width=\"117\" height=\"77\" \/><\/p>\n<\/div>\n<div>\n<p>Wei\u00df<\/p>\n<p><img decoding=\"async\" class=\"alignnone size-medium wp-image-8990\" src=\"https:\/\/tcsogrodzenia.com\/wp-content\/uploads\/2021\/11\/joniecwhite.jpg\" alt=\"\" width=\"117\" height=\"77\" \/><\/p>\n<\/div>\n<div>\n<p>Marengo<\/p>\n<p><img loading=\"lazy\" decoding=\"async\" class=\"alignnone size-medium wp-image-8993\" src=\"https:\/\/tcsogrodzenia.com\/wp-content\/uploads\/2021\/11\/marengo.jpg\" alt=\"\" width=\"117\" height=\"77\" \/><\/p>\n<\/div>\n<div>\n<p>Nero<\/p>\n<p><img loading=\"lazy\" decoding=\"async\" class=\"alignnone size-medium wp-image-8996\" src=\"https:\/\/tcsogrodzenia.com\/wp-content\/uploads\/2021\/11\/Nero.jpg\" alt=\"\" width=\"117\" height=\"77\" \/><\/p>\n<\/div>\n<div>\n<p>Onyx<\/p>\n<p><img loading=\"lazy\" decoding=\"async\" class=\"alignnone size-medium wp-image-8999\" src=\"https:\/\/tcsogrodzenia.com\/wp-content\/uploads\/2021\/11\/onyx.jpg\" alt=\"\" width=\"117\" height=\"77\" \/><\/p>\n<\/div>\n<div>\n<p>Piryt<\/p>\n<p><img loading=\"lazy\" decoding=\"async\" class=\"alignnone size-medium wp-image-9002\" src=\"https:\/\/tcsogrodzenia.com\/wp-content\/uploads\/2021\/11\/piryt.jpg\" alt=\"\" width=\"117\" height=\"77\" \/><\/p>\n<\/div>\n<div>\n<p>Platinum<\/p>\n<p><img loading=\"lazy\" decoding=\"async\" class=\"alignnone size-medium wp-image-9005\" src=\"https:\/\/tcsogrodzenia.com\/wp-content\/uploads\/2021\/11\/platinum.jpg\" alt=\"\" width=\"117\" height=\"77\" \/><\/p>\n<\/div>\n<\/div>\n","protected":false},"excerpt":{"rendered":"<p>ROMA Horizon ist ein Produkt, das eine Antwort auf die Nachfrage von Kunden ist, die einfache Formen suchen, die mit der modernen Architektur von Privath\u00e4usern und \u00f6ffentlichen Geb\u00e4uden kompatibel sind.<\/p>\n","protected":false},"featured_media":40450,"template":"","meta":{"site-sidebar-layout":"default","site-content-layout":"default","ast-site-content-layout":"default","site-content-style":"default","site-sidebar-style":"default","ast-global-header-display":"","ast-banner-title-visibility":"","ast-main-header-display":"","ast-hfb-above-header-display":"","ast-hfb-below-header-display":"","ast-hfb-mobile-header-display":"","site-post-title":"","ast-breadcrumbs-content":"","ast-featured-img":"","footer-sml-layout":"","ast-disable-related-posts":"","theme-transparent-header-meta":"default","adv-header-id-meta":"","stick-header-meta":"default","header-above-stick-meta":"","header-main-stick-meta":"","header-below-stick-meta":"","astra-migrate-meta-layouts":"default","ast-page-background-enabled":"default","ast-page-background-meta":{"desktop":{"background-color":"var(--ast-global-color-4)","background-image":"","background-repeat":"repeat","background-position":"center center","background-size":"auto","background-attachment":"scroll","background-type":"","background-media":"","overlay-type":"","overlay-color":"","overlay-opacity":"","overlay-gradient":""},"tablet":{"background-color":"","background-image":"","background-repeat":"repeat","background-position":"center center","background-size":"auto","background-attachment":"scroll","background-type":"","background-media":"","overlay-type":"","overlay-color":"","overlay-opacity":"","overlay-gradient":""},"mobile":{"background-color":"","background-image":"","background-repeat":"repeat","background-position":"center center","background-size":"auto","background-attachment":"scroll","background-type":"","background-media":"","overlay-type":"","overlay-color":"","overlay-opacity":"","overlay-gradient":""}},"ast-content-background-meta":{"desktop":{"background-color":"var(--ast-global-color-5)","background-image":"","background-repeat":"repeat","background-position":"center center","background-size":"auto","background-attachment":"scroll","background-type":"","background-media":"","overlay-type":"","overlay-color":"","overlay-opacity":"","overlay-gradient":""},"tablet":{"background-color":"var(--ast-global-color-5)","background-image":"","background-repeat":"repeat","background-position":"center center","background-size":"auto","background-attachment":"scroll","background-type":"","background-media":"","overlay-type":"","overlay-color":"","overlay-opacity":"","overlay-gradient":""},"mobile":{"background-color":"var(--ast-global-color-5)","background-image":"","background-repeat":"repeat","background-position":"center center","background-size":"auto","background-attachment":"scroll","background-type":"","background-media":"","overlay-type":"","overlay-color":"","overlay-opacity":"","overlay-gradient":""}}},"product_brand":[],"product_cat":[214],"product_tag":[],"class_list":{"0":"post-32653","1":"product","2":"type-product","3":"status-publish","4":"has-post-thumbnail","6":"product_cat-modulare-zaeune-joniec","7":"desktop-align-left","8":"tablet-align-left","9":"mobile-align-left","10":"ast-product-gallery-layout-horizontal-slider","11":"ast-product-gallery-with-no-image","12":"ast-product-tabs-layout-horizontal","14":"first","15":"instock","16":"shipping-taxable","17":"product-type-simple"},"_links":{"self":[{"href":"https:\/\/tcsogrodzenia.com\/de\/wp-json\/wp\/v2\/product\/32653","targetHints":{"allow":["GET"]}}],"collection":[{"href":"https:\/\/tcsogrodzenia.com\/de\/wp-json\/wp\/v2\/product"}],"about":[{"href":"https:\/\/tcsogrodzenia.com\/de\/wp-json\/wp\/v2\/types\/product"}],"wp:featuredmedia":[{"embeddable":true,"href":"https:\/\/tcsogrodzenia.com\/de\/wp-json\/wp\/v2\/media\/40450"}],"wp:attachment":[{"href":"https:\/\/tcsogrodzenia.com\/de\/wp-json\/wp\/v2\/media?parent=32653"}],"wp:term":[{"taxonomy":"product_brand","embeddable":true,"href":"https:\/\/tcsogrodzenia.com\/de\/wp-json\/wp\/v2\/product_brand?post=32653"},{"taxonomy":"product_cat","embeddable":true,"href":"https:\/\/tcsogrodzenia.com\/de\/wp-json\/wp\/v2\/product_cat?post=32653"},{"taxonomy":"product_tag","embeddable":true,"href":"https:\/\/tcsogrodzenia.com\/de\/wp-json\/wp\/v2\/product_tag?post=32653"}],"curies":[{"name":"wp","href":"https:\/\/api.w.org\/{rel}","templated":true}]}}