{"id":32657,"date":"2021-11-30T09:08:43","date_gmt":"2022-09-19T08:15:53","guid":{"rendered":"https:\/\/tcsogrodzenia.com\/product\/glatter-zaun-fini\/"},"modified":"2022-09-29T14:42:27","modified_gmt":"2022-09-29T12:42:27","slug":"glatter-zaun-fini","status":"publish","type":"product","link":"https:\/\/tcsogrodzenia.com\/de\/produkt\/glatter-zaun-fini\/","title":{"rendered":"GLATTER ZAUN &#8211; FINI"},"content":{"rendered":"<hr \/>\n<div style=\"display: flex; flex-wrap: wrap;\">\n<div style=\"display: flex; flex-wrap: wrap; align-items: center;\">\n<img fetchpriority=\"high\" decoding=\"async\" class=\"alignnone size-medium wp-image-8817\" src=\"https:\/\/tcsogrodzenia.com\/wp-content\/uploads\/2021\/11\/ogrodzenie-gladkie-modulowe-pustak-36x36-fini-styrobud-korten-300x300.jpg\" alt=\"\" width=\"300\" height=\"300\" srcset=\"https:\/\/tcsogrodzenia.com\/wp-content\/uploads\/2021\/11\/ogrodzenie-gladkie-modulowe-pustak-36x36-fini-styrobud-korten-300x300.jpg 300w, https:\/\/tcsogrodzenia.com\/wp-content\/uploads\/2021\/11\/ogrodzenie-gladkie-modulowe-pustak-36x36-fini-styrobud-korten-100x100.jpg 100w, https:\/\/tcsogrodzenia.com\/wp-content\/uploads\/2021\/11\/ogrodzenie-gladkie-modulowe-pustak-36x36-fini-styrobud-korten.jpg 600w\" sizes=\"(max-width: 300px) 100vw, 300px\" \/><\/p>\n<div>\n<h3>Pfostenblock<\/h3>\n<p>PF1<\/p>\n<h3>H\u00f6he (cm)<\/h3>\n<p>20<\/p>\n<h3>L\u00e4nge (cm)<\/h3>\n<p>36<\/p>\n<h3>Breite<\/h3>\n<p>(cm) 36\n<\/p><\/div>\n<\/div>\n<div style=\"display: flex; flex-wrap: wrap; align-items: center;\">\n<img decoding=\"async\" class=\"alignnone size-medium wp-image-8820\" src=\"https:\/\/tcsogrodzenia.com\/wp-content\/uploads\/2021\/11\/ogrodzenie-gladkie-modulowe-pustak-50x20-fini-styrobud-korten-300x300.jpg\" alt=\"\" width=\"300\" height=\"300\" srcset=\"https:\/\/tcsogrodzenia.com\/wp-content\/uploads\/2021\/11\/ogrodzenie-gladkie-modulowe-pustak-50x20-fini-styrobud-korten-300x300.jpg 300w, https:\/\/tcsogrodzenia.com\/wp-content\/uploads\/2021\/11\/ogrodzenie-gladkie-modulowe-pustak-50x20-fini-styrobud-korten-100x100.jpg 100w, https:\/\/tcsogrodzenia.com\/wp-content\/uploads\/2021\/11\/ogrodzenie-gladkie-modulowe-pustak-50x20-fini-styrobud-korten.jpg 600w\" sizes=\"(max-width: 300px) 100vw, 300px\" \/><\/p>\n<div>\n<h3>Mauerwerksblock<\/h3>\n<p>PF3<\/p>\n<h3>H\u00f6he (cm)<\/h3>\n<p>20<\/p>\n<h3>L\u00e4nge (cm)<\/h3>\n<p>50<\/p>\n<h3>Breite (cm)<\/h3>\n<p>20\n<\/p><\/div>\n<\/div>\n<div style=\"display: flex; flex-wrap: wrap; align-items: center;\">\n<img decoding=\"async\" class=\"alignnone size-medium wp-image-8811\" src=\"https:\/\/tcsogrodzenia.com\/wp-content\/uploads\/2021\/11\/ogrodzenie-gladkie-modulowe-daszek-36x36-fini-styrobud-korten-300x300.jpg\" alt=\"\" width=\"300\" height=\"300\" srcset=\"https:\/\/tcsogrodzenia.com\/wp-content\/uploads\/2021\/11\/ogrodzenie-gladkie-modulowe-daszek-36x36-fini-styrobud-korten-300x300.jpg 300w, https:\/\/tcsogrodzenia.com\/wp-content\/uploads\/2021\/11\/ogrodzenie-gladkie-modulowe-daszek-36x36-fini-styrobud-korten-100x100.jpg 100w, https:\/\/tcsogrodzenia.com\/wp-content\/uploads\/2021\/11\/ogrodzenie-gladkie-modulowe-daszek-36x36-fini-styrobud-korten.jpg 600w\" sizes=\"(max-width: 300px) 100vw, 300px\" \/><\/p>\n<div>\n<h3>Vordach<\/h3>\n<p>DF1<\/p>\n<h3>H\u00f6he (cm)<\/h3>\n<p>5<\/p>\n<h3>L\u00e4nge (cm)<\/h3>\n<p>36<\/p>\n<h3>Breite (cm)<\/h3>\n<p>36\n<\/p><\/div>\n<\/div>\n<div style=\"display: flex; flex-wrap: wrap; align-items: center;\">\n<img decoding=\"async\" class=\"alignnone size-medium wp-image-8811\" src=\"https:\/\/tcsogrodzenia.com\/wp-content\/uploads\/2021\/11\/ogrodzenie-gladkie-modulowe-daszek-36x36-fini-styrobud-korten-300x300.jpg\" alt=\"\" width=\"300\" height=\"300\" srcset=\"https:\/\/tcsogrodzenia.com\/wp-content\/uploads\/2021\/11\/ogrodzenie-gladkie-modulowe-daszek-36x36-fini-styrobud-korten-300x300.jpg 300w, https:\/\/tcsogrodzenia.com\/wp-content\/uploads\/2021\/11\/ogrodzenie-gladkie-modulowe-daszek-36x36-fini-styrobud-korten-100x100.jpg 100w, https:\/\/tcsogrodzenia.com\/wp-content\/uploads\/2021\/11\/ogrodzenie-gladkie-modulowe-daszek-36x36-fini-styrobud-korten.jpg 600w\" sizes=\"(max-width: 300px) 100vw, 300px\" \/><\/p>\n<div>\n<h3>Vordach<\/h3>\n<p>DF3<\/p>\n<h3>H\u00f6he (cm)<\/h3>\n<p>5<\/p>\n<h3>L\u00e4nge (cm)<\/h3>\n<p>50<\/p>\n<h3>Breite (cm)<\/h3>\n<p>20\n<\/p><\/div>\n<\/div>\n<\/div>\n","protected":false},"excerpt":{"rendered":"<p>Pfostenblock PF1 H\u00f6he (cm) 20 L\u00e4nge (cm) 36 Breite (cm) 36 Mauerwerksblock PF3 H\u00f6he (cm) 20 L\u00e4nge (cm) 50 Breite (cm) 20 Vordach DF1 H\u00f6he (cm) 5 L\u00e4nge (cm) 36 Breite (cm) 36 Vordach DF3 H\u00f6he (cm) 5 L\u00e4nge (cm) 50 Breite (cm) 20<\/p>\n","protected":false},"featured_media":8795,"template":"","meta":{"site-sidebar-layout":"default","site-content-layout":"default","ast-site-content-layout":"default","site-content-style":"default","site-sidebar-style":"default","ast-global-header-display":"","ast-banner-title-visibility":"","ast-main-header-display":"","ast-hfb-above-header-display":"","ast-hfb-below-header-display":"","ast-hfb-mobile-header-display":"","site-post-title":"","ast-breadcrumbs-content":"","ast-featured-img":"","footer-sml-layout":"","ast-disable-related-posts":"","theme-transparent-header-meta":"default","adv-header-id-meta":"","stick-header-meta":"default","header-above-stick-meta":"","header-main-stick-meta":"","header-below-stick-meta":"","astra-migrate-meta-layouts":"default","ast-page-background-enabled":"default","ast-page-background-meta":{"desktop":{"background-color":"var(--ast-global-color-4)","background-image":"","background-repeat":"repeat","background-position":"center center","background-size":"auto","background-attachment":"scroll","background-type":"","background-media":"","overlay-type":"","overlay-color":"","overlay-opacity":"","overlay-gradient":""},"tablet":{"background-color":"","background-image":"","background-repeat":"repeat","background-position":"center center","background-size":"auto","background-attachment":"scroll","background-type":"","background-media":"","overlay-type":"","overlay-color":"","overlay-opacity":"","overlay-gradient":""},"mobile":{"background-color":"","background-image":"","background-repeat":"repeat","background-position":"center center","background-size":"auto","background-attachment":"scroll","background-type":"","background-media":"","overlay-type":"","overlay-color":"","overlay-opacity":"","overlay-gradient":""}},"ast-content-background-meta":{"desktop":{"background-color":"var(--ast-global-color-5)","background-image":"","background-repeat":"repeat","background-position":"center center","background-size":"auto","background-attachment":"scroll","background-type":"","background-media":"","overlay-type":"","overlay-color":"","overlay-opacity":"","overlay-gradient":""},"tablet":{"background-color":"var(--ast-global-color-5)","background-image":"","background-repeat":"repeat","background-position":"center center","background-size":"auto","background-attachment":"scroll","background-type":"","background-media":"","overlay-type":"","overlay-color":"","overlay-opacity":"","overlay-gradient":""},"mobile":{"background-color":"var(--ast-global-color-5)","background-image":"","background-repeat":"repeat","background-position":"center center","background-size":"auto","background-attachment":"scroll","background-type":"","background-media":"","overlay-type":"","overlay-color":"","overlay-opacity":"","overlay-gradient":""}}},"product_brand":[],"product_cat":[212],"product_tag":[],"class_list":{"0":"post-32657","1":"product","2":"type-product","3":"status-publish","4":"has-post-thumbnail","6":"product_cat-glatter-und-geteilter-zaun-styrobud","7":"desktop-align-left","8":"tablet-align-left","9":"mobile-align-left","10":"ast-product-gallery-layout-horizontal-slider","11":"ast-product-gallery-with-no-image","12":"ast-product-tabs-layout-horizontal","14":"first","15":"instock","16":"shipping-taxable","17":"product-type-simple"},"_links":{"self":[{"href":"https:\/\/tcsogrodzenia.com\/de\/wp-json\/wp\/v2\/product\/32657","targetHints":{"allow":["GET"]}}],"collection":[{"href":"https:\/\/tcsogrodzenia.com\/de\/wp-json\/wp\/v2\/product"}],"about":[{"href":"https:\/\/tcsogrodzenia.com\/de\/wp-json\/wp\/v2\/types\/product"}],"wp:featuredmedia":[{"embeddable":true,"href":"https:\/\/tcsogrodzenia.com\/de\/wp-json\/wp\/v2\/media\/8795"}],"wp:attachment":[{"href":"https:\/\/tcsogrodzenia.com\/de\/wp-json\/wp\/v2\/media?parent=32657"}],"wp:term":[{"taxonomy":"product_brand","embeddable":true,"href":"https:\/\/tcsogrodzenia.com\/de\/wp-json\/wp\/v2\/product_brand?post=32657"},{"taxonomy":"product_cat","embeddable":true,"href":"https:\/\/tcsogrodzenia.com\/de\/wp-json\/wp\/v2\/product_cat?post=32657"},{"taxonomy":"product_tag","embeddable":true,"href":"https:\/\/tcsogrodzenia.com\/de\/wp-json\/wp\/v2\/product_tag?post=32657"}],"curies":[{"name":"wp","href":"https:\/\/api.w.org\/{rel}","templated":true}]}}