{"id":32695,"date":"2021-12-02T11:43:10","date_gmt":"2022-09-19T08:15:57","guid":{"rendered":"https:\/\/tcsogrodzenia.com\/product\/vide-block\/"},"modified":"2022-09-29T11:47:54","modified_gmt":"2022-09-29T09:47:54","slug":"vide-block","status":"publish","type":"product","link":"https:\/\/tcsogrodzenia.com\/de\/produkt\/vide-block\/","title":{"rendered":"VIDE-BLOCK"},"content":{"rendered":"<h3>Eigenschaften<\/h3>\n<p>&nbsp;<\/p>\n<ul>\n<li>Architekturbeton &#8211; ist eine Sorte von Beton, die als Betonoberfl\u00e4chen mit definierten Anforderungen unter<br \/>\nin Bezug auf das Erscheinungsbild. Es garantiert die gleiche oder eine bessere Leistung in Bezug auf Festigkeit und Haltbarkeit,<br \/>\nist jedoch \u00e4sthetisch ansprechender. Es handelt sich um ein Material, das von Natur aus in seinen \u00e4sthetischen Eigenschaften ver\u00e4nderlich ist, und alle Schlieren, Poren (Risse\/<br \/>\nLochfra\u00df) sind ein nat\u00fcrlicher Effekt und unterstreichen seinen Charakter.<\/li>\n<li>Einzelne GAAG Videobl\u00f6cke k\u00f6nnen variieren und Abweichungen in den Abmessungen von<br \/>\nwie in den Normen festgelegt<\/li>\n<li>Die verschiedenen Produktionschargen k\u00f6nnen aufgrund der Produktionsbedingungen Unterschiede in der \u00e4sthetischen und visuellen Qualit\u00e4t aufweisen.<br \/>\ndurch:<br \/>\n\u2023 verschiedene Wetterbedingungen, einschlie\u00dflich der Lagerung durch den K\u00e4ufer<br \/>\n\u2023 Unterschiede bei den verwendeten Rohstoffen (Zuschlagstoffe, Sande, Zement). Lieferabweichungen liegen au\u00dferhalb der Kontrolle des Herstellers,<br \/>\nSie beeinflussen jedoch die endg\u00fcltige optische Wirkung der vorgefertigten Elemente.<\/li>\n<li>Architekturbeton hat geringe Wasseraufnahmeeigenschaften, aber die fehlende Impr\u00e4gnierung und der Kontakt der Betonelemente mit<br \/>\nWasser und andere Stoffe k\u00f6nnen zu einer Wasseraufnahme und damit zu vor\u00fcbergehenden oder dauerhaften Farbver\u00e4nderungen f\u00fchren<\/li>\n<li>GAAG Vide-Bl\u00f6cke sind mit dispergierten Polymerfasern verst\u00e4rkt, die manchmal auf der Oberfl\u00e4che sichtbar sein k\u00f6nnen.<br \/>\nOberfl\u00e4che, was keinen Produktfehler darstellt.<\/li>\n<li>Eines der nat\u00fcrlichen Merkmale von Sichtbeton sind Verf\u00e4rbungen und Streifenbildung, die durch Ver\u00e4nderungen der Umgebungsfeuchtigkeit verursacht werden und nicht<br \/>\nsie bilden die Grundlage f\u00fcr die Werbung f\u00fcr das Produkt<\/li>\n<\/ul>\n<p>&nbsp;<\/p>\n<h3>Abmessungen<\/h3>\n<p>&nbsp;<\/p>\n<div style=\"display: flex; flex-wrap: wrap;\">\n<div>\n<p>80cm x 25cm x 30cm<\/p>\n<p><img decoding=\"async\" class=\"alignnone size-medium wp-image-10030\" src=\"https:\/\/tcsogrodzenia.com\/wp-content\/uploads\/2021\/12\/1-300x169.png\" alt=\"\" width=\"280\" height=\"auto\" srcset=\"https:\/\/tcsogrodzenia.com\/wp-content\/uploads\/2021\/12\/1-300x169.png 300w, https:\/\/tcsogrodzenia.com\/wp-content\/uploads\/2021\/12\/1-600x338.png 600w, https:\/\/tcsogrodzenia.com\/wp-content\/uploads\/2021\/12\/1-800x450.png 800w, https:\/\/tcsogrodzenia.com\/wp-content\/uploads\/2021\/12\/1-1024x576.png 1024w, https:\/\/tcsogrodzenia.com\/wp-content\/uploads\/2021\/12\/1-768x432.png 768w, https:\/\/tcsogrodzenia.com\/wp-content\/uploads\/2021\/12\/1-1536x864.png 1536w, https:\/\/tcsogrodzenia.com\/wp-content\/uploads\/2021\/12\/1-2048x1152.png 2048w\" sizes=\"(max-width: 300px) 100vw, 300px\" \/><\/p>\n<\/div>\n<div>\n<p>80cm x 25cm x 30cm<\/p>\n<p><img decoding=\"async\" class=\"alignnone size-medium wp-image-10027\" src=\"https:\/\/tcsogrodzenia.com\/wp-content\/uploads\/2021\/12\/1.0-300x169.png\" alt=\"\" width=\"280\" height=\"auto\" srcset=\"https:\/\/tcsogrodzenia.com\/wp-content\/uploads\/2021\/12\/1.0-300x169.png 300w, https:\/\/tcsogrodzenia.com\/wp-content\/uploads\/2021\/12\/1.0-600x338.png 600w, https:\/\/tcsogrodzenia.com\/wp-content\/uploads\/2021\/12\/1.0-800x450.png 800w, https:\/\/tcsogrodzenia.com\/wp-content\/uploads\/2021\/12\/1.0-1024x576.png 1024w, https:\/\/tcsogrodzenia.com\/wp-content\/uploads\/2021\/12\/1.0-768x432.png 768w, https:\/\/tcsogrodzenia.com\/wp-content\/uploads\/2021\/12\/1.0-1536x864.png 1536w, https:\/\/tcsogrodzenia.com\/wp-content\/uploads\/2021\/12\/1.0-2048x1152.png 2048w\" sizes=\"(max-width: 300px) 100vw, 300px\" \/><\/p>\n<\/div>\n<div>\n<p>80cm x 25cm x 3cm<\/p>\n<p><img decoding=\"async\" class=\"alignnone size-medium wp-image-10024\" src=\"https:\/\/tcsogrodzenia.com\/wp-content\/uploads\/2021\/12\/1.00-300x169.png\" alt=\"\" width=\"280\" height=\"auto\" srcset=\"https:\/\/tcsogrodzenia.com\/wp-content\/uploads\/2021\/12\/1.00-300x169.png 300w, https:\/\/tcsogrodzenia.com\/wp-content\/uploads\/2021\/12\/1.00-600x338.png 600w, https:\/\/tcsogrodzenia.com\/wp-content\/uploads\/2021\/12\/1.00-800x450.png 800w, https:\/\/tcsogrodzenia.com\/wp-content\/uploads\/2021\/12\/1.00-1024x576.png 1024w, https:\/\/tcsogrodzenia.com\/wp-content\/uploads\/2021\/12\/1.00-768x432.png 768w, https:\/\/tcsogrodzenia.com\/wp-content\/uploads\/2021\/12\/1.00-1536x864.png 1536w, https:\/\/tcsogrodzenia.com\/wp-content\/uploads\/2021\/12\/1.00-2048x1152.png 2048w\" sizes=\"(max-width: 300px) 100vw, 300px\" \/><\/p>\n<\/div>\n<div>\n<p>80cm x 25cm x 30cm<\/p>\n<p><img decoding=\"async\" class=\"alignnone size-medium wp-image-10039\" src=\"https:\/\/tcsogrodzenia.com\/wp-content\/uploads\/2021\/12\/2-300x169.png\" alt=\"\" width=\"280\" height=\"auto\" srcset=\"https:\/\/tcsogrodzenia.com\/wp-content\/uploads\/2021\/12\/2-300x169.png 300w, https:\/\/tcsogrodzenia.com\/wp-content\/uploads\/2021\/12\/2-600x338.png 600w, https:\/\/tcsogrodzenia.com\/wp-content\/uploads\/2021\/12\/2-800x450.png 800w, https:\/\/tcsogrodzenia.com\/wp-content\/uploads\/2021\/12\/2-1024x576.png 1024w, https:\/\/tcsogrodzenia.com\/wp-content\/uploads\/2021\/12\/2-768x432.png 768w, https:\/\/tcsogrodzenia.com\/wp-content\/uploads\/2021\/12\/2-1536x864.png 1536w, https:\/\/tcsogrodzenia.com\/wp-content\/uploads\/2021\/12\/2-2048x1152.png 2048w\" sizes=\"(max-width: 300px) 100vw, 300px\" \/><\/p>\n<\/div>\n<div>\n<p>80cm x 25cm x 30cm<\/p>\n<p><img decoding=\"async\" class=\"alignnone size-medium wp-image-10036\" src=\"https:\/\/tcsogrodzenia.com\/wp-content\/uploads\/2021\/12\/2.0-300x169.png\" alt=\"\" width=\"280\" height=\"auto\" srcset=\"https:\/\/tcsogrodzenia.com\/wp-content\/uploads\/2021\/12\/2.0-300x169.png 300w, https:\/\/tcsogrodzenia.com\/wp-content\/uploads\/2021\/12\/2.0-600x338.png 600w, https:\/\/tcsogrodzenia.com\/wp-content\/uploads\/2021\/12\/2.0-800x450.png 800w, https:\/\/tcsogrodzenia.com\/wp-content\/uploads\/2021\/12\/2.0-1024x576.png 1024w, https:\/\/tcsogrodzenia.com\/wp-content\/uploads\/2021\/12\/2.0-768x432.png 768w, https:\/\/tcsogrodzenia.com\/wp-content\/uploads\/2021\/12\/2.0-1536x864.png 1536w, https:\/\/tcsogrodzenia.com\/wp-content\/uploads\/2021\/12\/2.0-2048x1152.png 2048w\" sizes=\"(max-width: 300px) 100vw, 300px\" \/><\/p>\n<\/div>\n<div>\n<p>80cm x 25cm x 3cm<\/p>\n<p><img decoding=\"async\" class=\"alignnone size-medium wp-image-10033\" src=\"https:\/\/tcsogrodzenia.com\/wp-content\/uploads\/2021\/12\/2.00-300x169.png\" alt=\"\" width=\"280\" height=\"auto\" srcset=\"https:\/\/tcsogrodzenia.com\/wp-content\/uploads\/2021\/12\/2.00-300x169.png 300w, https:\/\/tcsogrodzenia.com\/wp-content\/uploads\/2021\/12\/2.00-600x338.png 600w, https:\/\/tcsogrodzenia.com\/wp-content\/uploads\/2021\/12\/2.00-800x450.png 800w, https:\/\/tcsogrodzenia.com\/wp-content\/uploads\/2021\/12\/2.00-1024x576.png 1024w, https:\/\/tcsogrodzenia.com\/wp-content\/uploads\/2021\/12\/2.00-768x432.png 768w, https:\/\/tcsogrodzenia.com\/wp-content\/uploads\/2021\/12\/2.00-1536x864.png 1536w, https:\/\/tcsogrodzenia.com\/wp-content\/uploads\/2021\/12\/2.00-2048x1152.png 2048w\" sizes=\"(max-width: 300px) 100vw, 300px\" \/><\/p>\n<\/div>\n<div>\n<p>80cm x 25cm x 30cm<\/p>\n<p><img decoding=\"async\" class=\"alignnone size-medium wp-image-10054\" src=\"https:\/\/tcsogrodzenia.com\/wp-content\/uploads\/2021\/12\/bloczek-antracyt-300x169.png\" alt=\"\" width=\"280\" height=\"auto\" srcset=\"https:\/\/tcsogrodzenia.com\/wp-content\/uploads\/2021\/12\/bloczek-antracyt-300x169.png 300w, https:\/\/tcsogrodzenia.com\/wp-content\/uploads\/2021\/12\/bloczek-antracyt-600x338.png 600w, https:\/\/tcsogrodzenia.com\/wp-content\/uploads\/2021\/12\/bloczek-antracyt-800x450.png 800w, https:\/\/tcsogrodzenia.com\/wp-content\/uploads\/2021\/12\/bloczek-antracyt-1024x576.png 1024w, https:\/\/tcsogrodzenia.com\/wp-content\/uploads\/2021\/12\/bloczek-antracyt-768x432.png 768w, https:\/\/tcsogrodzenia.com\/wp-content\/uploads\/2021\/12\/bloczek-antracyt-1536x864.png 1536w, https:\/\/tcsogrodzenia.com\/wp-content\/uploads\/2021\/12\/bloczek-antracyt-2048x1152.png 2048w\" sizes=\"(max-width: 300px) 100vw, 300px\" \/><\/p>\n<\/div>\n<div>\n<p>80cm x 25cm x 30cm<\/p>\n<p><img decoding=\"async\" class=\"alignnone size-medium wp-image-10051\" src=\"https:\/\/tcsogrodzenia.com\/wp-content\/uploads\/2021\/12\/bloczek-1_2-antracyt-300x169.png\" alt=\"\" width=\"280\" height=\"auto\" srcset=\"https:\/\/tcsogrodzenia.com\/wp-content\/uploads\/2021\/12\/bloczek-1_2-antracyt-300x169.png 300w, https:\/\/tcsogrodzenia.com\/wp-content\/uploads\/2021\/12\/bloczek-1_2-antracyt-600x338.png 600w, https:\/\/tcsogrodzenia.com\/wp-content\/uploads\/2021\/12\/bloczek-1_2-antracyt-800x450.png 800w, https:\/\/tcsogrodzenia.com\/wp-content\/uploads\/2021\/12\/bloczek-1_2-antracyt-1024x576.png 1024w, https:\/\/tcsogrodzenia.com\/wp-content\/uploads\/2021\/12\/bloczek-1_2-antracyt-768x432.png 768w, https:\/\/tcsogrodzenia.com\/wp-content\/uploads\/2021\/12\/bloczek-1_2-antracyt-1536x864.png 1536w, https:\/\/tcsogrodzenia.com\/wp-content\/uploads\/2021\/12\/bloczek-1_2-antracyt-2048x1152.png 2048w\" sizes=\"(max-width: 300px) 100vw, 300px\" \/><\/p>\n<\/div>\n<div>\n<p>80cm x 25cm x 3cm<\/p>\n<p><img decoding=\"async\" class=\"alignnone size-medium wp-image-10057\" src=\"https:\/\/tcsogrodzenia.com\/wp-content\/uploads\/2021\/12\/daszek-antracyt-300x169.png\" alt=\"\" width=\"280\" height=\"auto\" srcset=\"https:\/\/tcsogrodzenia.com\/wp-content\/uploads\/2021\/12\/daszek-antracyt-300x169.png 300w, https:\/\/tcsogrodzenia.com\/wp-content\/uploads\/2021\/12\/daszek-antracyt-600x338.png 600w, https:\/\/tcsogrodzenia.com\/wp-content\/uploads\/2021\/12\/daszek-antracyt-800x450.png 800w, https:\/\/tcsogrodzenia.com\/wp-content\/uploads\/2021\/12\/daszek-antracyt-1024x576.png 1024w, https:\/\/tcsogrodzenia.com\/wp-content\/uploads\/2021\/12\/daszek-antracyt-768x432.png 768w, https:\/\/tcsogrodzenia.com\/wp-content\/uploads\/2021\/12\/daszek-antracyt-1536x864.png 1536w, https:\/\/tcsogrodzenia.com\/wp-content\/uploads\/2021\/12\/daszek-antracyt-2048x1152.png 2048w\" sizes=\"(max-width: 300px) 100vw, 300px\" \/><\/p>\n<\/div>\n<div>\n<p>80cm x 25cm x 30cm<\/p>\n<p><img decoding=\"async\" class=\"alignnone size-medium wp-image-10048\" src=\"https:\/\/tcsogrodzenia.com\/wp-content\/uploads\/2021\/12\/3-300x169.png\" alt=\"\" width=\"280\" height=\"auto\" srcset=\"https:\/\/tcsogrodzenia.com\/wp-content\/uploads\/2021\/12\/3-300x169.png 300w, https:\/\/tcsogrodzenia.com\/wp-content\/uploads\/2021\/12\/3-600x338.png 600w, https:\/\/tcsogrodzenia.com\/wp-content\/uploads\/2021\/12\/3-800x450.png 800w, https:\/\/tcsogrodzenia.com\/wp-content\/uploads\/2021\/12\/3-1024x576.png 1024w, https:\/\/tcsogrodzenia.com\/wp-content\/uploads\/2021\/12\/3-768x432.png 768w, https:\/\/tcsogrodzenia.com\/wp-content\/uploads\/2021\/12\/3-1536x864.png 1536w, https:\/\/tcsogrodzenia.com\/wp-content\/uploads\/2021\/12\/3-2048x1152.png 2048w\" sizes=\"(max-width: 300px) 100vw, 300px\" \/><\/p>\n<\/div>\n<div>\n<p>80cm x 25cm x 30cm<\/p>\n<p><img decoding=\"async\" class=\"alignnone size-medium wp-image-10045\" src=\"https:\/\/tcsogrodzenia.com\/wp-content\/uploads\/2021\/12\/3.0-300x169.png\" alt=\"\" width=\"280\" height=\"auto\" srcset=\"https:\/\/tcsogrodzenia.com\/wp-content\/uploads\/2021\/12\/3.0-300x169.png 300w, https:\/\/tcsogrodzenia.com\/wp-content\/uploads\/2021\/12\/3.0-600x338.png 600w, https:\/\/tcsogrodzenia.com\/wp-content\/uploads\/2021\/12\/3.0-800x450.png 800w, https:\/\/tcsogrodzenia.com\/wp-content\/uploads\/2021\/12\/3.0-1024x576.png 1024w, https:\/\/tcsogrodzenia.com\/wp-content\/uploads\/2021\/12\/3.0-768x432.png 768w, https:\/\/tcsogrodzenia.com\/wp-content\/uploads\/2021\/12\/3.0-1536x864.png 1536w, https:\/\/tcsogrodzenia.com\/wp-content\/uploads\/2021\/12\/3.0-2048x1152.png 2048w\" sizes=\"(max-width: 300px) 100vw, 300px\" \/><\/p>\n<\/div>\n<div>\n<p>80cm x 25cm x 3cm<\/p>\n<p><img decoding=\"async\" class=\"alignnone size-medium wp-image-10042\" src=\"https:\/\/tcsogrodzenia.com\/wp-content\/uploads\/2021\/12\/3.00-300x169.png\" alt=\"\" width=\"280\" height=\"auto\" srcset=\"https:\/\/tcsogrodzenia.com\/wp-content\/uploads\/2021\/12\/3.00-300x169.png 300w, https:\/\/tcsogrodzenia.com\/wp-content\/uploads\/2021\/12\/3.00-600x338.png 600w, https:\/\/tcsogrodzenia.com\/wp-content\/uploads\/2021\/12\/3.00-800x450.png 800w, https:\/\/tcsogrodzenia.com\/wp-content\/uploads\/2021\/12\/3.00-1024x576.png 1024w, https:\/\/tcsogrodzenia.com\/wp-content\/uploads\/2021\/12\/3.00-768x432.png 768w, https:\/\/tcsogrodzenia.com\/wp-content\/uploads\/2021\/12\/3.00-1536x864.png 1536w, https:\/\/tcsogrodzenia.com\/wp-content\/uploads\/2021\/12\/3.00-2048x1152.png 2048w\" sizes=\"(max-width: 300px) 100vw, 300px\" \/><\/p>\n<\/div>\n<\/div>\n","protected":false},"excerpt":{"rendered":"<h3>Architekturbeton &#8211; wichtige Eigenschaften<\/h3>\n","protected":false},"featured_media":10077,"template":"","meta":{"site-sidebar-layout":"default","site-content-layout":"default","ast-site-content-layout":"default","site-content-style":"default","site-sidebar-style":"default","ast-global-header-display":"","ast-banner-title-visibility":"","ast-main-header-display":"","ast-hfb-above-header-display":"","ast-hfb-below-header-display":"","ast-hfb-mobile-header-display":"","site-post-title":"","ast-breadcrumbs-content":"","ast-featured-img":"","footer-sml-layout":"","ast-disable-related-posts":"","theme-transparent-header-meta":"default","adv-header-id-meta":"","stick-header-meta":"default","header-above-stick-meta":"","header-main-stick-meta":"","header-below-stick-meta":"","astra-migrate-meta-layouts":"default","ast-page-background-enabled":"default","ast-page-background-meta":{"desktop":{"background-color":"var(--ast-global-color-4)","background-image":"","background-repeat":"repeat","background-position":"center center","background-size":"auto","background-attachment":"scroll","background-type":"","background-media":"","overlay-type":"","overlay-color":"","overlay-opacity":"","overlay-gradient":""},"tablet":{"background-color":"","background-image":"","background-repeat":"repeat","background-position":"center center","background-size":"auto","background-attachment":"scroll","background-type":"","background-media":"","overlay-type":"","overlay-color":"","overlay-opacity":"","overlay-gradient":""},"mobile":{"background-color":"","background-image":"","background-repeat":"repeat","background-position":"center center","background-size":"auto","background-attachment":"scroll","background-type":"","background-media":"","overlay-type":"","overlay-color":"","overlay-opacity":"","overlay-gradient":""}},"ast-content-background-meta":{"desktop":{"background-color":"var(--ast-global-color-5)","background-image":"","background-repeat":"repeat","background-position":"center center","background-size":"auto","background-attachment":"scroll","background-type":"","background-media":"","overlay-type":"","overlay-color":"","overlay-opacity":"","overlay-gradient":""},"tablet":{"background-color":"var(--ast-global-color-5)","background-image":"","background-repeat":"repeat","background-position":"center center","background-size":"auto","background-attachment":"scroll","background-type":"","background-media":"","overlay-type":"","overlay-color":"","overlay-opacity":"","overlay-gradient":""},"mobile":{"background-color":"var(--ast-global-color-5)","background-image":"","background-repeat":"repeat","background-position":"center center","background-size":"auto","background-attachment":"scroll","background-type":"","background-media":"","overlay-type":"","overlay-color":"","overlay-opacity":"","overlay-gradient":""}}},"product_brand":[],"product_cat":[218],"product_tag":[],"class_list":{"0":"post-32695","1":"product","2":"type-product","3":"status-publish","4":"has-post-thumbnail","6":"product_cat-architekturbetonsteine-gaag","7":"desktop-align-left","8":"tablet-align-left","9":"mobile-align-left","10":"ast-product-gallery-layout-horizontal-slider","11":"ast-product-gallery-with-no-image","12":"ast-product-tabs-layout-horizontal","14":"first","15":"instock","16":"shipping-taxable","17":"product-type-simple"},"_links":{"self":[{"href":"https:\/\/tcsogrodzenia.com\/de\/wp-json\/wp\/v2\/product\/32695","targetHints":{"allow":["GET"]}}],"collection":[{"href":"https:\/\/tcsogrodzenia.com\/de\/wp-json\/wp\/v2\/product"}],"about":[{"href":"https:\/\/tcsogrodzenia.com\/de\/wp-json\/wp\/v2\/types\/product"}],"wp:featuredmedia":[{"embeddable":true,"href":"https:\/\/tcsogrodzenia.com\/de\/wp-json\/wp\/v2\/media\/10077"}],"wp:attachment":[{"href":"https:\/\/tcsogrodzenia.com\/de\/wp-json\/wp\/v2\/media?parent=32695"}],"wp:term":[{"taxonomy":"product_brand","embeddable":true,"href":"https:\/\/tcsogrodzenia.com\/de\/wp-json\/wp\/v2\/product_brand?post=32695"},{"taxonomy":"product_cat","embeddable":true,"href":"https:\/\/tcsogrodzenia.com\/de\/wp-json\/wp\/v2\/product_cat?post=32695"},{"taxonomy":"product_tag","embeddable":true,"href":"https:\/\/tcsogrodzenia.com\/de\/wp-json\/wp\/v2\/product_tag?post=32695"}],"curies":[{"name":"wp","href":"https:\/\/api.w.org\/{rel}","templated":true}]}}