{"id":32697,"date":"2021-11-30T11:40:20","date_gmt":"2022-09-19T08:15:57","guid":{"rendered":"https:\/\/tcsogrodzenia.com\/product\/roma-perfect\/"},"modified":"2022-09-29T13:15:09","modified_gmt":"2022-09-29T11:15:09","slug":"roma-perfect","status":"publish","type":"product","link":"https:\/\/tcsogrodzenia.com\/de\/produkt\/roma-perfect\/","title":{"rendered":"ROMA PERFECT"},"content":{"rendered":"<p>Die Scratch-Technologie ist eine einzigartige Methode zur Verarbeitung von Betonprodukten, die als Neuheit auf dem polnischen Markt eingef\u00fchrt wurde. Das Ergebnis der SCRATCH-Technologie ist eine einzigartige, fein gerippte Oberfl\u00e4chenstruktur, die den gemei\u00dfelten und spitz zulaufenden Felsbl\u00f6cken nachempfunden ist, und ein Effekt, der den Einfluss der Naturkr\u00e4fte und den Lauf der Zeit nachahmt. Charakteristische Merkmale der ROMA Perfect Z\u00e4une: einzigartige, schr\u00e4ge Kratzer und Mei\u00dfel mit unterschiedlicher Tiefe, ungleichm\u00e4\u00dfige Oberfl\u00e4che der Blockw\u00e4nde, unregelm\u00e4\u00dfige Kanten und Ecken, Freilegung von Zuschlagstoffen.<\/p>\n<p>HINWEIS: Die auf der Zeichnung markierten Produktmerkmale k\u00f6nnen nicht als Mangel angesehen werden. Gealterte Bl\u00f6cke, ihre unregelm\u00e4\u00dfige Form und Oberfl\u00e4che (auf den Fotos markierte Beispiele) sind ein beabsichtigter Effekt und k\u00f6nnen kein Grund zur Beanstandung sein. Bitte treffen Sie beim Kauf dieses Zauns eine informierte Entscheidung.<\/p>\n<p>&nbsp;<\/p>\n<p><img fetchpriority=\"high\" decoding=\"async\" class=\"alignnone size-medium wp-image-9045\" src=\"https:\/\/tcsogrodzenia.com\/wp-content\/uploads\/2021\/11\/warnin-300x212.jpg\" alt=\"\" width=\"300\" height=\"212\" srcset=\"https:\/\/tcsogrodzenia.com\/wp-content\/uploads\/2021\/11\/warnin-300x212.jpg 300w, https:\/\/tcsogrodzenia.com\/wp-content\/uploads\/2021\/11\/warnin-600x425.jpg 600w, https:\/\/tcsogrodzenia.com\/wp-content\/uploads\/2021\/11\/warnin-800x566.jpg 800w, https:\/\/tcsogrodzenia.com\/wp-content\/uploads\/2021\/11\/warnin-768x544.jpg 768w, https:\/\/tcsogrodzenia.com\/wp-content\/uploads\/2021\/11\/warnin.jpg 1010w\" sizes=\"(max-width: 300px) 100vw, 300px\" \/><\/p>\n<hr \/>\n<h3>Farben<\/h3>\n<p>&nbsp;<\/p>\n<div style=\"display: flex; flex-wrap: wrap;\">\n<div>\n<p>DIORIT<\/p>\n<p><img decoding=\"async\" class=\"alignnone size-full wp-image-9339\" src=\"https:\/\/tcsogrodzenia.com\/wp-content\/uploads\/2021\/11\/dioryt.jpg\" alt=\"\" width=\"117\" height=\"77\" \/><\/p>\n<\/div>\n<div>\n<p>MILOS<\/p>\n<p><img decoding=\"async\" class=\"alignnone size-full wp-image-9342\" src=\"https:\/\/tcsogrodzenia.com\/wp-content\/uploads\/2021\/11\/milos.jpg\" alt=\"\" width=\"117\" height=\"77\" \/><\/p>\n<\/div>\n<div>\n<p>MORION<\/p>\n<p><img loading=\"lazy\" decoding=\"async\" class=\"alignnone size-full wp-image-9345\" src=\"https:\/\/tcsogrodzenia.com\/wp-content\/uploads\/2021\/11\/morion.jpg\" alt=\"\" width=\"117\" height=\"77\" \/><\/p>\n<\/div>\n<\/div>\n","protected":false},"excerpt":{"rendered":"<p>ROMA Perfect &#8211; eine Pr\u00e4sentation eines bekannten Zaunsystems in einer neuen Version ROMA-Zaunblock-Klebeanleitung Montage von ROMA-Zaunbl\u00f6cken auf Leim ohne Gie\u00dfen Anleitung f\u00fcr die Montage des Zauns Was ist beim Bau eines Zauns zu beachten? Welche Arten von Z\u00e4unen k\u00f6nnen mit JONIEC\u00ae-Produkten gebaut werden? Was sind die Vorteile eines modularen Zauns? ROMA Perfect Modulare Z\u00e4une Die ROMA Perfect Z\u00e4une werden von Liebhabern einer strengen, asketischen \u00c4sthetik gesch\u00e4tzt. Dank der SCRATCH-Technologie erhalten die Bl\u00f6cke ihre urspr\u00fcngliche, unregelm\u00e4\u00dfige Form und ungleichm\u00e4\u00dfige Oberfl\u00e4che. <\/p>\n","protected":false},"featured_media":9041,"template":"","meta":{"site-sidebar-layout":"default","site-content-layout":"default","ast-site-content-layout":"default","site-content-style":"default","site-sidebar-style":"default","ast-global-header-display":"","ast-banner-title-visibility":"","ast-main-header-display":"","ast-hfb-above-header-display":"","ast-hfb-below-header-display":"","ast-hfb-mobile-header-display":"","site-post-title":"","ast-breadcrumbs-content":"","ast-featured-img":"","footer-sml-layout":"","ast-disable-related-posts":"","theme-transparent-header-meta":"default","adv-header-id-meta":"","stick-header-meta":"default","header-above-stick-meta":"","header-main-stick-meta":"","header-below-stick-meta":"","astra-migrate-meta-layouts":"default","ast-page-background-enabled":"default","ast-page-background-meta":{"desktop":{"background-color":"var(--ast-global-color-4)","background-image":"","background-repeat":"repeat","background-position":"center center","background-size":"auto","background-attachment":"scroll","background-type":"","background-media":"","overlay-type":"","overlay-color":"","overlay-opacity":"","overlay-gradient":""},"tablet":{"background-color":"","background-image":"","background-repeat":"repeat","background-position":"center center","background-size":"auto","background-attachment":"scroll","background-type":"","background-media":"","overlay-type":"","overlay-color":"","overlay-opacity":"","overlay-gradient":""},"mobile":{"background-color":"","background-image":"","background-repeat":"repeat","background-position":"center center","background-size":"auto","background-attachment":"scroll","background-type":"","background-media":"","overlay-type":"","overlay-color":"","overlay-opacity":"","overlay-gradient":""}},"ast-content-background-meta":{"desktop":{"background-color":"var(--ast-global-color-5)","background-image":"","background-repeat":"repeat","background-position":"center center","background-size":"auto","background-attachment":"scroll","background-type":"","background-media":"","overlay-type":"","overlay-color":"","overlay-opacity":"","overlay-gradient":""},"tablet":{"background-color":"var(--ast-global-color-5)","background-image":"","background-repeat":"repeat","background-position":"center center","background-size":"auto","background-attachment":"scroll","background-type":"","background-media":"","overlay-type":"","overlay-color":"","overlay-opacity":"","overlay-gradient":""},"mobile":{"background-color":"var(--ast-global-color-5)","background-image":"","background-repeat":"repeat","background-position":"center center","background-size":"auto","background-attachment":"scroll","background-type":"","background-media":"","overlay-type":"","overlay-color":"","overlay-opacity":"","overlay-gradient":""}}},"product_brand":[],"product_cat":[214],"product_tag":[],"class_list":{"0":"post-32697","1":"product","2":"type-product","3":"status-publish","4":"has-post-thumbnail","6":"product_cat-modulare-zaeune-joniec","7":"desktop-align-left","8":"tablet-align-left","9":"mobile-align-left","10":"ast-product-gallery-layout-horizontal-slider","11":"ast-product-gallery-with-no-image","12":"ast-product-tabs-layout-horizontal","14":"first","15":"instock","16":"shipping-taxable","17":"product-type-simple"},"_links":{"self":[{"href":"https:\/\/tcsogrodzenia.com\/de\/wp-json\/wp\/v2\/product\/32697","targetHints":{"allow":["GET"]}}],"collection":[{"href":"https:\/\/tcsogrodzenia.com\/de\/wp-json\/wp\/v2\/product"}],"about":[{"href":"https:\/\/tcsogrodzenia.com\/de\/wp-json\/wp\/v2\/types\/product"}],"wp:featuredmedia":[{"embeddable":true,"href":"https:\/\/tcsogrodzenia.com\/de\/wp-json\/wp\/v2\/media\/9041"}],"wp:attachment":[{"href":"https:\/\/tcsogrodzenia.com\/de\/wp-json\/wp\/v2\/media?parent=32697"}],"wp:term":[{"taxonomy":"product_brand","embeddable":true,"href":"https:\/\/tcsogrodzenia.com\/de\/wp-json\/wp\/v2\/product_brand?post=32697"},{"taxonomy":"product_cat","embeddable":true,"href":"https:\/\/tcsogrodzenia.com\/de\/wp-json\/wp\/v2\/product_cat?post=32697"},{"taxonomy":"product_tag","embeddable":true,"href":"https:\/\/tcsogrodzenia.com\/de\/wp-json\/wp\/v2\/product_tag?post=32697"}],"curies":[{"name":"wp","href":"https:\/\/api.w.org\/{rel}","templated":true}]}}