{"id":34203,"date":"2021-11-30T10:35:07","date_gmt":"2022-09-29T13:18:09","guid":{"rendered":"https:\/\/tcsogrodzenia.com\/?post_type=product&#038;p=34203"},"modified":"2022-09-29T15:37:14","modified_gmt":"2022-09-29T13:37:14","slug":"splitzaun-vero","status":"publish","type":"product","link":"https:\/\/tcsogrodzenia.com\/de\/produkt\/splitzaun-vero\/","title":{"rendered":"Splitzaun &#8211; Vero"},"content":{"rendered":"<h3>Standardfarben<\/h3>\n<p>&nbsp;<\/p>\n<div style=\"display: flex; flex-wrap: wrap;\">\n<div>\n<img fetchpriority=\"high\" decoding=\"async\" class=\"alignnone size-medium wp-image-8900\" src=\"https:\/\/tcsogrodzenia.com\/wp-content\/uploads\/2021\/11\/pustak-slupkowy-vero-PV1-styrobud-300x300.png\" alt=\"\" width=\"280\" height=\"280\" srcset=\"https:\/\/tcsogrodzenia.com\/wp-content\/uploads\/2021\/11\/pustak-slupkowy-vero-PV1-styrobud-300x300.png 300w, https:\/\/tcsogrodzenia.com\/wp-content\/uploads\/2021\/11\/pustak-slupkowy-vero-PV1-styrobud-100x100.png 100w, https:\/\/tcsogrodzenia.com\/wp-content\/uploads\/2021\/11\/pustak-slupkowy-vero-PV1-styrobud.png 600w\" sizes=\"(max-width: 280px) 100vw, 280px\" \/><br \/>\nS\u00e4ule PV1<br \/>\nH\u00f6he (cm): 16<br \/>\nL\u00e4nge (cm): 38<br \/>\nBreite (cm): 22\n<\/div>\n<div>\n<img decoding=\"async\" class=\"alignnone size-medium wp-image-8903\" src=\"https:\/\/tcsogrodzenia.com\/wp-content\/uploads\/2021\/11\/pustak-slupkowy-vero-PV2-styrobud-300x300.png\" alt=\"\" width=\"280\" height=\"280\" srcset=\"https:\/\/tcsogrodzenia.com\/wp-content\/uploads\/2021\/11\/pustak-slupkowy-vero-PV2-styrobud-300x300.png 300w, https:\/\/tcsogrodzenia.com\/wp-content\/uploads\/2021\/11\/pustak-slupkowy-vero-PV2-styrobud-100x100.png 100w, https:\/\/tcsogrodzenia.com\/wp-content\/uploads\/2021\/11\/pustak-slupkowy-vero-PV2-styrobud.png 600w\" sizes=\"(max-width: 280px) 100vw, 280px\" \/><br \/>\nBackstein PV2<br \/>\nH\u00f6he (cm): 16<br \/>\nL\u00e4nge (cm): 38<br \/>\nBreite (cm): 22\n<\/div>\n<div>\n<img decoding=\"async\" class=\"alignnone size-medium wp-image-8906\" src=\"https:\/\/tcsogrodzenia.com\/wp-content\/uploads\/2021\/11\/pustak-slupkowy-vero-PV3-styrobud-1-300x300.jpg\" alt=\"\" width=\"280\" height=\"280\" srcset=\"https:\/\/tcsogrodzenia.com\/wp-content\/uploads\/2021\/11\/pustak-slupkowy-vero-PV3-styrobud-1-300x300.jpg 300w, https:\/\/tcsogrodzenia.com\/wp-content\/uploads\/2021\/11\/pustak-slupkowy-vero-PV3-styrobud-1-100x100.jpg 100w, https:\/\/tcsogrodzenia.com\/wp-content\/uploads\/2021\/11\/pustak-slupkowy-vero-PV3-styrobud-1.jpg 600w\" sizes=\"(max-width: 280px) 100vw, 280px\" \/><br \/>\nS\u00e4ule PV3<br \/>\nH\u00f6he (cm): 16<br \/>\nL\u00e4nge (cm): 38<br \/>\nBreite (cm): 38\n<\/div>\n<div>\n<img loading=\"lazy\" decoding=\"async\" class=\"alignnone size-medium wp-image-9379\" src=\"https:\/\/tcsogrodzenia.com\/wp-content\/uploads\/2021\/11\/pv4-300x300.jpg\" alt=\"\" width=\"280\" height=\"280\" srcset=\"https:\/\/tcsogrodzenia.com\/wp-content\/uploads\/2021\/11\/pv4-300x300.jpg 300w, https:\/\/tcsogrodzenia.com\/wp-content\/uploads\/2021\/11\/pv4-100x100.jpg 100w, https:\/\/tcsogrodzenia.com\/wp-content\/uploads\/2021\/11\/pv4.jpg 600w\" sizes=\"(max-width: 280px) 100vw, 280px\" \/><br \/>\nPost-Mug-Bl\u00fcte PV4<br \/>\nH\u00f6he (cm): 16<br \/>\nL\u00e4nge (cm): 38<br \/>\nBreite (cm): 38\n<\/div>\n<div>\n<img loading=\"lazy\" decoding=\"async\" class=\"alignnone size-medium wp-image-8951\" src=\"https:\/\/tcsogrodzenia.com\/wp-content\/uploads\/2021\/11\/daszek-vero-DV1-styrobud-1-300x300.png\" alt=\"\" width=\"280\" height=\"280\" srcset=\"https:\/\/tcsogrodzenia.com\/wp-content\/uploads\/2021\/11\/daszek-vero-DV1-styrobud-1-300x300.png 300w, https:\/\/tcsogrodzenia.com\/wp-content\/uploads\/2021\/11\/daszek-vero-DV1-styrobud-1-100x100.png 100w, https:\/\/tcsogrodzenia.com\/wp-content\/uploads\/2021\/11\/daszek-vero-DV1-styrobud-1.png 600w\" sizes=\"(max-width: 280px) 100vw, 280px\" \/><br \/>\nGipfel DV1<br \/>\nH\u00f6he (cm): 6<br \/>\nL\u00e4nge (cm): 23<br \/>\nBreite (cm): 30\n<\/div>\n<div>\n<img loading=\"lazy\" decoding=\"async\" class=\"alignnone size-medium wp-image-8954\" src=\"https:\/\/tcsogrodzenia.com\/wp-content\/uploads\/2021\/11\/daszek-vero-DV2-styrobud-1-300x300.jpg\" alt=\"\" width=\"280\" height=\"280\" srcset=\"https:\/\/tcsogrodzenia.com\/wp-content\/uploads\/2021\/11\/daszek-vero-DV2-styrobud-1-300x300.jpg 300w, https:\/\/tcsogrodzenia.com\/wp-content\/uploads\/2021\/11\/daszek-vero-DV2-styrobud-1-100x100.jpg 100w, https:\/\/tcsogrodzenia.com\/wp-content\/uploads\/2021\/11\/daszek-vero-DV2-styrobud-1.jpg 600w\" sizes=\"(max-width: 280px) 100vw, 280px\" \/><br \/>\nGipfel DV2<br \/>\nH\u00f6he (cm): 16<br \/>\nL\u00e4nge (cm): 23<br \/>\nBreite (cm): 46\n<\/div>\n<\/div>\n<hr \/>\n<h3>Standardfarben<\/h3>\n<p>&nbsp;<\/p>\n<div style=\"display: flex; flex-wrap: wrap;\">\n<div>KORTEN<br \/><img loading=\"lazy\" decoding=\"async\" class=\"alignnone size-medium wp-image-8923\" src=\"https:\/\/tcsogrodzenia.com\/wp-content\/uploads\/2021\/11\/ogrodzenie-lupane-vero-kolorystyka-korten-480x480-1-300x300.jpg\" alt=\"\" width=\"280\" height=\"280\" srcset=\"https:\/\/tcsogrodzenia.com\/wp-content\/uploads\/2021\/11\/ogrodzenie-lupane-vero-kolorystyka-korten-480x480-1-300x300.jpg 300w, https:\/\/tcsogrodzenia.com\/wp-content\/uploads\/2021\/11\/ogrodzenie-lupane-vero-kolorystyka-korten-480x480-1-100x100.jpg 100w, https:\/\/tcsogrodzenia.com\/wp-content\/uploads\/2021\/11\/ogrodzenie-lupane-vero-kolorystyka-korten-480x480-1.jpg 480w\" sizes=\"(max-width: 280px) 100vw, 280px\" \/><\/div>\n<div>STAHLWEI\u00df<br \/><img loading=\"lazy\" decoding=\"async\" class=\"alignnone size-medium wp-image-8929\" src=\"https:\/\/tcsogrodzenia.com\/wp-content\/uploads\/2021\/11\/stalbiel-300x300.jpg\" alt=\"\" width=\"280\" height=\"280\" srcset=\"https:\/\/tcsogrodzenia.com\/wp-content\/uploads\/2021\/11\/stalbiel-300x300.jpg 300w, https:\/\/tcsogrodzenia.com\/wp-content\/uploads\/2021\/11\/stalbiel-100x100.jpg 100w, https:\/\/tcsogrodzenia.com\/wp-content\/uploads\/2021\/11\/stalbiel.jpg 480w\" sizes=\"(max-width: 280px) 100vw, 280px\" \/><\/div>\n<div>NERO<br \/><img loading=\"lazy\" decoding=\"async\" class=\"alignnone size-medium wp-image-8932\" src=\"https:\/\/tcsogrodzenia.com\/wp-content\/uploads\/2021\/11\/vero-300x300.jpg\" alt=\"\" width=\"280\" height=\"280\" srcset=\"https:\/\/tcsogrodzenia.com\/wp-content\/uploads\/2021\/11\/vero-300x300.jpg 300w, https:\/\/tcsogrodzenia.com\/wp-content\/uploads\/2021\/11\/vero-100x100.jpg 100w, https:\/\/tcsogrodzenia.com\/wp-content\/uploads\/2021\/11\/vero.jpg 480w\" sizes=\"(max-width: 280px) 100vw, 280px\" \/><\/div>\n<div>BIANCO<br \/><img loading=\"lazy\" decoding=\"async\" class=\"alignnone size-medium wp-image-8917\" src=\"https:\/\/tcsogrodzenia.com\/wp-content\/uploads\/2021\/11\/bianco-300x300.jpg\" alt=\"\" width=\"280\" height=\"280\" srcset=\"https:\/\/tcsogrodzenia.com\/wp-content\/uploads\/2021\/11\/bianco-300x300.jpg 300w, https:\/\/tcsogrodzenia.com\/wp-content\/uploads\/2021\/11\/bianco-100x100.jpg 100w, https:\/\/tcsogrodzenia.com\/wp-content\/uploads\/2021\/11\/bianco.jpg 480w\" sizes=\"(max-width: 280px) 100vw, 280px\" \/><\/div>\n<div>AGAT<br \/><img loading=\"lazy\" decoding=\"async\" class=\"alignnone size-medium wp-image-8914\" src=\"https:\/\/tcsogrodzenia.com\/wp-content\/uploads\/2021\/11\/agat-300x300.jpg\" alt=\"\" width=\"280\" height=\"280\" srcset=\"https:\/\/tcsogrodzenia.com\/wp-content\/uploads\/2021\/11\/agat-300x300.jpg 300w, https:\/\/tcsogrodzenia.com\/wp-content\/uploads\/2021\/11\/agat-100x100.jpg 100w, https:\/\/tcsogrodzenia.com\/wp-content\/uploads\/2021\/11\/agat.jpg 480w\" sizes=\"(max-width: 280px) 100vw, 280px\" \/><\/div>\n<div>CREMO<br \/><img loading=\"lazy\" decoding=\"async\" class=\"alignnone size-medium wp-image-8920\" src=\"https:\/\/tcsogrodzenia.com\/wp-content\/uploads\/2021\/11\/cremo-300x300.jpg\" alt=\"\" width=\"280\" height=\"280\" srcset=\"https:\/\/tcsogrodzenia.com\/wp-content\/uploads\/2021\/11\/cremo-300x300.jpg 300w, https:\/\/tcsogrodzenia.com\/wp-content\/uploads\/2021\/11\/cremo-100x100.jpg 100w, https:\/\/tcsogrodzenia.com\/wp-content\/uploads\/2021\/11\/cremo.jpg 480w\" sizes=\"(max-width: 280px) 100vw, 280px\" \/><\/div>\n<div>SAND<br \/><img loading=\"lazy\" decoding=\"async\" class=\"alignnone size-medium wp-image-8926\" src=\"https:\/\/tcsogrodzenia.com\/wp-content\/uploads\/2021\/11\/piaskowy-300x300.jpg\" alt=\"\" width=\"280\" height=\"280\" srcset=\"https:\/\/tcsogrodzenia.com\/wp-content\/uploads\/2021\/11\/piaskowy-300x300.jpg 300w, https:\/\/tcsogrodzenia.com\/wp-content\/uploads\/2021\/11\/piaskowy-100x100.jpg 100w, https:\/\/tcsogrodzenia.com\/wp-content\/uploads\/2021\/11\/piaskowy.jpg 480w\" sizes=\"(max-width: 280px) 100vw, 280px\" \/><\/div>\n<\/div>\n","protected":false},"excerpt":{"rendered":"<p>Standardfarben &nbsp; S\u00e4ule PV1 H\u00f6he (cm): 16 L\u00e4nge (cm): 38 Breite (cm): 22 Backstein PV2 H\u00f6he (cm): 16 L\u00e4nge (cm): 38 Breite (cm): 22 S\u00e4ule PV3 H\u00f6he (cm): 16 L\u00e4nge (cm): 38 Breite (cm): 38 Post-Mug-Bl\u00fcte PV4 H\u00f6he (cm): 16 L\u00e4nge (cm): 38 Breite (cm): 38 Gipfel DV1 H\u00f6he (cm): 6 L\u00e4nge (cm): 23 Breite [&hellip;]<\/p>\n","protected":false},"featured_media":8897,"template":"","meta":{"site-sidebar-layout":"default","site-content-layout":"default","ast-site-content-layout":"default","site-content-style":"default","site-sidebar-style":"default","ast-global-header-display":"","ast-banner-title-visibility":"","ast-main-header-display":"","ast-hfb-above-header-display":"","ast-hfb-below-header-display":"","ast-hfb-mobile-header-display":"","site-post-title":"","ast-breadcrumbs-content":"","ast-featured-img":"","footer-sml-layout":"","ast-disable-related-posts":"","theme-transparent-header-meta":"default","adv-header-id-meta":"","stick-header-meta":"default","header-above-stick-meta":"","header-main-stick-meta":"","header-below-stick-meta":"","astra-migrate-meta-layouts":"default","ast-page-background-enabled":"default","ast-page-background-meta":{"desktop":{"background-color":"var(--ast-global-color-4)","background-image":"","background-repeat":"repeat","background-position":"center center","background-size":"auto","background-attachment":"scroll","background-type":"","background-media":"","overlay-type":"","overlay-color":"","overlay-opacity":"","overlay-gradient":""},"tablet":{"background-color":"","background-image":"","background-repeat":"repeat","background-position":"center center","background-size":"auto","background-attachment":"scroll","background-type":"","background-media":"","overlay-type":"","overlay-color":"","overlay-opacity":"","overlay-gradient":""},"mobile":{"background-color":"","background-image":"","background-repeat":"repeat","background-position":"center center","background-size":"auto","background-attachment":"scroll","background-type":"","background-media":"","overlay-type":"","overlay-color":"","overlay-opacity":"","overlay-gradient":""}},"ast-content-background-meta":{"desktop":{"background-color":"var(--ast-global-color-5)","background-image":"","background-repeat":"repeat","background-position":"center center","background-size":"auto","background-attachment":"scroll","background-type":"","background-media":"","overlay-type":"","overlay-color":"","overlay-opacity":"","overlay-gradient":""},"tablet":{"background-color":"var(--ast-global-color-5)","background-image":"","background-repeat":"repeat","background-position":"center center","background-size":"auto","background-attachment":"scroll","background-type":"","background-media":"","overlay-type":"","overlay-color":"","overlay-opacity":"","overlay-gradient":""},"mobile":{"background-color":"var(--ast-global-color-5)","background-image":"","background-repeat":"repeat","background-position":"center center","background-size":"auto","background-attachment":"scroll","background-type":"","background-media":"","overlay-type":"","overlay-color":"","overlay-opacity":"","overlay-gradient":""}}},"product_brand":[],"product_cat":[212],"product_tag":[],"class_list":{"0":"post-34203","1":"product","2":"type-product","3":"status-publish","4":"has-post-thumbnail","6":"product_cat-glatter-und-geteilter-zaun-styrobud","7":"desktop-align-left","8":"tablet-align-left","9":"mobile-align-left","10":"ast-product-gallery-layout-horizontal-slider","11":"ast-product-gallery-with-no-image","12":"ast-product-tabs-layout-horizontal","14":"first","15":"instock","16":"shipping-taxable","17":"product-type-simple"},"_links":{"self":[{"href":"https:\/\/tcsogrodzenia.com\/de\/wp-json\/wp\/v2\/product\/34203","targetHints":{"allow":["GET"]}}],"collection":[{"href":"https:\/\/tcsogrodzenia.com\/de\/wp-json\/wp\/v2\/product"}],"about":[{"href":"https:\/\/tcsogrodzenia.com\/de\/wp-json\/wp\/v2\/types\/product"}],"wp:featuredmedia":[{"embeddable":true,"href":"https:\/\/tcsogrodzenia.com\/de\/wp-json\/wp\/v2\/media\/8897"}],"wp:attachment":[{"href":"https:\/\/tcsogrodzenia.com\/de\/wp-json\/wp\/v2\/media?parent=34203"}],"wp:term":[{"taxonomy":"product_brand","embeddable":true,"href":"https:\/\/tcsogrodzenia.com\/de\/wp-json\/wp\/v2\/product_brand?post=34203"},{"taxonomy":"product_cat","embeddable":true,"href":"https:\/\/tcsogrodzenia.com\/de\/wp-json\/wp\/v2\/product_cat?post=34203"},{"taxonomy":"product_tag","embeddable":true,"href":"https:\/\/tcsogrodzenia.com\/de\/wp-json\/wp\/v2\/product_tag?post=34203"}],"curies":[{"name":"wp","href":"https:\/\/api.w.org\/{rel}","templated":true}]}}