{"id":34224,"date":"2021-12-08T10:47:17","date_gmt":"2022-09-29T13:45:21","guid":{"rendered":"https:\/\/tcsogrodzenia.com\/?post_type=product&#038;p=34224"},"modified":"2022-09-30T09:29:05","modified_gmt":"2022-09-30T07:29:05","slug":"koeniglicher-glatten-zaun","status":"publish","type":"product","link":"https:\/\/tcsogrodzenia.com\/de\/produkt\/koeniglicher-glatten-zaun\/","title":{"rendered":"K\u00d6NIGLICHER GLATTEN ZAUN"},"content":{"rendered":"<h3>MASSE<\/h3>\n<p>S50 _ 50\u00d740 cm<br \/>\nP50 _ 50\u00d720 cm<br \/>\nP25 _ 25\u00d720 cm<\/p>\n<p>&nbsp;<\/p>\n<h3>H\u00d6HE<\/h3>\n<p>20 cm<\/p>\n<p>&nbsp;<\/p>\n<h3>AUFTAUCHEN<\/h3>\n<p>G\u0142adka<\/p>\n<p>&nbsp;<\/p>\n<h3>ST\u00dcCKZAHL PRO PALETTE<\/h3>\n<p>S50 _ 30 szt<br \/>\nP50 _ 60 szt<br \/>\nP50 _ 120 szt<\/p>\n<p>&nbsp;<\/p>\n<h3>PALETTENGEWICHT<\/h3>\n<p>S50 _ 1320 kg<br \/>\nP50 _ 1472 kg<br \/>\nP50 _ 1582 kg<\/p>\n<p>&nbsp;<\/p>\n<hr \/>\n<h3>FARBEN<\/h3>\n<p>&nbsp;<\/p>\n<div style=\"display: flex; flex-wrap: wrap;\">\n<div>\n<p>WEI\u00dfER STANDARD<\/p>\n<p><img decoding=\"async\" class=\"alignnone size-full wp-image-9155\" src=\"https:\/\/tcsogrodzenia.com\/wp-content\/uploads\/2021\/11\/colstwh.jpg\" alt=\"\" width=\"260\" height=\"100\" \/><\/p>\n<\/div>\n<div>\n<p>STANDARD GRAFIT<\/p>\n<p><img decoding=\"async\" class=\"alignnone size-full wp-image-9128\" src=\"https:\/\/tcsogrodzenia.com\/wp-content\/uploads\/2021\/11\/colgrafit.jpg\" alt=\"\" width=\"260\" height=\"100\" \/><\/p>\n<\/div>\n<div>\n<p>STANDARD LATTE<\/p>\n<p><img decoding=\"async\" class=\"alignnone size-full wp-image-9146\" src=\"https:\/\/tcsogrodzenia.com\/wp-content\/uploads\/2021\/11\/colstlatte.jpg\" alt=\"\" width=\"260\" height=\"100\" \/><\/p>\n<\/div>\n<div>\n<p>STANDARD LUNGO<\/p>\n<p><img loading=\"lazy\" decoding=\"async\" class=\"alignnone size-full wp-image-9149\" src=\"https:\/\/tcsogrodzenia.com\/wp-content\/uploads\/2021\/11\/colstlungo.jpg\" alt=\"\" width=\"260\" height=\"100\" \/><\/p>\n<\/div>\n<div>\n<p>STANDARD ESPRESSO<\/p>\n<p><img loading=\"lazy\" decoding=\"async\" class=\"alignnone size-full wp-image-9140\" src=\"https:\/\/tcsogrodzenia.com\/wp-content\/uploads\/2021\/11\/colstespresso.jpg\" alt=\"\" width=\"260\" height=\"100\" \/><\/p>\n<\/div>\n<div>\n<p>MIX A4 SCHOKOLADE<\/p>\n<p><img loading=\"lazy\" decoding=\"async\" class=\"alignnone size-full wp-image-9234\" src=\"https:\/\/tcsogrodzenia.com\/wp-content\/uploads\/2021\/11\/a4chocc.jpg\" alt=\"\" width=\"260\" height=\"100\" \/><\/p>\n<\/div>\n<div>\n<p>MIX A5 TOFFI<\/p>\n<p><img loading=\"lazy\" decoding=\"async\" class=\"alignnone size-full wp-image-9198\" src=\"https:\/\/tcsogrodzenia.com\/wp-content\/uploads\/2021\/11\/colmixa5toffi.jpg\" alt=\"\" width=\"260\" height=\"100\" \/><\/p>\n<\/div>\n<div>\n<p>MIX A6 MARAGO<\/p>\n<p><img loading=\"lazy\" decoding=\"async\" class=\"alignnone size-full wp-image-9104\" src=\"https:\/\/tcsogrodzenia.com\/wp-content\/uploads\/2021\/11\/cola6mar.jpg\" alt=\"\" width=\"260\" height=\"100\" \/><\/p>\n<\/div>\n<div>\n<p>MIX A6 S<\/p>\n<p><img loading=\"lazy\" decoding=\"async\" class=\"alignnone size-full wp-image-9107\" src=\"https:\/\/tcsogrodzenia.com\/wp-content\/uploads\/2021\/11\/cola6s.jpg\" alt=\"\" width=\"260\" height=\"100\" \/><\/p>\n<\/div>\n<div>\n<p>MIX A7 WANILIA<\/p>\n<p><img loading=\"lazy\" decoding=\"async\" class=\"alignnone size-full wp-image-9110\" src=\"https:\/\/tcsogrodzenia.com\/wp-content\/uploads\/2021\/11\/cola7vanilla.jpg\" alt=\"\" width=\"260\" height=\"100\" \/><\/p>\n<\/div>\n<div>\n<p>MIX A8 MOCCA<\/p>\n<p><img loading=\"lazy\" decoding=\"async\" class=\"alignnone size-full wp-image-9248\" src=\"https:\/\/tcsogrodzenia.com\/wp-content\/uploads\/2021\/11\/a8mocc.jpg\" alt=\"\" width=\"260\" height=\"100\" \/><\/p>\n<\/div>\n<div>\n<p>MIX A10 ROMANO<\/p>\n<p><img loading=\"lazy\" decoding=\"async\" class=\"alignnone size-full wp-image-9116\" src=\"https:\/\/tcsogrodzenia.com\/wp-content\/uploads\/2021\/11\/cola10romano.jpg\" alt=\"\" width=\"260\" height=\"100\" \/><\/p>\n<\/div>\n<div>\n<p>MIX A11 CAPUCINO<\/p>\n<p><img loading=\"lazy\" decoding=\"async\" class=\"alignnone size-full wp-image-9119\" src=\"https:\/\/tcsogrodzenia.com\/wp-content\/uploads\/2021\/11\/cola11capucino.jpg\" alt=\"\" width=\"260\" height=\"100\" \/><\/p>\n<\/div>\n<div>\n<p>MIX A12 FRAPPE<\/p>\n<p><img loading=\"lazy\" decoding=\"async\" class=\"alignnone size-full wp-image-9177\" src=\"https:\/\/tcsogrodzenia.com\/wp-content\/uploads\/2021\/11\/cola12frappe-1.jpg\" alt=\"\" width=\"260\" height=\"100\" \/><\/p>\n<\/div>\n<\/div>\n","protected":false},"excerpt":{"rendered":"<p>MASSE S50 _ 50\u00d740 cm P50 _ 50\u00d720 cm P25 _ 25\u00d720 cm &nbsp; H\u00d6HE 20 cm &nbsp; AUFTAUCHEN G\u0142adka &nbsp; ST\u00dcCKZAHL PRO PALETTE S50 _ 30 szt P50 _ 60 szt P50 _ 120 szt &nbsp; PALETTENGEWICHT S50 _ 1320 kg P50 _ 1472 kg P50 _ 1582 kg &nbsp; FARBEN &nbsp; WEI\u00dfER STANDARD [&hellip;]<\/p>\n","protected":false},"featured_media":8544,"template":"","meta":{"site-sidebar-layout":"default","site-content-layout":"default","ast-site-content-layout":"default","site-content-style":"default","site-sidebar-style":"default","ast-global-header-display":"","ast-banner-title-visibility":"","ast-main-header-display":"","ast-hfb-above-header-display":"","ast-hfb-below-header-display":"","ast-hfb-mobile-header-display":"","site-post-title":"","ast-breadcrumbs-content":"","ast-featured-img":"","footer-sml-layout":"","ast-disable-related-posts":"","theme-transparent-header-meta":"default","adv-header-id-meta":"","stick-header-meta":"default","header-above-stick-meta":"","header-main-stick-meta":"","header-below-stick-meta":"","astra-migrate-meta-layouts":"default","ast-page-background-enabled":"default","ast-page-background-meta":{"desktop":{"background-color":"var(--ast-global-color-4)","background-image":"","background-repeat":"repeat","background-position":"center center","background-size":"auto","background-attachment":"scroll","background-type":"","background-media":"","overlay-type":"","overlay-color":"","overlay-opacity":"","overlay-gradient":""},"tablet":{"background-color":"","background-image":"","background-repeat":"repeat","background-position":"center center","background-size":"auto","background-attachment":"scroll","background-type":"","background-media":"","overlay-type":"","overlay-color":"","overlay-opacity":"","overlay-gradient":""},"mobile":{"background-color":"","background-image":"","background-repeat":"repeat","background-position":"center center","background-size":"auto","background-attachment":"scroll","background-type":"","background-media":"","overlay-type":"","overlay-color":"","overlay-opacity":"","overlay-gradient":""}},"ast-content-background-meta":{"desktop":{"background-color":"var(--ast-global-color-5)","background-image":"","background-repeat":"repeat","background-position":"center center","background-size":"auto","background-attachment":"scroll","background-type":"","background-media":"","overlay-type":"","overlay-color":"","overlay-opacity":"","overlay-gradient":""},"tablet":{"background-color":"var(--ast-global-color-5)","background-image":"","background-repeat":"repeat","background-position":"center center","background-size":"auto","background-attachment":"scroll","background-type":"","background-media":"","overlay-type":"","overlay-color":"","overlay-opacity":"","overlay-gradient":""},"mobile":{"background-color":"var(--ast-global-color-5)","background-image":"","background-repeat":"repeat","background-position":"center center","background-size":"auto","background-attachment":"scroll","background-type":"","background-media":"","overlay-type":"","overlay-color":"","overlay-opacity":"","overlay-gradient":""}}},"product_brand":[],"product_cat":[167],"product_tag":[],"class_list":{"0":"post-34224","1":"product","2":"type-product","3":"status-publish","4":"has-post-thumbnail","6":"product_cat-mauern-und-zaune-kostbet","7":"desktop-align-left","8":"tablet-align-left","9":"mobile-align-left","10":"ast-product-gallery-layout-horizontal-slider","11":"ast-product-gallery-with-no-image","12":"ast-product-tabs-layout-horizontal","14":"first","15":"instock","16":"shipping-taxable","17":"product-type-simple"},"_links":{"self":[{"href":"https:\/\/tcsogrodzenia.com\/de\/wp-json\/wp\/v2\/product\/34224","targetHints":{"allow":["GET"]}}],"collection":[{"href":"https:\/\/tcsogrodzenia.com\/de\/wp-json\/wp\/v2\/product"}],"about":[{"href":"https:\/\/tcsogrodzenia.com\/de\/wp-json\/wp\/v2\/types\/product"}],"wp:featuredmedia":[{"embeddable":true,"href":"https:\/\/tcsogrodzenia.com\/de\/wp-json\/wp\/v2\/media\/8544"}],"wp:attachment":[{"href":"https:\/\/tcsogrodzenia.com\/de\/wp-json\/wp\/v2\/media?parent=34224"}],"wp:term":[{"taxonomy":"product_brand","embeddable":true,"href":"https:\/\/tcsogrodzenia.com\/de\/wp-json\/wp\/v2\/product_brand?post=34224"},{"taxonomy":"product_cat","embeddable":true,"href":"https:\/\/tcsogrodzenia.com\/de\/wp-json\/wp\/v2\/product_cat?post=34224"},{"taxonomy":"product_tag","embeddable":true,"href":"https:\/\/tcsogrodzenia.com\/de\/wp-json\/wp\/v2\/product_tag?post=34224"}],"curies":[{"name":"wp","href":"https:\/\/api.w.org\/{rel}","templated":true}]}}