{"id":3700,"date":"2018-04-16T13:48:48","date_gmt":"2018-04-16T11:48:49","guid":{"rendered":"https:\/\/tcsogrodzenia.com\/?post_type=product&#038;p=3700"},"modified":"2021-11-24T09:49:21","modified_gmt":"2021-11-24T08:49:21","slug":"bramy-skladane","status":"publish","type":"product","link":"https:\/\/tcsogrodzenia.com\/de\/produkt\/bramy-skladane\/","title":{"rendered":"Klapptore"},"content":{"rendered":"","protected":false},"excerpt":{"rendered":"<p class=\"vc_custom_heading\"><span style=\"font-size: 24px;\"><b>KLAPPTORE<\/b><\/span><\/p>\n<p>Falttore sind in allen Tormodellen von KONSPORT erh\u00e4ltlich. Dadurch wird die Integrit\u00e4t des gesamten Zauns einschlie\u00dflich des Eingangs erhalten. Dadurch wird die Integrit\u00e4t des gesamten Zauns einschlie\u00dflich des Eingangs erhalten. Das Tor ist mit den meisten zweimotorigen Antrieben kompatibel. Die Wahl der Automatisierung richtet sich daher nach dem Verwendungszweck des Tors, d. h. danach, ob es f\u00fcr private oder industrielle Zwecke eingesetzt wird.<\/p>\n<p class=\"tytul-strony srodek ralowe\"><span style=\"font-size: 24px;\"><b>STANDARDFARBEN<\/b><\/span><\/p>\n<p><img decoding=\"async\" class=\"alignnone wp-image-394 size-full\" src=\"https:\/\/tcsogrodzenia.com\/wp-content\/uploads\/2017\/05\/ral-8019.jpg\" alt=\"\" width=\"76\" height=\"76\" srcset=\"https:\/\/tcsogrodzenia.com\/wp-content\/uploads\/2017\/05\/ral-8019.jpg 76w, https:\/\/tcsogrodzenia.com\/wp-content\/uploads\/2017\/05\/ral-8019-100x100.jpg 100w, https:\/\/tcsogrodzenia.com\/wp-content\/uploads\/2017\/05\/ral-8019-50x50.jpg 50w, https:\/\/tcsogrodzenia.com\/wp-content\/uploads\/2017\/05\/ral-8019-75x75.jpg 75w\" sizes=\"(max-width: 76px) 100vw, 76px\" \/> <img decoding=\"async\" class=\"alignnone wp-image-388 size-full\" src=\"https:\/\/tcsogrodzenia.com\/wp-content\/uploads\/2017\/05\/8017.jpg\" alt=\"\" width=\"76\" height=\"76\" srcset=\"https:\/\/tcsogrodzenia.com\/wp-content\/uploads\/2017\/05\/8017.jpg 76w, https:\/\/tcsogrodzenia.com\/wp-content\/uploads\/2017\/05\/8017-100x100.jpg 100w, https:\/\/tcsogrodzenia.com\/wp-content\/uploads\/2017\/05\/8017-50x50.jpg 50w, https:\/\/tcsogrodzenia.com\/wp-content\/uploads\/2017\/05\/8017-75x75.jpg 75w\" sizes=\"(max-width: 76px) 100vw, 76px\" \/> <img decoding=\"async\" class=\"alignnone wp-image-385 size-full\" src=\"https:\/\/tcsogrodzenia.com\/wp-content\/uploads\/2017\/05\/7040.jpg\" alt=\"\" width=\"76\" height=\"76\" srcset=\"https:\/\/tcsogrodzenia.com\/wp-content\/uploads\/2017\/05\/7040.jpg 76w, https:\/\/tcsogrodzenia.com\/wp-content\/uploads\/2017\/05\/7040-100x100.jpg 100w, https:\/\/tcsogrodzenia.com\/wp-content\/uploads\/2017\/05\/7040-50x50.jpg 50w, https:\/\/tcsogrodzenia.com\/wp-content\/uploads\/2017\/05\/7040-75x75.jpg 75w\" sizes=\"(max-width: 76px) 100vw, 76px\" \/> <img loading=\"lazy\" decoding=\"async\" class=\"alignnone wp-image-382 size-full\" src=\"https:\/\/tcsogrodzenia.com\/wp-content\/uploads\/2017\/05\/7030.jpg\" alt=\"\" width=\"76\" height=\"76\" srcset=\"https:\/\/tcsogrodzenia.com\/wp-content\/uploads\/2017\/05\/7030.jpg 76w, https:\/\/tcsogrodzenia.com\/wp-content\/uploads\/2017\/05\/7030-100x100.jpg 100w, https:\/\/tcsogrodzenia.com\/wp-content\/uploads\/2017\/05\/7030-50x50.jpg 50w, https:\/\/tcsogrodzenia.com\/wp-content\/uploads\/2017\/05\/7030-75x75.jpg 75w\" sizes=\"(max-width: 76px) 100vw, 76px\" \/> <br \/>\n <img loading=\"lazy\" decoding=\"async\" class=\"alignnone wp-image-391 size-full\" src=\"https:\/\/tcsogrodzenia.com\/wp-content\/uploads\/2017\/05\/9005.jpg\" alt=\"\" width=\"76\" height=\"76\" srcset=\"https:\/\/tcsogrodzenia.com\/wp-content\/uploads\/2017\/05\/9005.jpg 76w, https:\/\/tcsogrodzenia.com\/wp-content\/uploads\/2017\/05\/9005-100x100.jpg 100w, https:\/\/tcsogrodzenia.com\/wp-content\/uploads\/2017\/05\/9005-50x50.jpg 50w, https:\/\/tcsogrodzenia.com\/wp-content\/uploads\/2017\/05\/9005-75x75.jpg 75w\" sizes=\"(max-width: 76px) 100vw, 76px\" \/> <img loading=\"lazy\" decoding=\"async\" class=\"alignnone wp-image-373 size-full\" src=\"https:\/\/tcsogrodzenia.com\/wp-content\/uploads\/2017\/05\/6005.jpg\" alt=\"\" width=\"76\" height=\"76\" srcset=\"https:\/\/tcsogrodzenia.com\/wp-content\/uploads\/2017\/05\/6005.jpg 76w, https:\/\/tcsogrodzenia.com\/wp-content\/uploads\/2017\/05\/6005-100x100.jpg 100w, https:\/\/tcsogrodzenia.com\/wp-content\/uploads\/2017\/05\/6005-50x50.jpg 50w, https:\/\/tcsogrodzenia.com\/wp-content\/uploads\/2017\/05\/6005-75x75.jpg 75w\" sizes=\"(max-width: 76px) 100vw, 76px\" \/> <img loading=\"lazy\" decoding=\"async\" class=\"alignnone wp-image-376 size-full\" src=\"https:\/\/tcsogrodzenia.com\/wp-content\/uploads\/2017\/05\/7016.jpg\" alt=\"\" width=\"76\" height=\"76\" srcset=\"https:\/\/tcsogrodzenia.com\/wp-content\/uploads\/2017\/05\/7016.jpg 76w, https:\/\/tcsogrodzenia.com\/wp-content\/uploads\/2017\/05\/7016-100x100.jpg 100w, https:\/\/tcsogrodzenia.com\/wp-content\/uploads\/2017\/05\/7016-50x50.jpg 50w, https:\/\/tcsogrodzenia.com\/wp-content\/uploads\/2017\/05\/7016-75x75.jpg 75w\" sizes=\"(max-width: 76px) 100vw, 76px\" \/> <img loading=\"lazy\" decoding=\"async\" class=\"alignnone wp-image-379 size-full\" src=\"https:\/\/tcsogrodzenia.com\/wp-content\/uploads\/2017\/05\/7021.jpg\" alt=\"\" width=\"76\" height=\"76\" srcset=\"https:\/\/tcsogrodzenia.com\/wp-content\/uploads\/2017\/05\/7021.jpg 76w, https:\/\/tcsogrodzenia.com\/wp-content\/uploads\/2017\/05\/7021-100x100.jpg 100w, https:\/\/tcsogrodzenia.com\/wp-content\/uploads\/2017\/05\/7021-50x50.jpg 50w, https:\/\/tcsogrodzenia.com\/wp-content\/uploads\/2017\/05\/7021-75x75.jpg 75w\" sizes=\"(max-width: 76px) 100vw, 76px\" \/><\/p>\n","protected":false},"featured_media":3724,"template":"","meta":{"site-sidebar-layout":"default","site-content-layout":"","ast-site-content-layout":"default","site-content-style":"default","site-sidebar-style":"default","ast-global-header-display":"","ast-banner-title-visibility":"","ast-main-header-display":"","ast-hfb-above-header-display":"","ast-hfb-below-header-display":"","ast-hfb-mobile-header-display":"","site-post-title":"","ast-breadcrumbs-content":"","ast-featured-img":"","footer-sml-layout":"","ast-disable-related-posts":"","theme-transparent-header-meta":"","adv-header-id-meta":"","stick-header-meta":"","header-above-stick-meta":"","header-main-stick-meta":"","header-below-stick-meta":"","astra-migrate-meta-layouts":"default","ast-page-background-enabled":"default","ast-page-background-meta":{"desktop":{"background-color":"var(--ast-global-color-4)","background-image":"","background-repeat":"repeat","background-position":"center center","background-size":"auto","background-attachment":"scroll","background-type":"","background-media":"","overlay-type":"","overlay-color":"","overlay-opacity":"","overlay-gradient":""},"tablet":{"background-color":"","background-image":"","background-repeat":"repeat","background-position":"center center","background-size":"auto","background-attachment":"scroll","background-type":"","background-media":"","overlay-type":"","overlay-color":"","overlay-opacity":"","overlay-gradient":""},"mobile":{"background-color":"","background-image":"","background-repeat":"repeat","background-position":"center center","background-size":"auto","background-attachment":"scroll","background-type":"","background-media":"","overlay-type":"","overlay-color":"","overlay-opacity":"","overlay-gradient":""}},"ast-content-background-meta":{"desktop":{"background-color":"var(--ast-global-color-5)","background-image":"","background-repeat":"repeat","background-position":"center center","background-size":"auto","background-attachment":"scroll","background-type":"","background-media":"","overlay-type":"","overlay-color":"","overlay-opacity":"","overlay-gradient":""},"tablet":{"background-color":"var(--ast-global-color-5)","background-image":"","background-repeat":"repeat","background-position":"center center","background-size":"auto","background-attachment":"scroll","background-type":"","background-media":"","overlay-type":"","overlay-color":"","overlay-opacity":"","overlay-gradient":""},"mobile":{"background-color":"var(--ast-global-color-5)","background-image":"","background-repeat":"repeat","background-position":"center center","background-size":"auto","background-attachment":"scroll","background-type":"","background-media":"","overlay-type":"","overlay-color":"","overlay-opacity":"","overlay-gradient":""}}},"product_brand":[],"product_cat":[159],"product_tag":[],"class_list":{"0":"post-3700","1":"product","2":"type-product","3":"status-publish","4":"has-post-thumbnail","6":"product_cat-nachrichten","7":"desktop-align-left","8":"tablet-align-left","9":"mobile-align-left","10":"ast-product-gallery-layout-horizontal-slider","11":"ast-product-gallery-with-no-image","12":"ast-product-tabs-layout-horizontal","14":"first","15":"instock","16":"shipping-taxable","17":"product-type-simple"},"_links":{"self":[{"href":"https:\/\/tcsogrodzenia.com\/de\/wp-json\/wp\/v2\/product\/3700","targetHints":{"allow":["GET"]}}],"collection":[{"href":"https:\/\/tcsogrodzenia.com\/de\/wp-json\/wp\/v2\/product"}],"about":[{"href":"https:\/\/tcsogrodzenia.com\/de\/wp-json\/wp\/v2\/types\/product"}],"wp:featuredmedia":[{"embeddable":true,"href":"https:\/\/tcsogrodzenia.com\/de\/wp-json\/wp\/v2\/media\/3724"}],"wp:attachment":[{"href":"https:\/\/tcsogrodzenia.com\/de\/wp-json\/wp\/v2\/media?parent=3700"}],"wp:term":[{"taxonomy":"product_brand","embeddable":true,"href":"https:\/\/tcsogrodzenia.com\/de\/wp-json\/wp\/v2\/product_brand?post=3700"},{"taxonomy":"product_cat","embeddable":true,"href":"https:\/\/tcsogrodzenia.com\/de\/wp-json\/wp\/v2\/product_cat?post=3700"},{"taxonomy":"product_tag","embeddable":true,"href":"https:\/\/tcsogrodzenia.com\/de\/wp-json\/wp\/v2\/product_tag?post=3700"}],"curies":[{"name":"wp","href":"https:\/\/api.w.org\/{rel}","templated":true}]}}