{"id":40076,"date":"2025-09-17T15:18:47","date_gmt":"2025-09-17T13:18:47","guid":{"rendered":"https:\/\/tcsogrodzenia.com\/produkt\/modul-classic\/"},"modified":"2025-09-19T08:34:29","modified_gmt":"2025-09-19T06:34:29","slug":"modul-classic","status":"publish","type":"product","link":"https:\/\/tcsogrodzenia.com\/de\/produkt\/modul-classic\/","title":{"rendered":"Modul Classic"},"content":{"rendered":"<p>Farbe:<\/p>\n<ul>\n<li>Wei\u00df, Beige, Grau, Hellgrau, Dunkelgrau, Braun, Schwarz<\/li>\n<\/ul>\n<p>Gr\u00f6\u00dfe:<\/p>\n<ul>\n<li>80x150x19 cm, 80x165x19 cm, 80x180x19 cm<\/li>\n<\/ul>\n<p>Verwendungszweck:<\/p>\n<ul>\n<li>f\u00fcr den Au\u00dfenbereich<\/li>\n<\/ul>\n<p><img decoding=\"async\" class=\"alignnone wp-image-39963\" src=\"https:\/\/tcsogrodzenia.com\/wp-content\/uploads\/2022\/08\/MULTI_CLASIC-768x1024.jpg\" alt=\"\" width=\"144\" height=\"192\" srcset=\"https:\/\/tcsogrodzenia.com\/wp-content\/uploads\/2022\/08\/MULTI_CLASIC-768x1024.jpg 768w, https:\/\/tcsogrodzenia.com\/wp-content\/uploads\/2022\/08\/MULTI_CLASIC-576x768.jpg 576w, https:\/\/tcsogrodzenia.com\/wp-content\/uploads\/2022\/08\/MULTI_CLASIC-360x480.jpg 360w, https:\/\/tcsogrodzenia.com\/wp-content\/uploads\/2022\/08\/MULTI_CLASIC-1152x1536.jpg 1152w, https:\/\/tcsogrodzenia.com\/wp-content\/uploads\/2022\/08\/MULTI_CLASIC-600x800.jpg 600w, https:\/\/tcsogrodzenia.com\/wp-content\/uploads\/2022\/08\/MULTI_CLASIC-800x1067.jpg 800w, https:\/\/tcsogrodzenia.com\/wp-content\/uploads\/2022\/08\/MULTI_CLASIC.jpg 1240w\" sizes=\"(max-width: 144px) 100vw, 144px\" \/> <img decoding=\"async\" class=\"alignnone wp-image-39966\" src=\"https:\/\/tcsogrodzenia.com\/wp-content\/uploads\/2022\/08\/MULTI_LORUM-768x1024.jpg\" alt=\"\" width=\"144\" height=\"192\" srcset=\"https:\/\/tcsogrodzenia.com\/wp-content\/uploads\/2022\/08\/MULTI_LORUM-768x1024.jpg 768w, https:\/\/tcsogrodzenia.com\/wp-content\/uploads\/2022\/08\/MULTI_LORUM-576x768.jpg 576w, https:\/\/tcsogrodzenia.com\/wp-content\/uploads\/2022\/08\/MULTI_LORUM-360x480.jpg 360w, https:\/\/tcsogrodzenia.com\/wp-content\/uploads\/2022\/08\/MULTI_LORUM-1152x1536.jpg 1152w, https:\/\/tcsogrodzenia.com\/wp-content\/uploads\/2022\/08\/MULTI_LORUM-600x800.jpg 600w, https:\/\/tcsogrodzenia.com\/wp-content\/uploads\/2022\/08\/MULTI_LORUM-800x1067.jpg 800w, https:\/\/tcsogrodzenia.com\/wp-content\/uploads\/2022\/08\/MULTI_LORUM.jpg 1240w\" sizes=\"(max-width: 144px) 100vw, 144px\" \/> <img decoding=\"async\" class=\"alignnone wp-image-39969\" src=\"https:\/\/tcsogrodzenia.com\/wp-content\/uploads\/2022\/08\/MULTI_SCALA-768x1024.jpg\" alt=\"\" width=\"145\" height=\"194\" srcset=\"https:\/\/tcsogrodzenia.com\/wp-content\/uploads\/2022\/08\/MULTI_SCALA-768x1024.jpg 768w, https:\/\/tcsogrodzenia.com\/wp-content\/uploads\/2022\/08\/MULTI_SCALA-576x768.jpg 576w, https:\/\/tcsogrodzenia.com\/wp-content\/uploads\/2022\/08\/MULTI_SCALA-360x480.jpg 360w, https:\/\/tcsogrodzenia.com\/wp-content\/uploads\/2022\/08\/MULTI_SCALA-1152x1536.jpg 1152w, https:\/\/tcsogrodzenia.com\/wp-content\/uploads\/2022\/08\/MULTI_SCALA-600x800.jpg 600w, https:\/\/tcsogrodzenia.com\/wp-content\/uploads\/2022\/08\/MULTI_SCALA-800x1067.jpg 800w, https:\/\/tcsogrodzenia.com\/wp-content\/uploads\/2022\/08\/MULTI_SCALA.jpg 1240w\" sizes=\"(max-width: 145px) 100vw, 145px\" \/><\/p>\n","protected":false},"excerpt":{"rendered":"<p><strong>Modul Multi Classic \u2013 die Antwort auf Smart Home Standards!<\/strong><\/p>\n<p>Wir m\u00f6chten, dass die H\u00e4user unserer Kunden modernen Standards entsprechen. Das Modul Multi Classic ist eine innovative Smart-Home-L\u00f6sung. Setzen Sie mit uns auf den Komfort und die Sicherheit Ihrer Immobilie. Setzen Sie mit uns auf die von Corfence garantierte Qualit\u00e4t.<\/p>\n<p>Das Modul Multi Classic kann als eines der Elemente eines gesamten Zaunsystems oder als einzelner Zaunpfosten eingesetzt werden. Erweitern Sie die Funktionalit\u00e4t Ihres Moduls um eine Videokamera, einen Briefeinwurf und eine Beleuchtung. Verleihen Sie ihm Charakter, indem Sie die Option der Pr\u00e4gung oder Beleuchtung Ihrer Hausnummer w\u00e4hlen. Denken Sie gemeinsam mit Corfence an die Zukunft.<\/p>\n","protected":false},"featured_media":39965,"template":"","meta":{"site-sidebar-layout":"default","site-content-layout":"","ast-site-content-layout":"default","site-content-style":"default","site-sidebar-style":"default","ast-global-header-display":"","ast-banner-title-visibility":"","ast-main-header-display":"","ast-hfb-above-header-display":"","ast-hfb-below-header-display":"","ast-hfb-mobile-header-display":"","site-post-title":"","ast-breadcrumbs-content":"","ast-featured-img":"","footer-sml-layout":"","ast-disable-related-posts":"","theme-transparent-header-meta":"default","adv-header-id-meta":"","stick-header-meta":"default","header-above-stick-meta":"","header-main-stick-meta":"","header-below-stick-meta":"","astra-migrate-meta-layouts":"default","ast-page-background-enabled":"default","ast-page-background-meta":{"desktop":{"background-color":"var(--ast-global-color-4)","background-image":"","background-repeat":"repeat","background-position":"center center","background-size":"auto","background-attachment":"scroll","background-type":"","background-media":"","overlay-type":"","overlay-color":"","overlay-opacity":"","overlay-gradient":""},"tablet":{"background-color":"","background-image":"","background-repeat":"repeat","background-position":"center center","background-size":"auto","background-attachment":"scroll","background-type":"","background-media":"","overlay-type":"","overlay-color":"","overlay-opacity":"","overlay-gradient":""},"mobile":{"background-color":"","background-image":"","background-repeat":"repeat","background-position":"center center","background-size":"auto","background-attachment":"scroll","background-type":"","background-media":"","overlay-type":"","overlay-color":"","overlay-opacity":"","overlay-gradient":""}},"ast-content-background-meta":{"desktop":{"background-color":"var(--ast-global-color-5)","background-image":"","background-repeat":"repeat","background-position":"center center","background-size":"auto","background-attachment":"scroll","background-type":"","background-media":"","overlay-type":"","overlay-color":"","overlay-opacity":"","overlay-gradient":""},"tablet":{"background-color":"var(--ast-global-color-5)","background-image":"","background-repeat":"repeat","background-position":"center center","background-size":"auto","background-attachment":"scroll","background-type":"","background-media":"","overlay-type":"","overlay-color":"","overlay-opacity":"","overlay-gradient":""},"mobile":{"background-color":"var(--ast-global-color-5)","background-image":"","background-repeat":"repeat","background-position":"center center","background-size":"auto","background-attachment":"scroll","background-type":"","background-media":"","overlay-type":"","overlay-color":"","overlay-opacity":"","overlay-gradient":""}}},"product_brand":[],"product_cat":[274],"product_tag":[],"class_list":{"0":"post-40076","1":"product","2":"type-product","3":"status-publish","4":"has-post-thumbnail","6":"product_cat-zaunmauer-typ-l","7":"desktop-align-left","8":"tablet-align-left","9":"mobile-align-left","10":"ast-product-gallery-layout-horizontal-slider","11":"ast-product-gallery-with-no-image","12":"ast-product-tabs-layout-horizontal","14":"first","15":"instock","16":"shipping-taxable","17":"product-type-simple"},"_links":{"self":[{"href":"https:\/\/tcsogrodzenia.com\/de\/wp-json\/wp\/v2\/product\/40076","targetHints":{"allow":["GET"]}}],"collection":[{"href":"https:\/\/tcsogrodzenia.com\/de\/wp-json\/wp\/v2\/product"}],"about":[{"href":"https:\/\/tcsogrodzenia.com\/de\/wp-json\/wp\/v2\/types\/product"}],"wp:featuredmedia":[{"embeddable":true,"href":"https:\/\/tcsogrodzenia.com\/de\/wp-json\/wp\/v2\/media\/39965"}],"wp:attachment":[{"href":"https:\/\/tcsogrodzenia.com\/de\/wp-json\/wp\/v2\/media?parent=40076"}],"wp:term":[{"taxonomy":"product_brand","embeddable":true,"href":"https:\/\/tcsogrodzenia.com\/de\/wp-json\/wp\/v2\/product_brand?post=40076"},{"taxonomy":"product_cat","embeddable":true,"href":"https:\/\/tcsogrodzenia.com\/de\/wp-json\/wp\/v2\/product_cat?post=40076"},{"taxonomy":"product_tag","embeddable":true,"href":"https:\/\/tcsogrodzenia.com\/de\/wp-json\/wp\/v2\/product_tag?post=40076"}],"curies":[{"name":"wp","href":"https:\/\/api.w.org\/{rel}","templated":true}]}}