{"id":40078,"date":"2025-09-17T14:51:29","date_gmt":"2025-09-17T12:51:29","guid":{"rendered":"https:\/\/tcsogrodzenia.com\/produkt\/vordach-clasic\/"},"modified":"2025-09-19T08:37:57","modified_gmt":"2025-09-19T06:37:57","slug":"vordach-clasic","status":"publish","type":"product","link":"https:\/\/tcsogrodzenia.com\/de\/produkt\/vordach-clasic\/","title":{"rendered":"Vordach Clasic"},"content":{"rendered":"<p>Farbe:<\/p>\n<ul>\n<li>Wei\u00df, Beige, Grau, Hellgrau, Dunkelgrau, Braun, Schwarz<\/li>\n<\/ul>\n<p>Gr\u00f6\u00dfe:<\/p>\n<ul>\n<li>100x270x130 cm<\/li>\n<\/ul>\n<p>Verwendungszweck:<\/p>\n<ul>\n<li>f\u00fcr den Au\u00dfenbereich<\/li>\n<\/ul>\n<p><img decoding=\"async\" class=\"alignnone wp-image-39987\" src=\"https:\/\/tcsogrodzenia.com\/wp-content\/uploads\/2022\/08\/Z_SCALA-768x1024.jpg\" alt=\"\" width=\"141\" height=\"188\" srcset=\"https:\/\/tcsogrodzenia.com\/wp-content\/uploads\/2022\/08\/Z_SCALA-768x1024.jpg 768w, https:\/\/tcsogrodzenia.com\/wp-content\/uploads\/2022\/08\/Z_SCALA-576x768.jpg 576w, https:\/\/tcsogrodzenia.com\/wp-content\/uploads\/2022\/08\/Z_SCALA-360x480.jpg 360w, https:\/\/tcsogrodzenia.com\/wp-content\/uploads\/2022\/08\/Z_SCALA-1152x1536.jpg 1152w, https:\/\/tcsogrodzenia.com\/wp-content\/uploads\/2022\/08\/Z_SCALA-600x800.jpg 600w, https:\/\/tcsogrodzenia.com\/wp-content\/uploads\/2022\/08\/Z_SCALA-800x1067.jpg 800w, https:\/\/tcsogrodzenia.com\/wp-content\/uploads\/2022\/08\/Z_SCALA.jpg 1240w\" sizes=\"(max-width: 141px) 100vw, 141px\" \/> <img decoding=\"async\" class=\"alignnone wp-image-39984\" src=\"https:\/\/tcsogrodzenia.com\/wp-content\/uploads\/2022\/08\/Z_LORUM-768x1024.jpg\" alt=\"\" width=\"141\" height=\"188\" srcset=\"https:\/\/tcsogrodzenia.com\/wp-content\/uploads\/2022\/08\/Z_LORUM-768x1024.jpg 768w, https:\/\/tcsogrodzenia.com\/wp-content\/uploads\/2022\/08\/Z_LORUM-576x768.jpg 576w, https:\/\/tcsogrodzenia.com\/wp-content\/uploads\/2022\/08\/Z_LORUM-360x480.jpg 360w, https:\/\/tcsogrodzenia.com\/wp-content\/uploads\/2022\/08\/Z_LORUM-1152x1536.jpg 1152w, https:\/\/tcsogrodzenia.com\/wp-content\/uploads\/2022\/08\/Z_LORUM-600x800.jpg 600w, https:\/\/tcsogrodzenia.com\/wp-content\/uploads\/2022\/08\/Z_LORUM-800x1067.jpg 800w, https:\/\/tcsogrodzenia.com\/wp-content\/uploads\/2022\/08\/Z_LORUM.jpg 1240w\" sizes=\"(max-width: 141px) 100vw, 141px\" \/> <img decoding=\"async\" class=\"alignnone wp-image-39981\" src=\"https:\/\/tcsogrodzenia.com\/wp-content\/uploads\/2022\/08\/Z_CLASIC-768x1024.jpg\" alt=\"\" width=\"141\" height=\"188\" srcset=\"https:\/\/tcsogrodzenia.com\/wp-content\/uploads\/2022\/08\/Z_CLASIC-768x1024.jpg 768w, https:\/\/tcsogrodzenia.com\/wp-content\/uploads\/2022\/08\/Z_CLASIC-576x768.jpg 576w, https:\/\/tcsogrodzenia.com\/wp-content\/uploads\/2022\/08\/Z_CLASIC-360x480.jpg 360w, https:\/\/tcsogrodzenia.com\/wp-content\/uploads\/2022\/08\/Z_CLASIC-1152x1536.jpg 1152w, https:\/\/tcsogrodzenia.com\/wp-content\/uploads\/2022\/08\/Z_CLASIC-600x800.jpg 600w, https:\/\/tcsogrodzenia.com\/wp-content\/uploads\/2022\/08\/Z_CLASIC-800x1067.jpg 800w, https:\/\/tcsogrodzenia.com\/wp-content\/uploads\/2022\/08\/Z_CLASIC.jpg 1240w\" sizes=\"(max-width: 141px) 100vw, 141px\" \/><\/p>\n","protected":false},"excerpt":{"rendered":"<p>Das Vordach Clasic ist eine sehr praktische L\u00f6sung. Es wird sich hervorragend als Teil Ihrer Zaunanlage pr\u00e4sentieren \u2013 als deren Kr\u00f6nung und integraler, funktionaler Bestandteil.<\/p>\n<p>&nbsp;<\/p>\n<p><strong>Regenschutz<\/strong><\/p>\n<p>Das Vordach Clasic \u00fcber dem Eingang bildet eine \u00e4u\u00dferst \u00e4sthetische Erg\u00e4nzung Ihrer Zaunanlage. Es bietet zudem einen hervorragenden Regenschutz und eine Absicherung f\u00fcr elektronische Ger\u00e4te. Dar\u00fcber hinaus sorgt die Beleuchtung daf\u00fcr, dass Ihre Besucher den Eingang zu Ihrem Grundst\u00fcck problemlos finden \u2013 selbst bei schwierigen Wetterbedingungen und nach Einbruch der Dunkelheit.<\/p>\n<p>&nbsp;<\/p>\n<p><strong>Beleuchtung<\/strong><\/p>\n<p>Die Beleuchtung, der Schutz vor Witterungseinfl\u00fcssen und die hohe \u00c4sthetik sind nur einige der vielen Vorteile, die unser Vordach Clasic auszeichnen. Wir laden Sie ein, sich mit unserem Angebot vertraut zu machen und uns zu kontaktieren \u2013 unsere Experten beantworten gerne alle Ihre Fragen!<\/p>\n","protected":false},"featured_media":39983,"template":"","meta":{"site-sidebar-layout":"default","site-content-layout":"","ast-site-content-layout":"default","site-content-style":"default","site-sidebar-style":"default","ast-global-header-display":"","ast-banner-title-visibility":"","ast-main-header-display":"","ast-hfb-above-header-display":"","ast-hfb-below-header-display":"","ast-hfb-mobile-header-display":"","site-post-title":"","ast-breadcrumbs-content":"","ast-featured-img":"","footer-sml-layout":"","ast-disable-related-posts":"","theme-transparent-header-meta":"default","adv-header-id-meta":"","stick-header-meta":"default","header-above-stick-meta":"","header-main-stick-meta":"","header-below-stick-meta":"","astra-migrate-meta-layouts":"default","ast-page-background-enabled":"default","ast-page-background-meta":{"desktop":{"background-color":"var(--ast-global-color-4)","background-image":"","background-repeat":"repeat","background-position":"center center","background-size":"auto","background-attachment":"scroll","background-type":"","background-media":"","overlay-type":"","overlay-color":"","overlay-opacity":"","overlay-gradient":""},"tablet":{"background-color":"","background-image":"","background-repeat":"repeat","background-position":"center center","background-size":"auto","background-attachment":"scroll","background-type":"","background-media":"","overlay-type":"","overlay-color":"","overlay-opacity":"","overlay-gradient":""},"mobile":{"background-color":"","background-image":"","background-repeat":"repeat","background-position":"center center","background-size":"auto","background-attachment":"scroll","background-type":"","background-media":"","overlay-type":"","overlay-color":"","overlay-opacity":"","overlay-gradient":""}},"ast-content-background-meta":{"desktop":{"background-color":"var(--ast-global-color-5)","background-image":"","background-repeat":"repeat","background-position":"center center","background-size":"auto","background-attachment":"scroll","background-type":"","background-media":"","overlay-type":"","overlay-color":"","overlay-opacity":"","overlay-gradient":""},"tablet":{"background-color":"var(--ast-global-color-5)","background-image":"","background-repeat":"repeat","background-position":"center center","background-size":"auto","background-attachment":"scroll","background-type":"","background-media":"","overlay-type":"","overlay-color":"","overlay-opacity":"","overlay-gradient":""},"mobile":{"background-color":"var(--ast-global-color-5)","background-image":"","background-repeat":"repeat","background-position":"center center","background-size":"auto","background-attachment":"scroll","background-type":"","background-media":"","overlay-type":"","overlay-color":"","overlay-opacity":"","overlay-gradient":""}}},"product_brand":[],"product_cat":[274],"product_tag":[],"class_list":{"0":"post-40078","1":"product","2":"type-product","3":"status-publish","4":"has-post-thumbnail","6":"product_cat-zaunmauer-typ-l","7":"desktop-align-left","8":"tablet-align-left","9":"mobile-align-left","10":"ast-product-gallery-layout-horizontal-slider","11":"ast-product-gallery-with-no-image","12":"ast-product-tabs-layout-horizontal","14":"first","15":"instock","16":"shipping-taxable","17":"product-type-simple"},"_links":{"self":[{"href":"https:\/\/tcsogrodzenia.com\/de\/wp-json\/wp\/v2\/product\/40078","targetHints":{"allow":["GET"]}}],"collection":[{"href":"https:\/\/tcsogrodzenia.com\/de\/wp-json\/wp\/v2\/product"}],"about":[{"href":"https:\/\/tcsogrodzenia.com\/de\/wp-json\/wp\/v2\/types\/product"}],"wp:featuredmedia":[{"embeddable":true,"href":"https:\/\/tcsogrodzenia.com\/de\/wp-json\/wp\/v2\/media\/39983"}],"wp:attachment":[{"href":"https:\/\/tcsogrodzenia.com\/de\/wp-json\/wp\/v2\/media?parent=40078"}],"wp:term":[{"taxonomy":"product_brand","embeddable":true,"href":"https:\/\/tcsogrodzenia.com\/de\/wp-json\/wp\/v2\/product_brand?post=40078"},{"taxonomy":"product_cat","embeddable":true,"href":"https:\/\/tcsogrodzenia.com\/de\/wp-json\/wp\/v2\/product_cat?post=40078"},{"taxonomy":"product_tag","embeddable":true,"href":"https:\/\/tcsogrodzenia.com\/de\/wp-json\/wp\/v2\/product_tag?post=40078"}],"curies":[{"name":"wp","href":"https:\/\/api.w.org\/{rel}","templated":true}]}}