{"id":40083,"date":"2025-09-19T08:47:32","date_gmt":"2025-09-19T06:47:32","guid":{"rendered":"https:\/\/tcsogrodzenia.com\/produkt\/l-foermige-zaunmauer\/"},"modified":"2025-09-19T08:50:02","modified_gmt":"2025-09-19T06:50:02","slug":"l-foermige-zaunmauer","status":"publish","type":"product","link":"https:\/\/tcsogrodzenia.com\/de\/produkt\/l-foermige-zaunmauer\/","title":{"rendered":"L-f\u00f6rmige Zaunmauer"},"content":{"rendered":"<p><strong>H\u00f6chste Qualit\u00e4t!<\/strong><\/p>\n<p>Die Mauer ist in Architekturbeton-Technologie aus hochwertigsten Komponenten gefertigt. Sie besitzt eine beidseitige, repr\u00e4sentative Betonoberfl\u00e4che, die der Umgebung, in der sie sich befindet, einen modernen und eleganten Charakter verleiht.<\/p>\n<p>Jedes Produkt wird einem gr\u00fcndlichen Impr\u00e4gnierungsprozess unterzogen. <b>Dadurch stellen wir sicher, dass unsere Kunden Produkte h\u00f6chster Qualit\u00e4t erhalten.<\/b><\/p>\n<p>&nbsp;<\/p>\n<p><b>MONTAGE:<\/b><\/p>\n<p>An der Oberkante der Zaunmauer wurde eine Gewindebohrung angebracht, in die ein Griff f\u00fcr Transport und Montage montiert wird. Dies ist eine subtile L\u00f6sung, die nach dem Aufstellen des Zauns keine Spuren hinterl\u00e4sst.<\/p>\n<p>&nbsp;<\/p>\n<p><strong>\u00c4sthetik und Funktionalit\u00e4t!<\/strong><\/p>\n<p>Es l\u00e4sst sich hervorragend mit anderen Elementen der Kleinarchitektur der Marke Corfence kombinieren. Es besteht die M\u00f6glichkeit, die Mauer durch das Pr\u00e4gen der Hausnummer oder des Stra\u00dfennamens in den Beton zu personalisieren. Das Produkt ist f\u00fcr eine einfache und schnelle Montage konzipiert.<\/p>\n<p>Unsere Kunden setzen auf innovative L\u00f6sungen. Wir kommen ihnen entgegen und bieten eine moderne Zaunmauer an, die \u00c4sthetik und Funktionalit\u00e4t vereint und sich zudem in moderne Trends einf\u00fcgt.<\/p>\n<p>&nbsp;<\/p>\n<div style=\"display: flex; flex-wrap: wrap;\">\n<div><\/div>\n<div><\/div>\n<div><img fetchpriority=\"high\" decoding=\"async\" class=\"alignnone wp-image-39957\" src=\"https:\/\/tcsogrodzenia.com\/wp-content\/uploads\/2022\/08\/L-768x1024.jpg\" alt=\"\" width=\"384\" height=\"512\" srcset=\"https:\/\/tcsogrodzenia.com\/wp-content\/uploads\/2022\/08\/L-768x1024.jpg 768w, https:\/\/tcsogrodzenia.com\/wp-content\/uploads\/2022\/08\/L-576x768.jpg 576w, https:\/\/tcsogrodzenia.com\/wp-content\/uploads\/2022\/08\/L-360x480.jpg 360w, https:\/\/tcsogrodzenia.com\/wp-content\/uploads\/2022\/08\/L-1152x1536.jpg 1152w, https:\/\/tcsogrodzenia.com\/wp-content\/uploads\/2022\/08\/L-600x800.jpg 600w, https:\/\/tcsogrodzenia.com\/wp-content\/uploads\/2022\/08\/L-800x1067.jpg 800w, https:\/\/tcsogrodzenia.com\/wp-content\/uploads\/2022\/08\/L.jpg 1240w\" sizes=\"(max-width: 384px) 100vw, 384px\" \/><img decoding=\"async\" class=\"alignnone wp-image-39960\" src=\"https:\/\/tcsogrodzenia.com\/wp-content\/uploads\/2022\/08\/L_nr-768x1024.jpg\" alt=\"\" width=\"383\" height=\"510\" srcset=\"https:\/\/tcsogrodzenia.com\/wp-content\/uploads\/2022\/08\/L_nr-768x1024.jpg 768w, https:\/\/tcsogrodzenia.com\/wp-content\/uploads\/2022\/08\/L_nr-576x768.jpg 576w, https:\/\/tcsogrodzenia.com\/wp-content\/uploads\/2022\/08\/L_nr-360x480.jpg 360w, https:\/\/tcsogrodzenia.com\/wp-content\/uploads\/2022\/08\/L_nr-1152x1536.jpg 1152w, https:\/\/tcsogrodzenia.com\/wp-content\/uploads\/2022\/08\/L_nr-600x800.jpg 600w, https:\/\/tcsogrodzenia.com\/wp-content\/uploads\/2022\/08\/L_nr-800x1067.jpg 800w, https:\/\/tcsogrodzenia.com\/wp-content\/uploads\/2022\/08\/L_nr.jpg 1240w\" sizes=\"(max-width: 383px) 100vw, 383px\" \/><\/div>\n<\/div>\n<div class=\"btn-bubble-icon\"><\/div>\n","protected":false},"excerpt":{"rendered":"<p>Die im Angebot vorgestellte L-f\u00f6rmige Zaunmauer ist:<\/p>\n<ul>\n<li><strong>bewehrt<\/strong><\/li>\n<li><strong>impr\u00e4gniert<\/strong><\/li>\n<li><strong>beidseitig glatt <\/strong><\/li>\n<li><strong>frostbest\u00e4ndig<\/strong><\/li>\n<li><strong>aus hochwertigem Architekturbeton gefertigt<\/strong><\/li>\n<li><strong>erh\u00e4ltlich in Breiten von 100 cm und 80 cm<\/strong><\/li>\n<\/ul>\n<p>Und was am wichtigsten ist: Unsere Z\u00e4une sind so vorbereitet, dass kein Abstand zwischen den Elementen erforderlich ist, was die Bildung einer geschlossenen Mauer erm\u00f6glicht.<\/p>\n<p>Die Zaunmauer ist mit einer Stahlbewehrung verst\u00e4rkt, wodurch unsere Produkte sich durch erh\u00f6hte Widerstandsf\u00e4higkeit und Festigkeit gegen m\u00f6gliche mechanische Besch\u00e4digungen auszeichnen. Die manuelle Fertigung sowie die Verwendung hochwertiger Komponenten erm\u00f6glichen es uns, hohe technische Produktparameter zu erreichen.<\/p>\n<p>&nbsp;<\/p>\n<p>&nbsp;<\/p>\n<div class=\"btn-bubble-icon\"><\/div>\n","protected":false},"featured_media":39962,"template":"","meta":{"site-sidebar-layout":"default","site-content-layout":"","ast-site-content-layout":"default","site-content-style":"default","site-sidebar-style":"default","ast-global-header-display":"","ast-banner-title-visibility":"","ast-main-header-display":"","ast-hfb-above-header-display":"","ast-hfb-below-header-display":"","ast-hfb-mobile-header-display":"","site-post-title":"","ast-breadcrumbs-content":"","ast-featured-img":"","footer-sml-layout":"","ast-disable-related-posts":"","theme-transparent-header-meta":"default","adv-header-id-meta":"","stick-header-meta":"default","header-above-stick-meta":"","header-main-stick-meta":"","header-below-stick-meta":"","astra-migrate-meta-layouts":"default","ast-page-background-enabled":"default","ast-page-background-meta":{"desktop":{"background-color":"var(--ast-global-color-4)","background-image":"","background-repeat":"repeat","background-position":"center center","background-size":"auto","background-attachment":"scroll","background-type":"","background-media":"","overlay-type":"","overlay-color":"","overlay-opacity":"","overlay-gradient":""},"tablet":{"background-color":"","background-image":"","background-repeat":"repeat","background-position":"center center","background-size":"auto","background-attachment":"scroll","background-type":"","background-media":"","overlay-type":"","overlay-color":"","overlay-opacity":"","overlay-gradient":""},"mobile":{"background-color":"","background-image":"","background-repeat":"repeat","background-position":"center center","background-size":"auto","background-attachment":"scroll","background-type":"","background-media":"","overlay-type":"","overlay-color":"","overlay-opacity":"","overlay-gradient":""}},"ast-content-background-meta":{"desktop":{"background-color":"var(--ast-global-color-5)","background-image":"","background-repeat":"repeat","background-position":"center center","background-size":"auto","background-attachment":"scroll","background-type":"","background-media":"","overlay-type":"","overlay-color":"","overlay-opacity":"","overlay-gradient":""},"tablet":{"background-color":"var(--ast-global-color-5)","background-image":"","background-repeat":"repeat","background-position":"center center","background-size":"auto","background-attachment":"scroll","background-type":"","background-media":"","overlay-type":"","overlay-color":"","overlay-opacity":"","overlay-gradient":""},"mobile":{"background-color":"var(--ast-global-color-5)","background-image":"","background-repeat":"repeat","background-position":"center center","background-size":"auto","background-attachment":"scroll","background-type":"","background-media":"","overlay-type":"","overlay-color":"","overlay-opacity":"","overlay-gradient":""}}},"product_brand":[],"product_cat":[274],"product_tag":[],"class_list":{"0":"post-40083","1":"product","2":"type-product","3":"status-publish","4":"has-post-thumbnail","6":"product_cat-zaunmauer-typ-l","7":"desktop-align-left","8":"tablet-align-left","9":"mobile-align-left","10":"ast-product-gallery-layout-horizontal-slider","11":"ast-product-gallery-with-no-image","12":"ast-product-tabs-layout-horizontal","14":"first","15":"instock","16":"shipping-taxable","17":"product-type-simple"},"_links":{"self":[{"href":"https:\/\/tcsogrodzenia.com\/de\/wp-json\/wp\/v2\/product\/40083","targetHints":{"allow":["GET"]}}],"collection":[{"href":"https:\/\/tcsogrodzenia.com\/de\/wp-json\/wp\/v2\/product"}],"about":[{"href":"https:\/\/tcsogrodzenia.com\/de\/wp-json\/wp\/v2\/types\/product"}],"wp:featuredmedia":[{"embeddable":true,"href":"https:\/\/tcsogrodzenia.com\/de\/wp-json\/wp\/v2\/media\/39962"}],"wp:attachment":[{"href":"https:\/\/tcsogrodzenia.com\/de\/wp-json\/wp\/v2\/media?parent=40083"}],"wp:term":[{"taxonomy":"product_brand","embeddable":true,"href":"https:\/\/tcsogrodzenia.com\/de\/wp-json\/wp\/v2\/product_brand?post=40083"},{"taxonomy":"product_cat","embeddable":true,"href":"https:\/\/tcsogrodzenia.com\/de\/wp-json\/wp\/v2\/product_cat?post=40083"},{"taxonomy":"product_tag","embeddable":true,"href":"https:\/\/tcsogrodzenia.com\/de\/wp-json\/wp\/v2\/product_tag?post=40083"}],"curies":[{"name":"wp","href":"https:\/\/api.w.org\/{rel}","templated":true}]}}