{"id":40085,"date":"2025-09-18T13:18:03","date_gmt":"2025-09-18T11:18:03","guid":{"rendered":"https:\/\/tcsogrodzenia.com\/produkt\/roma-giga\/"},"modified":"2025-09-19T09:57:16","modified_gmt":"2025-09-19T07:57:16","slug":"roma-giga","status":"publish","type":"product","link":"https:\/\/tcsogrodzenia.com\/de\/produkt\/roma-giga\/","title":{"rendered":"Roma Giga"},"content":{"rendered":"<h3>\u00dcber das System<\/h3>\n<p>&nbsp;<\/p>\n<p>ROMA Giga ist eine Neuheit unter den Modulz\u00e4unen von JONIEC\u00ae. Es ist eine Kombination aus moderner \u00c4sthetik und hoher Funktionalit\u00e4t. Die markante Vorderseite des Blocks schafft eine elegante und harmonische Zaunlinie. Abgeschr\u00e4gte Kanten unterstreichen die Pr\u00e4zision der Verarbeitung jedes Blocks.   <\/p>\n<p>Das System stellt eine hervorragende Alternative zu Z\u00e4unen aus Architekturbeton dar, indem es einen \u00e4hnlichen, rohen visuellen Effekt bietet, der sich perfekt in aktuelle Trends einf\u00fcgt, insbesondere in Kombination mit der modischen Grau-Palette.<\/p>\n<p>Die modulare Bauweise erm\u00f6glicht eine effiziente und schnelle Montage, was die Realisierungszeit der Investition verk\u00fcrzt, und sorgf\u00e4ltig ausgew\u00e4hlte Materialien garantieren Langlebigkeit und Witterungsbest\u00e4ndigkeit.<\/p>\n<p>ROMA Giga ist ein Zaun, der nicht nur das Grundst\u00fcck effektiv sch\u00fctzt, sondern auch dessen Prestige und modernen Stil unterstreicht und so eine stimmige Erg\u00e4nzung des Raumes schafft. Eine ideale L\u00f6sung f\u00fcr Personen, die modernes Design sch\u00e4tzen. <\/p>\n<hr>\n<h3>Systemelemente<\/h3>\n<p>&nbsp;<\/p>\n<p>Pfosten-\/Mauerabdeckungen CRGM20 (H 7,2 cm \/ L 50,4 cm \/ B 19,8 cm):<\/p>\n<div style=\"display: flex; flex-wrap: wrap;\">\n<div><img decoding=\"async\" class=\"alignnone size-large wp-image-40029\" src=\"https:\/\/tcsogrodzenia.com\/wp-content\/uploads\/2025\/09\/CRG20_bialy-1280x853.jpg\" alt=\"\" width=\"180\" height=\"auto\" srcset=\"https:\/\/tcsogrodzenia.com\/wp-content\/uploads\/2025\/09\/CRG20_bialy-1280x853.jpg 1280w, https:\/\/tcsogrodzenia.com\/wp-content\/uploads\/2025\/09\/CRG20_bialy-768x512.jpg 768w, https:\/\/tcsogrodzenia.com\/wp-content\/uploads\/2025\/09\/CRG20_bialy-480x320.jpg 480w, https:\/\/tcsogrodzenia.com\/wp-content\/uploads\/2025\/09\/CRG20_bialy-1536x1024.jpg 1536w, https:\/\/tcsogrodzenia.com\/wp-content\/uploads\/2025\/09\/CRG20_bialy-2048x1365.jpg 2048w, https:\/\/tcsogrodzenia.com\/wp-content\/uploads\/2025\/09\/CRG20_bialy-600x400.jpg 600w, https:\/\/tcsogrodzenia.com\/wp-content\/uploads\/2025\/09\/CRG20_bialy-800x533.jpg 800w\" sizes=\"(max-width: 1280px) 100vw, 1280px\" \/><\/div>\n<div><img decoding=\"async\" class=\"alignnone size-large wp-image-40032\" src=\"https:\/\/tcsogrodzenia.com\/wp-content\/uploads\/2025\/09\/CRG20_grafit-1280x853.jpg\" alt=\"\" width=\"180\" height=\"auto\" srcset=\"https:\/\/tcsogrodzenia.com\/wp-content\/uploads\/2025\/09\/CRG20_grafit-1280x853.jpg 1280w, https:\/\/tcsogrodzenia.com\/wp-content\/uploads\/2025\/09\/CRG20_grafit-768x512.jpg 768w, https:\/\/tcsogrodzenia.com\/wp-content\/uploads\/2025\/09\/CRG20_grafit-480x320.jpg 480w, https:\/\/tcsogrodzenia.com\/wp-content\/uploads\/2025\/09\/CRG20_grafit-1536x1024.jpg 1536w, https:\/\/tcsogrodzenia.com\/wp-content\/uploads\/2025\/09\/CRG20_grafit-2048x1365.jpg 2048w, https:\/\/tcsogrodzenia.com\/wp-content\/uploads\/2025\/09\/CRG20_grafit-600x400.jpg 600w, https:\/\/tcsogrodzenia.com\/wp-content\/uploads\/2025\/09\/CRG20_grafit-800x533.jpg 800w\" sizes=\"(max-width: 1280px) 100vw, 1280px\" \/><\/div>\n<div><img decoding=\"async\" class=\"alignnone size-large wp-image-40035\" src=\"https:\/\/tcsogrodzenia.com\/wp-content\/uploads\/2025\/09\/CRG20_iryd-1280x853.jpg\" alt=\"\" width=\"180\" height=\"auto\" srcset=\"https:\/\/tcsogrodzenia.com\/wp-content\/uploads\/2025\/09\/CRG20_iryd-1280x853.jpg 1280w, https:\/\/tcsogrodzenia.com\/wp-content\/uploads\/2025\/09\/CRG20_iryd-768x512.jpg 768w, https:\/\/tcsogrodzenia.com\/wp-content\/uploads\/2025\/09\/CRG20_iryd-480x320.jpg 480w, https:\/\/tcsogrodzenia.com\/wp-content\/uploads\/2025\/09\/CRG20_iryd-1536x1024.jpg 1536w, https:\/\/tcsogrodzenia.com\/wp-content\/uploads\/2025\/09\/CRG20_iryd-2048x1365.jpg 2048w, https:\/\/tcsogrodzenia.com\/wp-content\/uploads\/2025\/09\/CRG20_iryd-600x400.jpg 600w, https:\/\/tcsogrodzenia.com\/wp-content\/uploads\/2025\/09\/CRG20_iryd-800x533.jpg 800w\" sizes=\"(max-width: 1280px) 100vw, 1280px\" \/><\/div>\n<div><img decoding=\"async\" class=\"alignnone size-large wp-image-40038\" src=\"https:\/\/tcsogrodzenia.com\/wp-content\/uploads\/2025\/09\/CRG20_popiel-1280x853.jpg\" alt=\"\" width=\"180\" height=\"auto\" srcset=\"https:\/\/tcsogrodzenia.com\/wp-content\/uploads\/2025\/09\/CRG20_popiel-1280x853.jpg 1280w, https:\/\/tcsogrodzenia.com\/wp-content\/uploads\/2025\/09\/CRG20_popiel-768x512.jpg 768w, https:\/\/tcsogrodzenia.com\/wp-content\/uploads\/2025\/09\/CRG20_popiel-480x320.jpg 480w, https:\/\/tcsogrodzenia.com\/wp-content\/uploads\/2025\/09\/CRG20_popiel-1536x1024.jpg 1536w, https:\/\/tcsogrodzenia.com\/wp-content\/uploads\/2025\/09\/CRG20_popiel-2048x1365.jpg 2048w, https:\/\/tcsogrodzenia.com\/wp-content\/uploads\/2025\/09\/CRG20_popiel-600x400.jpg 600w, https:\/\/tcsogrodzenia.com\/wp-content\/uploads\/2025\/09\/CRG20_popiel-800x533.jpg 800w\" sizes=\"(max-width: 1280px) 100vw, 1280px\" \/><\/div>\n<div><img decoding=\"async\" class=\"alignnone size-large wp-image-40041\" src=\"https:\/\/tcsogrodzenia.com\/wp-content\/uploads\/2025\/09\/CRG20_sandy-1280x853.jpg\" alt=\"\" width=\"180\" height=\"auto\" srcset=\"https:\/\/tcsogrodzenia.com\/wp-content\/uploads\/2025\/09\/CRG20_sandy-1280x853.jpg 1280w, https:\/\/tcsogrodzenia.com\/wp-content\/uploads\/2025\/09\/CRG20_sandy-768x512.jpg 768w, https:\/\/tcsogrodzenia.com\/wp-content\/uploads\/2025\/09\/CRG20_sandy-480x320.jpg 480w, https:\/\/tcsogrodzenia.com\/wp-content\/uploads\/2025\/09\/CRG20_sandy-1536x1024.jpg 1536w, https:\/\/tcsogrodzenia.com\/wp-content\/uploads\/2025\/09\/CRG20_sandy-2048x1365.jpg 2048w, https:\/\/tcsogrodzenia.com\/wp-content\/uploads\/2025\/09\/CRG20_sandy-600x400.jpg 600w, https:\/\/tcsogrodzenia.com\/wp-content\/uploads\/2025\/09\/CRG20_sandy-800x533.jpg 800w\" sizes=\"(max-width: 1280px) 100vw, 1280px\" \/><\/div>\n<\/div>\n<p>&nbsp;<\/p>\n<p>&nbsp;<\/p>\n<p>Pfosten-\/Mauerbl\u00f6cke RGM20 (H 40 cm \/ L 50,4 cm \/ B 19,8 cm):<\/p>\n<div style=\"display: flex; flex-wrap: wrap;\">\n<div><img decoding=\"async\" class=\"alignnone size-large wp-image-40056\" src=\"https:\/\/tcsogrodzenia.com\/wp-content\/uploads\/2025\/09\/RG20_sandy-1280x853.jpg\" alt=\"\" width=\"180\" height=\"auto\" srcset=\"https:\/\/tcsogrodzenia.com\/wp-content\/uploads\/2025\/09\/RG20_sandy-1280x853.jpg 1280w, https:\/\/tcsogrodzenia.com\/wp-content\/uploads\/2025\/09\/RG20_sandy-768x512.jpg 768w, https:\/\/tcsogrodzenia.com\/wp-content\/uploads\/2025\/09\/RG20_sandy-480x320.jpg 480w, https:\/\/tcsogrodzenia.com\/wp-content\/uploads\/2025\/09\/RG20_sandy-1536x1024.jpg 1536w, https:\/\/tcsogrodzenia.com\/wp-content\/uploads\/2025\/09\/RG20_sandy-2048x1365.jpg 2048w, https:\/\/tcsogrodzenia.com\/wp-content\/uploads\/2025\/09\/RG20_sandy-600x400.jpg 600w, https:\/\/tcsogrodzenia.com\/wp-content\/uploads\/2025\/09\/RG20_sandy-800x533.jpg 800w\" sizes=\"(max-width: 1280px) 100vw, 1280px\" \/><\/div>\n<div><img decoding=\"async\" class=\"alignnone size-large wp-image-40053\" src=\"https:\/\/tcsogrodzenia.com\/wp-content\/uploads\/2025\/09\/RG20_popiel-1280x853.jpg\" alt=\"\" width=\"180\" height=\"auto\" srcset=\"https:\/\/tcsogrodzenia.com\/wp-content\/uploads\/2025\/09\/RG20_popiel-1280x853.jpg 1280w, https:\/\/tcsogrodzenia.com\/wp-content\/uploads\/2025\/09\/RG20_popiel-768x512.jpg 768w, https:\/\/tcsogrodzenia.com\/wp-content\/uploads\/2025\/09\/RG20_popiel-480x320.jpg 480w, https:\/\/tcsogrodzenia.com\/wp-content\/uploads\/2025\/09\/RG20_popiel-1536x1024.jpg 1536w, https:\/\/tcsogrodzenia.com\/wp-content\/uploads\/2025\/09\/RG20_popiel-2048x1365.jpg 2048w, https:\/\/tcsogrodzenia.com\/wp-content\/uploads\/2025\/09\/RG20_popiel-600x400.jpg 600w, https:\/\/tcsogrodzenia.com\/wp-content\/uploads\/2025\/09\/RG20_popiel-800x533.jpg 800w\" sizes=\"(max-width: 1280px) 100vw, 1280px\" \/><\/div>\n<div><img decoding=\"async\" class=\"alignnone size-large wp-image-40050\" src=\"https:\/\/tcsogrodzenia.com\/wp-content\/uploads\/2025\/09\/RG20_iryd-1280x853.jpg\" alt=\"\" width=\"180\" height=\"auto\" srcset=\"https:\/\/tcsogrodzenia.com\/wp-content\/uploads\/2025\/09\/RG20_iryd-1280x853.jpg 1280w, https:\/\/tcsogrodzenia.com\/wp-content\/uploads\/2025\/09\/RG20_iryd-768x512.jpg 768w, https:\/\/tcsogrodzenia.com\/wp-content\/uploads\/2025\/09\/RG20_iryd-480x320.jpg 480w, https:\/\/tcsogrodzenia.com\/wp-content\/uploads\/2025\/09\/RG20_iryd-1536x1024.jpg 1536w, https:\/\/tcsogrodzenia.com\/wp-content\/uploads\/2025\/09\/RG20_iryd-2048x1365.jpg 2048w, https:\/\/tcsogrodzenia.com\/wp-content\/uploads\/2025\/09\/RG20_iryd-600x400.jpg 600w, https:\/\/tcsogrodzenia.com\/wp-content\/uploads\/2025\/09\/RG20_iryd-800x533.jpg 800w\" sizes=\"(max-width: 1280px) 100vw, 1280px\" \/><\/div>\n<div><img decoding=\"async\" class=\"alignnone size-large wp-image-40047\" src=\"https:\/\/tcsogrodzenia.com\/wp-content\/uploads\/2025\/09\/RG20_grafit-1280x853.jpg\" alt=\"\" width=\"180\" height=\"auto\" srcset=\"https:\/\/tcsogrodzenia.com\/wp-content\/uploads\/2025\/09\/RG20_grafit-1280x853.jpg 1280w, https:\/\/tcsogrodzenia.com\/wp-content\/uploads\/2025\/09\/RG20_grafit-768x512.jpg 768w, https:\/\/tcsogrodzenia.com\/wp-content\/uploads\/2025\/09\/RG20_grafit-480x320.jpg 480w, https:\/\/tcsogrodzenia.com\/wp-content\/uploads\/2025\/09\/RG20_grafit-1536x1024.jpg 1536w, https:\/\/tcsogrodzenia.com\/wp-content\/uploads\/2025\/09\/RG20_grafit-2048x1365.jpg 2048w, https:\/\/tcsogrodzenia.com\/wp-content\/uploads\/2025\/09\/RG20_grafit-600x400.jpg 600w, https:\/\/tcsogrodzenia.com\/wp-content\/uploads\/2025\/09\/RG20_grafit-800x533.jpg 800w\" sizes=\"(max-width: 1280px) 100vw, 1280px\" \/><\/div>\n<div><img decoding=\"async\" class=\"alignnone size-large wp-image-40044\" src=\"https:\/\/tcsogrodzenia.com\/wp-content\/uploads\/2025\/09\/RG20_bialy-1280x853.jpg\" alt=\"\" width=\"180\" height=\"auto\" srcset=\"https:\/\/tcsogrodzenia.com\/wp-content\/uploads\/2025\/09\/RG20_bialy-1280x853.jpg 1280w, https:\/\/tcsogrodzenia.com\/wp-content\/uploads\/2025\/09\/RG20_bialy-768x512.jpg 768w, https:\/\/tcsogrodzenia.com\/wp-content\/uploads\/2025\/09\/RG20_bialy-480x320.jpg 480w, https:\/\/tcsogrodzenia.com\/wp-content\/uploads\/2025\/09\/RG20_bialy-1536x1024.jpg 1536w, https:\/\/tcsogrodzenia.com\/wp-content\/uploads\/2025\/09\/RG20_bialy-2048x1365.jpg 2048w, https:\/\/tcsogrodzenia.com\/wp-content\/uploads\/2025\/09\/RG20_bialy-600x400.jpg 600w, https:\/\/tcsogrodzenia.com\/wp-content\/uploads\/2025\/09\/RG20_bialy-800x533.jpg 800w\" sizes=\"(max-width: 1280px) 100vw, 1280px\" \/><\/div>\n<\/div>\n<p>&nbsp;<\/p>\n<p>&nbsp;<\/p>\n<h3>Farben<\/h3>\n<p>&nbsp;<\/p>\n<div style=\"display: flex; flex-wrap: wrap;\">\n<div>\n<p>SANDY<\/p>\n<p><img decoding=\"async\" class=\"alignnone size-large wp-image-40071\" src=\"https:\/\/tcsogrodzenia.com\/wp-content\/uploads\/2025\/09\/ROMA_Giga_bloczek_sandy-1280x1004.jpg\" alt=\"\" width=\"180\" height=\"auto\" srcset=\"https:\/\/tcsogrodzenia.com\/wp-content\/uploads\/2025\/09\/ROMA_Giga_bloczek_sandy-1280x1004.jpg 1280w, https:\/\/tcsogrodzenia.com\/wp-content\/uploads\/2025\/09\/ROMA_Giga_bloczek_sandy-768x602.jpg 768w, https:\/\/tcsogrodzenia.com\/wp-content\/uploads\/2025\/09\/ROMA_Giga_bloczek_sandy-480x376.jpg 480w, https:\/\/tcsogrodzenia.com\/wp-content\/uploads\/2025\/09\/ROMA_Giga_bloczek_sandy-1536x1205.jpg 1536w, https:\/\/tcsogrodzenia.com\/wp-content\/uploads\/2025\/09\/ROMA_Giga_bloczek_sandy-2048x1606.jpg 2048w, https:\/\/tcsogrodzenia.com\/wp-content\/uploads\/2025\/09\/ROMA_Giga_bloczek_sandy-600x471.jpg 600w, https:\/\/tcsogrodzenia.com\/wp-content\/uploads\/2025\/09\/ROMA_Giga_bloczek_sandy-800x627.jpg 800w\" sizes=\"(max-width: 1280px) 100vw, 1280px\" \/><\/p>\n<\/div>\n<div>\n<p>ASCHGRAU<\/p>\n<p><img decoding=\"async\" class=\"alignnone size-large wp-image-40068\" src=\"https:\/\/tcsogrodzenia.com\/wp-content\/uploads\/2025\/09\/ROMA_Giga_bloczek_popiel-1280x1004.jpg\" alt=\"\" width=\"180\" height=\"auto\" srcset=\"https:\/\/tcsogrodzenia.com\/wp-content\/uploads\/2025\/09\/ROMA_Giga_bloczek_popiel-1280x1004.jpg 1280w, https:\/\/tcsogrodzenia.com\/wp-content\/uploads\/2025\/09\/ROMA_Giga_bloczek_popiel-768x602.jpg 768w, https:\/\/tcsogrodzenia.com\/wp-content\/uploads\/2025\/09\/ROMA_Giga_bloczek_popiel-480x376.jpg 480w, https:\/\/tcsogrodzenia.com\/wp-content\/uploads\/2025\/09\/ROMA_Giga_bloczek_popiel-1536x1205.jpg 1536w, https:\/\/tcsogrodzenia.com\/wp-content\/uploads\/2025\/09\/ROMA_Giga_bloczek_popiel-2048x1606.jpg 2048w, https:\/\/tcsogrodzenia.com\/wp-content\/uploads\/2025\/09\/ROMA_Giga_bloczek_popiel-600x471.jpg 600w, https:\/\/tcsogrodzenia.com\/wp-content\/uploads\/2025\/09\/ROMA_Giga_bloczek_popiel-800x627.jpg 800w\" sizes=\"(max-width: 1280px) 100vw, 1280px\" \/><\/p>\n<\/div>\n<div>\n<p>IRYD<\/p>\n<p><img decoding=\"async\" class=\"alignnone size-large wp-image-40065\" src=\"https:\/\/tcsogrodzenia.com\/wp-content\/uploads\/2025\/09\/ROMA_Giga_bloczek_iryd-1280x1004.jpg\" alt=\"\" width=\"180\" height=\"auto\" srcset=\"https:\/\/tcsogrodzenia.com\/wp-content\/uploads\/2025\/09\/ROMA_Giga_bloczek_iryd-1280x1004.jpg 1280w, https:\/\/tcsogrodzenia.com\/wp-content\/uploads\/2025\/09\/ROMA_Giga_bloczek_iryd-768x602.jpg 768w, https:\/\/tcsogrodzenia.com\/wp-content\/uploads\/2025\/09\/ROMA_Giga_bloczek_iryd-480x376.jpg 480w, https:\/\/tcsogrodzenia.com\/wp-content\/uploads\/2025\/09\/ROMA_Giga_bloczek_iryd-1536x1205.jpg 1536w, https:\/\/tcsogrodzenia.com\/wp-content\/uploads\/2025\/09\/ROMA_Giga_bloczek_iryd-2048x1606.jpg 2048w, https:\/\/tcsogrodzenia.com\/wp-content\/uploads\/2025\/09\/ROMA_Giga_bloczek_iryd-600x471.jpg 600w, https:\/\/tcsogrodzenia.com\/wp-content\/uploads\/2025\/09\/ROMA_Giga_bloczek_iryd-800x627.jpg 800w\" sizes=\"(max-width: 1280px) 100vw, 1280px\" \/><\/p>\n<\/div>\n<div>\n<p>GRAFIT<\/p>\n<p><img decoding=\"async\" class=\"alignnone size-large wp-image-40062\" src=\"https:\/\/tcsogrodzenia.com\/wp-content\/uploads\/2025\/09\/ROMA_Giga_bloczek_grafit-1280x1004.jpg\" alt=\"\" width=\"180\" height=\"auto\" srcset=\"https:\/\/tcsogrodzenia.com\/wp-content\/uploads\/2025\/09\/ROMA_Giga_bloczek_grafit-1280x1004.jpg 1280w, https:\/\/tcsogrodzenia.com\/wp-content\/uploads\/2025\/09\/ROMA_Giga_bloczek_grafit-768x602.jpg 768w, https:\/\/tcsogrodzenia.com\/wp-content\/uploads\/2025\/09\/ROMA_Giga_bloczek_grafit-480x376.jpg 480w, https:\/\/tcsogrodzenia.com\/wp-content\/uploads\/2025\/09\/ROMA_Giga_bloczek_grafit-1536x1205.jpg 1536w, https:\/\/tcsogrodzenia.com\/wp-content\/uploads\/2025\/09\/ROMA_Giga_bloczek_grafit-2048x1606.jpg 2048w, https:\/\/tcsogrodzenia.com\/wp-content\/uploads\/2025\/09\/ROMA_Giga_bloczek_grafit-600x471.jpg 600w, https:\/\/tcsogrodzenia.com\/wp-content\/uploads\/2025\/09\/ROMA_Giga_bloczek_grafit-800x627.jpg 800w\" sizes=\"(max-width: 1280px) 100vw, 1280px\" \/><\/p>\n<\/div>\n<div>\n<p>WEISS<\/p>\n<p><img decoding=\"async\" class=\"alignnone size-large wp-image-40059\" src=\"https:\/\/tcsogrodzenia.com\/wp-content\/uploads\/2025\/09\/ROMA_Giga_bloczek_bialy-1280x1004.jpg\" alt=\"\" width=\"180\" height=\"auto\" srcset=\"https:\/\/tcsogrodzenia.com\/wp-content\/uploads\/2025\/09\/ROMA_Giga_bloczek_bialy-1280x1004.jpg 1280w, https:\/\/tcsogrodzenia.com\/wp-content\/uploads\/2025\/09\/ROMA_Giga_bloczek_bialy-768x602.jpg 768w, https:\/\/tcsogrodzenia.com\/wp-content\/uploads\/2025\/09\/ROMA_Giga_bloczek_bialy-480x376.jpg 480w, https:\/\/tcsogrodzenia.com\/wp-content\/uploads\/2025\/09\/ROMA_Giga_bloczek_bialy-1536x1205.jpg 1536w, https:\/\/tcsogrodzenia.com\/wp-content\/uploads\/2025\/09\/ROMA_Giga_bloczek_bialy-2048x1606.jpg 2048w, https:\/\/tcsogrodzenia.com\/wp-content\/uploads\/2025\/09\/ROMA_Giga_bloczek_bialy-600x471.jpg 600w, https:\/\/tcsogrodzenia.com\/wp-content\/uploads\/2025\/09\/ROMA_Giga_bloczek_bialy-800x627.jpg 800w\" sizes=\"(max-width: 1280px) 100vw, 1280px\" \/><\/p>\n<\/div>\n<\/div>\n<p>&nbsp;<\/p>\n<p>&nbsp;<\/p>\n<p>&nbsp;<\/p>\n","protected":false},"excerpt":{"rendered":"<p>Die Neuheit unter den Modulz\u00e4unen von JONIEC\u00ae \u2013 ROMA Giga \u2013 ist ein Angebot f\u00fcr Personen, die minimalistische \u00c4sthetik und einzigartiges Design sch\u00e4tzen. Es zeichnet sich durch die Eleganz markanter Segmente und eine Farbpalette aus, die den neuesten Trends entspricht, mit einer Dominanz modischer Graut\u00f6ne. Diese L\u00f6sung verbindet Funktionalit\u00e4t harmonisch mit einem modernen, ansprechenden Erscheinungsbild.  <\/p>\n","protected":false},"featured_media":40016,"template":"","meta":{"site-sidebar-layout":"default","site-content-layout":"","ast-site-content-layout":"default","site-content-style":"default","site-sidebar-style":"default","ast-global-header-display":"","ast-banner-title-visibility":"","ast-main-header-display":"","ast-hfb-above-header-display":"","ast-hfb-below-header-display":"","ast-hfb-mobile-header-display":"","site-post-title":"","ast-breadcrumbs-content":"","ast-featured-img":"","footer-sml-layout":"","ast-disable-related-posts":"","theme-transparent-header-meta":"default","adv-header-id-meta":"","stick-header-meta":"default","header-above-stick-meta":"","header-main-stick-meta":"","header-below-stick-meta":"","astra-migrate-meta-layouts":"default","ast-page-background-enabled":"default","ast-page-background-meta":{"desktop":{"background-color":"var(--ast-global-color-4)","background-image":"","background-repeat":"repeat","background-position":"center center","background-size":"auto","background-attachment":"scroll","background-type":"","background-media":"","overlay-type":"","overlay-color":"","overlay-opacity":"","overlay-gradient":""},"tablet":{"background-color":"","background-image":"","background-repeat":"repeat","background-position":"center center","background-size":"auto","background-attachment":"scroll","background-type":"","background-media":"","overlay-type":"","overlay-color":"","overlay-opacity":"","overlay-gradient":""},"mobile":{"background-color":"","background-image":"","background-repeat":"repeat","background-position":"center center","background-size":"auto","background-attachment":"scroll","background-type":"","background-media":"","overlay-type":"","overlay-color":"","overlay-opacity":"","overlay-gradient":""}},"ast-content-background-meta":{"desktop":{"background-color":"var(--ast-global-color-5)","background-image":"","background-repeat":"repeat","background-position":"center center","background-size":"auto","background-attachment":"scroll","background-type":"","background-media":"","overlay-type":"","overlay-color":"","overlay-opacity":"","overlay-gradient":""},"tablet":{"background-color":"var(--ast-global-color-5)","background-image":"","background-repeat":"repeat","background-position":"center center","background-size":"auto","background-attachment":"scroll","background-type":"","background-media":"","overlay-type":"","overlay-color":"","overlay-opacity":"","overlay-gradient":""},"mobile":{"background-color":"var(--ast-global-color-5)","background-image":"","background-repeat":"repeat","background-position":"center center","background-size":"auto","background-attachment":"scroll","background-type":"","background-media":"","overlay-type":"","overlay-color":"","overlay-opacity":"","overlay-gradient":""}}},"product_brand":[],"product_cat":[214],"product_tag":[],"class_list":{"0":"post-40085","1":"product","2":"type-product","3":"status-publish","4":"has-post-thumbnail","6":"product_cat-modulare-zaeune-joniec","7":"desktop-align-left","8":"tablet-align-left","9":"mobile-align-left","10":"ast-product-gallery-layout-horizontal-slider","11":"ast-product-gallery-with-no-image","12":"ast-product-tabs-layout-horizontal","14":"first","15":"instock","16":"shipping-taxable","17":"product-type-simple"},"_links":{"self":[{"href":"https:\/\/tcsogrodzenia.com\/de\/wp-json\/wp\/v2\/product\/40085","targetHints":{"allow":["GET"]}}],"collection":[{"href":"https:\/\/tcsogrodzenia.com\/de\/wp-json\/wp\/v2\/product"}],"about":[{"href":"https:\/\/tcsogrodzenia.com\/de\/wp-json\/wp\/v2\/types\/product"}],"wp:featuredmedia":[{"embeddable":true,"href":"https:\/\/tcsogrodzenia.com\/de\/wp-json\/wp\/v2\/media\/40016"}],"wp:attachment":[{"href":"https:\/\/tcsogrodzenia.com\/de\/wp-json\/wp\/v2\/media?parent=40085"}],"wp:term":[{"taxonomy":"product_brand","embeddable":true,"href":"https:\/\/tcsogrodzenia.com\/de\/wp-json\/wp\/v2\/product_brand?post=40085"},{"taxonomy":"product_cat","embeddable":true,"href":"https:\/\/tcsogrodzenia.com\/de\/wp-json\/wp\/v2\/product_cat?post=40085"},{"taxonomy":"product_tag","embeddable":true,"href":"https:\/\/tcsogrodzenia.com\/de\/wp-json\/wp\/v2\/product_tag?post=40085"}],"curies":[{"name":"wp","href":"https:\/\/api.w.org\/{rel}","templated":true}]}}