{"id":40149,"date":"2025-09-19T09:22:36","date_gmt":"2025-09-19T07:22:36","guid":{"rendered":"https:\/\/tcsogrodzenia.com\/produkt\/roma-vital-eco\/"},"modified":"2025-09-19T09:51:37","modified_gmt":"2025-09-19T07:51:37","slug":"roma-vital-eco","status":"publish","type":"product","link":"https:\/\/tcsogrodzenia.com\/de\/produkt\/roma-vital-eco\/","title":{"rendered":"Roma Vital ECO"},"content":{"rendered":"<h3>\u00dcber das System<\/h3>\n<p>&nbsp;<\/p>\n<p>ROMA Vital ECO ist ein moderner Zaun von JONIEC\u00ae, der f\u00fcr Investoren entwickelt wurde, die funktionale, \u00e4sthetische und zugleich wirtschaftliche L\u00f6sungen suchen. Es ist ein ideales Angebot f\u00fcr diejenigen, die eine schnelle Montage, Robustheit und ein attraktives Zaun-Design sch\u00e4tzen \u2013 ohne hohe Materialkosten. <\/p>\n<p>Dank der Einf\u00fchrung einer innovativen Blockkonstruktion mit einer kleineren F\u00fcllkammer reduziert ROMA VITAL ECO den Betonverbrauch erheblich, was zu echten Einsparungen sowohl in der Produktion als auch bei der Montage f\u00fchrt. Im Vergleich zu herk\u00f6mmlichen Bl\u00f6cken erm\u00f6glicht die Verwendung einer kleineren Kammer eine Betoneinsparung von bis zu 77 %. Dies ist eine Antwort auf die wachsenden Marktanforderungen an \u00f6kologische und budgetoptimierte Zaunsysteme.  <\/p>\n<p>Die Bl\u00f6cke sind mit gefasten Kanten ausgestattet, die die \u00c4sthetik des Zauns erh\u00f6hen und ihm einen modernen und eleganten Charakter verleihen. Pr\u00e4zise Fertigungstechnologie garantiert eine perfekte Passform der Elemente, und eine reiche Farbpalette sorgt daf\u00fcr, dass sich der Zaun hervorragend in verschiedene architektonische Stile einf\u00fcgt. <\/p>\n<hr>\n<h3>Systemelemente<\/h3>\n<p>&nbsp;<\/p>\n<p>Pfeiler-\/Mauerabdeckungen CRVE19 (H\u00f6he 6 cm \/ L\u00e4nge 57 cm \/ Breite 19,5 cm):<\/p>\n<div style=\"display: flex; flex-wrap: wrap;\">\n<div><img decoding=\"async\" class=\"alignnone size-large wp-image-40130\" src=\"https:\/\/tcsogrodzenia.com\/wp-content\/uploads\/2025\/09\/CRVE19_popiel-1280x853.jpg\" alt=\"\" width=\"180\" height=\"auto\" srcset=\"https:\/\/tcsogrodzenia.com\/wp-content\/uploads\/2025\/09\/CRVE19_popiel-1280x853.jpg 1280w, https:\/\/tcsogrodzenia.com\/wp-content\/uploads\/2025\/09\/CRVE19_popiel-768x512.jpg 768w, https:\/\/tcsogrodzenia.com\/wp-content\/uploads\/2025\/09\/CRVE19_popiel-480x320.jpg 480w, https:\/\/tcsogrodzenia.com\/wp-content\/uploads\/2025\/09\/CRVE19_popiel-1536x1024.jpg 1536w, https:\/\/tcsogrodzenia.com\/wp-content\/uploads\/2025\/09\/CRVE19_popiel-2048x1365.jpg 2048w, https:\/\/tcsogrodzenia.com\/wp-content\/uploads\/2025\/09\/CRVE19_popiel-600x400.jpg 600w, https:\/\/tcsogrodzenia.com\/wp-content\/uploads\/2025\/09\/CRVE19_popiel-800x533.jpg 800w\" sizes=\"(max-width: 1280px) 100vw, 1280px\" \/><\/div>\n<div><img decoding=\"async\" class=\"alignnone size-large wp-image-40127\" src=\"https:\/\/tcsogrodzenia.com\/wp-content\/uploads\/2025\/09\/CRVE19_kalcyt-1280x853.jpg\" alt=\"\" width=\"180\" height=\"auto\" srcset=\"https:\/\/tcsogrodzenia.com\/wp-content\/uploads\/2025\/09\/CRVE19_kalcyt-1280x853.jpg 1280w, https:\/\/tcsogrodzenia.com\/wp-content\/uploads\/2025\/09\/CRVE19_kalcyt-768x512.jpg 768w, https:\/\/tcsogrodzenia.com\/wp-content\/uploads\/2025\/09\/CRVE19_kalcyt-480x320.jpg 480w, https:\/\/tcsogrodzenia.com\/wp-content\/uploads\/2025\/09\/CRVE19_kalcyt-1536x1024.jpg 1536w, https:\/\/tcsogrodzenia.com\/wp-content\/uploads\/2025\/09\/CRVE19_kalcyt-2048x1365.jpg 2048w, https:\/\/tcsogrodzenia.com\/wp-content\/uploads\/2025\/09\/CRVE19_kalcyt-600x400.jpg 600w, https:\/\/tcsogrodzenia.com\/wp-content\/uploads\/2025\/09\/CRVE19_kalcyt-800x533.jpg 800w\" sizes=\"(max-width: 1280px) 100vw, 1280px\" \/><\/div>\n<div><img decoding=\"async\" class=\"alignnone size-large wp-image-40124\" src=\"https:\/\/tcsogrodzenia.com\/wp-content\/uploads\/2025\/09\/CRVE19_iryd-1280x853.jpg\" alt=\"\" width=\"180\" height=\"auto\" srcset=\"https:\/\/tcsogrodzenia.com\/wp-content\/uploads\/2025\/09\/CRVE19_iryd-1280x853.jpg 1280w, https:\/\/tcsogrodzenia.com\/wp-content\/uploads\/2025\/09\/CRVE19_iryd-768x512.jpg 768w, https:\/\/tcsogrodzenia.com\/wp-content\/uploads\/2025\/09\/CRVE19_iryd-480x320.jpg 480w, https:\/\/tcsogrodzenia.com\/wp-content\/uploads\/2025\/09\/CRVE19_iryd-1536x1024.jpg 1536w, https:\/\/tcsogrodzenia.com\/wp-content\/uploads\/2025\/09\/CRVE19_iryd-2048x1365.jpg 2048w, https:\/\/tcsogrodzenia.com\/wp-content\/uploads\/2025\/09\/CRVE19_iryd-600x400.jpg 600w, https:\/\/tcsogrodzenia.com\/wp-content\/uploads\/2025\/09\/CRVE19_iryd-800x533.jpg 800w\" sizes=\"(max-width: 1280px) 100vw, 1280px\" \/><\/div>\n<div><img decoding=\"async\" class=\"alignnone size-large wp-image-40121\" src=\"https:\/\/tcsogrodzenia.com\/wp-content\/uploads\/2025\/09\/CRVE19_grafit-1280x853.jpg\" alt=\"\" width=\"180\" height=\"auto\" srcset=\"https:\/\/tcsogrodzenia.com\/wp-content\/uploads\/2025\/09\/CRVE19_grafit-1280x853.jpg 1280w, https:\/\/tcsogrodzenia.com\/wp-content\/uploads\/2025\/09\/CRVE19_grafit-768x512.jpg 768w, https:\/\/tcsogrodzenia.com\/wp-content\/uploads\/2025\/09\/CRVE19_grafit-480x320.jpg 480w, https:\/\/tcsogrodzenia.com\/wp-content\/uploads\/2025\/09\/CRVE19_grafit-1536x1024.jpg 1536w, https:\/\/tcsogrodzenia.com\/wp-content\/uploads\/2025\/09\/CRVE19_grafit-2048x1365.jpg 2048w, https:\/\/tcsogrodzenia.com\/wp-content\/uploads\/2025\/09\/CRVE19_grafit-600x400.jpg 600w, https:\/\/tcsogrodzenia.com\/wp-content\/uploads\/2025\/09\/CRVE19_grafit-800x533.jpg 800w\" sizes=\"(max-width: 1280px) 100vw, 1280px\" \/><\/div>\n<div><img decoding=\"async\" class=\"alignnone size-large wp-image-40118\" src=\"https:\/\/tcsogrodzenia.com\/wp-content\/uploads\/2025\/09\/CRVE19_bialy-1280x853.jpg\" alt=\"\" width=\"180\" height=\"auto\" srcset=\"https:\/\/tcsogrodzenia.com\/wp-content\/uploads\/2025\/09\/CRVE19_bialy-1280x853.jpg 1280w, https:\/\/tcsogrodzenia.com\/wp-content\/uploads\/2025\/09\/CRVE19_bialy-768x512.jpg 768w, https:\/\/tcsogrodzenia.com\/wp-content\/uploads\/2025\/09\/CRVE19_bialy-480x320.jpg 480w, https:\/\/tcsogrodzenia.com\/wp-content\/uploads\/2025\/09\/CRVE19_bialy-1536x1024.jpg 1536w, https:\/\/tcsogrodzenia.com\/wp-content\/uploads\/2025\/09\/CRVE19_bialy-2048x1365.jpg 2048w, https:\/\/tcsogrodzenia.com\/wp-content\/uploads\/2025\/09\/CRVE19_bialy-600x400.jpg 600w, https:\/\/tcsogrodzenia.com\/wp-content\/uploads\/2025\/09\/CRVE19_bialy-800x533.jpg 800w\" sizes=\"(max-width: 1280px) 100vw, 1280px\" \/><\/div>\n<\/div>\n<p>&nbsp;<\/p>\n<p>&nbsp;<\/p>\n<p>Pfeiler-\/Mauerbl\u00f6cke RVE19 (H\u00f6he 20 cm \/ L\u00e4nge 57 cm \/ Breite 19,5 cm):<\/p>\n<div style=\"display: flex; flex-wrap: wrap;\">\n<div><img decoding=\"async\" class=\"alignnone size-large wp-image-40115\" src=\"https:\/\/tcsogrodzenia.com\/wp-content\/uploads\/2025\/09\/RVE19_popiel-1280x853.jpg\" alt=\"\" width=\"180\" height=\"auto\" srcset=\"https:\/\/tcsogrodzenia.com\/wp-content\/uploads\/2025\/09\/RVE19_popiel-1280x853.jpg 1280w, https:\/\/tcsogrodzenia.com\/wp-content\/uploads\/2025\/09\/RVE19_popiel-768x512.jpg 768w, https:\/\/tcsogrodzenia.com\/wp-content\/uploads\/2025\/09\/RVE19_popiel-480x320.jpg 480w, https:\/\/tcsogrodzenia.com\/wp-content\/uploads\/2025\/09\/RVE19_popiel-1536x1024.jpg 1536w, https:\/\/tcsogrodzenia.com\/wp-content\/uploads\/2025\/09\/RVE19_popiel-2048x1365.jpg 2048w, https:\/\/tcsogrodzenia.com\/wp-content\/uploads\/2025\/09\/RVE19_popiel-600x400.jpg 600w, https:\/\/tcsogrodzenia.com\/wp-content\/uploads\/2025\/09\/RVE19_popiel-800x533.jpg 800w\" sizes=\"(max-width: 1280px) 100vw, 1280px\" \/><\/div>\n<div><img decoding=\"async\" class=\"alignnone size-large wp-image-40112\" src=\"https:\/\/tcsogrodzenia.com\/wp-content\/uploads\/2025\/09\/RVE19_kalcyt-1280x853.jpg\" alt=\"\" width=\"180\" height=\"auto\" srcset=\"https:\/\/tcsogrodzenia.com\/wp-content\/uploads\/2025\/09\/RVE19_kalcyt-1280x853.jpg 1280w, https:\/\/tcsogrodzenia.com\/wp-content\/uploads\/2025\/09\/RVE19_kalcyt-768x512.jpg 768w, https:\/\/tcsogrodzenia.com\/wp-content\/uploads\/2025\/09\/RVE19_kalcyt-480x320.jpg 480w, https:\/\/tcsogrodzenia.com\/wp-content\/uploads\/2025\/09\/RVE19_kalcyt-1536x1024.jpg 1536w, https:\/\/tcsogrodzenia.com\/wp-content\/uploads\/2025\/09\/RVE19_kalcyt-2048x1365.jpg 2048w, https:\/\/tcsogrodzenia.com\/wp-content\/uploads\/2025\/09\/RVE19_kalcyt-600x400.jpg 600w, https:\/\/tcsogrodzenia.com\/wp-content\/uploads\/2025\/09\/RVE19_kalcyt-800x533.jpg 800w\" sizes=\"(max-width: 1280px) 100vw, 1280px\" \/><\/div>\n<div><img decoding=\"async\" class=\"alignnone size-large wp-image-40109\" src=\"https:\/\/tcsogrodzenia.com\/wp-content\/uploads\/2025\/09\/RVE19_iryd-1280x853.jpg\" alt=\"\" width=\"180\" height=\"auto\" srcset=\"https:\/\/tcsogrodzenia.com\/wp-content\/uploads\/2025\/09\/RVE19_iryd-1280x853.jpg 1280w, https:\/\/tcsogrodzenia.com\/wp-content\/uploads\/2025\/09\/RVE19_iryd-768x512.jpg 768w, https:\/\/tcsogrodzenia.com\/wp-content\/uploads\/2025\/09\/RVE19_iryd-480x320.jpg 480w, https:\/\/tcsogrodzenia.com\/wp-content\/uploads\/2025\/09\/RVE19_iryd-1536x1024.jpg 1536w, https:\/\/tcsogrodzenia.com\/wp-content\/uploads\/2025\/09\/RVE19_iryd-2048x1365.jpg 2048w, https:\/\/tcsogrodzenia.com\/wp-content\/uploads\/2025\/09\/RVE19_iryd-600x400.jpg 600w, https:\/\/tcsogrodzenia.com\/wp-content\/uploads\/2025\/09\/RVE19_iryd-800x533.jpg 800w\" sizes=\"(max-width: 1280px) 100vw, 1280px\" \/><\/div>\n<div><img decoding=\"async\" class=\"alignnone size-large wp-image-40106\" src=\"https:\/\/tcsogrodzenia.com\/wp-content\/uploads\/2025\/09\/RVE19_grafit-1280x853.jpg\" alt=\"\" width=\"180\" height=\"auto\" srcset=\"https:\/\/tcsogrodzenia.com\/wp-content\/uploads\/2025\/09\/RVE19_grafit-1280x853.jpg 1280w, https:\/\/tcsogrodzenia.com\/wp-content\/uploads\/2025\/09\/RVE19_grafit-768x512.jpg 768w, https:\/\/tcsogrodzenia.com\/wp-content\/uploads\/2025\/09\/RVE19_grafit-480x320.jpg 480w, https:\/\/tcsogrodzenia.com\/wp-content\/uploads\/2025\/09\/RVE19_grafit-1536x1024.jpg 1536w, https:\/\/tcsogrodzenia.com\/wp-content\/uploads\/2025\/09\/RVE19_grafit-2048x1365.jpg 2048w, https:\/\/tcsogrodzenia.com\/wp-content\/uploads\/2025\/09\/RVE19_grafit-600x400.jpg 600w, https:\/\/tcsogrodzenia.com\/wp-content\/uploads\/2025\/09\/RVE19_grafit-800x533.jpg 800w\" sizes=\"(max-width: 1280px) 100vw, 1280px\" \/><\/div>\n<div><img decoding=\"async\" class=\"alignnone size-large wp-image-40103\" src=\"https:\/\/tcsogrodzenia.com\/wp-content\/uploads\/2025\/09\/RVE19_bialy-1280x859.jpg\" alt=\"\" width=\"180\" height=\"auto\" srcset=\"https:\/\/tcsogrodzenia.com\/wp-content\/uploads\/2025\/09\/RVE19_bialy-1280x859.jpg 1280w, https:\/\/tcsogrodzenia.com\/wp-content\/uploads\/2025\/09\/RVE19_bialy-768x515.jpg 768w, https:\/\/tcsogrodzenia.com\/wp-content\/uploads\/2025\/09\/RVE19_bialy-480x322.jpg 480w, https:\/\/tcsogrodzenia.com\/wp-content\/uploads\/2025\/09\/RVE19_bialy-600x403.jpg 600w, https:\/\/tcsogrodzenia.com\/wp-content\/uploads\/2025\/09\/RVE19_bialy-800x537.jpg 800w\" sizes=\"(max-width: 1280px) 100vw, 1280px\" \/><\/div>\n<\/div>\n<p>&nbsp;<\/p>\n<p>&nbsp;<\/p>\n<h3>Farben<\/h3>\n<p>&nbsp;<\/p>\n<div style=\"display: flex; flex-wrap: wrap;\">\n<div>\n<p>ASCHGRAU<\/p>\n<p><img decoding=\"async\" class=\"alignnone size-large wp-image-40145\" src=\"https:\/\/tcsogrodzenia.com\/wp-content\/uploads\/2025\/09\/ROMA_Vital_Eco_bloczek_popiel-1280x646.jpg\" alt=\"\" width=\"180\" height=\"auto\" srcset=\"https:\/\/tcsogrodzenia.com\/wp-content\/uploads\/2025\/09\/ROMA_Vital_Eco_bloczek_popiel-1280x646.jpg 1280w, https:\/\/tcsogrodzenia.com\/wp-content\/uploads\/2025\/09\/ROMA_Vital_Eco_bloczek_popiel-768x388.jpg 768w, https:\/\/tcsogrodzenia.com\/wp-content\/uploads\/2025\/09\/ROMA_Vital_Eco_bloczek_popiel-480x242.jpg 480w, https:\/\/tcsogrodzenia.com\/wp-content\/uploads\/2025\/09\/ROMA_Vital_Eco_bloczek_popiel-1536x775.jpg 1536w, https:\/\/tcsogrodzenia.com\/wp-content\/uploads\/2025\/09\/ROMA_Vital_Eco_bloczek_popiel-2048x1034.jpg 2048w, https:\/\/tcsogrodzenia.com\/wp-content\/uploads\/2025\/09\/ROMA_Vital_Eco_bloczek_popiel-600x303.jpg 600w, https:\/\/tcsogrodzenia.com\/wp-content\/uploads\/2025\/09\/ROMA_Vital_Eco_bloczek_popiel-800x404.jpg 800w\" sizes=\"(max-width: 1280px) 100vw, 1280px\" \/><\/p>\n<\/div>\n<div>\n<p>KALCYT<\/p>\n<p><img decoding=\"async\" class=\"alignnone size-large wp-image-40142\" src=\"https:\/\/tcsogrodzenia.com\/wp-content\/uploads\/2025\/09\/ROMA_Vital_Eco_bloczek_kalcyt-1280x646.jpg\" alt=\"\" width=\"180\" height=\"auto\" srcset=\"https:\/\/tcsogrodzenia.com\/wp-content\/uploads\/2025\/09\/ROMA_Vital_Eco_bloczek_kalcyt-1280x646.jpg 1280w, https:\/\/tcsogrodzenia.com\/wp-content\/uploads\/2025\/09\/ROMA_Vital_Eco_bloczek_kalcyt-768x388.jpg 768w, https:\/\/tcsogrodzenia.com\/wp-content\/uploads\/2025\/09\/ROMA_Vital_Eco_bloczek_kalcyt-480x242.jpg 480w, https:\/\/tcsogrodzenia.com\/wp-content\/uploads\/2025\/09\/ROMA_Vital_Eco_bloczek_kalcyt-1536x775.jpg 1536w, https:\/\/tcsogrodzenia.com\/wp-content\/uploads\/2025\/09\/ROMA_Vital_Eco_bloczek_kalcyt-2048x1034.jpg 2048w, https:\/\/tcsogrodzenia.com\/wp-content\/uploads\/2025\/09\/ROMA_Vital_Eco_bloczek_kalcyt-600x303.jpg 600w, https:\/\/tcsogrodzenia.com\/wp-content\/uploads\/2025\/09\/ROMA_Vital_Eco_bloczek_kalcyt-800x404.jpg 800w\" sizes=\"(max-width: 1280px) 100vw, 1280px\" \/><\/p>\n<\/div>\n<div>\n<p>IRYD<\/p>\n<p><img decoding=\"async\" class=\"alignnone size-large wp-image-40139\" src=\"https:\/\/tcsogrodzenia.com\/wp-content\/uploads\/2025\/09\/ROMA_Vital_Eco_bloczek_iryd-1280x646.jpg\" alt=\"\" width=\"180\" height=\"auto\" srcset=\"https:\/\/tcsogrodzenia.com\/wp-content\/uploads\/2025\/09\/ROMA_Vital_Eco_bloczek_iryd-1280x646.jpg 1280w, https:\/\/tcsogrodzenia.com\/wp-content\/uploads\/2025\/09\/ROMA_Vital_Eco_bloczek_iryd-768x388.jpg 768w, https:\/\/tcsogrodzenia.com\/wp-content\/uploads\/2025\/09\/ROMA_Vital_Eco_bloczek_iryd-480x242.jpg 480w, https:\/\/tcsogrodzenia.com\/wp-content\/uploads\/2025\/09\/ROMA_Vital_Eco_bloczek_iryd-1536x775.jpg 1536w, https:\/\/tcsogrodzenia.com\/wp-content\/uploads\/2025\/09\/ROMA_Vital_Eco_bloczek_iryd-2048x1034.jpg 2048w, https:\/\/tcsogrodzenia.com\/wp-content\/uploads\/2025\/09\/ROMA_Vital_Eco_bloczek_iryd-600x303.jpg 600w, https:\/\/tcsogrodzenia.com\/wp-content\/uploads\/2025\/09\/ROMA_Vital_Eco_bloczek_iryd-800x404.jpg 800w\" sizes=\"(max-width: 1280px) 100vw, 1280px\" \/><\/p>\n<\/div>\n<div>\n<p>GRAFIT<\/p>\n<p><img decoding=\"async\" class=\"alignnone size-large wp-image-40136\" src=\"https:\/\/tcsogrodzenia.com\/wp-content\/uploads\/2025\/09\/ROMA_Vital_Eco_bloczek_grafit-1280x646.jpg\" alt=\"\" width=\"180\" height=\"auto\" srcset=\"https:\/\/tcsogrodzenia.com\/wp-content\/uploads\/2025\/09\/ROMA_Vital_Eco_bloczek_grafit-1280x646.jpg 1280w, https:\/\/tcsogrodzenia.com\/wp-content\/uploads\/2025\/09\/ROMA_Vital_Eco_bloczek_grafit-768x388.jpg 768w, https:\/\/tcsogrodzenia.com\/wp-content\/uploads\/2025\/09\/ROMA_Vital_Eco_bloczek_grafit-480x242.jpg 480w, https:\/\/tcsogrodzenia.com\/wp-content\/uploads\/2025\/09\/ROMA_Vital_Eco_bloczek_grafit-1536x775.jpg 1536w, https:\/\/tcsogrodzenia.com\/wp-content\/uploads\/2025\/09\/ROMA_Vital_Eco_bloczek_grafit-2048x1034.jpg 2048w, https:\/\/tcsogrodzenia.com\/wp-content\/uploads\/2025\/09\/ROMA_Vital_Eco_bloczek_grafit-600x303.jpg 600w, https:\/\/tcsogrodzenia.com\/wp-content\/uploads\/2025\/09\/ROMA_Vital_Eco_bloczek_grafit-800x404.jpg 800w\" sizes=\"(max-width: 1280px) 100vw, 1280px\" \/><\/p>\n<\/div>\n<div>\n<p>WEISS<\/p>\n<p><img decoding=\"async\" class=\"alignnone size-large wp-image-40133\" src=\"https:\/\/tcsogrodzenia.com\/wp-content\/uploads\/2025\/09\/ROMA_Vital_Eco_bloczek_bialy-1280x646.jpg\" alt=\"\" width=\"180\" height=\"auto\" srcset=\"https:\/\/tcsogrodzenia.com\/wp-content\/uploads\/2025\/09\/ROMA_Vital_Eco_bloczek_bialy-1280x646.jpg 1280w, https:\/\/tcsogrodzenia.com\/wp-content\/uploads\/2025\/09\/ROMA_Vital_Eco_bloczek_bialy-768x388.jpg 768w, https:\/\/tcsogrodzenia.com\/wp-content\/uploads\/2025\/09\/ROMA_Vital_Eco_bloczek_bialy-480x242.jpg 480w, https:\/\/tcsogrodzenia.com\/wp-content\/uploads\/2025\/09\/ROMA_Vital_Eco_bloczek_bialy-1536x775.jpg 1536w, https:\/\/tcsogrodzenia.com\/wp-content\/uploads\/2025\/09\/ROMA_Vital_Eco_bloczek_bialy-2048x1034.jpg 2048w, https:\/\/tcsogrodzenia.com\/wp-content\/uploads\/2025\/09\/ROMA_Vital_Eco_bloczek_bialy-600x303.jpg 600w, https:\/\/tcsogrodzenia.com\/wp-content\/uploads\/2025\/09\/ROMA_Vital_Eco_bloczek_bialy-800x404.jpg 800w\" sizes=\"(max-width: 1280px) 100vw, 1280px\" \/><\/p>\n<\/div>\n<\/div>\n","protected":false},"excerpt":{"rendered":"<p>ROMA Vital ECO ist ein Zaun von JONIEC\u00ae, der f\u00fcr eine schnelle Montage und niedrigere Kosten entwickelt wurde. Die neuen Blockabmessungen erm\u00f6glichen den Bau eines Zauns, der modern und zugleich unkonventionell ist. Die innovative Blockkonstruktion reduziert den Betonverbrauch erheblich. Gefaste Kanten und eine reiche Farbpalette sorgen daf\u00fcr, dass sich dieses Zaunsystem perfekt an die Anforderungen der modernen Architektur anpasst.   <\/p>\n","protected":false},"featured_media":40095,"template":"","meta":{"site-sidebar-layout":"default","site-content-layout":"","ast-site-content-layout":"default","site-content-style":"default","site-sidebar-style":"default","ast-global-header-display":"","ast-banner-title-visibility":"","ast-main-header-display":"","ast-hfb-above-header-display":"","ast-hfb-below-header-display":"","ast-hfb-mobile-header-display":"","site-post-title":"","ast-breadcrumbs-content":"","ast-featured-img":"","footer-sml-layout":"","ast-disable-related-posts":"","theme-transparent-header-meta":"default","adv-header-id-meta":"","stick-header-meta":"default","header-above-stick-meta":"","header-main-stick-meta":"","header-below-stick-meta":"","astra-migrate-meta-layouts":"default","ast-page-background-enabled":"default","ast-page-background-meta":{"desktop":{"background-color":"var(--ast-global-color-4)","background-image":"","background-repeat":"repeat","background-position":"center center","background-size":"auto","background-attachment":"scroll","background-type":"","background-media":"","overlay-type":"","overlay-color":"","overlay-opacity":"","overlay-gradient":""},"tablet":{"background-color":"","background-image":"","background-repeat":"repeat","background-position":"center center","background-size":"auto","background-attachment":"scroll","background-type":"","background-media":"","overlay-type":"","overlay-color":"","overlay-opacity":"","overlay-gradient":""},"mobile":{"background-color":"","background-image":"","background-repeat":"repeat","background-position":"center center","background-size":"auto","background-attachment":"scroll","background-type":"","background-media":"","overlay-type":"","overlay-color":"","overlay-opacity":"","overlay-gradient":""}},"ast-content-background-meta":{"desktop":{"background-color":"var(--ast-global-color-5)","background-image":"","background-repeat":"repeat","background-position":"center center","background-size":"auto","background-attachment":"scroll","background-type":"","background-media":"","overlay-type":"","overlay-color":"","overlay-opacity":"","overlay-gradient":""},"tablet":{"background-color":"var(--ast-global-color-5)","background-image":"","background-repeat":"repeat","background-position":"center center","background-size":"auto","background-attachment":"scroll","background-type":"","background-media":"","overlay-type":"","overlay-color":"","overlay-opacity":"","overlay-gradient":""},"mobile":{"background-color":"var(--ast-global-color-5)","background-image":"","background-repeat":"repeat","background-position":"center center","background-size":"auto","background-attachment":"scroll","background-type":"","background-media":"","overlay-type":"","overlay-color":"","overlay-opacity":"","overlay-gradient":""}}},"product_brand":[],"product_cat":[214],"product_tag":[],"class_list":{"0":"post-40149","1":"product","2":"type-product","3":"status-publish","4":"has-post-thumbnail","6":"product_cat-modulare-zaeune-joniec","7":"desktop-align-left","8":"tablet-align-left","9":"mobile-align-left","10":"ast-product-gallery-layout-horizontal-slider","11":"ast-product-gallery-with-no-image","12":"ast-product-tabs-layout-horizontal","14":"first","15":"instock","16":"shipping-taxable","17":"product-type-simple"},"_links":{"self":[{"href":"https:\/\/tcsogrodzenia.com\/de\/wp-json\/wp\/v2\/product\/40149","targetHints":{"allow":["GET"]}}],"collection":[{"href":"https:\/\/tcsogrodzenia.com\/de\/wp-json\/wp\/v2\/product"}],"about":[{"href":"https:\/\/tcsogrodzenia.com\/de\/wp-json\/wp\/v2\/types\/product"}],"wp:featuredmedia":[{"embeddable":true,"href":"https:\/\/tcsogrodzenia.com\/de\/wp-json\/wp\/v2\/media\/40095"}],"wp:attachment":[{"href":"https:\/\/tcsogrodzenia.com\/de\/wp-json\/wp\/v2\/media?parent=40149"}],"wp:term":[{"taxonomy":"product_brand","embeddable":true,"href":"https:\/\/tcsogrodzenia.com\/de\/wp-json\/wp\/v2\/product_brand?post=40149"},{"taxonomy":"product_cat","embeddable":true,"href":"https:\/\/tcsogrodzenia.com\/de\/wp-json\/wp\/v2\/product_cat?post=40149"},{"taxonomy":"product_tag","embeddable":true,"href":"https:\/\/tcsogrodzenia.com\/de\/wp-json\/wp\/v2\/product_tag?post=40149"}],"curies":[{"name":"wp","href":"https:\/\/api.w.org\/{rel}","templated":true}]}}