{"id":40214,"date":"2025-09-19T12:45:16","date_gmt":"2025-09-19T10:45:16","guid":{"rendered":"https:\/\/tcsogrodzenia.com\/produkt\/roma-vital-eco-multigrain\/"},"modified":"2025-09-19T13:08:54","modified_gmt":"2025-09-19T11:08:54","slug":"roma-vital-eco-multigrain","status":"publish","type":"product","link":"https:\/\/tcsogrodzenia.com\/de\/produkt\/roma-vital-eco-multigrain\/","title":{"rendered":"Roma Vital ECO Multigrain"},"content":{"rendered":"<h3>\u00dcber das System<\/h3>\n<p>&nbsp;<\/p>\n<p>ROMA Vital ECO Multigrain ist ein moderner Modulzaun der Firma JONIEC\u00ae. Das charakteristische Merkmal der \u201eMultigrain\u201c-Bl\u00f6cke ist eine effektvolle, mehrk\u00f6rnige Oberfl\u00e4chenstruktur, die diesen Zaun im \u00f6ffentlichen Raum positiv hervorhebt. Zus\u00e4tzlich verleihen die abgeschr\u00e4gten Kanten der Bl\u00f6cke dem Zaun Eleganz und Leichtigkeit und unterstreichen seinen modernen Charakter. Der Zaun ROMA Vital ECO Multigrain ist in einer Palette modischer, dezenter Farben erh\u00e4ltlich, die seinen zeitlosen Stil unterstreichen und eine Anpassung an verschiedene architektonische Arrangements erm\u00f6glichen.<\/p>\n<p>Ein gro\u00dfer Vorteil des ROMA Vital ECO Multigrain Zauns ist die innovative Konstruktion der Bl\u00f6cke \u2013 dank der reduzierten Innenkammer erm\u00f6glicht das System eine Reduzierung des Betonverbrauchs um bis zu 77 %, was zu geringeren Investitionskosten und einem umweltfreundlicheren Bauansatz f\u00fchrt.<\/p>\n<hr>\n<h3>Systemelemente<\/h3>\n<p>&nbsp;<\/p>\n<p>Pfosten-\/Mauerabdeckungen CRVEM19 (H\u00f6he 6 cm \/ L\u00e4nge 57 cm \/ Breite 19,5 cm):<\/p>\n<div style=\"display: flex; flex-wrap: wrap;\">\n<div><img decoding=\"async\" src=\"https:\/\/tcsogrodzenia.com\/wp-content\/uploads\/2025\/09\/CRVEM19_popiel-1280x853.jpg\" alt=\"\" width=\"180\" height=\"auto\" class=\"alignnone size-large wp-image-40166\" srcset=\"https:\/\/tcsogrodzenia.com\/wp-content\/uploads\/2025\/09\/CRVEM19_popiel-1280x853.jpg 1280w, https:\/\/tcsogrodzenia.com\/wp-content\/uploads\/2025\/09\/CRVEM19_popiel-768x512.jpg 768w, https:\/\/tcsogrodzenia.com\/wp-content\/uploads\/2025\/09\/CRVEM19_popiel-480x320.jpg 480w, https:\/\/tcsogrodzenia.com\/wp-content\/uploads\/2025\/09\/CRVEM19_popiel-1536x1024.jpg 1536w, https:\/\/tcsogrodzenia.com\/wp-content\/uploads\/2025\/09\/CRVEM19_popiel-2048x1365.jpg 2048w, https:\/\/tcsogrodzenia.com\/wp-content\/uploads\/2025\/09\/CRVEM19_popiel-600x400.jpg 600w, https:\/\/tcsogrodzenia.com\/wp-content\/uploads\/2025\/09\/CRVEM19_popiel-800x533.jpg 800w\" sizes=\"(max-width: 1280px) 100vw, 1280px\" \/><\/div>\n<div><img decoding=\"async\" src=\"https:\/\/tcsogrodzenia.com\/wp-content\/uploads\/2025\/09\/CRVEM19_grafit-1280x853.jpg\" alt=\"\" width=\"180\" height=\"auto\" class=\"alignnone size-large wp-image-40163\" srcset=\"https:\/\/tcsogrodzenia.com\/wp-content\/uploads\/2025\/09\/CRVEM19_grafit-1280x853.jpg 1280w, https:\/\/tcsogrodzenia.com\/wp-content\/uploads\/2025\/09\/CRVEM19_grafit-768x512.jpg 768w, https:\/\/tcsogrodzenia.com\/wp-content\/uploads\/2025\/09\/CRVEM19_grafit-480x320.jpg 480w, https:\/\/tcsogrodzenia.com\/wp-content\/uploads\/2025\/09\/CRVEM19_grafit-1536x1024.jpg 1536w, https:\/\/tcsogrodzenia.com\/wp-content\/uploads\/2025\/09\/CRVEM19_grafit-2048x1365.jpg 2048w, https:\/\/tcsogrodzenia.com\/wp-content\/uploads\/2025\/09\/CRVEM19_grafit-600x400.jpg 600w, https:\/\/tcsogrodzenia.com\/wp-content\/uploads\/2025\/09\/CRVEM19_grafit-800x533.jpg 800w\" sizes=\"(max-width: 1280px) 100vw, 1280px\" \/><\/div>\n<\/div>\n<p>&nbsp;<\/p>\n<p>&nbsp;<\/p>\n<p>Pfosten-\/Mauerbl\u00f6cke RVEM19 (H\u00f6he 20 cm \/ L\u00e4nge 57 cm \/ Breite 19,5 cm):<\/p>\n<div style=\"display: flex; flex-wrap: wrap;\">\n<div><img decoding=\"async\" src=\"https:\/\/tcsogrodzenia.com\/wp-content\/uploads\/2025\/09\/RVEM19_popiel-1280x853.jpg\" alt=\"\" width=\"180\" height=\"auto\" class=\"alignnone size-large wp-image-40160\" srcset=\"https:\/\/tcsogrodzenia.com\/wp-content\/uploads\/2025\/09\/RVEM19_popiel-1280x853.jpg 1280w, https:\/\/tcsogrodzenia.com\/wp-content\/uploads\/2025\/09\/RVEM19_popiel-768x512.jpg 768w, https:\/\/tcsogrodzenia.com\/wp-content\/uploads\/2025\/09\/RVEM19_popiel-480x320.jpg 480w, https:\/\/tcsogrodzenia.com\/wp-content\/uploads\/2025\/09\/RVEM19_popiel-1536x1024.jpg 1536w, https:\/\/tcsogrodzenia.com\/wp-content\/uploads\/2025\/09\/RVEM19_popiel-2048x1365.jpg 2048w, https:\/\/tcsogrodzenia.com\/wp-content\/uploads\/2025\/09\/RVEM19_popiel-600x400.jpg 600w, https:\/\/tcsogrodzenia.com\/wp-content\/uploads\/2025\/09\/RVEM19_popiel-800x533.jpg 800w\" sizes=\"(max-width: 1280px) 100vw, 1280px\" \/><\/div>\n<div><img decoding=\"async\" src=\"https:\/\/tcsogrodzenia.com\/wp-content\/uploads\/2025\/09\/RVEM19_grafit-1280x853.jpg\" alt=\"\" width=\"180\" height=\"auto\" class=\"alignnone size-large wp-image-40157\" srcset=\"https:\/\/tcsogrodzenia.com\/wp-content\/uploads\/2025\/09\/RVEM19_grafit-1280x853.jpg 1280w, https:\/\/tcsogrodzenia.com\/wp-content\/uploads\/2025\/09\/RVEM19_grafit-768x512.jpg 768w, https:\/\/tcsogrodzenia.com\/wp-content\/uploads\/2025\/09\/RVEM19_grafit-480x320.jpg 480w, https:\/\/tcsogrodzenia.com\/wp-content\/uploads\/2025\/09\/RVEM19_grafit-1536x1024.jpg 1536w, https:\/\/tcsogrodzenia.com\/wp-content\/uploads\/2025\/09\/RVEM19_grafit-2048x1365.jpg 2048w, https:\/\/tcsogrodzenia.com\/wp-content\/uploads\/2025\/09\/RVEM19_grafit-600x400.jpg 600w, https:\/\/tcsogrodzenia.com\/wp-content\/uploads\/2025\/09\/RVEM19_grafit-800x533.jpg 800w\" sizes=\"(max-width: 1280px) 100vw, 1280px\" \/><\/div>\n<\/div>\n<p>&nbsp;<\/p>\n<p>&nbsp;<\/p>\n<h3>Farben<\/h3>\n<p>&nbsp;<\/p>\n<div style=\"display: flex; flex-wrap: wrap;\">\n<div>\n<p>ASCHGRAU<\/p>\n<p><img decoding=\"async\" src=\"https:\/\/tcsogrodzenia.com\/wp-content\/uploads\/2025\/09\/ROMA_Vital_Eco_Multigrain_bloczek_popiel-1280x665.jpg\" alt=\"\" width=\"180\" height=\"auto\" class=\"alignnone size-large wp-image-40154\" srcset=\"https:\/\/tcsogrodzenia.com\/wp-content\/uploads\/2025\/09\/ROMA_Vital_Eco_Multigrain_bloczek_popiel-1280x665.jpg 1280w, https:\/\/tcsogrodzenia.com\/wp-content\/uploads\/2025\/09\/ROMA_Vital_Eco_Multigrain_bloczek_popiel-768x399.jpg 768w, https:\/\/tcsogrodzenia.com\/wp-content\/uploads\/2025\/09\/ROMA_Vital_Eco_Multigrain_bloczek_popiel-480x249.jpg 480w, https:\/\/tcsogrodzenia.com\/wp-content\/uploads\/2025\/09\/ROMA_Vital_Eco_Multigrain_bloczek_popiel-1536x798.jpg 1536w, https:\/\/tcsogrodzenia.com\/wp-content\/uploads\/2025\/09\/ROMA_Vital_Eco_Multigrain_bloczek_popiel-2048x1064.jpg 2048w, https:\/\/tcsogrodzenia.com\/wp-content\/uploads\/2025\/09\/ROMA_Vital_Eco_Multigrain_bloczek_popiel-600x312.jpg 600w, https:\/\/tcsogrodzenia.com\/wp-content\/uploads\/2025\/09\/ROMA_Vital_Eco_Multigrain_bloczek_popiel-800x415.jpg 800w\" sizes=\"(max-width: 1280px) 100vw, 1280px\" \/><\/p>\n<\/div>\n<div>\n<p>GRAFIT<\/p>\n<p><img decoding=\"async\" src=\"https:\/\/tcsogrodzenia.com\/wp-content\/uploads\/2025\/09\/ROMA_Vital_Eco_Multigrain_bloczek_grafit-1280x665.jpg\" alt=\"\" width=\"180\" height=\"auto\" class=\"alignnone size-large wp-image-40151\" srcset=\"https:\/\/tcsogrodzenia.com\/wp-content\/uploads\/2025\/09\/ROMA_Vital_Eco_Multigrain_bloczek_grafit-1280x665.jpg 1280w, https:\/\/tcsogrodzenia.com\/wp-content\/uploads\/2025\/09\/ROMA_Vital_Eco_Multigrain_bloczek_grafit-768x399.jpg 768w, https:\/\/tcsogrodzenia.com\/wp-content\/uploads\/2025\/09\/ROMA_Vital_Eco_Multigrain_bloczek_grafit-480x249.jpg 480w, https:\/\/tcsogrodzenia.com\/wp-content\/uploads\/2025\/09\/ROMA_Vital_Eco_Multigrain_bloczek_grafit-1536x798.jpg 1536w, https:\/\/tcsogrodzenia.com\/wp-content\/uploads\/2025\/09\/ROMA_Vital_Eco_Multigrain_bloczek_grafit-2048x1064.jpg 2048w, https:\/\/tcsogrodzenia.com\/wp-content\/uploads\/2025\/09\/ROMA_Vital_Eco_Multigrain_bloczek_grafit-600x312.jpg 600w, https:\/\/tcsogrodzenia.com\/wp-content\/uploads\/2025\/09\/ROMA_Vital_Eco_Multigrain_bloczek_grafit-800x415.jpg 800w\" sizes=\"(max-width: 1280px) 100vw, 1280px\" \/><\/p>\n<\/div>\n<\/div>\n<p>&nbsp;<\/p>\n<p>&nbsp;<\/p>\n<p>&nbsp;<\/p>\n","protected":false},"excerpt":{"rendered":"<p>ROMA Vital ECO Multigrain ist ein moderner Zaun von JONIEC\u00ae, der jedem Grundst\u00fcck ein au\u00dfergew\u00f6hnliches Aussehen verleiht. Der \u201eMultigrain\u201c-Effekt verleiht der Oberfl\u00e4che der Zaunbl\u00f6cke ein subtiles Kies-Aussehen. ROMA Vital ECO Multigrain ist ein unkonventioneller Zaun, der sich positiv von anderen H\u00e4usern abhebt. Ein weiterer Vorteil des Zauns ist die innovative Konstruktion der Bl\u00f6cke, die es erm\u00f6glicht, die Baukosten zu senken und die Montagezeit zu verk\u00fcrzen.<\/p>\n","protected":false},"featured_media":40174,"template":"","meta":{"site-sidebar-layout":"default","site-content-layout":"","ast-site-content-layout":"default","site-content-style":"default","site-sidebar-style":"default","ast-global-header-display":"","ast-banner-title-visibility":"","ast-main-header-display":"","ast-hfb-above-header-display":"","ast-hfb-below-header-display":"","ast-hfb-mobile-header-display":"","site-post-title":"","ast-breadcrumbs-content":"","ast-featured-img":"","footer-sml-layout":"","ast-disable-related-posts":"","theme-transparent-header-meta":"default","adv-header-id-meta":"","stick-header-meta":"default","header-above-stick-meta":"","header-main-stick-meta":"","header-below-stick-meta":"","astra-migrate-meta-layouts":"default","ast-page-background-enabled":"default","ast-page-background-meta":{"desktop":{"background-color":"var(--ast-global-color-4)","background-image":"","background-repeat":"repeat","background-position":"center center","background-size":"auto","background-attachment":"scroll","background-type":"","background-media":"","overlay-type":"","overlay-color":"","overlay-opacity":"","overlay-gradient":""},"tablet":{"background-color":"","background-image":"","background-repeat":"repeat","background-position":"center center","background-size":"auto","background-attachment":"scroll","background-type":"","background-media":"","overlay-type":"","overlay-color":"","overlay-opacity":"","overlay-gradient":""},"mobile":{"background-color":"","background-image":"","background-repeat":"repeat","background-position":"center center","background-size":"auto","background-attachment":"scroll","background-type":"","background-media":"","overlay-type":"","overlay-color":"","overlay-opacity":"","overlay-gradient":""}},"ast-content-background-meta":{"desktop":{"background-color":"var(--ast-global-color-5)","background-image":"","background-repeat":"repeat","background-position":"center center","background-size":"auto","background-attachment":"scroll","background-type":"","background-media":"","overlay-type":"","overlay-color":"","overlay-opacity":"","overlay-gradient":""},"tablet":{"background-color":"var(--ast-global-color-5)","background-image":"","background-repeat":"repeat","background-position":"center center","background-size":"auto","background-attachment":"scroll","background-type":"","background-media":"","overlay-type":"","overlay-color":"","overlay-opacity":"","overlay-gradient":""},"mobile":{"background-color":"var(--ast-global-color-5)","background-image":"","background-repeat":"repeat","background-position":"center center","background-size":"auto","background-attachment":"scroll","background-type":"","background-media":"","overlay-type":"","overlay-color":"","overlay-opacity":"","overlay-gradient":""}}},"product_brand":[],"product_cat":[214],"product_tag":[],"class_list":{"0":"post-40214","1":"product","2":"type-product","3":"status-publish","4":"has-post-thumbnail","6":"product_cat-modulare-zaeune-joniec","7":"desktop-align-left","8":"tablet-align-left","9":"mobile-align-left","10":"ast-product-gallery-layout-horizontal-slider","11":"ast-product-gallery-with-no-image","12":"ast-product-tabs-layout-horizontal","14":"first","15":"instock","16":"shipping-taxable","17":"product-type-simple"},"_links":{"self":[{"href":"https:\/\/tcsogrodzenia.com\/de\/wp-json\/wp\/v2\/product\/40214","targetHints":{"allow":["GET"]}}],"collection":[{"href":"https:\/\/tcsogrodzenia.com\/de\/wp-json\/wp\/v2\/product"}],"about":[{"href":"https:\/\/tcsogrodzenia.com\/de\/wp-json\/wp\/v2\/types\/product"}],"wp:featuredmedia":[{"embeddable":true,"href":"https:\/\/tcsogrodzenia.com\/de\/wp-json\/wp\/v2\/media\/40174"}],"wp:attachment":[{"href":"https:\/\/tcsogrodzenia.com\/de\/wp-json\/wp\/v2\/media?parent=40214"}],"wp:term":[{"taxonomy":"product_brand","embeddable":true,"href":"https:\/\/tcsogrodzenia.com\/de\/wp-json\/wp\/v2\/product_brand?post=40214"},{"taxonomy":"product_cat","embeddable":true,"href":"https:\/\/tcsogrodzenia.com\/de\/wp-json\/wp\/v2\/product_cat?post=40214"},{"taxonomy":"product_tag","embeddable":true,"href":"https:\/\/tcsogrodzenia.com\/de\/wp-json\/wp\/v2\/product_tag?post=40214"}],"curies":[{"name":"wp","href":"https:\/\/api.w.org\/{rel}","templated":true}]}}