{"id":40373,"date":"2025-09-22T10:32:37","date_gmt":"2025-09-22T08:32:37","guid":{"rendered":"https:\/\/tcsogrodzenia.com\/produkt\/roma-integra-eco\/"},"modified":"2025-09-22T11:19:29","modified_gmt":"2025-09-22T09:19:29","slug":"roma-integra-eco","status":"publish","type":"product","link":"https:\/\/tcsogrodzenia.com\/de\/produkt\/roma-integra-eco\/","title":{"rendered":"Roma Integra ECO"},"content":{"rendered":"<h3>\u00dcber das System<\/h3>\n<p>&nbsp;<\/p>\n<p>ROMA Integra ECO ist ein Zaunsystem, das f\u00fcr moderne R\u00e4ume und eine kosteng\u00fcnstige, aber \u00e4sthetische Bauweise entwickelt wurde. ROMA Integra ECO ist ein Zaun, der sich durch eine schlichte und zugleich raffinierte Linienf\u00fchrung auszeichnet. Seine modulare Bauweise und die l\u00e4ngliche Form der Elemente erm\u00f6glichen eine schnelle Montage und das Erzielen einer harmonischen, koh\u00e4renten Form. Zus\u00e4tzlich verleihen die abgeschr\u00e4gten Kanten den Bl\u00f6cken Eleganz und eine subtile Leichtigkeit, die den modernen Charakter des gesamten Zauns unterstreichen.   <\/p>\n<p>Die innovativen Zaunbl\u00f6cke des ROMA Integra ECO Systems erm\u00f6glichen eine Reduzierung des Betonverbrauchs um bis zu 76 %, was die Investitionskosten erheblich senkt und einen \u00f6kologischen Ansatz bei der Gestaltung von Au\u00dfenbereichen unterst\u00fctzt.<\/p>\n<hr>\n<h3>Systemelemente<\/h3>\n<p>&nbsp;<\/p>\n<p>Pfosten-\/Mauerabdeckungen CRIE20 (H 7,2 cm \/ L 75,6 cm \/ B 19,8 cm):<\/p>\n<div style=\"display: flex; flex-wrap: wrap;\">\n<div><img decoding=\"async\" class=\"alignnone size-large wp-image-40334\" src=\"https:\/\/tcsogrodzenia.com\/wp-content\/uploads\/2025\/09\/CRIE20_iryd-1280x853.jpg\" alt=\"\" width=\"180\" height=\"auto\" srcset=\"https:\/\/tcsogrodzenia.com\/wp-content\/uploads\/2025\/09\/CRIE20_iryd-1280x853.jpg 1280w, https:\/\/tcsogrodzenia.com\/wp-content\/uploads\/2025\/09\/CRIE20_iryd-768x512.jpg 768w, https:\/\/tcsogrodzenia.com\/wp-content\/uploads\/2025\/09\/CRIE20_iryd-480x320.jpg 480w, https:\/\/tcsogrodzenia.com\/wp-content\/uploads\/2025\/09\/CRIE20_iryd-1536x1024.jpg 1536w, https:\/\/tcsogrodzenia.com\/wp-content\/uploads\/2025\/09\/CRIE20_iryd-2048x1365.jpg 2048w, https:\/\/tcsogrodzenia.com\/wp-content\/uploads\/2025\/09\/CRIE20_iryd-600x400.jpg 600w, https:\/\/tcsogrodzenia.com\/wp-content\/uploads\/2025\/09\/CRIE20_iryd-800x533.jpg 800w\" sizes=\"(max-width: 1280px) 100vw, 1280px\" \/><\/div>\n<div><img decoding=\"async\" src=\"https:\/\/tcsogrodzenia.com\/wp-content\/uploads\/2025\/09\/CRIE20_grafit-1280x853.jpg\" alt=\"\" width=\"180\" height=\"auto\" class=\"alignnone size-large wp-image-40331\" srcset=\"https:\/\/tcsogrodzenia.com\/wp-content\/uploads\/2025\/09\/CRIE20_grafit-1280x853.jpg 1280w, https:\/\/tcsogrodzenia.com\/wp-content\/uploads\/2025\/09\/CRIE20_grafit-768x512.jpg 768w, https:\/\/tcsogrodzenia.com\/wp-content\/uploads\/2025\/09\/CRIE20_grafit-480x320.jpg 480w, https:\/\/tcsogrodzenia.com\/wp-content\/uploads\/2025\/09\/CRIE20_grafit-1536x1024.jpg 1536w, https:\/\/tcsogrodzenia.com\/wp-content\/uploads\/2025\/09\/CRIE20_grafit-2048x1365.jpg 2048w, https:\/\/tcsogrodzenia.com\/wp-content\/uploads\/2025\/09\/CRIE20_grafit-600x400.jpg 600w, https:\/\/tcsogrodzenia.com\/wp-content\/uploads\/2025\/09\/CRIE20_grafit-800x533.jpg 800w\" sizes=\"(max-width: 1280px) 100vw, 1280px\" \/><\/div>\n<div><img decoding=\"async\" src=\"https:\/\/tcsogrodzenia.com\/wp-content\/uploads\/2025\/09\/CRIE20_bialy-1280x853.jpg\" alt=\"\" width=\"180\" height=\"auto\" class=\"alignnone size-large wp-image-40328\" srcset=\"https:\/\/tcsogrodzenia.com\/wp-content\/uploads\/2025\/09\/CRIE20_bialy-1280x853.jpg 1280w, https:\/\/tcsogrodzenia.com\/wp-content\/uploads\/2025\/09\/CRIE20_bialy-768x512.jpg 768w, https:\/\/tcsogrodzenia.com\/wp-content\/uploads\/2025\/09\/CRIE20_bialy-480x320.jpg 480w, https:\/\/tcsogrodzenia.com\/wp-content\/uploads\/2025\/09\/CRIE20_bialy-1536x1024.jpg 1536w, https:\/\/tcsogrodzenia.com\/wp-content\/uploads\/2025\/09\/CRIE20_bialy-2048x1365.jpg 2048w, https:\/\/tcsogrodzenia.com\/wp-content\/uploads\/2025\/09\/CRIE20_bialy-600x400.jpg 600w, https:\/\/tcsogrodzenia.com\/wp-content\/uploads\/2025\/09\/CRIE20_bialy-800x533.jpg 800w\" sizes=\"(max-width: 1280px) 100vw, 1280px\" \/><\/div>\n<\/div>\n<p>&nbsp;<\/p>\n<p>&nbsp;<\/p>\n<p>Pfosten-\/Mauerbl\u00f6cke RIE20 (H 20 cm \/ L 75,6 cm \/ B 19,8 cm):<\/p>\n<div style=\"display: flex; flex-wrap: wrap;\">\n<div><img decoding=\"async\" class=\"alignnone size-large wp-image-40325\" src=\"https:\/\/tcsogrodzenia.com\/wp-content\/uploads\/2025\/09\/RIE20_iryd-1280x853.jpg\" alt=\"\" width=\"180\" height=\"auto\" srcset=\"https:\/\/tcsogrodzenia.com\/wp-content\/uploads\/2025\/09\/RIE20_iryd-1280x853.jpg 1280w, https:\/\/tcsogrodzenia.com\/wp-content\/uploads\/2025\/09\/RIE20_iryd-768x512.jpg 768w, https:\/\/tcsogrodzenia.com\/wp-content\/uploads\/2025\/09\/RIE20_iryd-480x320.jpg 480w, https:\/\/tcsogrodzenia.com\/wp-content\/uploads\/2025\/09\/RIE20_iryd-1536x1024.jpg 1536w, https:\/\/tcsogrodzenia.com\/wp-content\/uploads\/2025\/09\/RIE20_iryd-2048x1365.jpg 2048w, https:\/\/tcsogrodzenia.com\/wp-content\/uploads\/2025\/09\/RIE20_iryd-600x400.jpg 600w, https:\/\/tcsogrodzenia.com\/wp-content\/uploads\/2025\/09\/RIE20_iryd-800x533.jpg 800w\" sizes=\"(max-width: 1280px) 100vw, 1280px\" \/><\/div>\n<div><img decoding=\"async\" class=\"alignnone size-large wp-image-40322\" src=\"https:\/\/tcsogrodzenia.com\/wp-content\/uploads\/2025\/09\/RIE20_grafit-1280x853.jpg\" alt=\"\" width=\"180\" height=\"auto\" srcset=\"https:\/\/tcsogrodzenia.com\/wp-content\/uploads\/2025\/09\/RIE20_grafit-1280x853.jpg 1280w, https:\/\/tcsogrodzenia.com\/wp-content\/uploads\/2025\/09\/RIE20_grafit-768x512.jpg 768w, https:\/\/tcsogrodzenia.com\/wp-content\/uploads\/2025\/09\/RIE20_grafit-480x320.jpg 480w, https:\/\/tcsogrodzenia.com\/wp-content\/uploads\/2025\/09\/RIE20_grafit-1536x1024.jpg 1536w, https:\/\/tcsogrodzenia.com\/wp-content\/uploads\/2025\/09\/RIE20_grafit-2048x1365.jpg 2048w, https:\/\/tcsogrodzenia.com\/wp-content\/uploads\/2025\/09\/RIE20_grafit-600x400.jpg 600w, https:\/\/tcsogrodzenia.com\/wp-content\/uploads\/2025\/09\/RIE20_grafit-800x533.jpg 800w\" sizes=\"(max-width: 1280px) 100vw, 1280px\" \/><\/div>\n<div><img decoding=\"async\" class=\"alignnone size-large wp-image-40319\" src=\"https:\/\/tcsogrodzenia.com\/wp-content\/uploads\/2025\/09\/RIE20_bialy-1280x853.jpg\" alt=\"\" width=\"180\" height=\"auto\" srcset=\"https:\/\/tcsogrodzenia.com\/wp-content\/uploads\/2025\/09\/RIE20_bialy-1280x853.jpg 1280w, https:\/\/tcsogrodzenia.com\/wp-content\/uploads\/2025\/09\/RIE20_bialy-768x512.jpg 768w, https:\/\/tcsogrodzenia.com\/wp-content\/uploads\/2025\/09\/RIE20_bialy-480x320.jpg 480w, https:\/\/tcsogrodzenia.com\/wp-content\/uploads\/2025\/09\/RIE20_bialy-1536x1024.jpg 1536w, https:\/\/tcsogrodzenia.com\/wp-content\/uploads\/2025\/09\/RIE20_bialy-2048x1365.jpg 2048w, https:\/\/tcsogrodzenia.com\/wp-content\/uploads\/2025\/09\/RIE20_bialy-600x400.jpg 600w, https:\/\/tcsogrodzenia.com\/wp-content\/uploads\/2025\/09\/RIE20_bialy-800x533.jpg 800w\" sizes=\"(max-width: 1280px) 100vw, 1280px\" \/><\/div>\n<\/div>\n<p>&nbsp;<\/p>\n<p>&nbsp;<\/p>\n<h3>Farben<\/h3>\n<p>&nbsp;<\/p>\n<div style=\"display: flex; flex-wrap: wrap;\">\n<div>\n<p>IRYD<\/p>\n<p><img decoding=\"async\" class=\"alignnone size-large wp-image-40316\" src=\"https:\/\/tcsogrodzenia.com\/wp-content\/uploads\/2025\/09\/Roma_Integra_bloczek_iryd-973x1024.jpg\" alt=\"\" width=\"180\" height=\"auto\" srcset=\"https:\/\/tcsogrodzenia.com\/wp-content\/uploads\/2025\/09\/Roma_Integra_bloczek_iryd-973x1024.jpg 973w, https:\/\/tcsogrodzenia.com\/wp-content\/uploads\/2025\/09\/Roma_Integra_bloczek_iryd-730x768.jpg 730w, https:\/\/tcsogrodzenia.com\/wp-content\/uploads\/2025\/09\/Roma_Integra_bloczek_iryd-456x480.jpg 456w, https:\/\/tcsogrodzenia.com\/wp-content\/uploads\/2025\/09\/Roma_Integra_bloczek_iryd-768x808.jpg 768w, https:\/\/tcsogrodzenia.com\/wp-content\/uploads\/2025\/09\/Roma_Integra_bloczek_iryd-1460x1536.jpg 1460w, https:\/\/tcsogrodzenia.com\/wp-content\/uploads\/2025\/09\/Roma_Integra_bloczek_iryd-1947x2048.jpg 1947w, https:\/\/tcsogrodzenia.com\/wp-content\/uploads\/2025\/09\/Roma_Integra_bloczek_iryd-600x631.jpg 600w, https:\/\/tcsogrodzenia.com\/wp-content\/uploads\/2025\/09\/Roma_Integra_bloczek_iryd-800x842.jpg 800w\" sizes=\"(max-width: 973px) 100vw, 973px\" \/><\/p>\n<\/div>\n<div>\n<p>GRAFIT<\/p>\n<p><img decoding=\"async\" class=\"alignnone size-large wp-image-40313\" src=\"https:\/\/tcsogrodzenia.com\/wp-content\/uploads\/2025\/09\/Roma_Integra_bloczek_grafit-973x1024.jpg\" alt=\"\" width=\"180\" height=\"auto\" srcset=\"https:\/\/tcsogrodzenia.com\/wp-content\/uploads\/2025\/09\/Roma_Integra_bloczek_grafit-973x1024.jpg 973w, https:\/\/tcsogrodzenia.com\/wp-content\/uploads\/2025\/09\/Roma_Integra_bloczek_grafit-730x768.jpg 730w, https:\/\/tcsogrodzenia.com\/wp-content\/uploads\/2025\/09\/Roma_Integra_bloczek_grafit-456x480.jpg 456w, https:\/\/tcsogrodzenia.com\/wp-content\/uploads\/2025\/09\/Roma_Integra_bloczek_grafit-768x808.jpg 768w, https:\/\/tcsogrodzenia.com\/wp-content\/uploads\/2025\/09\/Roma_Integra_bloczek_grafit-1460x1536.jpg 1460w, https:\/\/tcsogrodzenia.com\/wp-content\/uploads\/2025\/09\/Roma_Integra_bloczek_grafit-1947x2048.jpg 1947w, https:\/\/tcsogrodzenia.com\/wp-content\/uploads\/2025\/09\/Roma_Integra_bloczek_grafit-600x631.jpg 600w, https:\/\/tcsogrodzenia.com\/wp-content\/uploads\/2025\/09\/Roma_Integra_bloczek_grafit-800x842.jpg 800w\" sizes=\"(max-width: 973px) 100vw, 973px\" \/><\/p>\n<\/div>\n<div>\n<p>WEISS<\/p>\n<p><img decoding=\"async\" class=\"alignnone size-large wp-image-40310\" src=\"https:\/\/tcsogrodzenia.com\/wp-content\/uploads\/2025\/09\/Roma_Integra_bloczek_bialy-973x1024.jpg\" alt=\"\" width=\"180\" height=\"auto\" srcset=\"https:\/\/tcsogrodzenia.com\/wp-content\/uploads\/2025\/09\/Roma_Integra_bloczek_bialy-973x1024.jpg 973w, https:\/\/tcsogrodzenia.com\/wp-content\/uploads\/2025\/09\/Roma_Integra_bloczek_bialy-730x768.jpg 730w, https:\/\/tcsogrodzenia.com\/wp-content\/uploads\/2025\/09\/Roma_Integra_bloczek_bialy-456x480.jpg 456w, https:\/\/tcsogrodzenia.com\/wp-content\/uploads\/2025\/09\/Roma_Integra_bloczek_bialy-768x808.jpg 768w, https:\/\/tcsogrodzenia.com\/wp-content\/uploads\/2025\/09\/Roma_Integra_bloczek_bialy-1460x1536.jpg 1460w, https:\/\/tcsogrodzenia.com\/wp-content\/uploads\/2025\/09\/Roma_Integra_bloczek_bialy-1947x2048.jpg 1947w, https:\/\/tcsogrodzenia.com\/wp-content\/uploads\/2025\/09\/Roma_Integra_bloczek_bialy-600x631.jpg 600w, https:\/\/tcsogrodzenia.com\/wp-content\/uploads\/2025\/09\/Roma_Integra_bloczek_bialy-800x842.jpg 800w\" sizes=\"(max-width: 973px) 100vw, 973px\" \/><\/p>\n<\/div>\n<\/div>\n<p>&nbsp;<\/p>\n<p>&nbsp;<\/p>\n<p>&nbsp;<\/p>\n","protected":false},"excerpt":{"rendered":"<p>ROMA Integra ECO ist ein moderner Zaun der Firma JONIEC\u00ae. Gro\u00dfe Zaunbl\u00f6cke verleihen dem Anwesen Eleganz und Raffinesse. Trendige Farben passen sich den aktuellen Designtrends an. Zus\u00e4tzlich sorgt die innovative Konstruktion der Bl\u00f6cke daf\u00fcr, dass die Kosten f\u00fcr den Zaunbau erheblich niedriger sind.    <\/p>\n","protected":false},"featured_media":40345,"template":"","meta":{"site-sidebar-layout":"default","site-content-layout":"","ast-site-content-layout":"default","site-content-style":"default","site-sidebar-style":"default","ast-global-header-display":"","ast-banner-title-visibility":"","ast-main-header-display":"","ast-hfb-above-header-display":"","ast-hfb-below-header-display":"","ast-hfb-mobile-header-display":"","site-post-title":"","ast-breadcrumbs-content":"","ast-featured-img":"","footer-sml-layout":"","ast-disable-related-posts":"","theme-transparent-header-meta":"default","adv-header-id-meta":"","stick-header-meta":"default","header-above-stick-meta":"","header-main-stick-meta":"","header-below-stick-meta":"","astra-migrate-meta-layouts":"default","ast-page-background-enabled":"default","ast-page-background-meta":{"desktop":{"background-color":"var(--ast-global-color-4)","background-image":"","background-repeat":"repeat","background-position":"center center","background-size":"auto","background-attachment":"scroll","background-type":"","background-media":"","overlay-type":"","overlay-color":"","overlay-opacity":"","overlay-gradient":""},"tablet":{"background-color":"","background-image":"","background-repeat":"repeat","background-position":"center center","background-size":"auto","background-attachment":"scroll","background-type":"","background-media":"","overlay-type":"","overlay-color":"","overlay-opacity":"","overlay-gradient":""},"mobile":{"background-color":"","background-image":"","background-repeat":"repeat","background-position":"center center","background-size":"auto","background-attachment":"scroll","background-type":"","background-media":"","overlay-type":"","overlay-color":"","overlay-opacity":"","overlay-gradient":""}},"ast-content-background-meta":{"desktop":{"background-color":"var(--ast-global-color-5)","background-image":"","background-repeat":"repeat","background-position":"center center","background-size":"auto","background-attachment":"scroll","background-type":"","background-media":"","overlay-type":"","overlay-color":"","overlay-opacity":"","overlay-gradient":""},"tablet":{"background-color":"var(--ast-global-color-5)","background-image":"","background-repeat":"repeat","background-position":"center center","background-size":"auto","background-attachment":"scroll","background-type":"","background-media":"","overlay-type":"","overlay-color":"","overlay-opacity":"","overlay-gradient":""},"mobile":{"background-color":"var(--ast-global-color-5)","background-image":"","background-repeat":"repeat","background-position":"center center","background-size":"auto","background-attachment":"scroll","background-type":"","background-media":"","overlay-type":"","overlay-color":"","overlay-opacity":"","overlay-gradient":""}}},"product_brand":[],"product_cat":[214],"product_tag":[],"class_list":{"0":"post-40373","1":"product","2":"type-product","3":"status-publish","4":"has-post-thumbnail","6":"product_cat-modulare-zaeune-joniec","7":"desktop-align-left","8":"tablet-align-left","9":"mobile-align-left","10":"ast-product-gallery-layout-horizontal-slider","11":"ast-product-gallery-with-no-image","12":"ast-product-tabs-layout-horizontal","14":"first","15":"instock","16":"shipping-taxable","17":"product-type-simple"},"_links":{"self":[{"href":"https:\/\/tcsogrodzenia.com\/de\/wp-json\/wp\/v2\/product\/40373","targetHints":{"allow":["GET"]}}],"collection":[{"href":"https:\/\/tcsogrodzenia.com\/de\/wp-json\/wp\/v2\/product"}],"about":[{"href":"https:\/\/tcsogrodzenia.com\/de\/wp-json\/wp\/v2\/types\/product"}],"wp:featuredmedia":[{"embeddable":true,"href":"https:\/\/tcsogrodzenia.com\/de\/wp-json\/wp\/v2\/media\/40345"}],"wp:attachment":[{"href":"https:\/\/tcsogrodzenia.com\/de\/wp-json\/wp\/v2\/media?parent=40373"}],"wp:term":[{"taxonomy":"product_brand","embeddable":true,"href":"https:\/\/tcsogrodzenia.com\/de\/wp-json\/wp\/v2\/product_brand?post=40373"},{"taxonomy":"product_cat","embeddable":true,"href":"https:\/\/tcsogrodzenia.com\/de\/wp-json\/wp\/v2\/product_cat?post=40373"},{"taxonomy":"product_tag","embeddable":true,"href":"https:\/\/tcsogrodzenia.com\/de\/wp-json\/wp\/v2\/product_tag?post=40373"}],"curies":[{"name":"wp","href":"https:\/\/api.w.org\/{rel}","templated":true}]}}