{"id":40651,"date":"2025-09-23T14:55:56","date_gmt":"2025-09-23T12:55:56","guid":{"rendered":"https:\/\/tcsogrodzenia.com\/produkt\/betonelemente-zaunfelder-kombo\/"},"modified":"2025-09-23T15:23:18","modified_gmt":"2025-09-23T13:23:18","slug":"betonelemente-zaunfelder-kombo","status":"publish","type":"product","link":"https:\/\/tcsogrodzenia.com\/de\/produkt\/betonelemente-zaunfelder-kombo\/","title":{"rendered":"Betonelemente \/ Zaunfelder KOMBO\u00ae"},"content":{"rendered":"<h3>Systemelemente:<\/h3>\n<p>&nbsp;<br \/>\nKO_SEA Betonelement (H. 10 cm \/ L. 100,8 cm \/ B. 10 cm):<\/p>\n<div style=\"display: flex; flex-wrap: wrap;\">\n<div><img decoding=\"async\" src=\"https:\/\/tcsogrodzenia.com\/wp-content\/uploads\/2025\/09\/6d9d709fd098154c9b3bbfc92d7e0271.webp\" alt=\"\" width=\"180\" height=\"auto\" class=\"alignnone size-full wp-image-40619\" srcset=\"https:\/\/tcsogrodzenia.com\/wp-content\/uploads\/2025\/09\/6d9d709fd098154c9b3bbfc92d7e0271.webp 1200w, https:\/\/tcsogrodzenia.com\/wp-content\/uploads\/2025\/09\/6d9d709fd098154c9b3bbfc92d7e0271-768x512.webp 768w, https:\/\/tcsogrodzenia.com\/wp-content\/uploads\/2025\/09\/6d9d709fd098154c9b3bbfc92d7e0271-480x320.webp 480w, https:\/\/tcsogrodzenia.com\/wp-content\/uploads\/2025\/09\/6d9d709fd098154c9b3bbfc92d7e0271-600x400.webp 600w, https:\/\/tcsogrodzenia.com\/wp-content\/uploads\/2025\/09\/6d9d709fd098154c9b3bbfc92d7e0271-800x533.webp 800w\" sizes=\"(max-width: 1200px) 100vw, 1200px\" \/><\/div>\n<\/div>\n<p>&nbsp;<br \/>\nKO_TIDE Betonelement (H. 10 cm \/ L. 50,4 cm \/ B. 10 cm):<\/p>\n<div style=\"display: flex; flex-wrap: wrap;\">\n<div><img decoding=\"async\" src=\"https:\/\/tcsogrodzenia.com\/wp-content\/uploads\/2025\/09\/ab7716bca27d3310f5db574decd768c6.webp\" alt=\"\" width=\"180\" height=\"auto\" class=\"alignnone size-full wp-image-40640\" srcset=\"https:\/\/tcsogrodzenia.com\/wp-content\/uploads\/2025\/09\/ab7716bca27d3310f5db574decd768c6.webp 1200w, https:\/\/tcsogrodzenia.com\/wp-content\/uploads\/2025\/09\/ab7716bca27d3310f5db574decd768c6-768x512.webp 768w, https:\/\/tcsogrodzenia.com\/wp-content\/uploads\/2025\/09\/ab7716bca27d3310f5db574decd768c6-480x320.webp 480w, https:\/\/tcsogrodzenia.com\/wp-content\/uploads\/2025\/09\/ab7716bca27d3310f5db574decd768c6-600x400.webp 600w, https:\/\/tcsogrodzenia.com\/wp-content\/uploads\/2025\/09\/ab7716bca27d3310f5db574decd768c6-800x533.webp 800w\" sizes=\"(max-width: 1200px) 100vw, 1200px\" \/><\/div>\n<\/div>\n<p>&nbsp;<br \/>\n&nbsp;<br \/>\nDKO Betonabdeckung (H. 5 cm \/ L. 50,4 cm \/ B. 14 cm):<\/p>\n<div style=\"display: flex; flex-wrap: wrap;\">\n<div><img decoding=\"async\" src=\"https:\/\/tcsogrodzenia.com\/wp-content\/uploads\/2025\/09\/d09bb078bae4a539d91ab3b53b60ed58.webp\" alt=\"\" width=\"180\" height=\"auto\" class=\"alignnone size-full wp-image-40646\" srcset=\"https:\/\/tcsogrodzenia.com\/wp-content\/uploads\/2025\/09\/d09bb078bae4a539d91ab3b53b60ed58.webp 1200w, https:\/\/tcsogrodzenia.com\/wp-content\/uploads\/2025\/09\/d09bb078bae4a539d91ab3b53b60ed58-768x512.webp 768w, https:\/\/tcsogrodzenia.com\/wp-content\/uploads\/2025\/09\/d09bb078bae4a539d91ab3b53b60ed58-480x320.webp 480w, https:\/\/tcsogrodzenia.com\/wp-content\/uploads\/2025\/09\/d09bb078bae4a539d91ab3b53b60ed58-600x400.webp 600w, https:\/\/tcsogrodzenia.com\/wp-content\/uploads\/2025\/09\/d09bb078bae4a539d91ab3b53b60ed58-800x533.webp 800w\" sizes=\"(max-width: 1200px) 100vw, 1200px\" \/><\/div>\n<\/div>\n<p>&nbsp;<br \/>\n&nbsp;<\/p>\n<hr>\n<h3>Verf\u00fcgbare Farben:<\/h3>\n<p>&nbsp;<\/p>\n<div style=\"display: flex; flex-wrap: wrap;\">\n<div>\nGRAFIT<\/p>\n<p><img decoding=\"async\" src=\"https:\/\/tcsogrodzenia.com\/wp-content\/uploads\/2025\/09\/2261c090533179291b9717ba8b75dad1.webp\" alt=\"\" width=\"180\" height=\"auto\" class=\"alignnone size-full wp-image-40631\" srcset=\"https:\/\/tcsogrodzenia.com\/wp-content\/uploads\/2025\/09\/2261c090533179291b9717ba8b75dad1.webp 1200w, https:\/\/tcsogrodzenia.com\/wp-content\/uploads\/2025\/09\/2261c090533179291b9717ba8b75dad1-768x512.webp 768w, https:\/\/tcsogrodzenia.com\/wp-content\/uploads\/2025\/09\/2261c090533179291b9717ba8b75dad1-480x320.webp 480w, https:\/\/tcsogrodzenia.com\/wp-content\/uploads\/2025\/09\/2261c090533179291b9717ba8b75dad1-600x400.webp 600w, https:\/\/tcsogrodzenia.com\/wp-content\/uploads\/2025\/09\/2261c090533179291b9717ba8b75dad1-800x533.webp 800w\" sizes=\"(max-width: 1200px) 100vw, 1200px\" \/>\n<\/div>\n<div>\nGRAU<\/p>\n<p><img decoding=\"async\" src=\"https:\/\/tcsogrodzenia.com\/wp-content\/uploads\/2025\/09\/1cc2f1354bf46815381f8ad3f7fe0d2d.webp\" alt=\"\" width=\"180\" height=\"auto\" class=\"alignnone size-full wp-image-40613\" srcset=\"https:\/\/tcsogrodzenia.com\/wp-content\/uploads\/2025\/09\/1cc2f1354bf46815381f8ad3f7fe0d2d.webp 1200w, https:\/\/tcsogrodzenia.com\/wp-content\/uploads\/2025\/09\/1cc2f1354bf46815381f8ad3f7fe0d2d-768x512.webp 768w, https:\/\/tcsogrodzenia.com\/wp-content\/uploads\/2025\/09\/1cc2f1354bf46815381f8ad3f7fe0d2d-480x320.webp 480w, https:\/\/tcsogrodzenia.com\/wp-content\/uploads\/2025\/09\/1cc2f1354bf46815381f8ad3f7fe0d2d-600x400.webp 600w, https:\/\/tcsogrodzenia.com\/wp-content\/uploads\/2025\/09\/1cc2f1354bf46815381f8ad3f7fe0d2d-800x533.webp 800w\" sizes=\"(max-width: 1200px) 100vw, 1200px\" \/>\n<\/div>\n<div>\nWEISS<\/p>\n<p><img decoding=\"async\" src=\"https:\/\/tcsogrodzenia.com\/wp-content\/uploads\/2025\/09\/4b784797690f35b1938288f0a6e5e4ed.webp\" alt=\"\" width=\"180\" height=\"auto\" class=\"alignnone size-full wp-image-40616\" srcset=\"https:\/\/tcsogrodzenia.com\/wp-content\/uploads\/2025\/09\/4b784797690f35b1938288f0a6e5e4ed.webp 1200w, https:\/\/tcsogrodzenia.com\/wp-content\/uploads\/2025\/09\/4b784797690f35b1938288f0a6e5e4ed-768x512.webp 768w, https:\/\/tcsogrodzenia.com\/wp-content\/uploads\/2025\/09\/4b784797690f35b1938288f0a6e5e4ed-480x320.webp 480w, https:\/\/tcsogrodzenia.com\/wp-content\/uploads\/2025\/09\/4b784797690f35b1938288f0a6e5e4ed-600x400.webp 600w, https:\/\/tcsogrodzenia.com\/wp-content\/uploads\/2025\/09\/4b784797690f35b1938288f0a6e5e4ed-800x533.webp 800w\" sizes=\"(max-width: 1200px) 100vw, 1200px\" \/>\n<\/div>\n<\/div>\n<p>&nbsp;<\/p>\n","protected":false},"excerpt":{"rendered":"<p>Die KOMBO\u00ae Betonzaunelemente sind eine einzigartige L\u00f6sung auf dem Markt. Wenn Sie eine elegante und gleichzeitig preiswerte Zaunanlage suchen, ist dieses Produkt die ideale Wahl. Damit erh\u00e4lt Ihr Grundst\u00fcck eine einzigartige Umrahmung: optisch leicht, aber gleichzeitig robust und au\u00dfergew\u00f6hnlich.  <\/p>\n","protected":false},"featured_media":40627,"template":"","meta":{"site-sidebar-layout":"default","site-content-layout":"","ast-site-content-layout":"default","site-content-style":"default","site-sidebar-style":"default","ast-global-header-display":"","ast-banner-title-visibility":"","ast-main-header-display":"","ast-hfb-above-header-display":"","ast-hfb-below-header-display":"","ast-hfb-mobile-header-display":"","site-post-title":"","ast-breadcrumbs-content":"","ast-featured-img":"","footer-sml-layout":"","ast-disable-related-posts":"","theme-transparent-header-meta":"default","adv-header-id-meta":"","stick-header-meta":"default","header-above-stick-meta":"","header-main-stick-meta":"","header-below-stick-meta":"","astra-migrate-meta-layouts":"default","ast-page-background-enabled":"default","ast-page-background-meta":{"desktop":{"background-color":"var(--ast-global-color-4)","background-image":"","background-repeat":"repeat","background-position":"center center","background-size":"auto","background-attachment":"scroll","background-type":"","background-media":"","overlay-type":"","overlay-color":"","overlay-opacity":"","overlay-gradient":""},"tablet":{"background-color":"","background-image":"","background-repeat":"repeat","background-position":"center center","background-size":"auto","background-attachment":"scroll","background-type":"","background-media":"","overlay-type":"","overlay-color":"","overlay-opacity":"","overlay-gradient":""},"mobile":{"background-color":"","background-image":"","background-repeat":"repeat","background-position":"center center","background-size":"auto","background-attachment":"scroll","background-type":"","background-media":"","overlay-type":"","overlay-color":"","overlay-opacity":"","overlay-gradient":""}},"ast-content-background-meta":{"desktop":{"background-color":"var(--ast-global-color-5)","background-image":"","background-repeat":"repeat","background-position":"center center","background-size":"auto","background-attachment":"scroll","background-type":"","background-media":"","overlay-type":"","overlay-color":"","overlay-opacity":"","overlay-gradient":""},"tablet":{"background-color":"var(--ast-global-color-5)","background-image":"","background-repeat":"repeat","background-position":"center center","background-size":"auto","background-attachment":"scroll","background-type":"","background-media":"","overlay-type":"","overlay-color":"","overlay-opacity":"","overlay-gradient":""},"mobile":{"background-color":"var(--ast-global-color-5)","background-image":"","background-repeat":"repeat","background-position":"center center","background-size":"auto","background-attachment":"scroll","background-type":"","background-media":"","overlay-type":"","overlay-color":"","overlay-opacity":"","overlay-gradient":""}}},"product_brand":[],"product_cat":[214],"product_tag":[],"class_list":{"0":"post-40651","1":"product","2":"type-product","3":"status-publish","4":"has-post-thumbnail","6":"product_cat-modulare-zaeune-joniec","7":"desktop-align-left","8":"tablet-align-left","9":"mobile-align-left","10":"ast-product-gallery-layout-horizontal-slider","11":"ast-product-gallery-with-no-image","12":"ast-product-tabs-layout-horizontal","14":"first","15":"instock","16":"shipping-taxable","17":"product-type-simple"},"_links":{"self":[{"href":"https:\/\/tcsogrodzenia.com\/de\/wp-json\/wp\/v2\/product\/40651","targetHints":{"allow":["GET"]}}],"collection":[{"href":"https:\/\/tcsogrodzenia.com\/de\/wp-json\/wp\/v2\/product"}],"about":[{"href":"https:\/\/tcsogrodzenia.com\/de\/wp-json\/wp\/v2\/types\/product"}],"wp:featuredmedia":[{"embeddable":true,"href":"https:\/\/tcsogrodzenia.com\/de\/wp-json\/wp\/v2\/media\/40627"}],"wp:attachment":[{"href":"https:\/\/tcsogrodzenia.com\/de\/wp-json\/wp\/v2\/media?parent=40651"}],"wp:term":[{"taxonomy":"product_brand","embeddable":true,"href":"https:\/\/tcsogrodzenia.com\/de\/wp-json\/wp\/v2\/product_brand?post=40651"},{"taxonomy":"product_cat","embeddable":true,"href":"https:\/\/tcsogrodzenia.com\/de\/wp-json\/wp\/v2\/product_cat?post=40651"},{"taxonomy":"product_tag","embeddable":true,"href":"https:\/\/tcsogrodzenia.com\/de\/wp-json\/wp\/v2\/product_tag?post=40651"}],"curies":[{"name":"wp","href":"https:\/\/api.w.org\/{rel}","templated":true}]}}