{"id":40653,"date":"2025-09-22T13:38:27","date_gmt":"2025-09-22T11:38:27","guid":{"rendered":"https:\/\/tcsogrodzenia.com\/produkt\/gorc-peak\/"},"modified":"2025-09-23T15:24:51","modified_gmt":"2025-09-23T13:24:51","slug":"gorc-peak","status":"publish","type":"product","link":"https:\/\/tcsogrodzenia.com\/de\/produkt\/gorc-peak\/","title":{"rendered":"GORC\u00ae Peak"},"content":{"rendered":"<h3>\u00dcber das System<\/h3>\n<p>&nbsp;<\/p>\n<p>Die Premiere von GORC\u00ae Peak f\u00e4llt mit dem zwanzigj\u00e4hrigen Jubil\u00e4um der Einf\u00fchrung des ersten GORC\u00ae-Zauns unter der Marke JONIEC\u00ae zusammen. Diese Z\u00e4une erfreuen sich seit \u00fcber zwei Jahrzehnten ungebrochener Beliebtheit. GORC\u00ae Peak zeichnet sich durch eine einzigartige Komposition aus Textur und Farbe aus, was ihn nicht nur zu einem funktionalen Zaun, sondern auch zu einem k\u00fcnstlerischen Element macht.  <\/p>\n<p>Das neue System spiegelt die Philosophie der gespaltenen GORC\u00ae-Z\u00e4une perfekt wider und vereint Tradition, Klassik und Moderne. Die Abmessungen der Bl\u00f6cke erm\u00f6glichen die Gestaltung einzigartiger Kompositionen, die an die Besonderheiten des jeweiligen Grundst\u00fccks und der Umgebung angepasst sind und den individuellen Charakter jedes Raumes unterstreichen. <\/p>\n<p>Was zeichnet GORC\u00ae Peak aus?<\/p>\n<p>Gro\u00dfes Blockformat: Die einfache und schnelle Montage des Zauns, dank der gro\u00dfen Blockformate, erm\u00f6glicht eine effiziente Raumgestaltung.<\/p>\n<p>Designflexibilit\u00e4t: Zwei Varianten von Pfosten- und Mauerelementen erm\u00f6glichen es, den Zaun an die eigenen Bed\u00fcrfnisse anzupassen und ihm einen einzigartigen Charakter zu verleihen.<\/p>\n<p>Belebte Farbgebung: Die aus anderen Systemen bekannten Farbvarianten erhielten eine neue, lebendigere Ausf\u00fchrung, die dem Zaun ein frisches und modernes Aussehen verleiht.<\/p>\n<p>Harmonisierung des Raumes: Die Farbgebung der Zaunelemente und der Elemente der kleinen Architektur erm\u00f6glicht eine harmonische Vereinheitlichung des Raumes um das Haus, indem Produkte in derselben Farbversion gew\u00e4hlt werden.<\/p>\n<hr>\n<h3>Systemelemente<\/h3>\n<p>&nbsp;<\/p>\n<p>Pfosten-\/Mauerabdeckungen CPGPSD (H 6 cm \/ L 40,3 cm \/ B 33 cm):<\/p>\n<div style=\"display: flex; flex-wrap: wrap;\">\n<div><img decoding=\"async\" src=\"https:\/\/tcsogrodzenia.com\/wp-content\/uploads\/2025\/09\/CPGPSD_shade-1280x853.jpg\" alt=\"\" width=\"180\" height=\"auto\" class=\"alignnone size-large wp-image-40550\" srcset=\"https:\/\/tcsogrodzenia.com\/wp-content\/uploads\/2025\/09\/CPGPSD_shade-1280x853.jpg 1280w, https:\/\/tcsogrodzenia.com\/wp-content\/uploads\/2025\/09\/CPGPSD_shade-768x512.jpg 768w, https:\/\/tcsogrodzenia.com\/wp-content\/uploads\/2025\/09\/CPGPSD_shade-480x320.jpg 480w, https:\/\/tcsogrodzenia.com\/wp-content\/uploads\/2025\/09\/CPGPSD_shade-1536x1024.jpg 1536w, https:\/\/tcsogrodzenia.com\/wp-content\/uploads\/2025\/09\/CPGPSD_shade-2048x1365.jpg 2048w, https:\/\/tcsogrodzenia.com\/wp-content\/uploads\/2025\/09\/CPGPSD_shade-600x400.jpg 600w, https:\/\/tcsogrodzenia.com\/wp-content\/uploads\/2025\/09\/CPGPSD_shade-800x533.jpg 800w\" sizes=\"(max-width: 1280px) 100vw, 1280px\" \/><\/div>\n<\/div>\n<p>&nbsp;<\/p>\n<p>&nbsp;<\/p>\n<p>Pfosten-\/Mauerbl\u00f6cke GPSD (H 18 cm \/ L 75,6 cm \/ B 28 cm):<\/p>\n<div style=\"display: flex; flex-wrap: wrap;\">\n<div><img decoding=\"async\" src=\"https:\/\/tcsogrodzenia.com\/wp-content\/uploads\/2025\/09\/GPSM_shade-1280x853.jpg\" alt=\"\" width=\"180\" height=\"auto\" class=\"alignnone size-large wp-image-40544\" srcset=\"https:\/\/tcsogrodzenia.com\/wp-content\/uploads\/2025\/09\/GPSM_shade-1280x853.jpg 1280w, https:\/\/tcsogrodzenia.com\/wp-content\/uploads\/2025\/09\/GPSM_shade-768x512.jpg 768w, https:\/\/tcsogrodzenia.com\/wp-content\/uploads\/2025\/09\/GPSM_shade-480x320.jpg 480w, https:\/\/tcsogrodzenia.com\/wp-content\/uploads\/2025\/09\/GPSM_shade-1536x1024.jpg 1536w, https:\/\/tcsogrodzenia.com\/wp-content\/uploads\/2025\/09\/GPSM_shade-2048x1365.jpg 2048w, https:\/\/tcsogrodzenia.com\/wp-content\/uploads\/2025\/09\/GPSM_shade-600x400.jpg 600w, https:\/\/tcsogrodzenia.com\/wp-content\/uploads\/2025\/09\/GPSM_shade-800x533.jpg 800w\" sizes=\"(max-width: 1280px) 100vw, 1280px\" \/><\/div>\n<\/div>\n<p>&nbsp;<\/p>\n<p>&nbsp;<\/p>\n<p>Pfosten-\/Mauerabdeckungen CPGPSM (H 6 cm \/ L 40,3 cm \/ B 24,5 cm):<\/p>\n<div style=\"display: flex; flex-wrap: wrap;\">\n<div><img decoding=\"async\" src=\"https:\/\/tcsogrodzenia.com\/wp-content\/uploads\/2025\/09\/CPGPSM_shade-1280x853.jpg\" alt=\"\" width=\"180\" height=\"auto\" class=\"alignnone size-large wp-image-40553\" srcset=\"https:\/\/tcsogrodzenia.com\/wp-content\/uploads\/2025\/09\/CPGPSM_shade-1280x853.jpg 1280w, https:\/\/tcsogrodzenia.com\/wp-content\/uploads\/2025\/09\/CPGPSM_shade-768x512.jpg 768w, https:\/\/tcsogrodzenia.com\/wp-content\/uploads\/2025\/09\/CPGPSM_shade-480x320.jpg 480w, https:\/\/tcsogrodzenia.com\/wp-content\/uploads\/2025\/09\/CPGPSM_shade-1536x1024.jpg 1536w, https:\/\/tcsogrodzenia.com\/wp-content\/uploads\/2025\/09\/CPGPSM_shade-2048x1365.jpg 2048w, https:\/\/tcsogrodzenia.com\/wp-content\/uploads\/2025\/09\/CPGPSM_shade-600x400.jpg 600w, https:\/\/tcsogrodzenia.com\/wp-content\/uploads\/2025\/09\/CPGPSM_shade-800x533.jpg 800w\" sizes=\"(max-width: 1280px) 100vw, 1280px\" \/><\/div>\n<\/div>\n<p>&nbsp;<\/p>\n<p>&nbsp;<\/p>\n<p>Pfosten-\/Mauerbl\u00f6cke GPMM (H 18 cm \/ L 75,6 cm \/ B 19,5 cm):<\/p>\n<div style=\"display: flex; flex-wrap: wrap;\">\n<div><img decoding=\"async\" src=\"https:\/\/tcsogrodzenia.com\/wp-content\/uploads\/2025\/09\/GPMM_shade-1280x853.jpg\" alt=\"\" width=\"180\" height=\"auto\" class=\"alignnone size-large wp-image-40541\" srcset=\"https:\/\/tcsogrodzenia.com\/wp-content\/uploads\/2025\/09\/GPMM_shade-1280x853.jpg 1280w, https:\/\/tcsogrodzenia.com\/wp-content\/uploads\/2025\/09\/GPMM_shade-768x512.jpg 768w, https:\/\/tcsogrodzenia.com\/wp-content\/uploads\/2025\/09\/GPMM_shade-480x320.jpg 480w, https:\/\/tcsogrodzenia.com\/wp-content\/uploads\/2025\/09\/GPMM_shade-1536x1024.jpg 1536w, https:\/\/tcsogrodzenia.com\/wp-content\/uploads\/2025\/09\/GPMM_shade-2048x1365.jpg 2048w, https:\/\/tcsogrodzenia.com\/wp-content\/uploads\/2025\/09\/GPMM_shade-600x400.jpg 600w, https:\/\/tcsogrodzenia.com\/wp-content\/uploads\/2025\/09\/GPMM_shade-800x533.jpg 800w\" sizes=\"(max-width: 1280px) 100vw, 1280px\" \/><\/div>\n<\/div>\n<p>&nbsp;<\/p>\n<p>&nbsp;<\/p>\n<p>Pfosten-\/Mauerabdeckungen CPGPMM (H 6 cm \/ L 50 cm \/ B 24,5 cm):<\/p>\n<div style=\"display: flex; flex-wrap: wrap;\">\n<div><img decoding=\"async\" src=\"https:\/\/tcsogrodzenia.com\/wp-content\/uploads\/2025\/09\/CPGPMM_shade-1280x853.jpg\" alt=\"\" width=\"180\" height=\"auto\" class=\"alignnone size-large wp-image-40547\" srcset=\"https:\/\/tcsogrodzenia.com\/wp-content\/uploads\/2025\/09\/CPGPMM_shade-1280x853.jpg 1280w, https:\/\/tcsogrodzenia.com\/wp-content\/uploads\/2025\/09\/CPGPMM_shade-768x512.jpg 768w, https:\/\/tcsogrodzenia.com\/wp-content\/uploads\/2025\/09\/CPGPMM_shade-480x320.jpg 480w, https:\/\/tcsogrodzenia.com\/wp-content\/uploads\/2025\/09\/CPGPMM_shade-1536x1024.jpg 1536w, https:\/\/tcsogrodzenia.com\/wp-content\/uploads\/2025\/09\/CPGPMM_shade-2048x1365.jpg 2048w, https:\/\/tcsogrodzenia.com\/wp-content\/uploads\/2025\/09\/CPGPMM_shade-600x400.jpg 600w, https:\/\/tcsogrodzenia.com\/wp-content\/uploads\/2025\/09\/CPGPMM_shade-800x533.jpg 800w\" sizes=\"(max-width: 1280px) 100vw, 1280px\" \/><\/div>\n<\/div>\n<p>&nbsp;<\/p>\n<p>&nbsp;<\/p>\n<p>Pfosten-\/Mauerbl\u00f6cke GPSM (H 18 cm \/ L 75,6 cm \/ B 19,5 cm):<\/p>\n<div style=\"display: flex; flex-wrap: wrap;\">\n<div><img decoding=\"async\" src=\"https:\/\/tcsogrodzenia.com\/wp-content\/uploads\/2025\/09\/GPSM_shade-1280x853.jpg\" alt=\"\" width=\"180\" height=\"auto\" class=\"alignnone size-large wp-image-40544\" srcset=\"https:\/\/tcsogrodzenia.com\/wp-content\/uploads\/2025\/09\/GPSM_shade-1280x853.jpg 1280w, https:\/\/tcsogrodzenia.com\/wp-content\/uploads\/2025\/09\/GPSM_shade-768x512.jpg 768w, https:\/\/tcsogrodzenia.com\/wp-content\/uploads\/2025\/09\/GPSM_shade-480x320.jpg 480w, https:\/\/tcsogrodzenia.com\/wp-content\/uploads\/2025\/09\/GPSM_shade-1536x1024.jpg 1536w, https:\/\/tcsogrodzenia.com\/wp-content\/uploads\/2025\/09\/GPSM_shade-2048x1365.jpg 2048w, https:\/\/tcsogrodzenia.com\/wp-content\/uploads\/2025\/09\/GPSM_shade-600x400.jpg 600w, https:\/\/tcsogrodzenia.com\/wp-content\/uploads\/2025\/09\/GPSM_shade-800x533.jpg 800w\" sizes=\"(max-width: 1280px) 100vw, 1280px\" \/><\/div>\n<\/div>\n<p>&nbsp;<\/p>\n<p>&nbsp;<\/p>\n<h3>Farben<\/h3>\n<p>&nbsp;<\/p>\n<div style=\"display: flex; flex-wrap: wrap;\">\n<div>\n<p>WANAD<\/p>\n<p><img decoding=\"async\" src=\"https:\/\/tcsogrodzenia.com\/wp-content\/uploads\/2025\/09\/gorc-peak-wanad.webp\" alt=\"\" width=\"180\" height=\"auto\" class=\"alignnone size-full wp-image-40571\" srcset=\"https:\/\/tcsogrodzenia.com\/wp-content\/uploads\/2025\/09\/gorc-peak-wanad.webp 1200w, https:\/\/tcsogrodzenia.com\/wp-content\/uploads\/2025\/09\/gorc-peak-wanad-768x512.webp 768w, https:\/\/tcsogrodzenia.com\/wp-content\/uploads\/2025\/09\/gorc-peak-wanad-480x320.webp 480w, https:\/\/tcsogrodzenia.com\/wp-content\/uploads\/2025\/09\/gorc-peak-wanad-600x400.webp 600w, https:\/\/tcsogrodzenia.com\/wp-content\/uploads\/2025\/09\/gorc-peak-wanad-800x533.webp 800w\" sizes=\"(max-width: 1200px) 100vw, 1200px\" \/><\/p>\n<\/div>\n<div>\n<p>SHADE<\/p>\n<p><img decoding=\"async\" src=\"https:\/\/tcsogrodzenia.com\/wp-content\/uploads\/2025\/09\/gorc-peak-shade.webp\" alt=\"\" width=\"180\" height=\"auto\" class=\"alignnone size-full wp-image-40568\" srcset=\"https:\/\/tcsogrodzenia.com\/wp-content\/uploads\/2025\/09\/gorc-peak-shade.webp 1200w, https:\/\/tcsogrodzenia.com\/wp-content\/uploads\/2025\/09\/gorc-peak-shade-768x512.webp 768w, https:\/\/tcsogrodzenia.com\/wp-content\/uploads\/2025\/09\/gorc-peak-shade-480x320.webp 480w, https:\/\/tcsogrodzenia.com\/wp-content\/uploads\/2025\/09\/gorc-peak-shade-600x400.webp 600w, https:\/\/tcsogrodzenia.com\/wp-content\/uploads\/2025\/09\/gorc-peak-shade-800x533.webp 800w\" sizes=\"(max-width: 1200px) 100vw, 1200px\" \/><\/p>\n<\/div>\n<div>\n<p>PIRYD<\/p>\n<p><img decoding=\"async\" src=\"https:\/\/tcsogrodzenia.com\/wp-content\/uploads\/2025\/09\/gorc-peak-piryt.webp\" alt=\"\" width=\"180\" height=\"auto\" class=\"alignnone size-full wp-image-40565\" srcset=\"https:\/\/tcsogrodzenia.com\/wp-content\/uploads\/2025\/09\/gorc-peak-piryt.webp 1200w, https:\/\/tcsogrodzenia.com\/wp-content\/uploads\/2025\/09\/gorc-peak-piryt-768x512.webp 768w, https:\/\/tcsogrodzenia.com\/wp-content\/uploads\/2025\/09\/gorc-peak-piryt-480x320.webp 480w, https:\/\/tcsogrodzenia.com\/wp-content\/uploads\/2025\/09\/gorc-peak-piryt-600x400.webp 600w, https:\/\/tcsogrodzenia.com\/wp-content\/uploads\/2025\/09\/gorc-peak-piryt-800x533.webp 800w\" sizes=\"(max-width: 1200px) 100vw, 1200px\" \/><\/p>\n<\/div>\n<div>\n<p>ONYX<\/p>\n<p><img decoding=\"async\" src=\"https:\/\/tcsogrodzenia.com\/wp-content\/uploads\/2025\/09\/gorc-peak-onyx.webp\" alt=\"\" width=\"180\" height=\"auto\" class=\"alignnone size-full wp-image-40562\" srcset=\"https:\/\/tcsogrodzenia.com\/wp-content\/uploads\/2025\/09\/gorc-peak-onyx.webp 1200w, https:\/\/tcsogrodzenia.com\/wp-content\/uploads\/2025\/09\/gorc-peak-onyx-768x512.webp 768w, https:\/\/tcsogrodzenia.com\/wp-content\/uploads\/2025\/09\/gorc-peak-onyx-480x320.webp 480w, https:\/\/tcsogrodzenia.com\/wp-content\/uploads\/2025\/09\/gorc-peak-onyx-600x400.webp 600w, https:\/\/tcsogrodzenia.com\/wp-content\/uploads\/2025\/09\/gorc-peak-onyx-800x533.webp 800w\" sizes=\"(max-width: 1200px) 100vw, 1200px\" \/><\/p>\n<\/div>\n<div>\n<p>DARK<\/p>\n<p><img decoding=\"async\" src=\"https:\/\/tcsogrodzenia.com\/wp-content\/uploads\/2025\/09\/gorc-peak-dark.webp\" alt=\"\" width=\"180\" height=\"auto\" class=\"alignnone size-full wp-image-40559\" srcset=\"https:\/\/tcsogrodzenia.com\/wp-content\/uploads\/2025\/09\/gorc-peak-dark.webp 1200w, https:\/\/tcsogrodzenia.com\/wp-content\/uploads\/2025\/09\/gorc-peak-dark-768x512.webp 768w, https:\/\/tcsogrodzenia.com\/wp-content\/uploads\/2025\/09\/gorc-peak-dark-480x320.webp 480w, https:\/\/tcsogrodzenia.com\/wp-content\/uploads\/2025\/09\/gorc-peak-dark-600x400.webp 600w, https:\/\/tcsogrodzenia.com\/wp-content\/uploads\/2025\/09\/gorc-peak-dark-800x533.webp 800w\" sizes=\"(max-width: 1200px) 100vw, 1200px\" \/><\/p>\n<\/div>\n<\/div>\n<p>&nbsp;<\/p>\n<p>&nbsp;<\/p>\n<p>&nbsp;<\/p>\n","protected":false},"excerpt":{"rendered":"<p>Entdecken Sie die perfekte Balance zwischen Tradition und Moderne mit dem Zaunsystem GORC\u00ae Peak \u2013 einer Neuinterpretation des ikonischen gespaltenen Zauns. Es ist eine Kombination aus bew\u00e4hrter Klassik und trendigen, gro\u00dfen Blockformaten, die ein einzigartiges Design schafft, das Trends in der Branche setzt. <\/p>\n","protected":false},"featured_media":40540,"template":"","meta":{"site-sidebar-layout":"default","site-content-layout":"","ast-site-content-layout":"default","site-content-style":"default","site-sidebar-style":"default","ast-global-header-display":"","ast-banner-title-visibility":"","ast-main-header-display":"","ast-hfb-above-header-display":"","ast-hfb-below-header-display":"","ast-hfb-mobile-header-display":"","site-post-title":"","ast-breadcrumbs-content":"","ast-featured-img":"","footer-sml-layout":"","ast-disable-related-posts":"","theme-transparent-header-meta":"default","adv-header-id-meta":"","stick-header-meta":"default","header-above-stick-meta":"","header-main-stick-meta":"","header-below-stick-meta":"","astra-migrate-meta-layouts":"default","ast-page-background-enabled":"default","ast-page-background-meta":{"desktop":{"background-color":"var(--ast-global-color-4)","background-image":"","background-repeat":"repeat","background-position":"center center","background-size":"auto","background-attachment":"scroll","background-type":"","background-media":"","overlay-type":"","overlay-color":"","overlay-opacity":"","overlay-gradient":""},"tablet":{"background-color":"","background-image":"","background-repeat":"repeat","background-position":"center center","background-size":"auto","background-attachment":"scroll","background-type":"","background-media":"","overlay-type":"","overlay-color":"","overlay-opacity":"","overlay-gradient":""},"mobile":{"background-color":"","background-image":"","background-repeat":"repeat","background-position":"center center","background-size":"auto","background-attachment":"scroll","background-type":"","background-media":"","overlay-type":"","overlay-color":"","overlay-opacity":"","overlay-gradient":""}},"ast-content-background-meta":{"desktop":{"background-color":"var(--ast-global-color-5)","background-image":"","background-repeat":"repeat","background-position":"center center","background-size":"auto","background-attachment":"scroll","background-type":"","background-media":"","overlay-type":"","overlay-color":"","overlay-opacity":"","overlay-gradient":""},"tablet":{"background-color":"var(--ast-global-color-5)","background-image":"","background-repeat":"repeat","background-position":"center center","background-size":"auto","background-attachment":"scroll","background-type":"","background-media":"","overlay-type":"","overlay-color":"","overlay-opacity":"","overlay-gradient":""},"mobile":{"background-color":"var(--ast-global-color-5)","background-image":"","background-repeat":"repeat","background-position":"center center","background-size":"auto","background-attachment":"scroll","background-type":"","background-media":"","overlay-type":"","overlay-color":"","overlay-opacity":"","overlay-gradient":""}}},"product_brand":[],"product_cat":[214],"product_tag":[],"class_list":{"0":"post-40653","1":"product","2":"type-product","3":"status-publish","4":"has-post-thumbnail","6":"product_cat-modulare-zaeune-joniec","7":"desktop-align-left","8":"tablet-align-left","9":"mobile-align-left","10":"ast-product-gallery-layout-horizontal-slider","11":"ast-product-gallery-with-no-image","12":"ast-product-tabs-layout-horizontal","14":"first","15":"instock","16":"shipping-taxable","17":"product-type-simple"},"_links":{"self":[{"href":"https:\/\/tcsogrodzenia.com\/de\/wp-json\/wp\/v2\/product\/40653","targetHints":{"allow":["GET"]}}],"collection":[{"href":"https:\/\/tcsogrodzenia.com\/de\/wp-json\/wp\/v2\/product"}],"about":[{"href":"https:\/\/tcsogrodzenia.com\/de\/wp-json\/wp\/v2\/types\/product"}],"wp:featuredmedia":[{"embeddable":true,"href":"https:\/\/tcsogrodzenia.com\/de\/wp-json\/wp\/v2\/media\/40540"}],"wp:attachment":[{"href":"https:\/\/tcsogrodzenia.com\/de\/wp-json\/wp\/v2\/media?parent=40653"}],"wp:term":[{"taxonomy":"product_brand","embeddable":true,"href":"https:\/\/tcsogrodzenia.com\/de\/wp-json\/wp\/v2\/product_brand?post=40653"},{"taxonomy":"product_cat","embeddable":true,"href":"https:\/\/tcsogrodzenia.com\/de\/wp-json\/wp\/v2\/product_cat?post=40653"},{"taxonomy":"product_tag","embeddable":true,"href":"https:\/\/tcsogrodzenia.com\/de\/wp-json\/wp\/v2\/product_tag?post=40653"}],"curies":[{"name":"wp","href":"https:\/\/api.w.org\/{rel}","templated":true}]}}