{"id":40655,"date":"2025-09-23T13:34:52","date_gmt":"2025-09-23T11:34:52","guid":{"rendered":"https:\/\/tcsogrodzenia.com\/produkt\/zaunimpraegnierung-hydrophob-universell\/"},"modified":"2025-09-23T15:27:28","modified_gmt":"2025-09-23T13:27:28","slug":"zaunimpraegnierung-hydrophob-universell","status":"publish","type":"product","link":"https:\/\/tcsogrodzenia.com\/de\/produkt\/zaunimpraegnierung-hydrophob-universell\/","title":{"rendered":"Zaunimpr\u00e4gnierung \u2013 hydrophob, universell"},"content":{"rendered":"<h3>Produktbeschreibung<\/h3>\n<p>&nbsp;<br \/>\nDie universelle hydrophobe Impr\u00e4gnierung bildet eine sch\u00fctzende Membran, die die Oberfl\u00e4che vor dem Eindringen von Wasser in den Untergrund sch\u00fctzt, die Lebensdauer verl\u00e4ngert und die Frostbest\u00e4ndigkeit erh\u00f6ht. Die gebildete hydrophobe Schicht reduziert die Wasseraufnahme erheblich, bindet Staub und verhindert die Verschmutzung des Untergrunds. Die Oberfl\u00e4che beh\u00e4lt ihre atmungsaktiven Eigenschaften und ver\u00e4ndert die urspr\u00fcngliche Farbe nicht. Die Impr\u00e4gnierung kann in Innenr\u00e4umen verwendet werden.<br \/>\n&nbsp;<br \/>\n<strong>Die Impr\u00e4gnierung kann auf alle JONIEC\u00ae-Bl\u00f6cke angewendet werden.<\/strong><br \/>\n&nbsp;<br \/>\nProdukt erh\u00e4ltlich in folgenden Verpackungen:<br \/>\n&nbsp;<\/p>\n<ul>\n<li>5 L<\/li>\n<li>Tester 100 ml<\/li>\n<\/ul>\n<p>&nbsp;<\/p>\n<h3>Wirkung<\/h3>\n<p>&nbsp;<\/p>\n<ul>\n<li>sch\u00fctzt die Zaunoberfl\u00e4che vor dem Eindringen von Wasser durch Bildung einer sch\u00fctzenden, hydrophoben Membran<\/li>\n<li>die Oberfl\u00e4che ver\u00e4ndert die urspr\u00fcngliche Farbe nicht<\/li>\n<li>verhindert die Verschmutzung der Oberfl\u00e4che und bindet Staub<\/li>\n<li>erh\u00f6ht die Frostbest\u00e4ndigkeit<\/li>\n<li>die Oberfl\u00e4che beh\u00e4lt ihre atmungsaktiven Eigenschaften<\/li>\n<li>verl\u00e4ngert die Lebensdauer des Zauns<\/li>\n<\/ul>\n<p>&nbsp;<\/p>\n<hr>\n<h3>Anwendung<\/h3>\n<p>&nbsp;<br \/>\nDie Impr\u00e4gnierung sollte fr\u00fchestens einen Monat nach Abschluss der Bauarbeiten durchgef\u00fchrt werden.<br \/>\n&nbsp;<\/p>\n<ul>\n<li>Den zu impr\u00e4gnierenden Untergrund von Schmutz und Ausbl\u00fchungen reinigen.<\/li>\n<li>Nicht zu impr\u00e4gnierende Oberfl\u00e4chen sch\u00fctzen, insbesondere Metallelemente wie Briefk\u00e4sten, Zaunfelder usw.<\/li>\n<li>Die Impr\u00e4gnierung gr\u00fcndlich mischen, z.B. durch Sch\u00fctteln.<\/li>\n<li>Das Pr\u00e4parat gleichm\u00e4\u00dfig mit Pinsel, Rolle oder Spr\u00fchverfahren auf die Oberfl\u00e4che auftragen. Wir empfehlen die Anwendung von zwei Schichten. Die n\u00e4chste Schicht wird im \u201eNass-in-Nass\u201c-Verfahren aufgetragen (die n\u00e4chste Schicht wird direkt nach dem Auftragen der vorherigen Schicht aufgetragen).<\/li>\n<\/ul>\n<p>&nbsp;<br \/>\n<strong>WICHTIG! &#8211; Impr\u00e4gnierung nur bei Temperaturen von +5\u00b0C bis +25\u00b0C und bei g\u00fcnstigen Wetterbedingungen auftragen \u2013 vor der Anwendung die Wetterbedingungen ber\u00fccksichtigen (m\u00f6glicher Regen, Frost, zu hohe Temperatur)<\/strong><br \/>\n&nbsp;<br \/>\n<span style=\"color: #ff0000;\">Die angegebenen Informationen entbinden den Benutzer nicht von der Pflicht, die Eignung des Produkts f\u00fcr individuelle Anwendungen selbst zu pr\u00fcfen, insbesondere einen Test durchzuf\u00fchren, um m\u00f6gliche unerw\u00fcnschte Wirkungen auf der impr\u00e4gnierten Oberfl\u00e4che festzustellen.<\/span><br \/>\n&nbsp;<br \/>\n<strong>Haltbarkeitsdatum<\/strong><br \/>\n&nbsp;<br \/>\n2 Jahre ab Produktionsdatum<\/p>\n<p>&nbsp;<br \/>\n<img fetchpriority=\"high\" decoding=\"async\" src=\"https:\/\/tcsogrodzenia.com\/wp-content\/uploads\/2025\/09\/513eb96d51d51fabcc2eaafb3525bebd.webp\" alt=\"\" width=\"640\" height=\"480\" class=\"alignnone size-full wp-image-40601\" srcset=\"https:\/\/tcsogrodzenia.com\/wp-content\/uploads\/2025\/09\/513eb96d51d51fabcc2eaafb3525bebd.webp 640w, https:\/\/tcsogrodzenia.com\/wp-content\/uploads\/2025\/09\/513eb96d51d51fabcc2eaafb3525bebd-480x360.webp 480w, https:\/\/tcsogrodzenia.com\/wp-content\/uploads\/2025\/09\/513eb96d51d51fabcc2eaafb3525bebd-600x450.webp 600w\" sizes=\"(max-width: 640px) 100vw, 640px\" \/><\/p>\n","protected":false},"excerpt":{"rendered":"<p>Die universelle hydrophobe Impr\u00e4gnierung f\u00fcr Z\u00e4une sch\u00fctzt die Oberfl\u00e4che effektiv vor Wasser und Verunreinigungen, verl\u00e4ngert gleichzeitig die Lebensdauer des Zauns und bewahrt dessen urspr\u00fcngliche Farbe.<\/p>\n","protected":false},"featured_media":40603,"template":"","meta":{"site-sidebar-layout":"default","site-content-layout":"","ast-site-content-layout":"default","site-content-style":"default","site-sidebar-style":"default","ast-global-header-display":"","ast-banner-title-visibility":"","ast-main-header-display":"","ast-hfb-above-header-display":"","ast-hfb-below-header-display":"","ast-hfb-mobile-header-display":"","site-post-title":"","ast-breadcrumbs-content":"","ast-featured-img":"","footer-sml-layout":"","ast-disable-related-posts":"","theme-transparent-header-meta":"default","adv-header-id-meta":"","stick-header-meta":"default","header-above-stick-meta":"","header-main-stick-meta":"","header-below-stick-meta":"","astra-migrate-meta-layouts":"default","ast-page-background-enabled":"default","ast-page-background-meta":{"desktop":{"background-color":"var(--ast-global-color-4)","background-image":"","background-repeat":"repeat","background-position":"center center","background-size":"auto","background-attachment":"scroll","background-type":"","background-media":"","overlay-type":"","overlay-color":"","overlay-opacity":"","overlay-gradient":""},"tablet":{"background-color":"","background-image":"","background-repeat":"repeat","background-position":"center center","background-size":"auto","background-attachment":"scroll","background-type":"","background-media":"","overlay-type":"","overlay-color":"","overlay-opacity":"","overlay-gradient":""},"mobile":{"background-color":"","background-image":"","background-repeat":"repeat","background-position":"center center","background-size":"auto","background-attachment":"scroll","background-type":"","background-media":"","overlay-type":"","overlay-color":"","overlay-opacity":"","overlay-gradient":""}},"ast-content-background-meta":{"desktop":{"background-color":"var(--ast-global-color-5)","background-image":"","background-repeat":"repeat","background-position":"center center","background-size":"auto","background-attachment":"scroll","background-type":"","background-media":"","overlay-type":"","overlay-color":"","overlay-opacity":"","overlay-gradient":""},"tablet":{"background-color":"var(--ast-global-color-5)","background-image":"","background-repeat":"repeat","background-position":"center center","background-size":"auto","background-attachment":"scroll","background-type":"","background-media":"","overlay-type":"","overlay-color":"","overlay-opacity":"","overlay-gradient":""},"mobile":{"background-color":"var(--ast-global-color-5)","background-image":"","background-repeat":"repeat","background-position":"center center","background-size":"auto","background-attachment":"scroll","background-type":"","background-media":"","overlay-type":"","overlay-color":"","overlay-opacity":"","overlay-gradient":""}}},"product_brand":[],"product_cat":[214],"product_tag":[],"class_list":{"0":"post-40655","1":"product","2":"type-product","3":"status-publish","4":"has-post-thumbnail","6":"product_cat-modulare-zaeune-joniec","7":"desktop-align-left","8":"tablet-align-left","9":"mobile-align-left","10":"ast-product-gallery-layout-horizontal-slider","11":"ast-product-gallery-with-no-image","12":"ast-product-tabs-layout-horizontal","14":"first","15":"instock","16":"shipping-taxable","17":"product-type-simple"},"_links":{"self":[{"href":"https:\/\/tcsogrodzenia.com\/de\/wp-json\/wp\/v2\/product\/40655","targetHints":{"allow":["GET"]}}],"collection":[{"href":"https:\/\/tcsogrodzenia.com\/de\/wp-json\/wp\/v2\/product"}],"about":[{"href":"https:\/\/tcsogrodzenia.com\/de\/wp-json\/wp\/v2\/types\/product"}],"wp:featuredmedia":[{"embeddable":true,"href":"https:\/\/tcsogrodzenia.com\/de\/wp-json\/wp\/v2\/media\/40603"}],"wp:attachment":[{"href":"https:\/\/tcsogrodzenia.com\/de\/wp-json\/wp\/v2\/media?parent=40655"}],"wp:term":[{"taxonomy":"product_brand","embeddable":true,"href":"https:\/\/tcsogrodzenia.com\/de\/wp-json\/wp\/v2\/product_brand?post=40655"},{"taxonomy":"product_cat","embeddable":true,"href":"https:\/\/tcsogrodzenia.com\/de\/wp-json\/wp\/v2\/product_cat?post=40655"},{"taxonomy":"product_tag","embeddable":true,"href":"https:\/\/tcsogrodzenia.com\/de\/wp-json\/wp\/v2\/product_tag?post=40655"}],"curies":[{"name":"wp","href":"https:\/\/api.w.org\/{rel}","templated":true}]}}