{"id":40658,"date":"2025-09-23T13:52:19","date_gmt":"2025-09-23T11:52:19","guid":{"rendered":"https:\/\/tcsogrodzenia.com\/produkt\/protect-impraegnierung-fuer-zaeune\/"},"modified":"2025-09-23T15:30:30","modified_gmt":"2025-09-23T13:30:30","slug":"protect-impraegnierung-fuer-zaeune","status":"publish","type":"product","link":"https:\/\/tcsogrodzenia.com\/de\/produkt\/protect-impraegnierung-fuer-zaeune\/","title":{"rendered":"PROTECT Impr\u00e4gnierung f\u00fcr Z\u00e4une"},"content":{"rendered":"<h3>Produktbeschreibung<\/h3>\n<p>&nbsp;<br \/>\nDie PROTECT Impr\u00e4gnierung besitzt hervorragende Schutzeigenschaften mit einem breiten Wirkungsspektrum. Sie wird auf Beton- und Steinoberfl\u00e4chen angewendet. Sie gew\u00e4hrleistet eine ausgezeichnete Hydrophobie, erh\u00f6ht die Best\u00e4ndigkeit gegen Verschmutzungen und Witterungseinfl\u00fcsse und verbessert das Erscheinungsbild der Oberfl\u00e4che durch Farbvertiefung. Bei Produkten aus Kalkstein, Sandstein oder anderen Natursteinen wird empfohlen, vorab einen Test durchzuf\u00fchren, um den Effekt nach der Impr\u00e4gnierung zu beurteilen.<br \/>\n&nbsp;<br \/>\nDie Impr\u00e4gnierung kann f\u00fcr alle JONIEC\u00ae-Bl\u00f6cke verwendet werden, jedoch kann sie bei hellen Farben (z. B. Wei\u00df, Silber, Kalzit) einen Vergilbungseffekt verursachen und bei Systemen mit Kratzstruktur (ROMA Perfect und ROMA Nova) ein visuelles Verschwinden dieser Struktur bewirken.<br \/>\n&nbsp;<br \/>\nProdukt erh\u00e4ltlich in folgenden Verpackungen:<br \/>\n&nbsp;<\/p>\n<ul>\n<li>5 L<\/li>\n<li>Tester 100 ml<\/li>\n<\/ul>\n<p>&nbsp;<\/p>\n<h3>Wirkung<\/h3>\n<p>&nbsp;<\/p>\n<ul>\n<li>Verbessert das Erscheinungsbild der Oberfl\u00e4che durch Farbvertiefung<\/li>\n<li>Erh\u00f6ht die Best\u00e4ndigkeit gegen Verschmutzungen und sch\u00e4dliche Witterungseinfl\u00fcsse<\/li>\n<li>Minimiert das Risiko des Auftretens von Ausbl\u00fchungen und Bel\u00e4gen<\/li>\n<li>Reduziert den Abrieb<\/li>\n<li>Erleichtert die Reinigung der Oberfl\u00e4che<\/li>\n<li>Bildet eine Beschichtung mit einem leichten Glanz<\/li>\n<\/ul>\n<p>&nbsp;<\/p>\n<h3>Anwendung<\/h3>\n<p>&nbsp;<br \/>\nDie Impr\u00e4gnierung sollte fr\u00fchestens einen Monat nach Abschluss der Bauarbeiten durchgef\u00fchrt werden.<br \/>\n&nbsp;<\/p>\n<ul>\n<li>Den zu impr\u00e4gnierenden Untergrund von Schmutz und Ausbl\u00fchungen reinigen.<\/li>\n<li>Nicht zu impr\u00e4gnierende Oberfl\u00e4chen sch\u00fctzen, insbesondere Metallelemente wie Briefk\u00e4sten, Zaunfelder usw.<\/li>\n<li>Die Impr\u00e4gnierung gr\u00fcndlich mischen, z.B. durch Sch\u00fctteln.<\/li>\n<li>Das Pr\u00e4parat gleichm\u00e4\u00dfig mit Pinsel, Rolle oder Spr\u00fchverfahren auf die Oberfl\u00e4che auftragen. Wir empfehlen die Anwendung von zwei Schichten. Die Anwendung einer weiteren Schicht erfolgt nach dem Trocknen der vorherigen Schicht \u2013 die Trocknungszeit betr\u00e4gt ca. 60 Minuten bei 20\u00b0C<\/li>\n<\/ul>\n<p>&nbsp;<br \/>\nWICHTIG! &#8211; Impr\u00e4gnierung nur bei Temperaturen von +5\u00b0C bis +25\u00b0C und bei g\u00fcnstigen Wetterbedingungen auftragen \u2013 vor der Anwendung die Wetterbedingungen ber\u00fccksichtigen (m\u00f6glicher Regen, Frost, zu hohe Temperatur)<br \/>\n&nbsp;<br \/>\nDie angegebenen Informationen entbinden den Benutzer nicht von der Pflicht, die Eignung des Produkts f\u00fcr individuelle Anwendungen selbst zu pr\u00fcfen, insbesondere einen Test durchzuf\u00fchren, um m\u00f6gliche unerw\u00fcnschte Wirkungen auf der impr\u00e4gnierten Oberfl\u00e4che festzustellen.<br \/>\n&nbsp;<\/p>\n<h3>Haltbarkeitsdatum<\/h3>\n<p>2 Jahre ab Produktionsdatum<br \/>\n&nbsp;<br \/>\n<img fetchpriority=\"high\" decoding=\"async\" src=\"https:\/\/tcsogrodzenia.com\/wp-content\/uploads\/2025\/09\/bb94dfb2a99bc3884b06ab6072738a8b.webp\" alt=\"\" width=\"640\" height=\"480\" class=\"alignnone size-full wp-image-40609\" srcset=\"https:\/\/tcsogrodzenia.com\/wp-content\/uploads\/2025\/09\/bb94dfb2a99bc3884b06ab6072738a8b.webp 640w, https:\/\/tcsogrodzenia.com\/wp-content\/uploads\/2025\/09\/bb94dfb2a99bc3884b06ab6072738a8b-480x360.webp 480w, https:\/\/tcsogrodzenia.com\/wp-content\/uploads\/2025\/09\/bb94dfb2a99bc3884b06ab6072738a8b-600x450.webp 600w\" sizes=\"(max-width: 640px) 100vw, 640px\" \/><br \/>\n&nbsp;<br \/>\n<img decoding=\"async\" src=\"https:\/\/tcsogrodzenia.com\/wp-content\/uploads\/2025\/09\/6c5624610c2ac6e542426e845c0d6701.webp\" alt=\"\" width=\"640\" height=\"425\" class=\"alignnone size-full wp-image-40606\" srcset=\"https:\/\/tcsogrodzenia.com\/wp-content\/uploads\/2025\/09\/6c5624610c2ac6e542426e845c0d6701.webp 640w, https:\/\/tcsogrodzenia.com\/wp-content\/uploads\/2025\/09\/6c5624610c2ac6e542426e845c0d6701-480x319.webp 480w, https:\/\/tcsogrodzenia.com\/wp-content\/uploads\/2025\/09\/6c5624610c2ac6e542426e845c0d6701-600x398.webp 600w\" sizes=\"(max-width: 640px) 100vw, 640px\" \/><\/p>\n","protected":false},"excerpt":{"rendered":"<p>PROTECT Impr\u00e4gnierung f\u00fcr den Oberfl\u00e4chenschutz von Betonzaunbl\u00f6cken und Fertigteilen vor Wassereinwirkung und mit farbvertiefendem Effekt.<\/p>\n","protected":false},"featured_media":40611,"template":"","meta":{"site-sidebar-layout":"default","site-content-layout":"","ast-site-content-layout":"default","site-content-style":"default","site-sidebar-style":"default","ast-global-header-display":"","ast-banner-title-visibility":"","ast-main-header-display":"","ast-hfb-above-header-display":"","ast-hfb-below-header-display":"","ast-hfb-mobile-header-display":"","site-post-title":"","ast-breadcrumbs-content":"","ast-featured-img":"","footer-sml-layout":"","ast-disable-related-posts":"","theme-transparent-header-meta":"default","adv-header-id-meta":"","stick-header-meta":"default","header-above-stick-meta":"","header-main-stick-meta":"","header-below-stick-meta":"","astra-migrate-meta-layouts":"default","ast-page-background-enabled":"default","ast-page-background-meta":{"desktop":{"background-color":"var(--ast-global-color-4)","background-image":"","background-repeat":"repeat","background-position":"center center","background-size":"auto","background-attachment":"scroll","background-type":"","background-media":"","overlay-type":"","overlay-color":"","overlay-opacity":"","overlay-gradient":""},"tablet":{"background-color":"","background-image":"","background-repeat":"repeat","background-position":"center center","background-size":"auto","background-attachment":"scroll","background-type":"","background-media":"","overlay-type":"","overlay-color":"","overlay-opacity":"","overlay-gradient":""},"mobile":{"background-color":"","background-image":"","background-repeat":"repeat","background-position":"center center","background-size":"auto","background-attachment":"scroll","background-type":"","background-media":"","overlay-type":"","overlay-color":"","overlay-opacity":"","overlay-gradient":""}},"ast-content-background-meta":{"desktop":{"background-color":"var(--ast-global-color-5)","background-image":"","background-repeat":"repeat","background-position":"center center","background-size":"auto","background-attachment":"scroll","background-type":"","background-media":"","overlay-type":"","overlay-color":"","overlay-opacity":"","overlay-gradient":""},"tablet":{"background-color":"var(--ast-global-color-5)","background-image":"","background-repeat":"repeat","background-position":"center center","background-size":"auto","background-attachment":"scroll","background-type":"","background-media":"","overlay-type":"","overlay-color":"","overlay-opacity":"","overlay-gradient":""},"mobile":{"background-color":"var(--ast-global-color-5)","background-image":"","background-repeat":"repeat","background-position":"center center","background-size":"auto","background-attachment":"scroll","background-type":"","background-media":"","overlay-type":"","overlay-color":"","overlay-opacity":"","overlay-gradient":""}}},"product_brand":[],"product_cat":[214],"product_tag":[],"class_list":{"0":"post-40658","1":"product","2":"type-product","3":"status-publish","4":"has-post-thumbnail","6":"product_cat-modulare-zaeune-joniec","7":"desktop-align-left","8":"tablet-align-left","9":"mobile-align-left","10":"ast-product-gallery-layout-horizontal-slider","11":"ast-product-gallery-with-no-image","12":"ast-product-tabs-layout-horizontal","14":"first","15":"instock","16":"shipping-taxable","17":"product-type-simple"},"_links":{"self":[{"href":"https:\/\/tcsogrodzenia.com\/de\/wp-json\/wp\/v2\/product\/40658","targetHints":{"allow":["GET"]}}],"collection":[{"href":"https:\/\/tcsogrodzenia.com\/de\/wp-json\/wp\/v2\/product"}],"about":[{"href":"https:\/\/tcsogrodzenia.com\/de\/wp-json\/wp\/v2\/types\/product"}],"wp:featuredmedia":[{"embeddable":true,"href":"https:\/\/tcsogrodzenia.com\/de\/wp-json\/wp\/v2\/media\/40611"}],"wp:attachment":[{"href":"https:\/\/tcsogrodzenia.com\/de\/wp-json\/wp\/v2\/media?parent=40658"}],"wp:term":[{"taxonomy":"product_brand","embeddable":true,"href":"https:\/\/tcsogrodzenia.com\/de\/wp-json\/wp\/v2\/product_brand?post=40658"},{"taxonomy":"product_cat","embeddable":true,"href":"https:\/\/tcsogrodzenia.com\/de\/wp-json\/wp\/v2\/product_cat?post=40658"},{"taxonomy":"product_tag","embeddable":true,"href":"https:\/\/tcsogrodzenia.com\/de\/wp-json\/wp\/v2\/product_tag?post=40658"}],"curies":[{"name":"wp","href":"https:\/\/api.w.org\/{rel}","templated":true}]}}