{"id":41075,"date":"2025-10-07T09:05:53","date_gmt":"2025-10-07T07:05:53","guid":{"rendered":"https:\/\/tcsogrodzenia.com\/?post_type=product&#038;p=41075"},"modified":"2025-10-07T09:48:23","modified_gmt":"2025-10-07T07:48:23","slug":"automatyka-do-bram-dwuskrzydlowych","status":"publish","type":"product","link":"https:\/\/tcsogrodzenia.com\/de\/produkt\/automatyka-do-bram-dwuskrzydlowych\/","title":{"rendered":"Automatyka do bram dwuskrzyd\u0142owych"},"content":{"rendered":"<h3>O systemie<\/h3>\n<p>&nbsp;<\/p>\n<p><strong>Trwa\u0142y<\/strong><br \/>\n&nbsp;<br \/>\nElementy mechaniczne wykonane z br\u0105zu, metalowe elementy przek\u0142adni (APO424PRO, APO424), zabezpieczone przed wp\u0142ywem warunk\u00f3w atmosferycznych, odporna na promieniowanie UV malowana proszkowo obudowa z odlewanego aluminium \u2013 to wszystko zapewnia d\u0142ugotrwa\u0142\u0105 i bezawaryjn\u0105 prac\u0119.<br \/>\n&nbsp;<br \/>\n<strong>Cichy<\/strong><br \/>\n&nbsp;<br \/>\nNiezwykle cicha praca si\u0142ownik\u00f3w gwarantuje wysoki komfort u\u017cytkowania.<br \/>\n&nbsp;<br \/>\n<strong>Innowacyjny<\/strong><br \/>\n&nbsp;<br \/>\nWbudowane w obudow\u0119 si\u0142ownika o\u015bwietlenie LED zapewnia doskona\u0142\u0105 widoczno\u015b\u0107 podczas wjazdu na posesj\u0119 szczeg\u00f3lnie w porze nocnej i trudnych warunkach atmosferycznych, stanowi dodatkowo efektowny i skuteczny element infrastruktury ogrodowej wraz z innymi elementami iluminacji \u015bwietlnej oferowanymi przez AVO. W przypadku braku zasilania szybkie i \u0142atwe r\u0119czne wysprz\u0119glenie si\u0142ownika za pomoc\u0105 specjalnego uchwytu w pilocie AVAK.<br \/>\n&nbsp;<br \/>\n<strong>Fotokom\u00f3rki<\/strong><br \/>\n&nbsp;<br \/>\nPara fotokom\u00f3rek zewn\u0119trznych przeznaczonych do monta\u017cu na w\u0105skich s\u0142upkach z mo\u017cliwo\u015bci\u0105 regulacji o 180 stopni w standardowym wyposa\u017ceniu ka\u017cdego zestawu.<br \/>\n&nbsp;<\/p>\n<p><img decoding=\"async\" src=\"https:\/\/tcsogrodzenia.com\/wp-content\/uploads\/2025\/10\/APOPRO_Image.webp\" alt=\"\" width=\"480\" height=\"auto\" class=\"alignnone size-full wp-image-41086\" srcset=\"https:\/\/tcsogrodzenia.com\/wp-content\/uploads\/2025\/10\/APOPRO_Image.webp 1000w, https:\/\/tcsogrodzenia.com\/wp-content\/uploads\/2025\/10\/APOPRO_Image-768x273.webp 768w, https:\/\/tcsogrodzenia.com\/wp-content\/uploads\/2025\/10\/APOPRO_Image-480x171.webp 480w, https:\/\/tcsogrodzenia.com\/wp-content\/uploads\/2025\/10\/APOPRO_Image-600x214.webp 600w, https:\/\/tcsogrodzenia.com\/wp-content\/uploads\/2025\/10\/APOPRO_Image-800x285.webp 800w\" sizes=\"(max-width: 1000px) 100vw, 1000px\" \/><\/p>\n<hr \/>\n<h3>Zestaw APO324 PRO<\/h3>\n<p>&nbsp;<br \/>\nZestaw do bram 2-skrzyd\u0142owych o d\u0142ugo\u015bci skrzyd\u0142a do 3 m i ci\u0119\u017carze do 500 kg, silnik 24V, z o\u015bwietleniem LED, centrala steruj\u0105ca, fotokom\u00f3rki AFT180, dwa piloty 4-kana\u0142owe AVAK, interfejs KUBE do sterowania nap\u0119dem za pomoc\u0105 aplikacji, regulowane, przykr\u0119cane uchwyty monta\u017cowe.<br \/>\n&nbsp;<br \/>\n<strong><a target=\"_blank\" href=\"https:\/\/tcsogrodzenia.com\/wp-content\/uploads\/2025\/10\/APO-PRO.pdf\">Zobacz wi\u0119cej<\/a><\/strong><br \/>\n&nbsp;<\/p>\n<h3>Zestaw APO424 PRO<\/h3>\n<p>&nbsp;<br \/>\nZestaw do bram 2-skrzyd\u0142owych o d\u0142ugo\u015bci skrzyd\u0142a do 4 m, i ci\u0119\u017carze do 600 kg, silnik 24V, z o\u015bwietleniem LED, centrala steruj\u0105ca, fotokom\u00f3rki AFT180, dwa piloty 4-kana\u0142owe AVAK, interfejs KUBE do sterowania nap\u0119dem za pomoc\u0105 aplikacji, regulowane, przykr\u0119cane uchwyty monta\u017cowe, enkoder.<br \/>\n&nbsp;<br \/>\n<strong><a target=\"_blank\" href=\"https:\/\/tcsogrodzenia.com\/wp-content\/uploads\/2025\/10\/APO-PRO.pdf\">Zobacz wi\u0119cej<\/a><\/strong><br \/>\n&nbsp;<br \/>\n<img decoding=\"async\" src=\"https:\/\/tcsogrodzenia.com\/wp-content\/uploads\/2025\/10\/AVOGATE_Button_2.webp\" alt=\"\" width=\"480\" height=\"auto\" class=\"alignnone size-full wp-image-41083\" srcset=\"https:\/\/tcsogrodzenia.com\/wp-content\/uploads\/2025\/10\/AVOGATE_Button_2.webp 881w, https:\/\/tcsogrodzenia.com\/wp-content\/uploads\/2025\/10\/AVOGATE_Button_2-768x536.webp 768w, https:\/\/tcsogrodzenia.com\/wp-content\/uploads\/2025\/10\/AVOGATE_Button_2-480x335.webp 480w, https:\/\/tcsogrodzenia.com\/wp-content\/uploads\/2025\/10\/AVOGATE_Button_2-600x419.webp 600w, https:\/\/tcsogrodzenia.com\/wp-content\/uploads\/2025\/10\/AVOGATE_Button_2-800x558.webp 800w\" sizes=\"(max-width: 881px) 100vw, 881px\" \/><br \/>\n&nbsp;<br \/>\n<strong><a target=\"_blank\" href=\"https:\/\/avogroup.eu\/\">Wi\u0119cej informacji o ofercie AVO GROUP<\/a><\/strong><br \/>\n<strong><a target=\"_blank\" href=\"https:\/\/fadini.pl\/\">Wi\u0119cej informacji o ofercie FADINI<\/a><\/strong><\/p>\n","protected":false},"excerpt":{"rendered":"<h3>APO PRO<\/h3>\n<p><strong>Automatyka do bram skrzyd\u0142owych<\/strong><br \/>\n&nbsp;<br \/>\nElektromechaniczny, samohamowny si\u0142ownik 24V do bram skrzyd\u0142owych o d\u0142ugo\u015bci skrzyd\u0142a do 4 m, z wbudowanym o\u015bwietleniem LED i interfejsem KUBE pozwalaj\u0105cym na sterowanie nap\u0119dem przy u\u017cyciu smartfona.<\/p>\n","protected":false},"featured_media":41083,"template":"","meta":{"site-sidebar-layout":"default","site-content-layout":"","ast-site-content-layout":"default","site-content-style":"default","site-sidebar-style":"default","ast-global-header-display":"","ast-banner-title-visibility":"","ast-main-header-display":"","ast-hfb-above-header-display":"","ast-hfb-below-header-display":"","ast-hfb-mobile-header-display":"","site-post-title":"","ast-breadcrumbs-content":"","ast-featured-img":"","footer-sml-layout":"","ast-disable-related-posts":"","theme-transparent-header-meta":"default","adv-header-id-meta":"","stick-header-meta":"default","header-above-stick-meta":"","header-main-stick-meta":"","header-below-stick-meta":"","astra-migrate-meta-layouts":"set","ast-page-background-enabled":"default","ast-page-background-meta":{"desktop":{"background-color":"var(--ast-global-color-4)","background-image":"","background-repeat":"repeat","background-position":"center center","background-size":"auto","background-attachment":"scroll","background-type":"","background-media":"","overlay-type":"","overlay-color":"","overlay-opacity":"","overlay-gradient":""},"tablet":{"background-color":"","background-image":"","background-repeat":"repeat","background-position":"center center","background-size":"auto","background-attachment":"scroll","background-type":"","background-media":"","overlay-type":"","overlay-color":"","overlay-opacity":"","overlay-gradient":""},"mobile":{"background-color":"","background-image":"","background-repeat":"repeat","background-position":"center center","background-size":"auto","background-attachment":"scroll","background-type":"","background-media":"","overlay-type":"","overlay-color":"","overlay-opacity":"","overlay-gradient":""}},"ast-content-background-meta":{"desktop":{"background-color":"var(--ast-global-color-5)","background-image":"","background-repeat":"repeat","background-position":"center center","background-size":"auto","background-attachment":"scroll","background-type":"","background-media":"","overlay-type":"","overlay-color":"","overlay-opacity":"","overlay-gradient":""},"tablet":{"background-color":"var(--ast-global-color-5)","background-image":"","background-repeat":"repeat","background-position":"center center","background-size":"auto","background-attachment":"scroll","background-type":"","background-media":"","overlay-type":"","overlay-color":"","overlay-opacity":"","overlay-gradient":""},"mobile":{"background-color":"var(--ast-global-color-5)","background-image":"","background-repeat":"repeat","background-position":"center center","background-size":"auto","background-attachment":"scroll","background-type":"","background-media":"","overlay-type":"","overlay-color":"","overlay-opacity":"","overlay-gradient":""}}},"product_brand":[],"product_cat":[39],"product_tag":[],"class_list":{"0":"post-41075","1":"product","2":"type-product","3":"status-publish","4":"has-post-thumbnail","6":"product_cat-automatyka","7":"desktop-align-left","8":"tablet-align-left","9":"mobile-align-left","10":"ast-product-gallery-layout-horizontal-slider","11":"ast-product-gallery-with-no-image","12":"ast-product-tabs-layout-horizontal","14":"first","15":"instock","16":"shipping-taxable","17":"product-type-simple"},"_links":{"self":[{"href":"https:\/\/tcsogrodzenia.com\/de\/wp-json\/wp\/v2\/product\/41075","targetHints":{"allow":["GET"]}}],"collection":[{"href":"https:\/\/tcsogrodzenia.com\/de\/wp-json\/wp\/v2\/product"}],"about":[{"href":"https:\/\/tcsogrodzenia.com\/de\/wp-json\/wp\/v2\/types\/product"}],"wp:featuredmedia":[{"embeddable":true,"href":"https:\/\/tcsogrodzenia.com\/de\/wp-json\/wp\/v2\/media\/41083"}],"wp:attachment":[{"href":"https:\/\/tcsogrodzenia.com\/de\/wp-json\/wp\/v2\/media?parent=41075"}],"wp:term":[{"taxonomy":"product_brand","embeddable":true,"href":"https:\/\/tcsogrodzenia.com\/de\/wp-json\/wp\/v2\/product_brand?post=41075"},{"taxonomy":"product_cat","embeddable":true,"href":"https:\/\/tcsogrodzenia.com\/de\/wp-json\/wp\/v2\/product_cat?post=41075"},{"taxonomy":"product_tag","embeddable":true,"href":"https:\/\/tcsogrodzenia.com\/de\/wp-json\/wp\/v2\/product_tag?post=41075"}],"curies":[{"name":"wp","href":"https:\/\/api.w.org\/{rel}","templated":true}]}}