{"id":41090,"date":"2025-10-07T09:29:11","date_gmt":"2025-10-07T07:29:11","guid":{"rendered":"https:\/\/tcsogrodzenia.com\/?post_type=product&#038;p=41090"},"modified":"2025-10-07T10:45:30","modified_gmt":"2025-10-07T08:45:30","slug":"automatyka-do-bram-przesuwnych-avo","status":"publish","type":"product","link":"https:\/\/tcsogrodzenia.com\/de\/produkt\/automatyka-do-bram-przesuwnych-avo\/","title":{"rendered":"Automatyka do bram przesuwnych AVO GROUP"},"content":{"rendered":"<h3>O systemie<\/h3>\n<p>&nbsp;<\/p>\n<p><strong>Trwa\u0142y<\/strong><br \/>\n&nbsp;<br \/>\nZabezpieczenie element\u00f3w elektronicznych i mechanicznych przed wp\u0142ywem czynnik\u00f3w zewn\u0119trznych gwarantuje trwa\u0142o\u015b\u0107 i niezawodno\u015b\u0107 dzia\u0142ania nap\u0119du nawet w trudnych warunkach atmosferycznych oraz d\u0142ugotrwa\u0142e bezawaryjne u\u017cytkowanie.<br \/>\n&nbsp;<br \/>\n<strong>Cichy<\/strong><br \/>\n&nbsp;<br \/>\nNiezwykle cicha praca si\u0142ownik\u00f3w gwarantuje wysoki komfort u\u017cytkowania. Spowolnienia podczas otwierania i zamykania zapewniaj\u0105 p\u0142ynne dzia\u0142anie i zapobiegaj\u0105 g\u0142o\u015bnej pracy bramy oraz jej uszkodzeniom mechanicznym.<br \/>\n&nbsp;<br \/>\n<strong>Innowacyjny<\/strong><br \/>\n&nbsp;<br \/>\nWbudowane o\u015bwietlenie LED zapewnia doskona\u0142\u0105 widoczno\u015b\u0107 podczas wjazdu na posesj\u0119 szczeg\u00f3lnie w porze nocnej i trudnych warunkach atmosferycznych, stanowi dodatkowo efektowny i skuteczny element infrastruktury ogrodowej wraz z innymi elementami iluminacji \u015bwietlnej oferowanymi przez AVO. Nowoczesna centrala steruj\u0105ca pozwala na szybkie programowanie oraz intuicyjne korzystanie z dost\u0119pnych funkcji.<br \/>\n&nbsp;<br \/>\n<strong>Fotokom\u00f3rki<\/strong><br \/>\n&nbsp;<br \/>\nPara fotokom\u00f3rek zewn\u0119trznych przeznaczonych do monta\u017cu na w\u0105skich s\u0142upkach z mo\u017cliwo\u015bci\u0105 regulacji o 180 stopni  w standardowym wyposa\u017ceniu ka\u017cdego zestawu.<br \/>\n&nbsp;<br \/>\n<strong>Programowanie<\/strong><br \/>\n&nbsp;<br \/>\nWy\u0142\u0105cznie poprzez interfejs KUBE PRO, co znacz\u0105co u\u0142atwia i przyspiesza ca\u0142y proces.<br \/>\n&nbsp;<\/p>\n<p><img decoding=\"async\" src=\"https:\/\/tcsogrodzenia.com\/wp-content\/uploads\/2025\/10\/ALOPRO_Image.webp\" alt=\"\" width=\"480\" height=\"auto\" class=\"alignnone size-full wp-image-41095\" srcset=\"https:\/\/tcsogrodzenia.com\/wp-content\/uploads\/2025\/10\/ALOPRO_Image.webp 1000w, https:\/\/tcsogrodzenia.com\/wp-content\/uploads\/2025\/10\/ALOPRO_Image-768x487.webp 768w, https:\/\/tcsogrodzenia.com\/wp-content\/uploads\/2025\/10\/ALOPRO_Image-480x304.webp 480w, https:\/\/tcsogrodzenia.com\/wp-content\/uploads\/2025\/10\/ALOPRO_Image-600x380.webp 600w, https:\/\/tcsogrodzenia.com\/wp-content\/uploads\/2025\/10\/ALOPRO_Image-800x507.webp 800w\" sizes=\"(max-width: 1000px) 100vw, 1000px\" \/><\/p>\n<hr \/>\n<h3>Zestaw ALO524 PRO<\/h3>\n<p>&nbsp;<br \/>\nZestaw do bram przesuwnych o ci\u0119\u017carze do 500 kg, si\u0142ownik z wbudowan\u0105 central\u0105 steruj\u0105c\u0105, silnik 24V, z o\u015bwietleniem LED, fotokom\u00f3rki AFT180, dwa piloty 4-kana\u0142owe AVAK, interfejs KUBE do sterowania nap\u0119dem za pomoc\u0105 aplikacji.<br \/>\n&nbsp;<br \/>\n<strong><a target=\"_blank\" href=\"https:\/\/tcsogrodzenia.com\/wp-content\/uploads\/2025\/10\/ALO-PRO.pdf\">Zobacz wi\u0119cej<\/a><\/strong><br \/>\n&nbsp;<\/p>\n<h3>Zestaw ALO724 PRO<\/h3>\n<p>&nbsp;<br \/>\nZestaw do bram przesuwnych o ci\u0119\u017carze do 700 kg, si\u0142ownik z wbudowan\u0105 central\u0105 steruj\u0105c\u0105, silnik 24V, z o\u015bwietleniem LED, fotokom\u00f3rki AFT180, dwa piloty 4-kana\u0142owe AVAK, interfejs KUBE do sterowania nap\u0119dem za pomoc\u0105 aplikacji.<br \/>\n&nbsp;<br \/>\n<strong><a target=\"_blank\" href=\"https:\/\/tcsogrodzenia.com\/wp-content\/uploads\/2025\/10\/ALO-PRO.pdf\">Zobacz wi\u0119cej<\/a><\/strong><br \/>\n&nbsp;<br \/>\n<img decoding=\"async\" src=\"https:\/\/tcsogrodzenia.com\/wp-content\/uploads\/2025\/10\/AVOACCESS_Button.webp\" alt=\"\" width=\"480\" height=\"auto\" class=\"alignnone size-full wp-image-41092\" srcset=\"https:\/\/tcsogrodzenia.com\/wp-content\/uploads\/2025\/10\/AVOACCESS_Button.webp 881w, https:\/\/tcsogrodzenia.com\/wp-content\/uploads\/2025\/10\/AVOACCESS_Button-768x536.webp 768w, https:\/\/tcsogrodzenia.com\/wp-content\/uploads\/2025\/10\/AVOACCESS_Button-480x335.webp 480w, https:\/\/tcsogrodzenia.com\/wp-content\/uploads\/2025\/10\/AVOACCESS_Button-600x419.webp 600w, https:\/\/tcsogrodzenia.com\/wp-content\/uploads\/2025\/10\/AVOACCESS_Button-800x558.webp 800w\" sizes=\"(max-width: 881px) 100vw, 881px\" \/><br \/>\n&nbsp;<br \/>\n&nbsp;<br \/>\n<strong><a target=\"_blank\" href=\"https:\/\/avogroup.eu\/\">Wi\u0119cej informacji o ofercie AVO GROUP<\/a><\/strong><br \/>\n<strong><a target=\"_blank\" href=\"https:\/\/fadini.pl\/\">Wi\u0119cej informacji o ofercie FADINI<\/a><\/strong><\/p>\n","protected":false},"excerpt":{"rendered":"<h3>ALO PRO<\/h3>\n<p><strong>Automatyka do bram przesuwnych<\/strong><\/p>\n<p>&nbsp;<br \/>\nElektromechaniczny, samohamowny si\u0142ownik 24V do bram przesuwnych o ci\u0119\u017carze bramy do 500 kg i do 700 kg z wbudowanym o\u015bwietleniem LED i interfejsem KUBE pozwalaj\u0105cym na sterowanie przy u\u017cyciu smartfona.<\/p>\n","protected":false},"featured_media":41092,"template":"","meta":{"site-sidebar-layout":"default","site-content-layout":"","ast-site-content-layout":"default","site-content-style":"default","site-sidebar-style":"default","ast-global-header-display":"","ast-banner-title-visibility":"","ast-main-header-display":"","ast-hfb-above-header-display":"","ast-hfb-below-header-display":"","ast-hfb-mobile-header-display":"","site-post-title":"","ast-breadcrumbs-content":"","ast-featured-img":"","footer-sml-layout":"","ast-disable-related-posts":"","theme-transparent-header-meta":"default","adv-header-id-meta":"","stick-header-meta":"default","header-above-stick-meta":"","header-main-stick-meta":"","header-below-stick-meta":"","astra-migrate-meta-layouts":"set","ast-page-background-enabled":"default","ast-page-background-meta":{"desktop":{"background-color":"var(--ast-global-color-4)","background-image":"","background-repeat":"repeat","background-position":"center center","background-size":"auto","background-attachment":"scroll","background-type":"","background-media":"","overlay-type":"","overlay-color":"","overlay-opacity":"","overlay-gradient":""},"tablet":{"background-color":"","background-image":"","background-repeat":"repeat","background-position":"center center","background-size":"auto","background-attachment":"scroll","background-type":"","background-media":"","overlay-type":"","overlay-color":"","overlay-opacity":"","overlay-gradient":""},"mobile":{"background-color":"","background-image":"","background-repeat":"repeat","background-position":"center center","background-size":"auto","background-attachment":"scroll","background-type":"","background-media":"","overlay-type":"","overlay-color":"","overlay-opacity":"","overlay-gradient":""}},"ast-content-background-meta":{"desktop":{"background-color":"var(--ast-global-color-5)","background-image":"","background-repeat":"repeat","background-position":"center center","background-size":"auto","background-attachment":"scroll","background-type":"","background-media":"","overlay-type":"","overlay-color":"","overlay-opacity":"","overlay-gradient":""},"tablet":{"background-color":"var(--ast-global-color-5)","background-image":"","background-repeat":"repeat","background-position":"center center","background-size":"auto","background-attachment":"scroll","background-type":"","background-media":"","overlay-type":"","overlay-color":"","overlay-opacity":"","overlay-gradient":""},"mobile":{"background-color":"var(--ast-global-color-5)","background-image":"","background-repeat":"repeat","background-position":"center center","background-size":"auto","background-attachment":"scroll","background-type":"","background-media":"","overlay-type":"","overlay-color":"","overlay-opacity":"","overlay-gradient":""}}},"product_brand":[],"product_cat":[39],"product_tag":[],"class_list":{"0":"post-41090","1":"product","2":"type-product","3":"status-publish","4":"has-post-thumbnail","6":"product_cat-automatyka","7":"desktop-align-left","8":"tablet-align-left","9":"mobile-align-left","10":"ast-product-gallery-layout-horizontal-slider","11":"ast-product-gallery-with-no-image","12":"ast-product-tabs-layout-horizontal","14":"first","15":"instock","16":"shipping-taxable","17":"product-type-simple"},"_links":{"self":[{"href":"https:\/\/tcsogrodzenia.com\/de\/wp-json\/wp\/v2\/product\/41090","targetHints":{"allow":["GET"]}}],"collection":[{"href":"https:\/\/tcsogrodzenia.com\/de\/wp-json\/wp\/v2\/product"}],"about":[{"href":"https:\/\/tcsogrodzenia.com\/de\/wp-json\/wp\/v2\/types\/product"}],"wp:featuredmedia":[{"embeddable":true,"href":"https:\/\/tcsogrodzenia.com\/de\/wp-json\/wp\/v2\/media\/41092"}],"wp:attachment":[{"href":"https:\/\/tcsogrodzenia.com\/de\/wp-json\/wp\/v2\/media?parent=41090"}],"wp:term":[{"taxonomy":"product_brand","embeddable":true,"href":"https:\/\/tcsogrodzenia.com\/de\/wp-json\/wp\/v2\/product_brand?post=41090"},{"taxonomy":"product_cat","embeddable":true,"href":"https:\/\/tcsogrodzenia.com\/de\/wp-json\/wp\/v2\/product_cat?post=41090"},{"taxonomy":"product_tag","embeddable":true,"href":"https:\/\/tcsogrodzenia.com\/de\/wp-json\/wp\/v2\/product_tag?post=41090"}],"curies":[{"name":"wp","href":"https:\/\/api.w.org\/{rel}","templated":true}]}}