{"id":41101,"date":"2025-10-07T10:21:59","date_gmt":"2025-10-07T08:21:59","guid":{"rendered":"https:\/\/tcsogrodzenia.com\/?post_type=product&#038;p=41101"},"modified":"2025-10-07T11:25:30","modified_gmt":"2025-10-07T09:25:30","slug":"automatyka-do-bram-przesuwnych-fadini","status":"publish","type":"product","link":"https:\/\/tcsogrodzenia.com\/de\/produkt\/automatyka-do-bram-przesuwnych-fadini\/","title":{"rendered":"Automatyka do bram przesuwnych FADINI"},"content":{"rendered":"<h3>O systemie<\/h3>\n<p>&nbsp;<\/p>\n<p><strong>Design<\/strong><br \/>\n&nbsp;<br \/>\nNowoczesny design z niebiesk\u0105 diod\u0105 LED na obudowie do identyfikacji stanu automatyki.<br \/>\n&nbsp;<br \/>\n<strong>Cichy<\/strong><br \/>\n&nbsp;<br \/>\nMotoreduktor zasilany pr\u0105dem sta\u0142ym o napi\u0119ciu 24 V, wyposa\u017cony w przek\u0142adni\u0119 \u015blimakow\u0105 w k\u0105pieli olejowej i ko\u0142o z\u0119bate z tworzywa sztucznego, na \u0142o\u017cyskach kulkowyc<br \/>\n&nbsp;<br \/>\n<strong>Intuicyjny i bezpieczny<\/strong><br \/>\n&nbsp;<br \/>\nProgramowanie ruchu bramy za pomoc\u0105 jednego przycisku, przyspieszanie i zwalnianie przy ka\u017cdym ruchu. Ogranicznik magnetyczny. System zapobiegaj\u0105cy zgnieceniu dzi\u0119ki po\u0142\u0105czonemu dzia\u0142aniu enkodera i amperometrycznego wykrywania przeszk\u00f3d, maj\u0105cy na celu odwr\u00f3cenie kierunku ruchu. Odblokowywanie za pomoc\u0105 aluminiowej d\u017awigni z kluczem.<br \/>\n&nbsp;<br \/>\n<strong>Uniwersalny<\/strong><br \/>\n&nbsp;<br \/>\nDo automatyzacji dw\u00f3ch bram z przeciwleg\u0142ymi skrzyd\u0142ami poprzez wybranie funkcji master\/slave w ELPRO 64.Przystosowany do zasilania bateriami w przypadku awarii zasilania.<br \/>\n&nbsp;<br \/>\n<strong>Testowany i certyfikowany<\/strong><br \/>\n&nbsp;<br \/>\nZgodny z normami europejskimi EN 12445 i EN 12453 oraz oznakowaniem CE.<br \/>\n&nbsp;<\/p>\n<p><img fetchpriority=\"high\" decoding=\"async\" src=\"https:\/\/tcsogrodzenia.com\/wp-content\/uploads\/2025\/10\/Junior624L.jpg\" alt=\"\" width=\"800\" height=\"800\" class=\"alignnone size-full wp-image-41109\" srcset=\"https:\/\/tcsogrodzenia.com\/wp-content\/uploads\/2025\/10\/Junior624L.jpg 800w, https:\/\/tcsogrodzenia.com\/wp-content\/uploads\/2025\/10\/Junior624L-768x768.jpg 768w, https:\/\/tcsogrodzenia.com\/wp-content\/uploads\/2025\/10\/Junior624L-480x480.jpg 480w, https:\/\/tcsogrodzenia.com\/wp-content\/uploads\/2025\/10\/Junior624L-600x600.jpg 600w, https:\/\/tcsogrodzenia.com\/wp-content\/uploads\/2025\/10\/Junior624L-100x100.jpg 100w\" sizes=\"(max-width: 800px) 100vw, 800px\" \/><\/p>\n<hr \/>\n<h3>Dane techniczne<\/h3>\n<p>&nbsp;<br \/>\nZasilanie (Vac \u2013 Hz) &#8211; 230 &#8211; 50<br \/>\nNapi\u0119cie silnika (Vdc) &#8211; 24<br \/>\nMaks. pob\u00f3r mocy (W) &#8211; 220<br \/>\nMaks. pob\u00f3r pr\u0105du (A) &#8211; 6,3<br \/>\nMaks. moment obrotowy (N) &#8211; 400<br \/>\nObroty silnika (rpm) &#8211; 3000<br \/>\nPr\u0119dko\u015b\u0107 (m\/min) &#8211; 12<br \/>\nPrze\u0142o\u017cenie przek\u0142adni &#8211; 1:62<br \/>\nStopie\u0144 ochrony IP &#8211; 54<br \/>\nTyp oleju &#8211; 706L<br \/>\nTemperatura pracy (\u00b0C) &#8211; -20 \u00f7 +50<br \/>\nWaga (kg) &#8211; 11<br \/>\nCz\u0119stotliwo\u015b\u0107 u\u017cytkowania &#8211; intensywne<br \/>\n&nbsp;<\/p>\n<h3>Wymiary<\/h3>\n<p>&nbsp;<br \/>\n<img decoding=\"async\" src=\"https:\/\/tcsogrodzenia.com\/wp-content\/uploads\/2025\/10\/junior.png\" alt=\"\" width=\"480\" height=\"auto\" class=\"alignnone size-large wp-image-41106\" srcset=\"https:\/\/tcsogrodzenia.com\/wp-content\/uploads\/2025\/10\/junior.png 565w, https:\/\/tcsogrodzenia.com\/wp-content\/uploads\/2025\/10\/junior-452x480.png 452w\" sizes=\"(max-width: 565px) 100vw, 565px\" \/><br \/>\n&nbsp;<\/p>\n<h3>Instrukcja<\/h3>\n<p>&nbsp;<br \/>\n<a target=\"_blank\" href=\"https:\/\/tcsogrodzenia.com\/wp-content\/uploads\/2025\/10\/istr_junior624_64_multi1.pdf\">Instrukcja do pobrania<\/a><br \/>\n&nbsp;<br \/>\n&nbsp;<br \/>\n<strong><a target=\"_blank\" href=\"https:\/\/avogroup.eu\/\">Wi\u0119cej informacji o ofercie AVO GROUP<\/a><\/strong><br \/>\n<strong><a target=\"_blank\" href=\"https:\/\/fadini.pl\/\">Wi\u0119cej informacji o ofercie FADINI<\/a><\/strong><\/p>\n","protected":false},"excerpt":{"rendered":"<h3>Junior 624<\/h3>\n<p><strong>Automatyka do bram przesuwnych<\/strong><br \/>\n&nbsp;<br \/>\nSi\u0142ownik elektromechaniczny do u\u017cytku posesyjnego.<\/p>\n","protected":false},"featured_media":41109,"template":"","meta":{"site-sidebar-layout":"default","site-content-layout":"","ast-site-content-layout":"default","site-content-style":"default","site-sidebar-style":"default","ast-global-header-display":"","ast-banner-title-visibility":"","ast-main-header-display":"","ast-hfb-above-header-display":"","ast-hfb-below-header-display":"","ast-hfb-mobile-header-display":"","site-post-title":"","ast-breadcrumbs-content":"","ast-featured-img":"","footer-sml-layout":"","ast-disable-related-posts":"","theme-transparent-header-meta":"default","adv-header-id-meta":"","stick-header-meta":"default","header-above-stick-meta":"","header-main-stick-meta":"","header-below-stick-meta":"","astra-migrate-meta-layouts":"set","ast-page-background-enabled":"default","ast-page-background-meta":{"desktop":{"background-color":"var(--ast-global-color-4)","background-image":"","background-repeat":"repeat","background-position":"center center","background-size":"auto","background-attachment":"scroll","background-type":"","background-media":"","overlay-type":"","overlay-color":"","overlay-opacity":"","overlay-gradient":""},"tablet":{"background-color":"","background-image":"","background-repeat":"repeat","background-position":"center center","background-size":"auto","background-attachment":"scroll","background-type":"","background-media":"","overlay-type":"","overlay-color":"","overlay-opacity":"","overlay-gradient":""},"mobile":{"background-color":"","background-image":"","background-repeat":"repeat","background-position":"center center","background-size":"auto","background-attachment":"scroll","background-type":"","background-media":"","overlay-type":"","overlay-color":"","overlay-opacity":"","overlay-gradient":""}},"ast-content-background-meta":{"desktop":{"background-color":"var(--ast-global-color-5)","background-image":"","background-repeat":"repeat","background-position":"center center","background-size":"auto","background-attachment":"scroll","background-type":"","background-media":"","overlay-type":"","overlay-color":"","overlay-opacity":"","overlay-gradient":""},"tablet":{"background-color":"var(--ast-global-color-5)","background-image":"","background-repeat":"repeat","background-position":"center center","background-size":"auto","background-attachment":"scroll","background-type":"","background-media":"","overlay-type":"","overlay-color":"","overlay-opacity":"","overlay-gradient":""},"mobile":{"background-color":"var(--ast-global-color-5)","background-image":"","background-repeat":"repeat","background-position":"center center","background-size":"auto","background-attachment":"scroll","background-type":"","background-media":"","overlay-type":"","overlay-color":"","overlay-opacity":"","overlay-gradient":""}}},"product_brand":[],"product_cat":[39],"product_tag":[],"class_list":{"0":"post-41101","1":"product","2":"type-product","3":"status-publish","4":"has-post-thumbnail","6":"product_cat-automatyka","7":"desktop-align-left","8":"tablet-align-left","9":"mobile-align-left","10":"ast-product-gallery-layout-horizontal-slider","11":"ast-product-gallery-with-no-image","12":"ast-product-tabs-layout-horizontal","14":"first","15":"instock","16":"shipping-taxable","17":"product-type-simple"},"_links":{"self":[{"href":"https:\/\/tcsogrodzenia.com\/de\/wp-json\/wp\/v2\/product\/41101","targetHints":{"allow":["GET"]}}],"collection":[{"href":"https:\/\/tcsogrodzenia.com\/de\/wp-json\/wp\/v2\/product"}],"about":[{"href":"https:\/\/tcsogrodzenia.com\/de\/wp-json\/wp\/v2\/types\/product"}],"wp:featuredmedia":[{"embeddable":true,"href":"https:\/\/tcsogrodzenia.com\/de\/wp-json\/wp\/v2\/media\/41109"}],"wp:attachment":[{"href":"https:\/\/tcsogrodzenia.com\/de\/wp-json\/wp\/v2\/media?parent=41101"}],"wp:term":[{"taxonomy":"product_brand","embeddable":true,"href":"https:\/\/tcsogrodzenia.com\/de\/wp-json\/wp\/v2\/product_brand?post=41101"},{"taxonomy":"product_cat","embeddable":true,"href":"https:\/\/tcsogrodzenia.com\/de\/wp-json\/wp\/v2\/product_cat?post=41101"},{"taxonomy":"product_tag","embeddable":true,"href":"https:\/\/tcsogrodzenia.com\/de\/wp-json\/wp\/v2\/product_tag?post=41101"}],"curies":[{"name":"wp","href":"https:\/\/api.w.org\/{rel}","templated":true}]}}