{"id":41131,"date":"2025-10-07T11:02:02","date_gmt":"2025-10-07T09:02:02","guid":{"rendered":"https:\/\/tcsogrodzenia.com\/?post_type=product&#038;p=41131"},"modified":"2025-10-07T11:22:52","modified_gmt":"2025-10-07T09:22:52","slug":"wideodomofony-avo","status":"publish","type":"product","link":"https:\/\/tcsogrodzenia.com\/de\/produkt\/wideodomofony-avo\/","title":{"rendered":"Wideodomofony AVO"},"content":{"rendered":"<h3>Zestaw AVO Connect<\/h3>\n<p>&nbsp;<br \/>\n<strong>Zestaw wideodomofonowy AVO:<\/strong><br \/>\n&nbsp;<br \/>\n7\u201d monitor w kolorze bia\u0142ym (AVO M7) + panel rozmowny w kolorze czarnym, z klawiatur\u0105 cyfrow\u0105 oraz czytnikiem kart (AVO PK), 2 breloki RFID 125kHz, zasilacz DIN (AVO 03A).<br \/>\n&nbsp;<br \/>\n<img fetchpriority=\"high\" decoding=\"async\" src=\"https:\/\/tcsogrodzenia.com\/wp-content\/uploads\/2025\/10\/Zdjecie-zestawu_AVO-CONNECT-1.webp\" alt=\"\" width=\"480\" height=\"737\" class=\"alignnone size-full wp-image-41128\" \/><br \/>\n&nbsp;<br \/>\n<strong>P1 \u2013 Panel rozmowny jednorodzinny w kolorze czarnym, z czytnikiem kart, 2 breloki RFID 125 kHz<\/strong><br \/>\n&nbsp;<br \/>\n<img decoding=\"async\" src=\"https:\/\/tcsogrodzenia.com\/wp-content\/uploads\/2025\/10\/P1-panel-rozmowny-scaled-1-503x1024.webp\" alt=\"\" width=\"180\" height=\"auto\" class=\"alignnone size-large wp-image-41119\" srcset=\"https:\/\/tcsogrodzenia.com\/wp-content\/uploads\/2025\/10\/P1-panel-rozmowny-scaled-1-503x1024.webp 503w, https:\/\/tcsogrodzenia.com\/wp-content\/uploads\/2025\/10\/P1-panel-rozmowny-scaled-1-377x768.webp 377w, https:\/\/tcsogrodzenia.com\/wp-content\/uploads\/2025\/10\/P1-panel-rozmowny-scaled-1-236x480.webp 236w, https:\/\/tcsogrodzenia.com\/wp-content\/uploads\/2025\/10\/P1-panel-rozmowny-scaled-1-768x1563.webp 768w, https:\/\/tcsogrodzenia.com\/wp-content\/uploads\/2025\/10\/P1-panel-rozmowny-scaled-1-755x1536.webp 755w, https:\/\/tcsogrodzenia.com\/wp-content\/uploads\/2025\/10\/P1-panel-rozmowny-scaled-1-1006x2048.webp 1006w, https:\/\/tcsogrodzenia.com\/wp-content\/uploads\/2025\/10\/P1-panel-rozmowny-scaled-1-600x1221.webp 600w, https:\/\/tcsogrodzenia.com\/wp-content\/uploads\/2025\/10\/P1-panel-rozmowny-scaled-1-800x1628.webp 800w, https:\/\/tcsogrodzenia.com\/wp-content\/uploads\/2025\/10\/P1-panel-rozmowny-scaled-1.webp 1258w\" sizes=\"(max-width: 503px) 100vw, 503px\" \/><br \/>\n&nbsp;<br \/>\n<strong>P2 \u2013 Panel rozmowny dwurodzinny w kolorze srebrnym, z czytnikiem kart, 2 breloki RFID 125 kHz<\/strong><br \/>\n&nbsp;<br \/>\n<img decoding=\"async\" src=\"https:\/\/tcsogrodzenia.com\/wp-content\/uploads\/2025\/10\/P2-panelrozmowny-503x1024.webp\" alt=\"\" width=\"220\" height=\"auto\" class=\"alignnone size-large wp-image-41122\" srcset=\"https:\/\/tcsogrodzenia.com\/wp-content\/uploads\/2025\/10\/P2-panelrozmowny-503x1024.webp 503w, https:\/\/tcsogrodzenia.com\/wp-content\/uploads\/2025\/10\/P2-panelrozmowny-377x768.webp 377w, https:\/\/tcsogrodzenia.com\/wp-content\/uploads\/2025\/10\/P2-panelrozmowny-236x480.webp 236w, https:\/\/tcsogrodzenia.com\/wp-content\/uploads\/2025\/10\/P2-panelrozmowny-768x1563.webp 768w, https:\/\/tcsogrodzenia.com\/wp-content\/uploads\/2025\/10\/P2-panelrozmowny-755x1536.webp 755w, https:\/\/tcsogrodzenia.com\/wp-content\/uploads\/2025\/10\/P2-panelrozmowny-600x1221.webp 600w, https:\/\/tcsogrodzenia.com\/wp-content\/uploads\/2025\/10\/P2-panelrozmowny-800x1628.webp 800w, https:\/\/tcsogrodzenia.com\/wp-content\/uploads\/2025\/10\/P2-panelrozmowny.webp 897w\" sizes=\"(max-width: 503px) 100vw, 503px\" \/><br \/>\n&nbsp;<br \/>\n<a target=\"_blank\" href=\"https:\/\/tcsogrodzenia.com\/wp-content\/uploads\/2025\/10\/AVO-Wideodomofony.pdf\">Zobacz wi\u0119cej<\/a><br \/>\n&nbsp;<br \/>\n&nbsp;<br \/>\n<strong><a target=\"_blank\" href=\"https:\/\/avogroup.eu\/\">Wi\u0119cej informacji o ofercie AVO GROUP<\/a><\/strong><br \/>\n<strong><a target=\"_blank\" href=\"https:\/\/fadini.pl\/\">Wi\u0119cej informacji o ofercie FADINI<\/a><\/strong><\/p>\n","protected":false},"excerpt":{"rendered":"<h3>Wideodomofony AVO<\/h3>\n<p>&nbsp;<br \/>\nWideodomofony AVO to nowoczesne urz\u0105dzenia, kt\u00f3re \u0142\u0105cz\u0105 funkcje tradycyjnych domofon\u00f3w z mo\u017cliwo\u015bci\u0105 przesy\u0142ania obrazu wideo, zwi\u0119kszaj\u0105c tym samym bezpiecze\u0144stwo i komfort u\u017cytkownik\u00f3w. Dzi\u0119ki nim mo\u017cna nie tylko us\u0142ysze\u0107, ale i zobaczy\u0107 osob\u0119 stoj\u0105c\u0105 przed drzwiami, dodatkowo zapisa\u0107 ten obraz w pami\u0119ci urz\u0105dzenia, co pozwala na lepsz\u0105 kontrol\u0119 dost\u0119pu do posesji czy budynku i nadz\u00f3r nad osobami poruszaj\u0105cymi si\u0119 w jej obr\u0119bie.<br \/>\n&nbsp;<br \/>\n<strong>Dlaczego warto wybra\u0107 wideodomofon AVO CONNECT?<\/strong><br \/>\n&nbsp;<br \/>\nDecyduj\u0105c si\u0119 na AVO CONNECT, inwestujesz w:<\/p>\n<ul>\n<li>Bezpiecze\u0144stwo rodziny: Pe\u0142na kontrola nad tym, kto ma dost\u0119p do Twojego domu.<\/li>\n<li>Wygod\u0119: Mo\u017cliwo\u015b\u0107 obs\u0142ugi urz\u0105dzenia z poziomu smartfona lub tabletu.<\/li>\n<li>Niezawodno\u015b\u0107: Sprawdzone w dzia\u0142aniu i solidnie wykonane urz\u0105dzenia.<\/li>\n<li>Funkcjonalno\u015b\u0107: AVO CONNECT mo\u017ce wsp\u00f3\u0142pracowa\u0107 z bram\u0105 (otwarcie i zamkni\u0119cie) oraz furtk\u0105 umo\u017cliwiaj\u0105c\u0105 wej\u015bcie na posesj\u0119 (obs\u0142uga elektro-zaczepu).<\/li>\n<\/ul>\n","protected":false},"featured_media":41125,"template":"","meta":{"site-sidebar-layout":"default","site-content-layout":"","ast-site-content-layout":"default","site-content-style":"default","site-sidebar-style":"default","ast-global-header-display":"","ast-banner-title-visibility":"","ast-main-header-display":"","ast-hfb-above-header-display":"","ast-hfb-below-header-display":"","ast-hfb-mobile-header-display":"","site-post-title":"","ast-breadcrumbs-content":"","ast-featured-img":"","footer-sml-layout":"","ast-disable-related-posts":"","theme-transparent-header-meta":"default","adv-header-id-meta":"","stick-header-meta":"default","header-above-stick-meta":"","header-main-stick-meta":"","header-below-stick-meta":"","astra-migrate-meta-layouts":"set","ast-page-background-enabled":"default","ast-page-background-meta":{"desktop":{"background-color":"var(--ast-global-color-4)","background-image":"","background-repeat":"repeat","background-position":"center center","background-size":"auto","background-attachment":"scroll","background-type":"","background-media":"","overlay-type":"","overlay-color":"","overlay-opacity":"","overlay-gradient":""},"tablet":{"background-color":"","background-image":"","background-repeat":"repeat","background-position":"center center","background-size":"auto","background-attachment":"scroll","background-type":"","background-media":"","overlay-type":"","overlay-color":"","overlay-opacity":"","overlay-gradient":""},"mobile":{"background-color":"","background-image":"","background-repeat":"repeat","background-position":"center center","background-size":"auto","background-attachment":"scroll","background-type":"","background-media":"","overlay-type":"","overlay-color":"","overlay-opacity":"","overlay-gradient":""}},"ast-content-background-meta":{"desktop":{"background-color":"var(--ast-global-color-5)","background-image":"","background-repeat":"repeat","background-position":"center center","background-size":"auto","background-attachment":"scroll","background-type":"","background-media":"","overlay-type":"","overlay-color":"","overlay-opacity":"","overlay-gradient":""},"tablet":{"background-color":"var(--ast-global-color-5)","background-image":"","background-repeat":"repeat","background-position":"center center","background-size":"auto","background-attachment":"scroll","background-type":"","background-media":"","overlay-type":"","overlay-color":"","overlay-opacity":"","overlay-gradient":""},"mobile":{"background-color":"var(--ast-global-color-5)","background-image":"","background-repeat":"repeat","background-position":"center center","background-size":"auto","background-attachment":"scroll","background-type":"","background-media":"","overlay-type":"","overlay-color":"","overlay-opacity":"","overlay-gradient":""}}},"product_brand":[],"product_cat":[39],"product_tag":[],"class_list":{"0":"post-41131","1":"product","2":"type-product","3":"status-publish","4":"has-post-thumbnail","6":"product_cat-automatyka","7":"desktop-align-left","8":"tablet-align-left","9":"mobile-align-left","10":"ast-product-gallery-layout-horizontal-slider","11":"ast-product-gallery-with-no-image","12":"ast-product-tabs-layout-horizontal","14":"first","15":"instock","16":"shipping-taxable","17":"product-type-simple"},"_links":{"self":[{"href":"https:\/\/tcsogrodzenia.com\/de\/wp-json\/wp\/v2\/product\/41131","targetHints":{"allow":["GET"]}}],"collection":[{"href":"https:\/\/tcsogrodzenia.com\/de\/wp-json\/wp\/v2\/product"}],"about":[{"href":"https:\/\/tcsogrodzenia.com\/de\/wp-json\/wp\/v2\/types\/product"}],"wp:featuredmedia":[{"embeddable":true,"href":"https:\/\/tcsogrodzenia.com\/de\/wp-json\/wp\/v2\/media\/41125"}],"wp:attachment":[{"href":"https:\/\/tcsogrodzenia.com\/de\/wp-json\/wp\/v2\/media?parent=41131"}],"wp:term":[{"taxonomy":"product_brand","embeddable":true,"href":"https:\/\/tcsogrodzenia.com\/de\/wp-json\/wp\/v2\/product_brand?post=41131"},{"taxonomy":"product_cat","embeddable":true,"href":"https:\/\/tcsogrodzenia.com\/de\/wp-json\/wp\/v2\/product_cat?post=41131"},{"taxonomy":"product_tag","embeddable":true,"href":"https:\/\/tcsogrodzenia.com\/de\/wp-json\/wp\/v2\/product_tag?post=41131"}],"curies":[{"name":"wp","href":"https:\/\/api.w.org\/{rel}","templated":true}]}}