{"id":566,"date":"2017-05-19T14:07:00","date_gmt":"2017-05-19T12:07:00","guid":{"rendered":"https:\/\/tcsogrodzenia.com\/?post_type=product&#038;p=566\/"},"modified":"2017-05-19T15:34:52","modified_gmt":"2017-05-19T13:34:52","slug":"pp002-p22","status":"publish","type":"product","link":"https:\/\/tcsogrodzenia.com\/de\/produkt\/pp002-p22\/","title":{"rendered":"PALISADEN SERIE PP002 (P22)"},"content":{"rendered":"","protected":false},"excerpt":{"rendered":"<p class=\"vc_custom_heading\"><span style=\"font-size: 24px;\">PALISADEN<\/span><br \/>\n <span style=\"font-size: 24px;\"><b>SERIE PP002 (P22)<\/b><\/span><\/p>\n<p>Das Modell findet Anwendung sowohl bei Einfamilienh\u00e4usern als auch Industriegeb\u00e4uden. Die komplette Linie von Modulelementen, Toren, Hintert\u00fcren, selbsttragenden und kippbaren Toren erm\u00f6glicht es Ihnen, die Umz\u00e4unung an die Bed\u00fcrfnisse des Geb\u00e4udes und die Struktur des Gel\u00e4ndes anzupassen. Dieses System zeichnet sich nicht nur durch modernes und repr\u00e4sentatives Design aus, sondern auch durch h\u00f6chste Qualit\u00e4t und langfristige Antikorrosionsschutzgarantie.<\/p>\n<p class=\"tytul-strony srodek ralowe\"><span style=\"font-size: 24px;\"><b>STANDARDFARBEN<\/b><\/span><\/p>\n<p><img decoding=\"async\" class=\"alignnone wp-image-394 size-full\" src=\"https:\/\/tcsogrodzenia.com\/wp-content\/uploads\/2017\/05\/ral-8019.jpg\" alt=\"\" width=\"76\" height=\"76\" srcset=\"https:\/\/tcsogrodzenia.com\/wp-content\/uploads\/2017\/05\/ral-8019.jpg 76w, https:\/\/tcsogrodzenia.com\/wp-content\/uploads\/2017\/05\/ral-8019-100x100.jpg 100w, https:\/\/tcsogrodzenia.com\/wp-content\/uploads\/2017\/05\/ral-8019-50x50.jpg 50w, https:\/\/tcsogrodzenia.com\/wp-content\/uploads\/2017\/05\/ral-8019-75x75.jpg 75w\" sizes=\"(max-width: 76px) 100vw, 76px\" \/>\u00a0<img decoding=\"async\" class=\"alignnone wp-image-388 size-full\" src=\"https:\/\/tcsogrodzenia.com\/wp-content\/uploads\/2017\/05\/8017.jpg\" alt=\"\" width=\"76\" height=\"76\" srcset=\"https:\/\/tcsogrodzenia.com\/wp-content\/uploads\/2017\/05\/8017.jpg 76w, https:\/\/tcsogrodzenia.com\/wp-content\/uploads\/2017\/05\/8017-100x100.jpg 100w, https:\/\/tcsogrodzenia.com\/wp-content\/uploads\/2017\/05\/8017-50x50.jpg 50w, https:\/\/tcsogrodzenia.com\/wp-content\/uploads\/2017\/05\/8017-75x75.jpg 75w\" sizes=\"(max-width: 76px) 100vw, 76px\" \/>\u00a0<img decoding=\"async\" class=\"alignnone wp-image-385 size-full\" src=\"https:\/\/tcsogrodzenia.com\/wp-content\/uploads\/2017\/05\/7040.jpg\" alt=\"\" width=\"76\" height=\"76\" srcset=\"https:\/\/tcsogrodzenia.com\/wp-content\/uploads\/2017\/05\/7040.jpg 76w, https:\/\/tcsogrodzenia.com\/wp-content\/uploads\/2017\/05\/7040-100x100.jpg 100w, https:\/\/tcsogrodzenia.com\/wp-content\/uploads\/2017\/05\/7040-50x50.jpg 50w, https:\/\/tcsogrodzenia.com\/wp-content\/uploads\/2017\/05\/7040-75x75.jpg 75w\" sizes=\"(max-width: 76px) 100vw, 76px\" \/>\u00a0<img loading=\"lazy\" decoding=\"async\" class=\"alignnone wp-image-382 size-full\" src=\"https:\/\/tcsogrodzenia.com\/wp-content\/uploads\/2017\/05\/7030.jpg\" alt=\"\" width=\"76\" height=\"76\" srcset=\"https:\/\/tcsogrodzenia.com\/wp-content\/uploads\/2017\/05\/7030.jpg 76w, https:\/\/tcsogrodzenia.com\/wp-content\/uploads\/2017\/05\/7030-100x100.jpg 100w, https:\/\/tcsogrodzenia.com\/wp-content\/uploads\/2017\/05\/7030-50x50.jpg 50w, https:\/\/tcsogrodzenia.com\/wp-content\/uploads\/2017\/05\/7030-75x75.jpg 75w\" sizes=\"(max-width: 76px) 100vw, 76px\" \/>\u00a0<br \/>\n <img loading=\"lazy\" decoding=\"async\" class=\"alignnone wp-image-391 size-full\" src=\"https:\/\/tcsogrodzenia.com\/wp-content\/uploads\/2017\/05\/9005.jpg\" alt=\"\" width=\"76\" height=\"76\" srcset=\"https:\/\/tcsogrodzenia.com\/wp-content\/uploads\/2017\/05\/9005.jpg 76w, https:\/\/tcsogrodzenia.com\/wp-content\/uploads\/2017\/05\/9005-100x100.jpg 100w, https:\/\/tcsogrodzenia.com\/wp-content\/uploads\/2017\/05\/9005-50x50.jpg 50w, https:\/\/tcsogrodzenia.com\/wp-content\/uploads\/2017\/05\/9005-75x75.jpg 75w\" sizes=\"(max-width: 76px) 100vw, 76px\" \/>\u00a0<img loading=\"lazy\" decoding=\"async\" class=\"alignnone wp-image-373 size-full\" src=\"https:\/\/tcsogrodzenia.com\/wp-content\/uploads\/2017\/05\/6005.jpg\" alt=\"\" width=\"76\" height=\"76\" srcset=\"https:\/\/tcsogrodzenia.com\/wp-content\/uploads\/2017\/05\/6005.jpg 76w, https:\/\/tcsogrodzenia.com\/wp-content\/uploads\/2017\/05\/6005-100x100.jpg 100w, https:\/\/tcsogrodzenia.com\/wp-content\/uploads\/2017\/05\/6005-50x50.jpg 50w, https:\/\/tcsogrodzenia.com\/wp-content\/uploads\/2017\/05\/6005-75x75.jpg 75w\" sizes=\"(max-width: 76px) 100vw, 76px\" \/>\u00a0<img loading=\"lazy\" decoding=\"async\" class=\"alignnone wp-image-376 size-full\" src=\"https:\/\/tcsogrodzenia.com\/wp-content\/uploads\/2017\/05\/7016.jpg\" alt=\"\" width=\"76\" height=\"76\" srcset=\"https:\/\/tcsogrodzenia.com\/wp-content\/uploads\/2017\/05\/7016.jpg 76w, https:\/\/tcsogrodzenia.com\/wp-content\/uploads\/2017\/05\/7016-100x100.jpg 100w, https:\/\/tcsogrodzenia.com\/wp-content\/uploads\/2017\/05\/7016-50x50.jpg 50w, https:\/\/tcsogrodzenia.com\/wp-content\/uploads\/2017\/05\/7016-75x75.jpg 75w\" sizes=\"(max-width: 76px) 100vw, 76px\" \/> <img loading=\"lazy\" decoding=\"async\" class=\"alignnone wp-image-379 size-full\" src=\"https:\/\/tcsogrodzenia.com\/wp-content\/uploads\/2017\/05\/7021.jpg\" alt=\"\" width=\"76\" height=\"76\" srcset=\"https:\/\/tcsogrodzenia.com\/wp-content\/uploads\/2017\/05\/7021.jpg 76w, https:\/\/tcsogrodzenia.com\/wp-content\/uploads\/2017\/05\/7021-100x100.jpg 100w, https:\/\/tcsogrodzenia.com\/wp-content\/uploads\/2017\/05\/7021-50x50.jpg 50w, https:\/\/tcsogrodzenia.com\/wp-content\/uploads\/2017\/05\/7021-75x75.jpg 75w\" sizes=\"(max-width: 76px) 100vw, 76px\" \/><\/p>\n","protected":false},"featured_media":579,"template":"","meta":{"site-sidebar-layout":"default","site-content-layout":"","ast-site-content-layout":"default","site-content-style":"default","site-sidebar-style":"default","ast-global-header-display":"","ast-banner-title-visibility":"","ast-main-header-display":"","ast-hfb-above-header-display":"","ast-hfb-below-header-display":"","ast-hfb-mobile-header-display":"","site-post-title":"","ast-breadcrumbs-content":"","ast-featured-img":"","footer-sml-layout":"","ast-disable-related-posts":"","theme-transparent-header-meta":"","adv-header-id-meta":"","stick-header-meta":"","header-above-stick-meta":"","header-main-stick-meta":"","header-below-stick-meta":"","astra-migrate-meta-layouts":"default","ast-page-background-enabled":"default","ast-page-background-meta":{"desktop":{"background-color":"var(--ast-global-color-4)","background-image":"","background-repeat":"repeat","background-position":"center center","background-size":"auto","background-attachment":"scroll","background-type":"","background-media":"","overlay-type":"","overlay-color":"","overlay-opacity":"","overlay-gradient":""},"tablet":{"background-color":"","background-image":"","background-repeat":"repeat","background-position":"center center","background-size":"auto","background-attachment":"scroll","background-type":"","background-media":"","overlay-type":"","overlay-color":"","overlay-opacity":"","overlay-gradient":""},"mobile":{"background-color":"","background-image":"","background-repeat":"repeat","background-position":"center center","background-size":"auto","background-attachment":"scroll","background-type":"","background-media":"","overlay-type":"","overlay-color":"","overlay-opacity":"","overlay-gradient":""}},"ast-content-background-meta":{"desktop":{"background-color":"var(--ast-global-color-5)","background-image":"","background-repeat":"repeat","background-position":"center center","background-size":"auto","background-attachment":"scroll","background-type":"","background-media":"","overlay-type":"","overlay-color":"","overlay-opacity":"","overlay-gradient":""},"tablet":{"background-color":"var(--ast-global-color-5)","background-image":"","background-repeat":"repeat","background-position":"center center","background-size":"auto","background-attachment":"scroll","background-type":"","background-media":"","overlay-type":"","overlay-color":"","overlay-opacity":"","overlay-gradient":""},"mobile":{"background-color":"var(--ast-global-color-5)","background-image":"","background-repeat":"repeat","background-position":"center center","background-size":"auto","background-attachment":"scroll","background-type":"","background-media":"","overlay-type":"","overlay-color":"","overlay-opacity":"","overlay-gradient":""}}},"product_brand":[],"product_cat":[46],"product_tag":[],"class_list":{"0":"post-566","1":"product","2":"type-product","3":"status-publish","4":"has-post-thumbnail","6":"product_cat-palisaden","7":"desktop-align-left","8":"tablet-align-left","9":"mobile-align-left","10":"ast-product-gallery-layout-horizontal-slider","11":"ast-product-gallery-with-no-image","12":"ast-product-tabs-layout-horizontal","14":"first","15":"instock","16":"shipping-taxable","17":"product-type-simple"},"_links":{"self":[{"href":"https:\/\/tcsogrodzenia.com\/de\/wp-json\/wp\/v2\/product\/566","targetHints":{"allow":["GET"]}}],"collection":[{"href":"https:\/\/tcsogrodzenia.com\/de\/wp-json\/wp\/v2\/product"}],"about":[{"href":"https:\/\/tcsogrodzenia.com\/de\/wp-json\/wp\/v2\/types\/product"}],"wp:featuredmedia":[{"embeddable":true,"href":"https:\/\/tcsogrodzenia.com\/de\/wp-json\/wp\/v2\/media\/579"}],"wp:attachment":[{"href":"https:\/\/tcsogrodzenia.com\/de\/wp-json\/wp\/v2\/media?parent=566"}],"wp:term":[{"taxonomy":"product_brand","embeddable":true,"href":"https:\/\/tcsogrodzenia.com\/de\/wp-json\/wp\/v2\/product_brand?post=566"},{"taxonomy":"product_cat","embeddable":true,"href":"https:\/\/tcsogrodzenia.com\/de\/wp-json\/wp\/v2\/product_cat?post=566"},{"taxonomy":"product_tag","embeddable":true,"href":"https:\/\/tcsogrodzenia.com\/de\/wp-json\/wp\/v2\/product_tag?post=566"}],"curies":[{"name":"wp","href":"https:\/\/api.w.org\/{rel}","templated":true}]}}