{"id":584,"date":"2017-05-19T14:27:04","date_gmt":"2017-05-19T12:27:04","guid":{"rendered":"https:\/\/tcsogrodzenia.com\/?post_type=product&#038;p=584\/"},"modified":"2022-10-20T10:09:18","modified_gmt":"2022-10-20T08:09:18","slug":"pp002-p82","status":"publish","type":"product","link":"https:\/\/tcsogrodzenia.com\/de\/produkt\/pp002-p82\/","title":{"rendered":"PP002 (P82)"},"content":{"rendered":"<h3>Systembeschreibung<\/h3>\n<p>&nbsp;<\/p>\n<p>Das P82 -Modell ist das beliebteste Produkt im Konsportangebot<\/p>\n<p>Seine Popularit\u00e4t wird von einem v\u00f6llig einfachen Design beeinflusst, ohne dekorative Elemente. Mit dem wirtschaftlichen Stil k\u00f6nnen Sie den Zaun f\u00fcr jedes Geb\u00e4ude anpassen, ohne sich um die Harmonisierung der Umgebung zu k\u00fcmmern. Andere Varianten der P82 -Zaunfamilie basieren auf diesem bew\u00e4hrten und beliebten Design. Das PP02 -Modell (P82) ist ebenfalls im sogenannten SO erh\u00e4ltlich Null -Abstand, wo der Raum zwischen den Profilen vollst\u00e4ndig reduziert wurde. Der Zaun in dieser Form hat die Form einer monolithischen Wand.<\/p>\n<p>&nbsp;<\/p>\n<h4>Cechy:<\/h4>\n<p>&nbsp;<\/p>\n<ul>\n<li>Eigenschaften:<br \/>\nForm 8 80\/20\/1,2 mm<\/li>\n<li>Siedlungsabstand:<br \/>\n15 mm*<\/li>\n<\/ul>\n<hr \/>\n<h3>Standardfarben<\/h3>\n<p>&nbsp;<\/p>\n<div class=\"ral-box\">\n<div>\n<div class=\"ral8019\"><\/div>\n<p>RAL <b>8019<\/b><\/p>\n<\/div>\n<div>\n<div class=\"ral8017\"><\/div>\n<p>RAL <b>8017<\/b><\/p>\n<\/div>\n<div>\n<div class=\"ral7040\"><\/div>\n<p>RAL <b>7040<\/b><\/p>\n<\/div>\n<div>\n<div class=\"ral7030\"><\/div>\n<p>RAL <b>7030<\/b><\/p>\n<\/div>\n<div>\n<div class=\"ral9005\"><\/div>\n<p>RAL <b>9005<\/b><\/p>\n<\/div>\n<div>\n<div class=\"ral6005\"><\/div>\n<p>RAL <b>6005<\/b><\/p>\n<\/div>\n<div>\n<div class=\"ral7016\"><\/div>\n<p>RAL <b>7016<\/b><\/p>\n<\/div>\n<div>\n<div class=\"ral7021\"><\/div>\n<p>RAL <b>7021<\/b><\/p>\n<\/div>\n<\/div>\n","protected":false},"excerpt":{"rendered":"<h3>PALISADENZ\u00c4UNE<\/h3>\n<h4>SERIE PP002 (P82)<\/h4>\n<p>&nbsp;<\/p>\n<p>Das Modell PP 002 (P82) ist ein einzigartiger horizontaler Zaun von KONSPORT. Es hebt die zeitgen\u00f6ssische Architektur von Haus und Garten auf einzigartige Weise hervor.<\/p>\n","protected":false},"featured_media":594,"template":"","meta":{"site-sidebar-layout":"default","site-content-layout":"default","ast-site-content-layout":"default","site-content-style":"default","site-sidebar-style":"default","ast-global-header-display":"","ast-banner-title-visibility":"","ast-main-header-display":"","ast-hfb-above-header-display":"","ast-hfb-below-header-display":"","ast-hfb-mobile-header-display":"","site-post-title":"","ast-breadcrumbs-content":"","ast-featured-img":"","footer-sml-layout":"","ast-disable-related-posts":"","theme-transparent-header-meta":"default","adv-header-id-meta":"","stick-header-meta":"default","header-above-stick-meta":"","header-main-stick-meta":"","header-below-stick-meta":"","astra-migrate-meta-layouts":"default","ast-page-background-enabled":"default","ast-page-background-meta":{"desktop":{"background-color":"var(--ast-global-color-4)","background-image":"","background-repeat":"repeat","background-position":"center center","background-size":"auto","background-attachment":"scroll","background-type":"","background-media":"","overlay-type":"","overlay-color":"","overlay-opacity":"","overlay-gradient":""},"tablet":{"background-color":"","background-image":"","background-repeat":"repeat","background-position":"center center","background-size":"auto","background-attachment":"scroll","background-type":"","background-media":"","overlay-type":"","overlay-color":"","overlay-opacity":"","overlay-gradient":""},"mobile":{"background-color":"","background-image":"","background-repeat":"repeat","background-position":"center center","background-size":"auto","background-attachment":"scroll","background-type":"","background-media":"","overlay-type":"","overlay-color":"","overlay-opacity":"","overlay-gradient":""}},"ast-content-background-meta":{"desktop":{"background-color":"var(--ast-global-color-5)","background-image":"","background-repeat":"repeat","background-position":"center center","background-size":"auto","background-attachment":"scroll","background-type":"","background-media":"","overlay-type":"","overlay-color":"","overlay-opacity":"","overlay-gradient":""},"tablet":{"background-color":"var(--ast-global-color-5)","background-image":"","background-repeat":"repeat","background-position":"center center","background-size":"auto","background-attachment":"scroll","background-type":"","background-media":"","overlay-type":"","overlay-color":"","overlay-opacity":"","overlay-gradient":""},"mobile":{"background-color":"var(--ast-global-color-5)","background-image":"","background-repeat":"repeat","background-position":"center center","background-size":"auto","background-attachment":"scroll","background-type":"","background-media":"","overlay-type":"","overlay-color":"","overlay-opacity":"","overlay-gradient":""}}},"product_brand":[],"product_cat":[46],"product_tag":[],"class_list":{"0":"post-584","1":"product","2":"type-product","3":"status-publish","4":"has-post-thumbnail","6":"product_cat-palisaden","7":"desktop-align-left","8":"tablet-align-left","9":"mobile-align-left","10":"ast-product-gallery-layout-horizontal-slider","11":"ast-product-gallery-with-no-image","12":"ast-product-tabs-layout-horizontal","14":"first","15":"instock","16":"shipping-taxable","17":"product-type-simple"},"_links":{"self":[{"href":"https:\/\/tcsogrodzenia.com\/de\/wp-json\/wp\/v2\/product\/584","targetHints":{"allow":["GET"]}}],"collection":[{"href":"https:\/\/tcsogrodzenia.com\/de\/wp-json\/wp\/v2\/product"}],"about":[{"href":"https:\/\/tcsogrodzenia.com\/de\/wp-json\/wp\/v2\/types\/product"}],"wp:featuredmedia":[{"embeddable":true,"href":"https:\/\/tcsogrodzenia.com\/de\/wp-json\/wp\/v2\/media\/594"}],"wp:attachment":[{"href":"https:\/\/tcsogrodzenia.com\/de\/wp-json\/wp\/v2\/media?parent=584"}],"wp:term":[{"taxonomy":"product_brand","embeddable":true,"href":"https:\/\/tcsogrodzenia.com\/de\/wp-json\/wp\/v2\/product_brand?post=584"},{"taxonomy":"product_cat","embeddable":true,"href":"https:\/\/tcsogrodzenia.com\/de\/wp-json\/wp\/v2\/product_cat?post=584"},{"taxonomy":"product_tag","embeddable":true,"href":"https:\/\/tcsogrodzenia.com\/de\/wp-json\/wp\/v2\/product_tag?post=584"}],"curies":[{"name":"wp","href":"https:\/\/api.w.org\/{rel}","templated":true}]}}