{"id":651,"date":"2017-05-22T11:45:37","date_gmt":"2017-05-22T09:45:37","guid":{"rendered":"https:\/\/tcsogrodzenia.com\/?post_type=product&#038;p=651\/"},"modified":"2022-10-19T15:31:07","modified_gmt":"2022-10-19T13:31:07","slug":"p302","status":"publish","type":"product","link":"https:\/\/tcsogrodzenia.com\/de\/produkt\/p302\/","title":{"rendered":"P302"},"content":{"rendered":"<h3>Systemmerkmale und Eigenschaften<\/h3>\n<p>&nbsp;<\/p>\n<p>Die XPS -Platte besteht aus dem inneren und \u00e4u\u00dferen Teil. Der \u00e4u\u00dfere Teil ist eine Verkleidung aus 0,5 mm dickem Polyesterblatt.<\/p>\n<p>&nbsp;<\/p>\n<ul>\n<li>Die Mitte der Platte, gef\u00fcllt mit Polystyrolschaum mit homogener Struktur.<\/li>\n<li>Die Platte wird als Basisf\u00fcllung von Zaunelementen (Pforten, Tore, Spannweiten) oder als Zaunfundament verwendet.<\/li>\n<li>Der obere und untere Teil der Platte ist mit einem Preis aus Blech und Textur als Verkleidung bedeckt. Es gibt eine empfindliche, fast unsichtbare Linie am Ort der Verbindung der Verkleidung mit dem Preis.<\/li>\n<li>Erh\u00e4ltlich in zwei Farben: Graphit und Braun.<\/li>\n<\/ul>\n<p>&nbsp;<\/p>\n<p>Bei der Gestaltung von Toren und Toren wird ein Rahmen aus 80\/80\/2 mm Formen verwendet und die schwei\u00dften 30\/19\/2 mm Winkel f\u00fcr die dekorative Bedeckung der F\u00fcllpl\u00e4tze mit dem Rahmen.<\/p>\n<p>Die angebotenen Konstruktionen sind selbstversorgende Tore f\u00fcr depressive (bis zu 5800 mm Breite) und industriell (bis zu 7500 mm breit), Tore (bis zu 7500 mm breit) und Wickets. Das Modell ist mit dem Konsport -Gate -System kompatibel.<\/p>\n<p>Die Spannweite ist nicht in Form eines fertigen Fabrikdetails erh\u00e4ltlich. Das Produkt wird in Form von einzelnen XPS -Boards geliefert, die eine unabh\u00e4ngige Installation auf der Investmentstelle erfordern. Die Installation wird unter Verwendung von Baugruppenzentren durchgef\u00fchrt, die traditionelle Stahlstangen und Pole aus geformten Steinen, Systemzaunbl\u00f6cken oder anderen \u00e4hnlichen L\u00f6sungen entsprechen.<\/p>\n<p>&nbsp;<\/p>\n<h4>Dekorative Module f\u00fcr P302<\/h4>\n<p>&nbsp;<\/p>\n<p>Das P302 -Modell ist eine einfache Zaunstruktur, in der XPS -Platten in Graphit oder Braun platten. Es ist m\u00f6glich, die Zaunlinie mit zus\u00e4tzlichen dekorativen Modulen zu bereichern. F\u00fcr das P302 -Modell stehen zwei Module zur Verf\u00fcgung:<\/p>\n<p>PB002 &#8211; Zeichnet seine \u00c4sthetik aus dem PB001 -Modell. Ein festes Gewichtsblatt von 2 mm wurde an Stellen auf dem Muster l\u00e4nglicher L\u00f6cher unterschiedlicher Breite geschnitten. Der auf diese Weise erzielte Effekt vermittelt den Eindruck einer gewissen Unregelm\u00e4\u00dfigkeit, wie in Kombination mit XPS und Null -Boden -Clearance zwischen ihnen einen sehr klaren und \u00e4sthetischen Akzent. Der PB002 -Kinderwagen ist in vollen Konsportfarben erh\u00e4ltlich, einschlie\u00dflich metallisierter und kleiner Strukturen.<\/p>\n<p>PS005 &#8211; Basierend auf dem Design des PS004 -Modells. Empfindliche Schienen, horizontal in einem Fenster angeordnet, der an Fenster Jalousien erinnert. Der Schienenabstand liegt im Bereich von 60 bis 70 mm, aber ihr System behindert den Einblick in das Grundst\u00fcck effektiv.<\/p>\n<hr \/>\n<h3>Standardfarben<\/h3>\n<p>&nbsp;<\/p>\n<div class=\"ral-box\">\n<div>\n<div class=\"ral8019\"><\/div>\n<p>RAL <b>8019<\/b><\/p>\n<\/div>\n<div>\n<div class=\"ral8017\"><\/div>\n<p>RAL <b>8017<\/b><\/p>\n<\/div>\n<div>\n<div class=\"ral7040\"><\/div>\n<p>RAL <b>7040<\/b><\/p>\n<\/div>\n<div>\n<div class=\"ral7030\"><\/div>\n<p>RAL <b>7030<\/b><\/p>\n<\/div>\n<div>\n<div class=\"ral9005\"><\/div>\n<p>RAL <b>9005<\/b><\/p>\n<\/div>\n<div>\n<div class=\"ral6005\"><\/div>\n<p>RAL <b>6005<\/b><\/p>\n<\/div>\n<div>\n<div class=\"ral7016\"><\/div>\n<p>RAL <b>7016<\/b><\/p>\n<\/div>\n<div>\n<div class=\"ral7021\"><\/div>\n<p>RAL <b>7021<\/b><\/p>\n<\/div>\n<\/div>\n","protected":false},"excerpt":{"rendered":"<h3>PALISADENZ\u00c4UNE<\/h3>\n<p>&nbsp;<\/p>\n<p>Das Hauptelement des <strong>P302-<\/strong>Systems ist eine <strong>XPS-Platte<\/strong>, die zus\u00e4tzlich zur Befestigung mit Rinnenprofilen beidseitig mit Polyesterblech (das unter anderem bei der Herstellung von D\u00e4chern verwendet wird) beschichtet ist.<\/p>\n","protected":false},"featured_media":657,"template":"","meta":{"site-sidebar-layout":"default","site-content-layout":"default","ast-site-content-layout":"default","site-content-style":"default","site-sidebar-style":"default","ast-global-header-display":"","ast-banner-title-visibility":"","ast-main-header-display":"","ast-hfb-above-header-display":"","ast-hfb-below-header-display":"","ast-hfb-mobile-header-display":"","site-post-title":"","ast-breadcrumbs-content":"","ast-featured-img":"","footer-sml-layout":"","ast-disable-related-posts":"","theme-transparent-header-meta":"default","adv-header-id-meta":"","stick-header-meta":"default","header-above-stick-meta":"","header-main-stick-meta":"","header-below-stick-meta":"","astra-migrate-meta-layouts":"default","ast-page-background-enabled":"default","ast-page-background-meta":{"desktop":{"background-color":"var(--ast-global-color-4)","background-image":"","background-repeat":"repeat","background-position":"center center","background-size":"auto","background-attachment":"scroll","background-type":"","background-media":"","overlay-type":"","overlay-color":"","overlay-opacity":"","overlay-gradient":""},"tablet":{"background-color":"","background-image":"","background-repeat":"repeat","background-position":"center center","background-size":"auto","background-attachment":"scroll","background-type":"","background-media":"","overlay-type":"","overlay-color":"","overlay-opacity":"","overlay-gradient":""},"mobile":{"background-color":"","background-image":"","background-repeat":"repeat","background-position":"center center","background-size":"auto","background-attachment":"scroll","background-type":"","background-media":"","overlay-type":"","overlay-color":"","overlay-opacity":"","overlay-gradient":""}},"ast-content-background-meta":{"desktop":{"background-color":"var(--ast-global-color-5)","background-image":"","background-repeat":"repeat","background-position":"center center","background-size":"auto","background-attachment":"scroll","background-type":"","background-media":"","overlay-type":"","overlay-color":"","overlay-opacity":"","overlay-gradient":""},"tablet":{"background-color":"var(--ast-global-color-5)","background-image":"","background-repeat":"repeat","background-position":"center center","background-size":"auto","background-attachment":"scroll","background-type":"","background-media":"","overlay-type":"","overlay-color":"","overlay-opacity":"","overlay-gradient":""},"mobile":{"background-color":"var(--ast-global-color-5)","background-image":"","background-repeat":"repeat","background-position":"center center","background-size":"auto","background-attachment":"scroll","background-type":"","background-media":"","overlay-type":"","overlay-color":"","overlay-opacity":"","overlay-gradient":""}}},"product_brand":[],"product_cat":[198,159],"product_tag":[],"class_list":{"0":"post-651","1":"product","2":"type-product","3":"status-publish","4":"has-post-thumbnail","6":"product_cat-modulare-und-lasergeschnittene-zaeune","7":"product_cat-nachrichten","8":"desktop-align-left","9":"tablet-align-left","10":"mobile-align-left","11":"ast-product-gallery-layout-horizontal-slider","12":"ast-product-gallery-with-no-image","13":"ast-product-tabs-layout-horizontal","15":"first","16":"instock","17":"shipping-taxable","18":"product-type-simple"},"_links":{"self":[{"href":"https:\/\/tcsogrodzenia.com\/de\/wp-json\/wp\/v2\/product\/651","targetHints":{"allow":["GET"]}}],"collection":[{"href":"https:\/\/tcsogrodzenia.com\/de\/wp-json\/wp\/v2\/product"}],"about":[{"href":"https:\/\/tcsogrodzenia.com\/de\/wp-json\/wp\/v2\/types\/product"}],"wp:featuredmedia":[{"embeddable":true,"href":"https:\/\/tcsogrodzenia.com\/de\/wp-json\/wp\/v2\/media\/657"}],"wp:attachment":[{"href":"https:\/\/tcsogrodzenia.com\/de\/wp-json\/wp\/v2\/media?parent=651"}],"wp:term":[{"taxonomy":"product_brand","embeddable":true,"href":"https:\/\/tcsogrodzenia.com\/de\/wp-json\/wp\/v2\/product_brand?post=651"},{"taxonomy":"product_cat","embeddable":true,"href":"https:\/\/tcsogrodzenia.com\/de\/wp-json\/wp\/v2\/product_cat?post=651"},{"taxonomy":"product_tag","embeddable":true,"href":"https:\/\/tcsogrodzenia.com\/de\/wp-json\/wp\/v2\/product_tag?post=651"}],"curies":[{"name":"wp","href":"https:\/\/api.w.org\/{rel}","templated":true}]}}