{"id":666,"date":"2017-05-22T12:04:35","date_gmt":"2017-05-22T10:04:35","guid":{"rendered":"https:\/\/tcsogrodzenia.com\/?post_type=product&#038;p=666\/"},"modified":"2022-10-24T10:59:58","modified_gmt":"2022-10-24T08:59:58","slug":"pp002-diverso","status":"publish","type":"product","link":"https:\/\/tcsogrodzenia.com\/de\/produkt\/pp002-diverso\/","title":{"rendered":"PP002 DIVERSO"},"content":{"rendered":"<div class=\"special-product-box\">\n<div class=\"special-product-box__col50\">\n<h3>Systemfeatures<\/h3>\n<p>&nbsp;<\/p>\n<p>Der gr\u00f6\u00dfte Vorteil des Diverlo -Modells ist die F\u00e4higkeit, das F\u00fcllmuster zu st\u00f6ren. Durch die Manipulation der Ordnung und der Art von Formen ist es m\u00f6glich, ein individuelles Muster zu erzeugen, das auf allen Zaunarten reproduziert wird (von Spannweiten durch Pforten, abgelenkte, gebrochene Tore, Gate-Furteln bis hin zu selbsttragenden Toren). Es ist jedoch notwendig, einen minimalen 10-mm-L\u00fccken zwischen allen Formen aufrechtzuerhalten. Dank dessen kann der Arbeitgeber ein originelles, nicht standardm\u00e4\u00dfiges Muster der gesamten Linie erstellen.<\/p>\n<p>Divero ist auch der Name der Zaunfamilie, die nacheinander als Modell 1\/ Muster 2\/ Muster 3 gekennzeichnet ist, in der dieselbe Konstruktion und identische F\u00fcllprofile wie f\u00fcr die klassische Divero verwendet wurden. Es ist jedoch nicht m\u00f6glich, die F\u00fcllung in vorbildlicher Projekte zu manipulieren.<\/p>\n<p>Das Divero -Modell basiert auf Konstruktion und F\u00fcllung, die aus den Modellen P82, Mix und P102 bekannt sind. Es handelt sich um eine Art Kombination der besten Merkmale all dieser Modelle, von der Konstruktion \u00fcber F\u00fcllung und eine Reihe von Zubeh\u00f6r sowie L\u00f6sungen, die der Familie P82 Fences gewidmet sind.<\/p>\n<p>&nbsp;<\/p>\n<h4>Technische Details<\/h4>\n<p>&nbsp;<\/p>\n<p>Alle Konstruktionen von Selbstversuche, Kipptoren und Toren in Diverso\/1\/2\/3 Modellen basieren auf einem Stahlrahmen mit einer Kreuzung von 80\/40\/2. In allen Modellen von Classical Divero zu modellieren divero wird dieselbe Reihe von Abschnitten verwendet, um das F\u00fcllen zu f\u00fcllen:<\/p>\n<p>&nbsp;<\/p>\n<ul>\n<li>Spekord:\u00a0100\/20\/1,2 mm<\/li>\n<li>Spekord: 80\/20\/1,2 mm<\/li>\n<li>Spekord: 40\/20\/1,5 mm<\/li>\n<li>Spekord: 20\/20\/1,5 mm<\/li>\n<\/ul>\n<p>&nbsp;<\/p>\n<p>Das Modell ist mit dem Mechanismus der gebrochenen Gates in der Einzel- und Doppel-Gate-Variante erh\u00e4ltlich. Es wird auch auf dem Industriemarkt verwendet, da es f\u00fcr selbstversuche und kippende Tore m\u00f6glich ist, Strukturen herzustellen, deren maximale Breite 7500 mm erreicht.<\/p>\n<p>&nbsp;<\/p>\n<\/div>\n<div class=\"special-product-box__col50\">\n<h3>Standardfarben<\/h3>\n<p>&nbsp;<\/p>\n<div class=\"ral-box\">\n<div>\n<div class=\"ral8019\"><\/div>\n<p>RAL <b>8019<\/b><\/p>\n<\/div>\n<div>\n<div class=\"ral8017\"><\/div>\n<p>RAL <b>8017<\/b><\/p>\n<\/div>\n<div>\n<div class=\"ral7040\"><\/div>\n<p>RAL <b>7040<\/b><\/p>\n<\/div>\n<div>\n<div class=\"ral7030\"><\/div>\n<p>RAL <b>7030<\/b><\/p>\n<\/div>\n<div>\n<div class=\"ral9005\"><\/div>\n<p>RAL <b>9005<\/b><\/p>\n<\/div>\n<div>\n<div class=\"ral6005\"><\/div>\n<p>RAL <b>6005<\/b><\/p>\n<\/div>\n<div>\n<div class=\"ral7016\"><\/div>\n<p>RAL <b>7016<\/b><\/p>\n<\/div>\n<div>\n<div class=\"ral7021\"><\/div>\n<p>RAL <b>7021<\/b><\/p>\n<\/div>\n<\/div>\n<\/div>\n<div class=\"special-product-box__col50\">\n<h3>DIVERSO MUSTER 1<\/h3>\n<p>&nbsp;<\/p>\n<p><strong>F\u00dcLLUNG<\/strong><\/p>\n<p>Cross -Abschnittsabschnitte: \/80\/20\/1.2 mm (Gr\u00f6\u00dfe \u00e4ndern sich mit der H\u00f6he der Struktur) \/40\/20\/1.5 mm (10 St\u00fcck) \/20\/20\/1.5 mm (6 St\u00fccke), die nach einem standardisierten Muster gelegt wurden . F\u00fcr Strukturen mit einer Breite von mehr als 1500 mm und einem 20\/20&#215;1,5 -mm -Profil wird in der Mitte der F\u00fcllung zus\u00e4tzliche 25\/2 mm flache Stange verwendet. Es gilt sowohl f\u00fcr Spannweiten als auch f\u00fcr F\u00fcllungen in selbsttragenden, kippenden, gebrochenen, einbl\u00e4ttrigen Toren, asymmetrischen Toren und Gate-Front.<\/p>\n<p>&nbsp;<\/p>\n<p><strong>ABSTAND<\/strong><\/p>\n<p>15 mm zwischen F\u00fcllungen.<\/p>\n<p>&nbsp;<\/p>\n<p><strong>WIDERSTANDSF\u00c4HIGKEIT<\/strong><\/p>\n<p>ISO 9001\/ ISO 12944 Zertifikat best\u00e4tigt viele Jahre Korrosionsbest\u00e4ndigkeit.<\/p>\n<\/div>\n<div class=\"special-product-box__col50\"><img decoding=\"async\" src=\"https:\/\/tcsogrodzenia.com\/wp-content\/uploads\/2022\/10\/ver1.png\" alt=\"\" \/><\/div>\n<div class=\"special-product-box__col50\">\n<h3>DIVERSO MUSTER 2<\/h3>\n<p>&nbsp;<\/p>\n<p><strong>F\u00dcLLUNG<\/strong><\/p>\n<p>Schritte mit einer Kreuzung: \/80\/20\/1,2 mm\/40\/20\/20\/1,5 mm abwechselnd gelegt.<\/p>\n<p>&nbsp;<\/p>\n<p><strong>ABSTAND<\/strong><\/p>\n<p>40 mm zwischen F\u00fclls\u00e4tzen<\/p>\n<p>&nbsp;<\/p>\n<p><strong>WIDERSTANDSF\u00c4HIGKEIT<\/strong><\/p>\n<p>ISO 9001\/ ISO 12944 Zertifikat best\u00e4tigt viele Jahre Korrosionsbest\u00e4ndigkeit.<\/p>\n<\/div>\n<div class=\"special-product-box__col50\"><img decoding=\"async\" src=\"https:\/\/tcsogrodzenia.com\/wp-content\/uploads\/2022\/10\/ver2.png\" alt=\"\" \/><\/div>\n<div class=\"special-product-box__col50\">\n<h3>DIVERSO MUSTER 3<\/h3>\n<p>&nbsp;<\/p>\n<p><strong>F\u00dcLLUNG<\/strong><\/p>\n<p>Schritte mit einer Kreuzung: \/80\/20\/2.2 mm\/40\/20\/20\/15 mm\/20\/20\/25 mm abwechselnd gelegt.<\/p>\n<p>&nbsp;<\/p>\n<p><strong>ABSTAND<\/strong><\/p>\n<p>15 mm zwischen F\u00fcllungen.<\/p>\n<p>&nbsp;<\/p>\n<p><strong>WIDERSTANDSF\u00c4HIGKEIT<\/strong><\/p>\n<p>ISO 9001\/ ISO 12944 Zertifikat best\u00e4tigt viele Jahre Korrosionsbest\u00e4ndigkeit.<\/p>\n<\/div>\n<div class=\"special-product-box__col50\"><img fetchpriority=\"high\" decoding=\"async\" class=\"\" src=\"https:\/\/tcsogrodzenia.com\/wp-content\/uploads\/2022\/10\/ver3.png\" alt=\"\" width=\"1278\" height=\"719\" \/><\/div>\n<\/div>\n","protected":false},"excerpt":{"rendered":"<p>DIVERSO ist ein Zaun, den Sie selbst gestalten k\u00f6nnen. Die Verwendung von verschiedenen Profilen, die Stapelreihenfolge und die Abstandsbreite sind Parameter, die Sie nach Ihrem eigenen Geschmack w\u00e4hlen k\u00f6nnen.<\/p>\n","protected":false},"featured_media":676,"template":"","meta":{"site-sidebar-layout":"default","site-content-layout":"default","ast-site-content-layout":"default","site-content-style":"default","site-sidebar-style":"default","ast-global-header-display":"","ast-banner-title-visibility":"","ast-main-header-display":"","ast-hfb-above-header-display":"","ast-hfb-below-header-display":"","ast-hfb-mobile-header-display":"","site-post-title":"","ast-breadcrumbs-content":"","ast-featured-img":"","footer-sml-layout":"","ast-disable-related-posts":"","theme-transparent-header-meta":"default","adv-header-id-meta":"","stick-header-meta":"default","header-above-stick-meta":"","header-main-stick-meta":"","header-below-stick-meta":"","astra-migrate-meta-layouts":"default","ast-page-background-enabled":"default","ast-page-background-meta":{"desktop":{"background-color":"var(--ast-global-color-4)","background-image":"","background-repeat":"repeat","background-position":"center center","background-size":"auto","background-attachment":"scroll","background-type":"","background-media":"","overlay-type":"","overlay-color":"","overlay-opacity":"","overlay-gradient":""},"tablet":{"background-color":"","background-image":"","background-repeat":"repeat","background-position":"center center","background-size":"auto","background-attachment":"scroll","background-type":"","background-media":"","overlay-type":"","overlay-color":"","overlay-opacity":"","overlay-gradient":""},"mobile":{"background-color":"","background-image":"","background-repeat":"repeat","background-position":"center center","background-size":"auto","background-attachment":"scroll","background-type":"","background-media":"","overlay-type":"","overlay-color":"","overlay-opacity":"","overlay-gradient":""}},"ast-content-background-meta":{"desktop":{"background-color":"var(--ast-global-color-5)","background-image":"","background-repeat":"repeat","background-position":"center center","background-size":"auto","background-attachment":"scroll","background-type":"","background-media":"","overlay-type":"","overlay-color":"","overlay-opacity":"","overlay-gradient":""},"tablet":{"background-color":"var(--ast-global-color-5)","background-image":"","background-repeat":"repeat","background-position":"center center","background-size":"auto","background-attachment":"scroll","background-type":"","background-media":"","overlay-type":"","overlay-color":"","overlay-opacity":"","overlay-gradient":""},"mobile":{"background-color":"var(--ast-global-color-5)","background-image":"","background-repeat":"repeat","background-position":"center center","background-size":"auto","background-attachment":"scroll","background-type":"","background-media":"","overlay-type":"","overlay-color":"","overlay-opacity":"","overlay-gradient":""}}},"product_brand":[],"product_cat":[46],"product_tag":[],"class_list":{"0":"post-666","1":"product","2":"type-product","3":"status-publish","4":"has-post-thumbnail","6":"product_cat-palisaden","7":"desktop-align-left","8":"tablet-align-left","9":"mobile-align-left","10":"ast-product-gallery-layout-horizontal-slider","11":"ast-product-gallery-with-no-image","12":"ast-product-tabs-layout-horizontal","14":"first","15":"instock","16":"shipping-taxable","17":"product-type-simple"},"_links":{"self":[{"href":"https:\/\/tcsogrodzenia.com\/de\/wp-json\/wp\/v2\/product\/666","targetHints":{"allow":["GET"]}}],"collection":[{"href":"https:\/\/tcsogrodzenia.com\/de\/wp-json\/wp\/v2\/product"}],"about":[{"href":"https:\/\/tcsogrodzenia.com\/de\/wp-json\/wp\/v2\/types\/product"}],"wp:featuredmedia":[{"embeddable":true,"href":"https:\/\/tcsogrodzenia.com\/de\/wp-json\/wp\/v2\/media\/676"}],"wp:attachment":[{"href":"https:\/\/tcsogrodzenia.com\/de\/wp-json\/wp\/v2\/media?parent=666"}],"wp:term":[{"taxonomy":"product_brand","embeddable":true,"href":"https:\/\/tcsogrodzenia.com\/de\/wp-json\/wp\/v2\/product_brand?post=666"},{"taxonomy":"product_cat","embeddable":true,"href":"https:\/\/tcsogrodzenia.com\/de\/wp-json\/wp\/v2\/product_cat?post=666"},{"taxonomy":"product_tag","embeddable":true,"href":"https:\/\/tcsogrodzenia.com\/de\/wp-json\/wp\/v2\/product_tag?post=666"}],"curies":[{"name":"wp","href":"https:\/\/api.w.org\/{rel}","templated":true}]}}