{"id":785,"date":"2017-05-31T11:15:39","date_gmt":"2017-05-31T09:15:40","guid":{"rendered":"https:\/\/tcsogrodzenia.com\/?post_type=product&#038;p=785\/"},"modified":"2022-10-17T12:58:18","modified_gmt":"2022-10-17T10:58:18","slug":"ps004","status":"publish","type":"product","link":"https:\/\/tcsogrodzenia.com\/de\/produkt\/ps004\/","title":{"rendered":"PS004"},"content":{"rendered":"<p>Das Modell PS004 ist ein origineller Zaun, der sich im Aussehen von den Standardl\u00f6sungen unterscheidet. Seine ungew\u00f6hnliche \u00c4sthetik f\u00fcgt sich perfekt in moderne Geb\u00e4ude ein. Die horizontal angeordneten, speziell profilierten Schienen erinnern an Jalousien, was die untrennbare Verbindung zwischen dem Charakter des Hauses und seiner Umgebung und dem Zaun noch verst\u00e4rkt.<\/p>\n<p>Das f\u00fcr den Zaun PS004 verwendete Material ist Aluzinc-Blech. Dank der Verwendung dieses Rohstoffs und eines zus\u00e4tzlichen Schutzes in Form einer Pulverbeschichtung k\u00f6nnen wir sicher sein, dass der Zaun viele Jahre lang halten wird.<\/p>\n<p>&nbsp;<\/p>\n<h4>Systembeschreibung<\/h4>\n<p>&nbsp;<\/p>\n<p>Es sieht gut aus in dunklen Farbt\u00f6nen, aber auch helle und kr\u00e4ftige Farbakzente eignen sich hervorragend f\u00fcr Arrangements mit dem PS004. Es h\u00e4ngt alles von der Vision und dem Konzept des Kunden ab und davon, ob PS004 das Hauptelement des gesamten Arrangements sein soll oder nur ein zus\u00e4tzlicher Akzent und eine Erg\u00e4nzung.<\/p>\n<p>&nbsp;<\/p>\n<h4>Eigenschaften:<\/h4>\n<p>&nbsp;<\/p>\n<ul>\n<li><strong>Die Verwendung von ALUZINC \/ ZINC L 113 mm Schiene<\/strong><\/li>\n<li><strong>Schienenabstand: <\/strong>ca. 75mm<\/li>\n<li>Verzinkter Stahl + Pulverbeschichtung<\/li>\n<li><em>Span mit der M\u00f6glichkeit einen Briefkasten zu montieren *<\/em><\/li>\n<\/ul>\n<p><em>* Zus\u00e4tzliche Option<\/em><\/p>\n<hr \/>\n<h3>Standardfarben<\/h3>\n<p>&nbsp;<\/p>\n<div class=\"ral-box\">\n<div>\n<div class=\"ral8019\"><\/div>\n<p>RAL <b>8019<\/b><\/p>\n<\/div>\n<div>\n<div class=\"ral8017\"><\/div>\n<p>RAL <b>8017<\/b><\/p>\n<\/div>\n<div>\n<div class=\"ral7040\"><\/div>\n<p>RAL <b>7040<\/b><\/p>\n<\/div>\n<div>\n<div class=\"ral7030\"><\/div>\n<p>RAL <b>7030<\/b><\/p>\n<\/div>\n<div>\n<div class=\"ral9005\"><\/div>\n<p>RAL <b>9005<\/b><\/p>\n<\/div>\n<div>\n<div class=\"ral6005\"><\/div>\n<p>RAL <b>6005<\/b><\/p>\n<\/div>\n<div>\n<div class=\"ral7016\"><\/div>\n<p>RAL <b>7016<\/b><\/p>\n<\/div>\n<div>\n<div class=\"ral7021\"><\/div>\n<p>RAL <b>7021<\/b><\/p>\n<\/div>\n<\/div>\n","protected":false},"excerpt":{"rendered":"<h3>Z\u00c4UNE F\u00dcR MAUTSTELLEN<\/h3>\n<h4>DER SERIE PS004<\/h4>\n<p>&nbsp;<\/p>\n<p>Die speziell profilierte Form verleiht ihnen hohe Steifigkeit und ein \u00e4sthetisches Aussehen. Ein zus\u00e4tzlicher Korrosionsschutz wird durch eine Farbbeschichtung (Pulverbeschichtung) gew\u00e4hrleistet, die in jeder RAL-Farbe erh\u00e4ltlich ist.<\/p>\n","protected":false},"featured_media":789,"template":"","meta":{"site-sidebar-layout":"default","site-content-layout":"default","ast-site-content-layout":"default","site-content-style":"default","site-sidebar-style":"default","ast-global-header-display":"","ast-banner-title-visibility":"","ast-main-header-display":"","ast-hfb-above-header-display":"","ast-hfb-below-header-display":"","ast-hfb-mobile-header-display":"","site-post-title":"","ast-breadcrumbs-content":"","ast-featured-img":"","footer-sml-layout":"","ast-disable-related-posts":"","theme-transparent-header-meta":"default","adv-header-id-meta":"","stick-header-meta":"default","header-above-stick-meta":"","header-main-stick-meta":"","header-below-stick-meta":"","astra-migrate-meta-layouts":"default","ast-page-background-enabled":"default","ast-page-background-meta":{"desktop":{"background-color":"var(--ast-global-color-4)","background-image":"","background-repeat":"repeat","background-position":"center center","background-size":"auto","background-attachment":"scroll","background-type":"","background-media":"","overlay-type":"","overlay-color":"","overlay-opacity":"","overlay-gradient":""},"tablet":{"background-color":"","background-image":"","background-repeat":"repeat","background-position":"center center","background-size":"auto","background-attachment":"scroll","background-type":"","background-media":"","overlay-type":"","overlay-color":"","overlay-opacity":"","overlay-gradient":""},"mobile":{"background-color":"","background-image":"","background-repeat":"repeat","background-position":"center center","background-size":"auto","background-attachment":"scroll","background-type":"","background-media":"","overlay-type":"","overlay-color":"","overlay-opacity":"","overlay-gradient":""}},"ast-content-background-meta":{"desktop":{"background-color":"var(--ast-global-color-5)","background-image":"","background-repeat":"repeat","background-position":"center center","background-size":"auto","background-attachment":"scroll","background-type":"","background-media":"","overlay-type":"","overlay-color":"","overlay-opacity":"","overlay-gradient":""},"tablet":{"background-color":"var(--ast-global-color-5)","background-image":"","background-repeat":"repeat","background-position":"center center","background-size":"auto","background-attachment":"scroll","background-type":"","background-media":"","overlay-type":"","overlay-color":"","overlay-opacity":"","overlay-gradient":""},"mobile":{"background-color":"var(--ast-global-color-5)","background-image":"","background-repeat":"repeat","background-position":"center center","background-size":"auto","background-attachment":"scroll","background-type":"","background-media":"","overlay-type":"","overlay-color":"","overlay-opacity":"","overlay-gradient":""}}},"product_brand":[],"product_cat":[196],"product_tag":[],"class_list":{"0":"post-785","1":"product","2":"type-product","3":"status-publish","4":"has-post-thumbnail","6":"product_cat-schienen-und-rolltorzaeune","7":"desktop-align-left","8":"tablet-align-left","9":"mobile-align-left","10":"ast-product-gallery-layout-horizontal-slider","11":"ast-product-gallery-with-no-image","12":"ast-product-tabs-layout-horizontal","14":"first","15":"instock","16":"shipping-taxable","17":"product-type-simple"},"_links":{"self":[{"href":"https:\/\/tcsogrodzenia.com\/de\/wp-json\/wp\/v2\/product\/785","targetHints":{"allow":["GET"]}}],"collection":[{"href":"https:\/\/tcsogrodzenia.com\/de\/wp-json\/wp\/v2\/product"}],"about":[{"href":"https:\/\/tcsogrodzenia.com\/de\/wp-json\/wp\/v2\/types\/product"}],"wp:featuredmedia":[{"embeddable":true,"href":"https:\/\/tcsogrodzenia.com\/de\/wp-json\/wp\/v2\/media\/789"}],"wp:attachment":[{"href":"https:\/\/tcsogrodzenia.com\/de\/wp-json\/wp\/v2\/media?parent=785"}],"wp:term":[{"taxonomy":"product_brand","embeddable":true,"href":"https:\/\/tcsogrodzenia.com\/de\/wp-json\/wp\/v2\/product_brand?post=785"},{"taxonomy":"product_cat","embeddable":true,"href":"https:\/\/tcsogrodzenia.com\/de\/wp-json\/wp\/v2\/product_cat?post=785"},{"taxonomy":"product_tag","embeddable":true,"href":"https:\/\/tcsogrodzenia.com\/de\/wp-json\/wp\/v2\/product_tag?post=785"}],"curies":[{"name":"wp","href":"https:\/\/api.w.org\/{rel}","templated":true}]}}