{"id":797,"date":"2017-05-31T11:41:12","date_gmt":"2017-05-31T09:41:12","guid":{"rendered":"https:\/\/tcsogrodzenia.com\/?post_type=product&#038;p=797\/"},"modified":"2022-10-17T14:24:48","modified_gmt":"2022-10-17T12:24:48","slug":"ps002","status":"publish","type":"product","link":"https:\/\/tcsogrodzenia.com\/de\/produkt\/ps002\/","title":{"rendered":"PS002"},"content":{"rendered":"<p>Eine gro\u00dfe Auswahl an Farben garantiert, dass der Zaun an jeden Geb\u00e4udetyp angepasst werden kann. Es ist eine ausgezeichnete Wahl f\u00fcr Liebhaber traditioneller L\u00f6sungen mit einem modernen Twist.<\/p>\n<p>&nbsp;<\/p>\n<h3>Systembeschreibung<\/h3>\n<p>&nbsp;<\/p>\n<p>Modell mit mittlerer Schienendichte. Schienen senkrecht im Abstand von 5-20 mm (Abstand abh\u00e4ngig von der Riegelbreite). Auch als Bogenschienensystem erh\u00e4ltlich.<\/p>\n<p>&nbsp;<\/p>\n<h3>Eigenschaften:<\/h3>\n<p>&nbsp;<\/p>\n<ul>\n<li>ALUZINK \/ VERZINKT Schienen L 113 mm<\/li>\n<li>Schienenabstand: 5 &#8211; 20 mm<\/li>\n<li>Erh\u00e4ltlich mit gebogenem Schienensystem *<\/li>\n<\/ul>\n<p>* Zus\u00e4tzliche Option<\/p>\n<hr \/>\n<h3>Standardfarben<\/h3>\n<p>&nbsp;<\/p>\n<div class=\"ral-box\">\n<div>\n<div class=\"ral8019\"><\/div>\n<p>RAL <b>8019<\/b><\/p>\n<\/div>\n<div>\n<div class=\"ral8017\"><\/div>\n<p>RAL <b>8017<\/b><\/p>\n<\/div>\n<div>\n<div class=\"ral7040\"><\/div>\n<p>RAL <b>7040<\/b><\/p>\n<\/div>\n<div>\n<div class=\"ral7030\"><\/div>\n<p>RAL <b>7030<\/b><\/p>\n<\/div>\n<div>\n<div class=\"ral9005\"><\/div>\n<p>RAL <b>9005<\/b><\/p>\n<\/div>\n<div>\n<div class=\"ral6005\"><\/div>\n<p>RAL <b>6005<\/b><\/p>\n<\/div>\n<div>\n<div class=\"ral7016\"><\/div>\n<p>RAL <b>7016<\/b><\/p>\n<\/div>\n<div>\n<div class=\"ral7021\"><\/div>\n<p>RAL <b>7021<\/b><\/p>\n<\/div>\n<\/div>\n<p>&nbsp;<\/p>\n<p>&nbsp;<\/p>\n","protected":false},"excerpt":{"rendered":"<p>Schienenz\u00e4une sind das klassischste Zaunmodell. Vertikal positionierte Schienen f\u00fcgen sich perfekt in die traditionelle Architektur ein. Dank der unterschiedlichen Abst\u00e4nde k\u00f6nnen Sie ein Modell w\u00e4hlen, das Ihren Bed\u00fcrfnissen optimal entspricht und Haus und Garten in Szene setzt.<\/p>\n","protected":false},"featured_media":804,"template":"","meta":{"site-sidebar-layout":"default","site-content-layout":"default","ast-site-content-layout":"default","site-content-style":"default","site-sidebar-style":"default","ast-global-header-display":"","ast-banner-title-visibility":"","ast-main-header-display":"","ast-hfb-above-header-display":"","ast-hfb-below-header-display":"","ast-hfb-mobile-header-display":"","site-post-title":"","ast-breadcrumbs-content":"","ast-featured-img":"","footer-sml-layout":"","ast-disable-related-posts":"","theme-transparent-header-meta":"default","adv-header-id-meta":"","stick-header-meta":"default","header-above-stick-meta":"","header-main-stick-meta":"","header-below-stick-meta":"","astra-migrate-meta-layouts":"default","ast-page-background-enabled":"default","ast-page-background-meta":{"desktop":{"background-color":"var(--ast-global-color-4)","background-image":"","background-repeat":"repeat","background-position":"center center","background-size":"auto","background-attachment":"scroll","background-type":"","background-media":"","overlay-type":"","overlay-color":"","overlay-opacity":"","overlay-gradient":""},"tablet":{"background-color":"","background-image":"","background-repeat":"repeat","background-position":"center center","background-size":"auto","background-attachment":"scroll","background-type":"","background-media":"","overlay-type":"","overlay-color":"","overlay-opacity":"","overlay-gradient":""},"mobile":{"background-color":"","background-image":"","background-repeat":"repeat","background-position":"center center","background-size":"auto","background-attachment":"scroll","background-type":"","background-media":"","overlay-type":"","overlay-color":"","overlay-opacity":"","overlay-gradient":""}},"ast-content-background-meta":{"desktop":{"background-color":"var(--ast-global-color-5)","background-image":"","background-repeat":"repeat","background-position":"center center","background-size":"auto","background-attachment":"scroll","background-type":"","background-media":"","overlay-type":"","overlay-color":"","overlay-opacity":"","overlay-gradient":""},"tablet":{"background-color":"var(--ast-global-color-5)","background-image":"","background-repeat":"repeat","background-position":"center center","background-size":"auto","background-attachment":"scroll","background-type":"","background-media":"","overlay-type":"","overlay-color":"","overlay-opacity":"","overlay-gradient":""},"mobile":{"background-color":"var(--ast-global-color-5)","background-image":"","background-repeat":"repeat","background-position":"center center","background-size":"auto","background-attachment":"scroll","background-type":"","background-media":"","overlay-type":"","overlay-color":"","overlay-opacity":"","overlay-gradient":""}}},"product_brand":[],"product_cat":[196],"product_tag":[],"class_list":{"0":"post-797","1":"product","2":"type-product","3":"status-publish","4":"has-post-thumbnail","6":"product_cat-schienen-und-rolltorzaeune","7":"desktop-align-left","8":"tablet-align-left","9":"mobile-align-left","10":"ast-product-gallery-layout-horizontal-slider","11":"ast-product-gallery-with-no-image","12":"ast-product-tabs-layout-horizontal","14":"first","15":"instock","16":"shipping-taxable","17":"product-type-simple"},"_links":{"self":[{"href":"https:\/\/tcsogrodzenia.com\/de\/wp-json\/wp\/v2\/product\/797","targetHints":{"allow":["GET"]}}],"collection":[{"href":"https:\/\/tcsogrodzenia.com\/de\/wp-json\/wp\/v2\/product"}],"about":[{"href":"https:\/\/tcsogrodzenia.com\/de\/wp-json\/wp\/v2\/types\/product"}],"wp:featuredmedia":[{"embeddable":true,"href":"https:\/\/tcsogrodzenia.com\/de\/wp-json\/wp\/v2\/media\/804"}],"wp:attachment":[{"href":"https:\/\/tcsogrodzenia.com\/de\/wp-json\/wp\/v2\/media?parent=797"}],"wp:term":[{"taxonomy":"product_brand","embeddable":true,"href":"https:\/\/tcsogrodzenia.com\/de\/wp-json\/wp\/v2\/product_brand?post=797"},{"taxonomy":"product_cat","embeddable":true,"href":"https:\/\/tcsogrodzenia.com\/de\/wp-json\/wp\/v2\/product_cat?post=797"},{"taxonomy":"product_tag","embeddable":true,"href":"https:\/\/tcsogrodzenia.com\/de\/wp-json\/wp\/v2\/product_tag?post=797"}],"curies":[{"name":"wp","href":"https:\/\/api.w.org\/{rel}","templated":true}]}}