{"id":34221,"date":"2021-12-08T10:47:17","date_gmt":"2022-09-29T13:45:27","guid":{"rendered":"https:\/\/tcsogrodzenia.com\/?post_type=product&#038;p=34221"},"modified":"2022-09-30T09:26:56","modified_gmt":"2022-09-30T07:26:56","slug":"royal-smooth-fence","status":"publish","type":"product","link":"https:\/\/tcsogrodzenia.com\/en\/product\/royal-smooth-fence\/","title":{"rendered":"ROYAL SMOOTH FENCE"},"content":{"rendered":"<h3>DIMENSIONS<\/h3>\n<p>S50 _ 50\u00d740 cm<br \/>\nP50 _ 50\u00d720 cm<br \/>\nP25 _ 25\u00d720 cm<\/p>\n<p>&nbsp;<\/p>\n<h3>HEIGHT<\/h3>\n<p>20 cm<\/p>\n<p>&nbsp;<\/p>\n<h3>SURFACE<\/h3>\n<p>G\u0142adka<\/p>\n<p>&nbsp;<\/p>\n<h3>NUMBER OF PIECES PER PALLET<\/h3>\n<p>S50 _ 30 szt<br \/>\nP50 _ 60 szt<br \/>\nP50 _ 120 szt<\/p>\n<p>&nbsp;<\/p>\n<h3>PALLET WEIGHT<\/h3>\n<p>S50 _ 1320 kg<br \/>\nP50 _ 1472 kg<br \/>\nP50 _ 1582 kg<\/p>\n<p>&nbsp;<\/p>\n<hr \/>\n<h3>COLORS<\/h3>\n<p>&nbsp;<\/p>\n<div style=\"display: flex; flex-wrap: wrap;\">\n<div>\n<p>WHITE STANDARD<\/p>\n<p><img decoding=\"async\" class=\"alignnone size-full wp-image-9154\" src=\"https:\/\/tcsogrodzenia.com\/wp-content\/uploads\/2021\/11\/colstwh.jpg\" alt=\"\" width=\"260\" height=\"100\" \/><\/p>\n<\/div>\n<div>\n<p>STANDARD GRAFIT<\/p>\n<p><img decoding=\"async\" class=\"alignnone size-full wp-image-9127\" src=\"https:\/\/tcsogrodzenia.com\/wp-content\/uploads\/2021\/11\/colgrafit.jpg\" alt=\"\" width=\"260\" height=\"100\" \/><\/p>\n<\/div>\n<div>\n<p>STANDARD LATTE<\/p>\n<p><img decoding=\"async\" class=\"alignnone size-full wp-image-9145\" src=\"https:\/\/tcsogrodzenia.com\/wp-content\/uploads\/2021\/11\/colstlatte.jpg\" alt=\"\" width=\"260\" height=\"100\" \/><\/p>\n<\/div>\n<div>\n<p>STANDARD LUNGO<\/p>\n<p><img loading=\"lazy\" decoding=\"async\" class=\"alignnone size-full wp-image-9148\" src=\"https:\/\/tcsogrodzenia.com\/wp-content\/uploads\/2021\/11\/colstlungo.jpg\" alt=\"\" width=\"260\" height=\"100\" \/><\/p>\n<\/div>\n<div>\n<p>STANDARD ESPRESSO<\/p>\n<p><img loading=\"lazy\" decoding=\"async\" class=\"alignnone size-full wp-image-9139\" src=\"https:\/\/tcsogrodzenia.com\/wp-content\/uploads\/2021\/11\/colstespresso.jpg\" alt=\"\" width=\"260\" height=\"100\" \/><\/p>\n<\/div>\n<div>\n<p>MIX A4 CHOCOLATE<\/p>\n<p><img loading=\"lazy\" decoding=\"async\" class=\"alignnone size-full wp-image-9233\" src=\"https:\/\/tcsogrodzenia.com\/wp-content\/uploads\/2021\/11\/a4chocc.jpg\" alt=\"\" width=\"260\" height=\"100\" \/><\/p>\n<\/div>\n<div>\n<p>MIX A5 TOFFI<\/p>\n<p><img loading=\"lazy\" decoding=\"async\" class=\"alignnone size-full wp-image-9197\" src=\"https:\/\/tcsogrodzenia.com\/wp-content\/uploads\/2021\/11\/colmixa5toffi.jpg\" alt=\"\" width=\"260\" height=\"100\" \/><\/p>\n<\/div>\n<div>\n<p>MIX A6 MARAGO<\/p>\n<p><img loading=\"lazy\" decoding=\"async\" class=\"alignnone size-full wp-image-9103\" src=\"https:\/\/tcsogrodzenia.com\/wp-content\/uploads\/2021\/11\/cola6mar.jpg\" alt=\"\" width=\"260\" height=\"100\" \/><\/p>\n<\/div>\n<div>\n<p>MIX A6 S<\/p>\n<p><img loading=\"lazy\" decoding=\"async\" class=\"alignnone size-full wp-image-9106\" src=\"https:\/\/tcsogrodzenia.com\/wp-content\/uploads\/2021\/11\/cola6s.jpg\" alt=\"\" width=\"260\" height=\"100\" \/><\/p>\n<\/div>\n<div>\n<p>MIX A7 WANILIA<\/p>\n<p><img loading=\"lazy\" decoding=\"async\" class=\"alignnone size-full wp-image-9109\" src=\"https:\/\/tcsogrodzenia.com\/wp-content\/uploads\/2021\/11\/cola7vanilla.jpg\" alt=\"\" width=\"260\" height=\"100\" \/><\/p>\n<\/div>\n<div>\n<p>MIX A8 MOCCA<\/p>\n<p><img loading=\"lazy\" decoding=\"async\" class=\"alignnone size-full wp-image-9247\" src=\"https:\/\/tcsogrodzenia.com\/wp-content\/uploads\/2021\/11\/a8mocc.jpg\" alt=\"\" width=\"260\" height=\"100\" \/><\/p>\n<\/div>\n<div>\n<p>MIX A10 ROMANO<\/p>\n<p><img loading=\"lazy\" decoding=\"async\" class=\"alignnone size-full wp-image-9115\" src=\"https:\/\/tcsogrodzenia.com\/wp-content\/uploads\/2021\/11\/cola10romano.jpg\" alt=\"\" width=\"260\" height=\"100\" \/><\/p>\n<\/div>\n<div>\n<p>MIX A11 CAPUCINO<\/p>\n<p><img loading=\"lazy\" decoding=\"async\" class=\"alignnone size-full wp-image-9118\" src=\"https:\/\/tcsogrodzenia.com\/wp-content\/uploads\/2021\/11\/cola11capucino.jpg\" alt=\"\" width=\"260\" height=\"100\" \/><\/p>\n<\/div>\n<div>\n<p>MIX A12 FRAPPE<\/p>\n<p><img loading=\"lazy\" decoding=\"async\" class=\"alignnone size-full wp-image-9176\" src=\"https:\/\/tcsogrodzenia.com\/wp-content\/uploads\/2021\/11\/cola12frappe-1.jpg\" alt=\"\" width=\"260\" height=\"100\" \/><\/p>\n<\/div>\n<\/div>\n","protected":false},"excerpt":{"rendered":"<p>DIMENSIONS S50 _ 50\u00d740 cm P50 _ 50\u00d720 cm P25 _ 25\u00d720 cm &nbsp; HEIGHT 20 cm &nbsp; SURFACE G\u0142adka &nbsp; NUMBER OF PIECES PER PALLET S50 _ 30 szt P50 _ 60 szt P50 _ 120 szt &nbsp; PALLET WEIGHT S50 _ 1320 kg P50 _ 1472 kg P50 _ 1582 kg &nbsp; COLORS [&hellip;]<\/p>\n","protected":false},"featured_media":8543,"template":"","meta":{"site-sidebar-layout":"default","site-content-layout":"default","ast-site-content-layout":"default","site-content-style":"default","site-sidebar-style":"default","ast-global-header-display":"","ast-banner-title-visibility":"","ast-main-header-display":"","ast-hfb-above-header-display":"","ast-hfb-below-header-display":"","ast-hfb-mobile-header-display":"","site-post-title":"","ast-breadcrumbs-content":"","ast-featured-img":"","footer-sml-layout":"","ast-disable-related-posts":"","theme-transparent-header-meta":"default","adv-header-id-meta":"","stick-header-meta":"default","header-above-stick-meta":"","header-main-stick-meta":"","header-below-stick-meta":"","astra-migrate-meta-layouts":"default","ast-page-background-enabled":"default","ast-page-background-meta":{"desktop":{"background-color":"var(--ast-global-color-4)","background-image":"","background-repeat":"repeat","background-position":"center center","background-size":"auto","background-attachment":"scroll","background-type":"","background-media":"","overlay-type":"","overlay-color":"","overlay-opacity":"","overlay-gradient":""},"tablet":{"background-color":"","background-image":"","background-repeat":"repeat","background-position":"center center","background-size":"auto","background-attachment":"scroll","background-type":"","background-media":"","overlay-type":"","overlay-color":"","overlay-opacity":"","overlay-gradient":""},"mobile":{"background-color":"","background-image":"","background-repeat":"repeat","background-position":"center center","background-size":"auto","background-attachment":"scroll","background-type":"","background-media":"","overlay-type":"","overlay-color":"","overlay-opacity":"","overlay-gradient":""}},"ast-content-background-meta":{"desktop":{"background-color":"var(--ast-global-color-5)","background-image":"","background-repeat":"repeat","background-position":"center center","background-size":"auto","background-attachment":"scroll","background-type":"","background-media":"","overlay-type":"","overlay-color":"","overlay-opacity":"","overlay-gradient":""},"tablet":{"background-color":"var(--ast-global-color-5)","background-image":"","background-repeat":"repeat","background-position":"center center","background-size":"auto","background-attachment":"scroll","background-type":"","background-media":"","overlay-type":"","overlay-color":"","overlay-opacity":"","overlay-gradient":""},"mobile":{"background-color":"var(--ast-global-color-5)","background-image":"","background-repeat":"repeat","background-position":"center center","background-size":"auto","background-attachment":"scroll","background-type":"","background-media":"","overlay-type":"","overlay-color":"","overlay-opacity":"","overlay-gradient":""}}},"product_brand":[],"product_cat":[168],"product_tag":[],"class_list":{"0":"post-34221","1":"product","2":"type-product","3":"status-publish","4":"has-post-thumbnail","6":"product_cat-walls-and-fences-kostbet","7":"desktop-align-left","8":"tablet-align-left","9":"mobile-align-left","10":"ast-product-gallery-layout-horizontal-slider","11":"ast-product-gallery-with-no-image","12":"ast-product-tabs-layout-horizontal","14":"first","15":"instock","16":"shipping-taxable","17":"product-type-simple"},"_links":{"self":[{"href":"https:\/\/tcsogrodzenia.com\/en\/wp-json\/wp\/v2\/product\/34221","targetHints":{"allow":["GET"]}}],"collection":[{"href":"https:\/\/tcsogrodzenia.com\/en\/wp-json\/wp\/v2\/product"}],"about":[{"href":"https:\/\/tcsogrodzenia.com\/en\/wp-json\/wp\/v2\/types\/product"}],"wp:featuredmedia":[{"embeddable":true,"href":"https:\/\/tcsogrodzenia.com\/en\/wp-json\/wp\/v2\/media\/8543"}],"wp:attachment":[{"href":"https:\/\/tcsogrodzenia.com\/en\/wp-json\/wp\/v2\/media?parent=34221"}],"wp:term":[{"taxonomy":"product_brand","embeddable":true,"href":"https:\/\/tcsogrodzenia.com\/en\/wp-json\/wp\/v2\/product_brand?post=34221"},{"taxonomy":"product_cat","embeddable":true,"href":"https:\/\/tcsogrodzenia.com\/en\/wp-json\/wp\/v2\/product_cat?post=34221"},{"taxonomy":"product_tag","embeddable":true,"href":"https:\/\/tcsogrodzenia.com\/en\/wp-json\/wp\/v2\/product_tag?post=34221"}],"curies":[{"name":"wp","href":"https:\/\/api.w.org\/{rel}","templated":true}]}}